{"id":3064,"date":"2024-08-08T15:40:21","date_gmt":"2024-08-08T15:40:21","guid":{"rendered":"https:\/\/www.jinpinlub.com\/?post_type=product&#038;p=3064"},"modified":"2024-11-28T17:59:45","modified_gmt":"2024-11-28T09:59:45","slug":"ao-5-distribuidor-de-medicao-de-misturador-de-ar-de-oleo-para-sistema-de-lubrificacao","status":"publish","type":"product","link":"https:\/\/www.jinpinlub.com\/pt\/product\/ao-5-oil-air-mixer-metering-distributor-for-lubrication-system\/","title":{"rendered":"Distribuidor dosador de \u00f3leo-ar AO-5 para sistema de lubrifica\u00e7\u00e3o"},"content":{"rendered":"<h2>Caracter\u00edsticas<\/h2>\n<p>AO \u00e9 um misturador lubrificante quantitativo de \u00f3leo-ar desenvolvido com base em tecnologia avan\u00e7ada de misturador de \u00f3leo-ar.<br \/>\nO volume de descarga est\u00e1 dispon\u00edvel em quatro especifica\u00e7\u00f5es: 0,03, 0,06, 0,1 e 0,16 mL\/ciclo.<br \/>\nCada sa\u00edda pode ser selecionada para diferentes descargas e montagem integrada, com 1 a 5 sa\u00eddas combinadas.<br \/>\nO misturador quantitativo de lubrifica\u00e7\u00e3o de \u00f3leo-ar \u00e9 equipado com um parafuso de ajuste de fluxo de ar para ajustar o fluxo de ar.<br \/>\nMicrolubrifica\u00e7\u00e3o, alta taxa de utiliza\u00e7\u00e3o de \u00f3leo.<br \/>\nViscosidade do \u00f3leo compat\u00edvel 10-90cSt@40\u2103.<\/p>\n<h2>Especifica\u00e7\u00e3o<\/h2>\n<table>\n<tbody>\n<tr>\n<td>Princ\u00edpio de funcionamento<\/td>\n<td>Dispositivos de medi\u00e7\u00e3o<\/td>\n<\/tr>\n<tr>\n<td>N\u00fameros de pontos de venda<\/td>\n<td>1-5<\/td>\n<\/tr>\n<tr>\n<td>Quantidade de medi\u00e7\u00e3o<\/td>\n<td>0,03, 0,06, 0,10, 0,16 mL\/ciclo<\/td>\n<\/tr>\n<tr>\n<td>Lubrificante<\/td>\n<td>\u00d3leo 10-90cSt@40\u2103<\/td>\n<\/tr>\n<tr>\n<td>Temperatura de opera\u00e7\u00e3o<\/td>\n<td>0 a +40 \u00b0C<\/td>\n<\/tr>\n<tr>\n<td>Press\u00e3o do \u00f3leo<\/td>\n<td>15-30bar<\/td>\n<\/tr>\n<tr>\n<td>Material<\/td>\n<td>Liga<\/td>\n<\/tr>\n<tr>\n<td>Entrada de ar<\/td>\n<td>\u03a66(PT1\/8)<\/td>\n<\/tr>\n<tr>\n<td>Entrada de \u00f3leo<\/td>\n<td>\u03a66(M10x1)<\/td>\n<\/tr>\n<tr>\n<td>Sa\u00edda de \u00f3leo-ar<\/td>\n<td>\u03a64(M8x1)<\/td>\n<\/tr>\n<\/tbody>\n<\/table>\n<h2>Aplicativo<\/h2>\n<p>Equipamentos mec\u00e2nicos: como m\u00e1quinas-ferramentas CNC, centros de usinagem, retificadoras, etc., para lubrifica\u00e7\u00e3o de pe\u00e7as como rolamentos, trilhos-guia e engrenagens.<br \/>\nO setor automotivo o utiliza para lubrificar diversos equipamentos mec\u00e2nicos em linhas de produ\u00e7\u00e3o de autom\u00f3veis para garantir que a linha de produ\u00e7\u00e3o funcione sem problemas.<br \/>\nNa ind\u00fastria sider\u00fargica, ele encontra aplica\u00e7\u00e3o em laminadores, m\u00e1quinas de lingotamento cont\u00ednuo e outros equipamentos, como um meio de reduzir a abras\u00e3o do equipamento para aumentar a efici\u00eancia da produ\u00e7\u00e3o.<br \/>\nNa ind\u00fastria de fabrica\u00e7\u00e3o de papel, ele \u00e9 aplicado em todos os tipos de pe\u00e7as m\u00f3veis de m\u00e1quinas de fabrica\u00e7\u00e3o de papel para prolongar a vida \u00fatil do equipamento.<\/p>\n<h2>Manuais<\/h2>\n<div class=\"sdm_download_button_box_default\"><div class=\"sdm_download_link\"><a href=\"https:\/\/www.jinpinlub.com\/pt\/?sdm_process_download=1&download_id=3069\" class=\"sdm_download white\" title=\"Privado: AO Oil-air Distributor\" target=\"&quot;_blank&quot;\">Ver Ficha T\u00e9cnica - Distribuidor AO<\/a><\/div><\/div>","protected":false},"excerpt":{"rendered":"<p>O distribuidor de \u00f3leo-ar AO \u00e9 uma v\u00e1lvula de medi\u00e7\u00e3o usada no sistema de lubrifica\u00e7\u00e3o \u00f3leo-ar, com a fun\u00e7\u00e3o de misturar \u00f3leo e ar para fornec\u00ea-lo uniformemente em v\u00e1rios pontos de lubrifica\u00e7\u00e3o. Sa\u00eddas de \u00f3leo-ar misturadas est\u00e3o dispon\u00edveis para sele\u00e7\u00e3o com base em diferentes requisitos de aplica\u00e7\u00e3o.<\/p>","protected":false},"featured_media":3065,"template":"","meta":{"ocean_post_layout":"","ocean_both_sidebars_style":"","ocean_both_sidebars_content_width":0,"ocean_both_sidebars_sidebars_width":0,"ocean_sidebar":"0","ocean_second_sidebar":"0","ocean_disable_margins":"enable","ocean_add_body_class":"","ocean_shortcode_before_top_bar":"","ocean_shortcode_after_top_bar":"","ocean_shortcode_before_header":"","ocean_shortcode_after_header":"","ocean_has_shortcode":"","ocean_shortcode_after_title":"","ocean_shortcode_before_footer_widgets":"","ocean_shortcode_after_footer_widgets":"","ocean_shortcode_before_footer_bottom":"","ocean_shortcode_after_footer_bottom":"","ocean_display_top_bar":"default","ocean_display_header":"default","ocean_header_style":"","ocean_center_header_left_menu":"0","ocean_custom_header_template":"0","ocean_custom_logo":0,"ocean_custom_retina_logo":0,"ocean_custom_logo_max_width":0,"ocean_custom_logo_tablet_max_width":0,"ocean_custom_logo_mobile_max_width":0,"ocean_custom_logo_max_height":0,"ocean_custom_logo_tablet_max_height":0,"ocean_custom_logo_mobile_max_height":0,"ocean_header_custom_menu":"0","ocean_menu_typo_font_family":"0","ocean_menu_typo_font_subset":"","ocean_menu_typo_font_size":0,"ocean_menu_typo_font_size_tablet":0,"ocean_menu_typo_font_size_mobile":0,"ocean_menu_typo_font_size_unit":"px","ocean_menu_typo_font_weight":"","ocean_menu_typo_font_weight_tablet":"","ocean_menu_typo_font_weight_mobile":"","ocean_menu_typo_transform":"","ocean_menu_typo_transform_tablet":"","ocean_menu_typo_transform_mobile":"","ocean_menu_typo_line_height":0,"ocean_menu_typo_line_height_tablet":0,"ocean_menu_typo_line_height_mobile":0,"ocean_menu_typo_line_height_unit":"","ocean_menu_typo_spacing":0,"ocean_menu_typo_spacing_tablet":0,"ocean_menu_typo_spacing_mobile":0,"ocean_menu_typo_spacing_unit":"","ocean_menu_link_color":"","ocean_menu_link_color_hover":"","ocean_menu_link_color_active":"","ocean_menu_link_background":"","ocean_menu_link_hover_background":"","ocean_menu_link_active_background":"","ocean_menu_social_links_bg":"","ocean_menu_social_hover_links_bg":"","ocean_menu_social_links_color":"","ocean_menu_social_hover_links_color":"","ocean_disable_title":"default","ocean_disable_heading":"default","ocean_post_title":"","ocean_post_subheading":"","ocean_post_title_style":"","ocean_post_title_background_color":"","ocean_post_title_background":0,"ocean_post_title_bg_image_position":"","ocean_post_title_bg_image_attachment":"","ocean_post_title_bg_image_repeat":"","ocean_post_title_bg_image_size":"","ocean_post_title_height":0,"ocean_post_title_bg_overlay":0.5,"ocean_post_title_bg_overlay_color":"","ocean_disable_breadcrumbs":"default","ocean_breadcrumbs_color":"","ocean_breadcrumbs_separator_color":"","ocean_breadcrumbs_links_color":"","ocean_breadcrumbs_links_hover_color":"","ocean_display_footer_widgets":"default","ocean_display_footer_bottom":"default","ocean_custom_footer_template":"0","osh_disable_topbar_sticky":"default","osh_disable_header_sticky":"default","osh_sticky_header_style":"default","osh_sticky_header_effect":"","osh_custom_sticky_logo":0,"osh_custom_retina_sticky_logo":0,"osh_custom_sticky_logo_height":0,"osh_background_color":"","osh_links_color":"","osh_links_hover_color":"","osh_links_active_color":"","osh_links_bg_color":"","osh_links_hover_bg_color":"","osh_links_active_bg_color":"","osh_menu_social_links_color":"","osh_menu_social_hover_links_color":""},"product_brand":[],"product_cat":[45],"product_tag":[133,134,135],"class_list":{"0":"post-3064","1":"product","2":"type-product","3":"status-publish","4":"has-post-thumbnail","6":"product_cat-oil-air-lubrication-systems","7":"product_tag-oil-air-distributor","8":"product_tag-oil-air-lubrication-system","9":"product_tag-oil-air-metering-valve","11":"entry","12":"has-media","14":"first","15":"instock","16":"shipping-taxable","17":"product-type-external","18":"col","19":"span_1_of_3","20":"owp-content-center","21":"owp-thumbs-layout-horizontal","22":"owp-btn-very-big","23":"owp-tabs-layout-horizontal"},"_links":{"self":[{"href":"https:\/\/www.jinpinlub.com\/pt\/wp-json\/wp\/v2\/product\/3064","targetHints":{"allow":["GET"]}}],"collection":[{"href":"https:\/\/www.jinpinlub.com\/pt\/wp-json\/wp\/v2\/product"}],"about":[{"href":"https:\/\/www.jinpinlub.com\/pt\/wp-json\/wp\/v2\/types\/product"}],"wp:featuredmedia":[{"embeddable":true,"href":"https:\/\/www.jinpinlub.com\/pt\/wp-json\/wp\/v2\/media\/3065"}],"wp:attachment":[{"href":"https:\/\/www.jinpinlub.com\/pt\/wp-json\/wp\/v2\/media?parent=3064"}],"wp:term":[{"taxonomy":"product_brand","embeddable":true,"href":"https:\/\/www.jinpinlub.com\/pt\/wp-json\/wp\/v2\/product_brand?post=3064"},{"taxonomy":"product_cat","embeddable":true,"href":"https:\/\/www.jinpinlub.com\/pt\/wp-json\/wp\/v2\/product_cat?post=3064"},{"taxonomy":"product_tag","embeddable":true,"href":"https:\/\/www.jinpinlub.com\/pt\/wp-json\/wp\/v2\/product_tag?post=3064"}],"curies":[{"name":"wp","href":"https:\/\/api.w.org\/{rel}","templated":true}]}}