{"id":3071,"date":"2024-08-08T16:22:50","date_gmt":"2024-08-08T16:22:50","guid":{"rendered":"https:\/\/www.jinpinlub.com\/?post_type=product&#038;p=3071"},"modified":"2024-08-08T16:51:35","modified_gmt":"2024-08-08T16:51:35","slug":"valvula-de-dosagem-de-graxa-muk-para-sistema-de-lubrificacao-de-linha-unica","status":"publish","type":"product","link":"https:\/\/www.jinpinlub.com\/pt\/product\/muk-grease-metering-valve-for-single-line-lubrication-system\/","title":{"rendered":"V\u00e1lvula de dosagem de graxa MUK para sistema de lubrifica\u00e7\u00e3o de linha \u00fanica"},"content":{"rendered":"<h2>Caracter\u00edsticas<\/h2>\n<p>1. MU \u00e9 uma v\u00e1lvula dosadora de a\u00e7\u00e3o de press\u00e3o direta pressurizada.<br \/>\nO lubrificante de press\u00e3o fornecido pela bomba empurra o pist\u00e3o na v\u00e1lvula de medi\u00e7\u00e3o para descarregar o lubrificante \u00e0 for\u00e7a. Quando a bomba para de funcionar, o pist\u00e3o se recupera sob a a\u00e7\u00e3o da for\u00e7a da mola, e o lubrificante \u00e9 armazenado.<br \/>\n2. A descarga \u00e9 precisa, e um ciclo de medi\u00e7\u00e3o \u00e9 descarregado apenas uma vez. Se o distribuidor est\u00e1 longe, perto, alto ou baixo no sistema de lubrifica\u00e7\u00e3o, a instala\u00e7\u00e3o horizontal ou vertical n\u00e3o tem efeito na descarga da v\u00e1lvula de medi\u00e7\u00e3o.<br \/>\n3. Descarga for\u00e7ada, a\u00e7\u00e3o sens\u00edvel, h\u00e1 duas veda\u00e7\u00f5es para evitar refluxo de descarga.<br \/>\n4. A v\u00e1lvula de medi\u00e7\u00e3o e o bloco de conex\u00e3o s\u00e3o independentes. Com base na quantidade de lubrifica\u00e7\u00e3o dos pontos de lubrifica\u00e7\u00e3o, a v\u00e1lvula de medi\u00e7\u00e3o pode ser combinada livremente com os blocos de conex\u00e3o MU e MUJ, e pode ser usada em s\u00e9rie ou em paralelo.<br \/>\n5. As conex\u00f5es de sa\u00edda da v\u00e1lvula dosadora s\u00e3o \u03a64, com dois tipos.<br \/>\nTipo de parafuso: composto de PA4 e PB4.<br \/>\nTipo push-in: insira o tubo \u03a64 diretamente.<br \/>\n6. Compat\u00edvel com lubrificantes NLGI 000 #, 00 #, 0 #<\/p>\n<h2>Especifica\u00e7\u00e3o<\/h2>\n<table>\n<tbody>\n<tr>\n<td>Princ\u00edpio de funcionamento<\/td>\n<td>Dispositivos de medi\u00e7\u00e3o<\/td>\n<\/tr>\n<tr>\n<td>N\u00fameros de pontos de venda<\/td>\n<td>1-12<\/td>\n<\/tr>\n<tr>\n<td>Quantidade de medi\u00e7\u00e3o<\/td>\n<td>0,05, 0,10, 0,20, 0,30, 0,50 mL\/ciclo<\/td>\n<\/tr>\n<tr>\n<td>Lubrificante<\/td>\n<td>NLGI 000 #, 00 #, 0 #<\/td>\n<\/tr>\n<tr>\n<td>Temperatura de opera\u00e7\u00e3o<\/td>\n<td>0 a +80 \u00b0C<\/td>\n<\/tr>\n<tr>\n<td>Press\u00e3o de opera\u00e7\u00e3o<\/td>\n<td>\u22651,5 MPa<\/td>\n<\/tr>\n<tr>\n<td>Press\u00e3o de reset<\/td>\n<td>\u22640,5 MPa<\/td>\n<\/tr>\n<tr>\n<td>Acess\u00f3rios de conex\u00e3o<\/td>\n<td>Tipo de parafuso, tipo de encaixe<\/td>\n<\/tr>\n<tr>\n<td>Material<\/td>\n<td>Liga de alum\u00ednio + cobre<\/td>\n<\/tr>\n<tr>\n<td>Posi\u00e7\u00e3o de montagem<\/td>\n<td>Qualquer<\/td>\n<\/tr>\n<\/tbody>\n<\/table>\n<h2>Aplicativo<\/h2>\n<p>Sistema de lubrifica\u00e7\u00e3o: Especialmente em sistemas de m\u00e1quinas-ferramentas, \u00e9 usado para controlar com precis\u00e3o o fluxo de \u00f3leo lubrificante ou graxa.<br \/>\nInd\u00fastria de automa\u00e7\u00e3o n\u00e3o padronizada: Pode ser usado para diversas m\u00e1quinas de automa\u00e7\u00e3o n\u00e3o padronizadas que exigem lubrifica\u00e7\u00e3o precisa com \u00f3leo.<br \/>\nInd\u00fastrias qu\u00edmicas e farmac\u00eauticas: \u00c9 usado para dosagem e distribui\u00e7\u00e3o precisas de produtos qu\u00edmicos e medicamentos.<br \/>\nLaborat\u00f3rios e institui\u00e7\u00f5es de pesquisa: \u00c9 usado em ocasi\u00f5es onde \u00e9 necess\u00e1rio um controle preciso do fluxo de fluidos durante experimentos.<\/p>\n<h2>Manuais<\/h2>\n<div class=\"sdm_download_button_box_default\"><div class=\"sdm_download_link\"><a href=\"https:\/\/www.jinpinlub.com\/pt\/?sdm_process_download=1&download_id=3070\" class=\"sdm_download white\" title=\"Privado: MUK Pressure-relief Distributor\" target=\"&quot;_blank&quot;\">Ver Ficha T\u00e9cnica - Distribuidor MUK<\/a><\/div><\/div>","protected":false},"excerpt":{"rendered":"<p>O dispositivo de medi\u00e7\u00e3o MUK \u00e9 usado principalmente para sistemas de lubrifica\u00e7\u00e3o de graxa de linha \u00fanica de al\u00edvio de press\u00e3o. Eles s\u00e3o usados principalmente para equipamentos mec\u00e2nicos com requisitos precisos de lubrifica\u00e7\u00e3o. A vantagem \u00e9 que a taxa de fluxo de cada ponto de lubrifica\u00e7\u00e3o pode ser ajustada conforme necess\u00e1rio.<\/p>","protected":false},"featured_media":3073,"template":"","meta":{"ocean_post_layout":"","ocean_both_sidebars_style":"","ocean_both_sidebars_content_width":0,"ocean_both_sidebars_sidebars_width":0,"ocean_sidebar":"0","ocean_second_sidebar":"0","ocean_disable_margins":"enable","ocean_add_body_class":"","ocean_shortcode_before_top_bar":"","ocean_shortcode_after_top_bar":"","ocean_shortcode_before_header":"","ocean_shortcode_after_header":"","ocean_has_shortcode":"","ocean_shortcode_after_title":"","ocean_shortcode_before_footer_widgets":"","ocean_shortcode_after_footer_widgets":"","ocean_shortcode_before_footer_bottom":"","ocean_shortcode_after_footer_bottom":"","ocean_display_top_bar":"default","ocean_display_header":"default","ocean_header_style":"","ocean_center_header_left_menu":"0","ocean_custom_header_template":"0","ocean_custom_logo":0,"ocean_custom_retina_logo":0,"ocean_custom_logo_max_width":0,"ocean_custom_logo_tablet_max_width":0,"ocean_custom_logo_mobile_max_width":0,"ocean_custom_logo_max_height":0,"ocean_custom_logo_tablet_max_height":0,"ocean_custom_logo_mobile_max_height":0,"ocean_header_custom_menu":"0","ocean_menu_typo_font_family":"0","ocean_menu_typo_font_subset":"","ocean_menu_typo_font_size":0,"ocean_menu_typo_font_size_tablet":0,"ocean_menu_typo_font_size_mobile":0,"ocean_menu_typo_font_size_unit":"px","ocean_menu_typo_font_weight":"","ocean_menu_typo_font_weight_tablet":"","ocean_menu_typo_font_weight_mobile":"","ocean_menu_typo_transform":"","ocean_menu_typo_transform_tablet":"","ocean_menu_typo_transform_mobile":"","ocean_menu_typo_line_height":0,"ocean_menu_typo_line_height_tablet":0,"ocean_menu_typo_line_height_mobile":0,"ocean_menu_typo_line_height_unit":"","ocean_menu_typo_spacing":0,"ocean_menu_typo_spacing_tablet":0,"ocean_menu_typo_spacing_mobile":0,"ocean_menu_typo_spacing_unit":"","ocean_menu_link_color":"","ocean_menu_link_color_hover":"","ocean_menu_link_color_active":"","ocean_menu_link_background":"","ocean_menu_link_hover_background":"","ocean_menu_link_active_background":"","ocean_menu_social_links_bg":"","ocean_menu_social_hover_links_bg":"","ocean_menu_social_links_color":"","ocean_menu_social_hover_links_color":"","ocean_disable_title":"default","ocean_disable_heading":"default","ocean_post_title":"","ocean_post_subheading":"","ocean_post_title_style":"","ocean_post_title_background_color":"","ocean_post_title_background":0,"ocean_post_title_bg_image_position":"","ocean_post_title_bg_image_attachment":"","ocean_post_title_bg_image_repeat":"","ocean_post_title_bg_image_size":"","ocean_post_title_height":0,"ocean_post_title_bg_overlay":0.5,"ocean_post_title_bg_overlay_color":"","ocean_disable_breadcrumbs":"default","ocean_breadcrumbs_color":"","ocean_breadcrumbs_separator_color":"","ocean_breadcrumbs_links_color":"","ocean_breadcrumbs_links_hover_color":"","ocean_display_footer_widgets":"default","ocean_display_footer_bottom":"default","ocean_custom_footer_template":"0","osh_disable_topbar_sticky":"default","osh_disable_header_sticky":"default","osh_sticky_header_style":"default","osh_sticky_header_effect":"","osh_custom_sticky_logo":0,"osh_custom_retina_sticky_logo":0,"osh_custom_sticky_logo_height":0,"osh_background_color":"","osh_links_color":"","osh_links_hover_color":"","osh_links_active_color":"","osh_links_bg_color":"","osh_links_hover_bg_color":"","osh_links_active_bg_color":"","osh_menu_social_links_color":"","osh_menu_social_hover_links_color":""},"product_brand":[],"product_cat":[40,37],"product_tag":[87,83,136],"class_list":{"0":"post-3071","1":"product","2":"type-product","3":"status-publish","4":"has-post-thumbnail","6":"product_cat-pressure-relief-metering-valves","7":"product_cat-single-line-grease-systems","8":"product_tag-grease-distributor","9":"product_tag-pressure-relief-distributor","10":"product_tag-single-line-system-distributor","12":"entry","13":"has-media","15":"first","16":"instock","17":"shipping-taxable","18":"product-type-external","19":"col","20":"span_1_of_3","21":"owp-content-center","22":"owp-thumbs-layout-horizontal","23":"owp-btn-very-big","24":"owp-tabs-layout-horizontal"},"_links":{"self":[{"href":"https:\/\/www.jinpinlub.com\/pt\/wp-json\/wp\/v2\/product\/3071","targetHints":{"allow":["GET"]}}],"collection":[{"href":"https:\/\/www.jinpinlub.com\/pt\/wp-json\/wp\/v2\/product"}],"about":[{"href":"https:\/\/www.jinpinlub.com\/pt\/wp-json\/wp\/v2\/types\/product"}],"wp:featuredmedia":[{"embeddable":true,"href":"https:\/\/www.jinpinlub.com\/pt\/wp-json\/wp\/v2\/media\/3073"}],"wp:attachment":[{"href":"https:\/\/www.jinpinlub.com\/pt\/wp-json\/wp\/v2\/media?parent=3071"}],"wp:term":[{"taxonomy":"product_brand","embeddable":true,"href":"https:\/\/www.jinpinlub.com\/pt\/wp-json\/wp\/v2\/product_brand?post=3071"},{"taxonomy":"product_cat","embeddable":true,"href":"https:\/\/www.jinpinlub.com\/pt\/wp-json\/wp\/v2\/product_cat?post=3071"},{"taxonomy":"product_tag","embeddable":true,"href":"https:\/\/www.jinpinlub.com\/pt\/wp-json\/wp\/v2\/product_tag?post=3071"}],"curies":[{"name":"wp","href":"https:\/\/api.w.org\/{rel}","templated":true}]}}