{"id":3177,"date":"2024-08-10T03:16:23","date_gmt":"2024-08-10T03:16:23","guid":{"rendered":"https:\/\/www.jinpinlub.com\/?post_type=product&#038;p=3177"},"modified":"2024-08-10T03:27:35","modified_gmt":"2024-08-10T03:27:35","slug":"resistencia-de-liga-de-zinco-um-distribuidor-de-oleo-tipo-para-lubrificacao","status":"publish","type":"product","link":"https:\/\/www.jinpinlub.com\/pt\/product\/zinc-alloy-resistance-a-type-oil-distributor-for-lubrication\/","title":{"rendered":"Distribuidor de \u00f3leo tipo A de resist\u00eancia de liga de zinco para lubrifica\u00e7\u00e3o"},"content":{"rendered":"<h2>Caracter\u00edsticas<\/h2>\n<p>1. Excelente material: feito de liga de zinco de alta qualidade, possui boa resist\u00eancia mec\u00e2nica e resist\u00eancia ao desgaste.<br \/>\n2. Forte resist\u00eancia \u00e0 corros\u00e3o: a liga de zinco em si tem boa resist\u00eancia \u00e0 corros\u00e3o e pode funcionar de forma est\u00e1vel por um longo tempo em ambientes agressivos.<br \/>\n3. Estrutura compacta: O distribuidor tipo A tem um design compacto, ocupa um pequeno espa\u00e7o e \u00e9 f\u00e1cil de instalar e manter.<br \/>\n4. Alta precis\u00e3o: Os v\u00e1rios componentes do distribuidor s\u00e3o processados com precis\u00e3o para garantir a exatid\u00e3o e a estabilidade da distribui\u00e7\u00e3o do fluido.<\/p>\n<h2>Especifica\u00e7\u00e3o<\/h2>\n<table>\n<tbody>\n<tr>\n<td>Princ\u00edpio de funcionamento<\/td>\n<td>Jun\u00e7\u00e3o de liga de zinco<\/td>\n<\/tr>\n<tr>\n<td>N\u00fameros de pontos de venda<\/td>\n<td>2, 3, 4, 5, 6,7, 8, 10<\/td>\n<\/tr>\n<tr>\n<td>Lubrificante<\/td>\n<td>Graxa ou \u00f3leo<\/td>\n<\/tr>\n<tr>\n<td>Temperatura de opera\u00e7\u00e3o<\/td>\n<td>(-20\u2103 a +60 \u00b0C)<\/td>\n<\/tr>\n<tr>\n<td>Press\u00e3o de opera\u00e7\u00e3o<\/td>\n<td>M\u00e1x. 420 bar<\/td>\n<\/tr>\n<tr>\n<td>Material<\/td>\n<td>Material de liga de zinco<\/td>\n<\/tr>\n<tr>\n<td>Linha principal de conex\u00e3o<\/td>\n<td>\u03a64(M8x1), \u03a66(M10x1)<\/td>\n<\/tr>\n<tr>\n<td>Tomada de conex\u00e3o<\/td>\n<td>\u03a64(M8x1), \u03a66(M10x1)<\/td>\n<\/tr>\n<tr>\n<td>Posi\u00e7\u00e3o de montagem<\/td>\n<td>Qualquer<\/td>\n<\/tr>\n<\/tbody>\n<\/table>\n<h2>Aplicativo<\/h2>\n<p>Instala\u00e7\u00e3o: De acordo com os requisitos espec\u00edficos do equipamento e o tamanho do dispensador, selecione o local e o m\u00e9todo de instala\u00e7\u00e3o apropriados para garantir que o dispensador seja instalado de forma firme e est\u00e1vel.<br \/>\nManuten\u00e7\u00e3o: Verifique regularmente se os componentes do dispensador tipo A est\u00e3o intactos e se h\u00e1 algum desgaste ou dano. Se houver algum problema, substitua ou repare a tempo. Mantenha a superf\u00edcie do dispensador limpa para evitar a ades\u00e3o de poeira e impurezas.<\/p>\n<h2>Manuais<\/h2>\n<div class=\"sdm_download_button_box_default\"><div class=\"sdm_download_link\"><a href=\"https:\/\/www.jinpinlub.com\/pt\/?sdm_process_download=1&download_id=3176\" class=\"sdm_download white\" title=\"Privado: Type-A Distributor\" target=\"&quot;_blank&quot;\">Ver Ficha T\u00e9cnica - Distribuidor Tipo A<\/a><\/div><\/div>","protected":false},"excerpt":{"rendered":"<p>O distribuidor tipo A de liga de zinco \u00e9 um tipo de acess\u00f3rio preciso feito de liga de zinco de alta qualidade. \u00c9 aplicado a sistemas de lubrifica\u00e7\u00e3o de muitos tipos de equipamentos mec\u00e2nicos devido \u00e0 excelente propriedade mec\u00e2nica, resist\u00eancia \u00e0 corros\u00e3o e apar\u00eancia fina.<\/p>","protected":false},"featured_media":3083,"template":"","meta":{"ocean_post_layout":"","ocean_both_sidebars_style":"","ocean_both_sidebars_content_width":0,"ocean_both_sidebars_sidebars_width":0,"ocean_sidebar":"0","ocean_second_sidebar":"0","ocean_disable_margins":"enable","ocean_add_body_class":"","ocean_shortcode_before_top_bar":"","ocean_shortcode_after_top_bar":"","ocean_shortcode_before_header":"","ocean_shortcode_after_header":"","ocean_has_shortcode":"","ocean_shortcode_after_title":"","ocean_shortcode_before_footer_widgets":"","ocean_shortcode_after_footer_widgets":"","ocean_shortcode_before_footer_bottom":"","ocean_shortcode_after_footer_bottom":"","ocean_display_top_bar":"default","ocean_display_header":"default","ocean_header_style":"","ocean_center_header_left_menu":"0","ocean_custom_header_template":"0","ocean_custom_logo":0,"ocean_custom_retina_logo":0,"ocean_custom_logo_max_width":0,"ocean_custom_logo_tablet_max_width":0,"ocean_custom_logo_mobile_max_width":0,"ocean_custom_logo_max_height":0,"ocean_custom_logo_tablet_max_height":0,"ocean_custom_logo_mobile_max_height":0,"ocean_header_custom_menu":"0","ocean_menu_typo_font_family":"0","ocean_menu_typo_font_subset":"","ocean_menu_typo_font_size":0,"ocean_menu_typo_font_size_tablet":0,"ocean_menu_typo_font_size_mobile":0,"ocean_menu_typo_font_size_unit":"px","ocean_menu_typo_font_weight":"","ocean_menu_typo_font_weight_tablet":"","ocean_menu_typo_font_weight_mobile":"","ocean_menu_typo_transform":"","ocean_menu_typo_transform_tablet":"","ocean_menu_typo_transform_mobile":"","ocean_menu_typo_line_height":0,"ocean_menu_typo_line_height_tablet":0,"ocean_menu_typo_line_height_mobile":0,"ocean_menu_typo_line_height_unit":"","ocean_menu_typo_spacing":0,"ocean_menu_typo_spacing_tablet":0,"ocean_menu_typo_spacing_mobile":0,"ocean_menu_typo_spacing_unit":"","ocean_menu_link_color":"","ocean_menu_link_color_hover":"","ocean_menu_link_color_active":"","ocean_menu_link_background":"","ocean_menu_link_hover_background":"","ocean_menu_link_active_background":"","ocean_menu_social_links_bg":"","ocean_menu_social_hover_links_bg":"","ocean_menu_social_links_color":"","ocean_menu_social_hover_links_color":"","ocean_disable_title":"default","ocean_disable_heading":"default","ocean_post_title":"","ocean_post_subheading":"","ocean_post_title_style":"","ocean_post_title_background_color":"","ocean_post_title_background":0,"ocean_post_title_bg_image_position":"","ocean_post_title_bg_image_attachment":"","ocean_post_title_bg_image_repeat":"","ocean_post_title_bg_image_size":"","ocean_post_title_height":0,"ocean_post_title_bg_overlay":0.5,"ocean_post_title_bg_overlay_color":"","ocean_disable_breadcrumbs":"default","ocean_breadcrumbs_color":"","ocean_breadcrumbs_separator_color":"","ocean_breadcrumbs_links_color":"","ocean_breadcrumbs_links_hover_color":"","ocean_display_footer_widgets":"default","ocean_display_footer_bottom":"default","ocean_custom_footer_template":"0","osh_disable_topbar_sticky":"default","osh_disable_header_sticky":"default","osh_sticky_header_style":"default","osh_sticky_header_effect":"","osh_custom_sticky_logo":0,"osh_custom_retina_sticky_logo":0,"osh_custom_sticky_logo_height":0,"osh_background_color":"","osh_links_color":"","osh_links_hover_color":"","osh_links_active_color":"","osh_links_bg_color":"","osh_links_hover_bg_color":"","osh_links_active_bg_color":"","osh_menu_social_links_color":"","osh_menu_social_hover_links_color":""},"product_brand":[],"product_cat":[53,50],"product_tag":[139,138,137],"class_list":{"0":"post-3177","1":"product","2":"type-product","3":"status-publish","4":"has-post-thumbnail","6":"product_cat-resistance-oil-distributors","7":"product_cat-resistance-thin-oil-systems","8":"product_tag-oil-distributor","9":"product_tag-pipeline-connector","10":"product_tag-resistance-distributor","12":"entry","13":"has-media","15":"first","16":"instock","17":"shipping-taxable","18":"product-type-external","19":"col","20":"span_1_of_3","21":"owp-content-center","22":"owp-thumbs-layout-horizontal","23":"owp-btn-very-big","24":"owp-tabs-layout-horizontal"},"_links":{"self":[{"href":"https:\/\/www.jinpinlub.com\/pt\/wp-json\/wp\/v2\/product\/3177","targetHints":{"allow":["GET"]}}],"collection":[{"href":"https:\/\/www.jinpinlub.com\/pt\/wp-json\/wp\/v2\/product"}],"about":[{"href":"https:\/\/www.jinpinlub.com\/pt\/wp-json\/wp\/v2\/types\/product"}],"wp:featuredmedia":[{"embeddable":true,"href":"https:\/\/www.jinpinlub.com\/pt\/wp-json\/wp\/v2\/media\/3083"}],"wp:attachment":[{"href":"https:\/\/www.jinpinlub.com\/pt\/wp-json\/wp\/v2\/media?parent=3177"}],"wp:term":[{"taxonomy":"product_brand","embeddable":true,"href":"https:\/\/www.jinpinlub.com\/pt\/wp-json\/wp\/v2\/product_brand?post=3177"},{"taxonomy":"product_cat","embeddable":true,"href":"https:\/\/www.jinpinlub.com\/pt\/wp-json\/wp\/v2\/product_cat?post=3177"},{"taxonomy":"product_tag","embeddable":true,"href":"https:\/\/www.jinpinlub.com\/pt\/wp-json\/wp\/v2\/product_tag?post=3177"}],"curies":[{"name":"wp","href":"https:\/\/api.w.org\/{rel}","templated":true}]}}