{"id":3211,"date":"2024-08-12T15:55:10","date_gmt":"2024-08-12T15:55:10","guid":{"rendered":"https:\/\/www.jinpinlub.com\/?post_type=product&#038;p=3211"},"modified":"2024-08-12T16:12:24","modified_gmt":"2024-08-12T16:12:24","slug":"pjd-6-conector-de-separacao-de-junta-cruzada-fixa-para-tubulacoes","status":"publish","type":"product","link":"https:\/\/www.jinpinlub.com\/pt\/product\/pjd-6-fixed-cross-joint-separation-connector-for-piplelines\/","title":{"rendered":"Conector de separa\u00e7\u00e3o de junta cruzada fixa PJD-6 para tubula\u00e7\u00f5es"},"content":{"rendered":"<h2>Caracter\u00edsticas<\/h2>\n<p>Material: A liga de zinco \u00e9 parcialmente resistente \u00e0 corros\u00e3o e forte, e as juntas de quatro vias da liga de zinco s\u00e3o de valor econ\u00f4mico.<br \/>\nM\u00e9todo de conex\u00e3o: As juntas de quatro vias PJD de tubula\u00e7\u00f5es de lubrifica\u00e7\u00e3o geral podem conectar diferentes tubos montando apenas a bucha de compress\u00e3o, a luva de compress\u00e3o e o revestimento do tubo.<br \/>\nAlto desempenho de custo: juntas fixas de quatro vias de liga de zinco podem ser utilizadas em algumas aplica\u00e7\u00f5es de baixa press\u00e3o, baixa temperatura ou que exigem custos elevados.<\/p>\n<h2>Especifica\u00e7\u00e3o<\/h2>\n<figure id=\"attachment_3212\" aria-describedby=\"caption-attachment-3212\" style=\"width: 800px\" class=\"wp-caption alignnone\"><img loading=\"lazy\" decoding=\"async\" class=\"size-full wp-image-3212\" src=\"https:\/\/www.jinpinlub.com\/wp-content\/uploads\/2024\/08\/PJD-specification.jpg\" alt=\"Especifica\u00e7\u00e3o PJD\" width=\"800\" height=\"380\" srcset=\"https:\/\/www.jinpinlub.com\/wp-content\/uploads\/2024\/08\/PJD-specification.jpg 800w, https:\/\/www.jinpinlub.com\/wp-content\/uploads\/2024\/08\/PJD-specification-300x143.jpg 300w, https:\/\/www.jinpinlub.com\/wp-content\/uploads\/2024\/08\/PJD-specification-768x365.jpg 768w, https:\/\/www.jinpinlub.com\/wp-content\/uploads\/2024\/08\/PJD-specification-18x9.jpg 18w\" sizes=\"auto, (max-width: 800px) 100vw, 800px\" \/><figcaption id=\"caption-attachment-3212\" class=\"wp-caption-text\">Especifica\u00e7\u00e3o PJD<\/figcaption><\/figure>\n<h2>Aplicativo<\/h2>\n<p>Os conectores de quatro vias PJD s\u00e3o aplicados a sistemas de lubrifica\u00e7\u00e3o de uma variedade de m\u00e1quinas e equipamentos industriais nas ind\u00fastrias qu\u00edmica, petrol\u00edfera, metal\u00fargica, de g\u00e1s, de energia, de constru\u00e7\u00e3o naval, automotiva e de constru\u00e7\u00e3o. Eles conectam principalmente quatro tubos de sistemas de lubrifica\u00e7\u00e3o para realizar a entrega, desvio ou rota\u00e7\u00e3o de lubrificantes.<\/p>\n<h2>Manuais<\/h2>\n<div class=\"sdm_download_button_box_default\"><div class=\"sdm_download_link\"><a href=\"https:\/\/www.jinpinlub.com\/pt\/?sdm_process_download=1&download_id=3171\" class=\"sdm_download white\" title=\"Privado: OM\/JD\/PKD\/PJD\/PJDB\" target=\"&quot;_blank&quot;\">Ver folha de dados - OM\/JD\/PKD\/PJD\/PJDB<\/a><\/div><\/div>","protected":false},"excerpt":{"rendered":"<p>A junta fixa de quatro vias de liga de zinco PJD \u00e9 um tipo de conector de tubula\u00e7\u00e3o usado para conectar quatro tubos em tubula\u00e7\u00f5es de lubrifica\u00e7\u00e3o. Esse tipo de junta \u00e9 geralmente usado em situa\u00e7\u00f5es em que conex\u00e3o flex\u00edvel ou dire\u00e7\u00e3o s\u00e3o necess\u00e1rias.<\/p>","protected":false},"featured_media":3163,"template":"","meta":{"ocean_post_layout":"","ocean_both_sidebars_style":"","ocean_both_sidebars_content_width":0,"ocean_both_sidebars_sidebars_width":0,"ocean_sidebar":"0","ocean_second_sidebar":"0","ocean_disable_margins":"enable","ocean_add_body_class":"","ocean_shortcode_before_top_bar":"","ocean_shortcode_after_top_bar":"","ocean_shortcode_before_header":"","ocean_shortcode_after_header":"","ocean_has_shortcode":"","ocean_shortcode_after_title":"","ocean_shortcode_before_footer_widgets":"","ocean_shortcode_after_footer_widgets":"","ocean_shortcode_before_footer_bottom":"","ocean_shortcode_after_footer_bottom":"","ocean_display_top_bar":"default","ocean_display_header":"default","ocean_header_style":"","ocean_center_header_left_menu":"0","ocean_custom_header_template":"0","ocean_custom_logo":0,"ocean_custom_retina_logo":0,"ocean_custom_logo_max_width":0,"ocean_custom_logo_tablet_max_width":0,"ocean_custom_logo_mobile_max_width":0,"ocean_custom_logo_max_height":0,"ocean_custom_logo_tablet_max_height":0,"ocean_custom_logo_mobile_max_height":0,"ocean_header_custom_menu":"0","ocean_menu_typo_font_family":"0","ocean_menu_typo_font_subset":"","ocean_menu_typo_font_size":0,"ocean_menu_typo_font_size_tablet":0,"ocean_menu_typo_font_size_mobile":0,"ocean_menu_typo_font_size_unit":"px","ocean_menu_typo_font_weight":"","ocean_menu_typo_font_weight_tablet":"","ocean_menu_typo_font_weight_mobile":"","ocean_menu_typo_transform":"","ocean_menu_typo_transform_tablet":"","ocean_menu_typo_transform_mobile":"","ocean_menu_typo_line_height":0,"ocean_menu_typo_line_height_tablet":0,"ocean_menu_typo_line_height_mobile":0,"ocean_menu_typo_line_height_unit":"","ocean_menu_typo_spacing":0,"ocean_menu_typo_spacing_tablet":0,"ocean_menu_typo_spacing_mobile":0,"ocean_menu_typo_spacing_unit":"","ocean_menu_link_color":"","ocean_menu_link_color_hover":"","ocean_menu_link_color_active":"","ocean_menu_link_background":"","ocean_menu_link_hover_background":"","ocean_menu_link_active_background":"","ocean_menu_social_links_bg":"","ocean_menu_social_hover_links_bg":"","ocean_menu_social_links_color":"","ocean_menu_social_hover_links_color":"","ocean_disable_title":"default","ocean_disable_heading":"default","ocean_post_title":"","ocean_post_subheading":"","ocean_post_title_style":"","ocean_post_title_background_color":"","ocean_post_title_background":0,"ocean_post_title_bg_image_position":"","ocean_post_title_bg_image_attachment":"","ocean_post_title_bg_image_repeat":"","ocean_post_title_bg_image_size":"","ocean_post_title_height":0,"ocean_post_title_bg_overlay":0.5,"ocean_post_title_bg_overlay_color":"","ocean_disable_breadcrumbs":"default","ocean_breadcrumbs_color":"","ocean_breadcrumbs_separator_color":"","ocean_breadcrumbs_links_color":"","ocean_breadcrumbs_links_hover_color":"","ocean_display_footer_widgets":"default","ocean_display_footer_bottom":"default","ocean_custom_footer_template":"0","osh_disable_topbar_sticky":"default","osh_disable_header_sticky":"default","osh_sticky_header_style":"default","osh_sticky_header_effect":"","osh_custom_sticky_logo":0,"osh_custom_retina_sticky_logo":0,"osh_custom_sticky_logo_height":0,"osh_background_color":"","osh_links_color":"","osh_links_hover_color":"","osh_links_active_color":"","osh_links_bg_color":"","osh_links_hover_bg_color":"","osh_links_active_bg_color":"","osh_menu_social_links_color":"","osh_menu_social_hover_links_color":""},"product_brand":[],"product_cat":[31],"product_tag":[182,172,138],"class_list":{"0":"post-3211","1":"product","2":"type-product","3":"status-publish","4":"has-post-thumbnail","6":"product_cat-lube-system-accessories","7":"product_tag-fixed-cross-joint","8":"product_tag-pipeline-adapter","9":"product_tag-pipeline-connector","11":"entry","12":"has-media","14":"first","15":"instock","16":"shipping-taxable","17":"product-type-external","18":"col","19":"span_1_of_3","20":"owp-content-center","21":"owp-thumbs-layout-horizontal","22":"owp-btn-very-big","23":"owp-tabs-layout-horizontal"},"_links":{"self":[{"href":"https:\/\/www.jinpinlub.com\/pt\/wp-json\/wp\/v2\/product\/3211","targetHints":{"allow":["GET"]}}],"collection":[{"href":"https:\/\/www.jinpinlub.com\/pt\/wp-json\/wp\/v2\/product"}],"about":[{"href":"https:\/\/www.jinpinlub.com\/pt\/wp-json\/wp\/v2\/types\/product"}],"wp:featuredmedia":[{"embeddable":true,"href":"https:\/\/www.jinpinlub.com\/pt\/wp-json\/wp\/v2\/media\/3163"}],"wp:attachment":[{"href":"https:\/\/www.jinpinlub.com\/pt\/wp-json\/wp\/v2\/media?parent=3211"}],"wp:term":[{"taxonomy":"product_brand","embeddable":true,"href":"https:\/\/www.jinpinlub.com\/pt\/wp-json\/wp\/v2\/product_brand?post=3211"},{"taxonomy":"product_cat","embeddable":true,"href":"https:\/\/www.jinpinlub.com\/pt\/wp-json\/wp\/v2\/product_cat?post=3211"},{"taxonomy":"product_tag","embeddable":true,"href":"https:\/\/www.jinpinlub.com\/pt\/wp-json\/wp\/v2\/product_tag?post=3211"}],"curies":[{"name":"wp","href":"https:\/\/api.w.org\/{rel}","templated":true}]}}