{"id":3314,"date":"2024-08-15T20:37:15","date_gmt":"2024-08-15T20:37:15","guid":{"rendered":"https:\/\/www.jinpinlub.com\/?post_type=product&#038;p=3314"},"modified":"2024-08-16T15:06:41","modified_gmt":"2024-08-16T15:06:41","slug":"bomba-de-lubrificacao-de-graxa-de-embolo-acionada-por-motor-j100-com-sensor","status":"publish","type":"product","link":"https:\/\/www.jinpinlub.com\/pt\/product\/j100-motor-driven-plunger-grease-lubrication-pump-with-sensor\/","title":{"rendered":"Bomba de lubrifica\u00e7\u00e3o de graxa de \u00eambolo acionada por motor J100 com sensor"},"content":{"rendered":"<h2>Caracter\u00edsticas<\/h2>\n<p>Lubrifica\u00e7\u00e3o eficiente: Dentro da faixa de tubula\u00e7\u00e3o especificada e do n\u00famero de pontos de lubrifica\u00e7\u00e3o, a bomba de lubrifica\u00e7\u00e3o J100 pode fornecer press\u00e3o e fluxo suficientes para garantir que os pontos de lubrifica\u00e7\u00e3o recebam a quantidade necess\u00e1ria de lubrifica\u00e7\u00e3o.<br \/>\nControle autom\u00e1tico: A bomba de lubrifica\u00e7\u00e3o pode ser controlada automaticamente por um controle PLC externo ou um controlador integrado para melhorar o grau de automa\u00e7\u00e3o. H\u00e1 muitas configura\u00e7\u00f5es opcionais.<br \/>\nSegura e confi\u00e1vel: a bomba el\u00e9trica J100 possui monitoramento de baixo n\u00edvel de l\u00edquido e fun\u00e7\u00f5es de alerta precoce para evitar que a bomba fique em marcha lenta ou que o motor de acionamento sobrecarregue, prolongando a vida \u00fatil da bomba.<br \/>\nSele\u00e7\u00e3o flex\u00edvel: A bomba de graxa J100 tem dois modos de trabalho. Com base no tipo progressivo, com a adi\u00e7\u00e3o de um dispositivo de al\u00edvio de press\u00e3o, um sistema de graxa de al\u00edvio de press\u00e3o de linha \u00fanica pode ser formado.<\/p>\n<h2>Especifica\u00e7\u00e3o<\/h2>\n<table>\n<tbody>\n<tr>\n<td>Temperatura de opera\u00e7\u00e3o<\/td>\n<td>+0\u2103~+50\u2103, umidade 35~85%RH<\/td>\n<\/tr>\n<tr>\n<td>N\u00famero de pontos de venda<\/td>\n<td>1, 2<\/td>\n<\/tr>\n<tr>\n<td>Capacidade do reservat\u00f3rio<\/td>\n<td>0,3L, 1,5L(reservat\u00f3rio), 0,3L, 0,7L(Cartucho)<\/td>\n<\/tr>\n<tr>\n<td>Reabastecimento<\/td>\n<td>Conex\u00e3o de lubrifica\u00e7\u00e3o hidr\u00e1ulica<\/td>\n<\/tr>\n<tr>\n<td>Lubrificante<\/td>\n<td>Graxas NLGI grau 000~2#<\/td>\n<\/tr>\n<tr>\n<td>Classe de prote\u00e7\u00e3o<\/td>\n<td>IP54<\/td>\n<\/tr>\n<tr>\n<td>Descarga<\/td>\n<td>15 mL\/minuto<\/td>\n<\/tr>\n<tr>\n<td>Press\u00e3o m\u00e1xima de opera\u00e7\u00e3o<\/td>\n<td>8 MPa<\/td>\n<\/tr>\n<tr>\n<td>Fio de conex\u00e3o<\/td>\n<td>\u03a66 ou \u03a68<\/td>\n<\/tr>\n<tr>\n<td>Tens\u00e3o de opera\u00e7\u00e3o<\/td>\n<td>24 VCC<\/td>\n<\/tr>\n<tr>\n<td>Certifica\u00e7\u00e3o<\/td>\n<td>CE<\/td>\n<\/tr>\n<tr>\n<td>Posi\u00e7\u00e3o de montagem<\/td>\n<td>Em p\u00e9<\/td>\n<\/tr>\n<\/tbody>\n<\/table>\n<h2>Aplica\u00e7\u00f5es<\/h2>\n<p>As bombas de lubrifica\u00e7\u00e3o el\u00e9tricas de graxa J100 s\u00e3o amplamente utilizadas na lubrifica\u00e7\u00e3o centralizada de equipamentos mec\u00e2nicos em v\u00e1rias ind\u00fastrias, como m\u00e1quinas CNC, centros de usinagem, m\u00e1quinas de forjamento, m\u00e1quinas de pl\u00e1stico, m\u00e1quinas t\u00eaxteis, m\u00e1quinas de minera\u00e7\u00e3o, m\u00e1quinas de constru\u00e7\u00e3o e m\u00e1quinas de engenharia. Essas bombas podem atender com precis\u00e3o aos requisitos de diferentes ind\u00fastrias para quantidade de lubrifica\u00e7\u00e3o, garantindo a opera\u00e7\u00e3o est\u00e1vel de equipamentos mec\u00e2nicos e estendendo sua vida \u00fatil.<\/p>\n<h2>Manuais<\/h2>\n<div class=\"sdm_download_button_box_default\"><div class=\"sdm_download_link\"><a href=\"https:\/\/www.jinpinlub.com\/pt\/?sdm_process_download=1&download_id=2462\" class=\"sdm_download white\" title=\"Privado: J100 Grease Pump\" target=\"&quot;_blank&quot;\">Ver Ficha T\u00e9cnica - Bomba de Graxa J100<\/a><\/div><\/div>","protected":false},"excerpt":{"rendered":"<p>A bomba el\u00e9trica de lubrifica\u00e7\u00e3o com graxa J100 aciona o \u00eambolo e outros componentes no corpo da bomba atrav\u00e9s do motor para sugar a graxa do reservat\u00f3rio e pressuriz\u00e1-la, e ent\u00e3o fornece a graxa de alta press\u00e3o para as pe\u00e7as de lubrifica\u00e7\u00e3o atrav\u00e9s da linha de lubrifica\u00e7\u00e3o.<\/p>","protected":false},"featured_media":3320,"template":"","meta":{"ocean_post_layout":"","ocean_both_sidebars_style":"","ocean_both_sidebars_content_width":0,"ocean_both_sidebars_sidebars_width":0,"ocean_sidebar":"0","ocean_second_sidebar":"0","ocean_disable_margins":"enable","ocean_add_body_class":"","ocean_shortcode_before_top_bar":"","ocean_shortcode_after_top_bar":"","ocean_shortcode_before_header":"","ocean_shortcode_after_header":"","ocean_has_shortcode":"","ocean_shortcode_after_title":"","ocean_shortcode_before_footer_widgets":"","ocean_shortcode_after_footer_widgets":"","ocean_shortcode_before_footer_bottom":"","ocean_shortcode_after_footer_bottom":"","ocean_display_top_bar":"default","ocean_display_header":"default","ocean_header_style":"","ocean_center_header_left_menu":"0","ocean_custom_header_template":"0","ocean_custom_logo":0,"ocean_custom_retina_logo":0,"ocean_custom_logo_max_width":0,"ocean_custom_logo_tablet_max_width":0,"ocean_custom_logo_mobile_max_width":0,"ocean_custom_logo_max_height":0,"ocean_custom_logo_tablet_max_height":0,"ocean_custom_logo_mobile_max_height":0,"ocean_header_custom_menu":"0","ocean_menu_typo_font_family":"0","ocean_menu_typo_font_subset":"","ocean_menu_typo_font_size":0,"ocean_menu_typo_font_size_tablet":0,"ocean_menu_typo_font_size_mobile":0,"ocean_menu_typo_font_size_unit":"px","ocean_menu_typo_font_weight":"","ocean_menu_typo_font_weight_tablet":"","ocean_menu_typo_font_weight_mobile":"","ocean_menu_typo_transform":"","ocean_menu_typo_transform_tablet":"","ocean_menu_typo_transform_mobile":"","ocean_menu_typo_line_height":0,"ocean_menu_typo_line_height_tablet":0,"ocean_menu_typo_line_height_mobile":0,"ocean_menu_typo_line_height_unit":"","ocean_menu_typo_spacing":0,"ocean_menu_typo_spacing_tablet":0,"ocean_menu_typo_spacing_mobile":0,"ocean_menu_typo_spacing_unit":"","ocean_menu_link_color":"","ocean_menu_link_color_hover":"","ocean_menu_link_color_active":"","ocean_menu_link_background":"","ocean_menu_link_hover_background":"","ocean_menu_link_active_background":"","ocean_menu_social_links_bg":"","ocean_menu_social_hover_links_bg":"","ocean_menu_social_links_color":"","ocean_menu_social_hover_links_color":"","ocean_disable_title":"default","ocean_disable_heading":"default","ocean_post_title":"","ocean_post_subheading":"","ocean_post_title_style":"","ocean_post_title_background_color":"","ocean_post_title_background":0,"ocean_post_title_bg_image_position":"","ocean_post_title_bg_image_attachment":"","ocean_post_title_bg_image_repeat":"","ocean_post_title_bg_image_size":"","ocean_post_title_height":0,"ocean_post_title_bg_overlay":0.5,"ocean_post_title_bg_overlay_color":"","ocean_disable_breadcrumbs":"default","ocean_breadcrumbs_color":"","ocean_breadcrumbs_separator_color":"","ocean_breadcrumbs_links_color":"","ocean_breadcrumbs_links_hover_color":"","ocean_display_footer_widgets":"default","ocean_display_footer_bottom":"default","ocean_custom_footer_template":"0","osh_disable_topbar_sticky":"default","osh_disable_header_sticky":"default","osh_sticky_header_style":"default","osh_sticky_header_effect":"","osh_custom_sticky_logo":0,"osh_custom_retina_sticky_logo":0,"osh_custom_sticky_logo_height":0,"osh_background_color":"","osh_links_color":"","osh_links_hover_color":"","osh_links_active_color":"","osh_links_bg_color":"","osh_links_hover_bg_color":"","osh_links_active_bg_color":"","osh_menu_social_links_color":"","osh_menu_social_hover_links_color":""},"product_brand":[],"product_cat":[42,41],"product_tag":[74,186,187],"class_list":{"0":"post-3314","1":"product","2":"type-product","3":"status-publish","4":"has-post-thumbnail","6":"product_cat-electric-progressive-pumps","7":"product_cat-progressive-grease-systems","8":"product_tag-automatic-lubrication-pump","9":"product_tag-electric-lubrication-pump-supplier","10":"product_tag-electric-operated-grease-pump","12":"entry","13":"has-media","15":"first","16":"instock","17":"shipping-taxable","18":"product-type-external","19":"col","20":"span_1_of_3","21":"owp-content-center","22":"owp-thumbs-layout-horizontal","23":"owp-btn-very-big","24":"owp-tabs-layout-horizontal"},"_links":{"self":[{"href":"https:\/\/www.jinpinlub.com\/pt\/wp-json\/wp\/v2\/product\/3314","targetHints":{"allow":["GET"]}}],"collection":[{"href":"https:\/\/www.jinpinlub.com\/pt\/wp-json\/wp\/v2\/product"}],"about":[{"href":"https:\/\/www.jinpinlub.com\/pt\/wp-json\/wp\/v2\/types\/product"}],"wp:featuredmedia":[{"embeddable":true,"href":"https:\/\/www.jinpinlub.com\/pt\/wp-json\/wp\/v2\/media\/3320"}],"wp:attachment":[{"href":"https:\/\/www.jinpinlub.com\/pt\/wp-json\/wp\/v2\/media?parent=3314"}],"wp:term":[{"taxonomy":"product_brand","embeddable":true,"href":"https:\/\/www.jinpinlub.com\/pt\/wp-json\/wp\/v2\/product_brand?post=3314"},{"taxonomy":"product_cat","embeddable":true,"href":"https:\/\/www.jinpinlub.com\/pt\/wp-json\/wp\/v2\/product_cat?post=3314"},{"taxonomy":"product_tag","embeddable":true,"href":"https:\/\/www.jinpinlub.com\/pt\/wp-json\/wp\/v2\/product_tag?post=3314"}],"curies":[{"name":"wp","href":"https:\/\/api.w.org\/{rel}","templated":true}]}}