{"id":3315,"date":"2024-08-15T20:48:14","date_gmt":"2024-08-15T20:48:14","guid":{"rendered":"https:\/\/www.jinpinlub.com\/?post_type=product&#038;p=3315"},"modified":"2024-08-16T15:06:02","modified_gmt":"2024-08-16T15:06:02","slug":"sistema-de-lubrificacao-automatica-j100-com-valvula-de-alivio-de-pressao","status":"publish","type":"product","link":"https:\/\/www.jinpinlub.com\/pt\/product\/j100-automatic-lubrication-system-with-pressure-relief-valve\/","title":{"rendered":"Sistema de lubrifica\u00e7\u00e3o autom\u00e1tica J100 com v\u00e1lvula de al\u00edvio de press\u00e3o"},"content":{"rendered":"<h2>Caracter\u00edsticas<\/h2>\n<p>O J100 \u00e9 projetado com m\u00e9todo de inje\u00e7\u00e3o de lubrificante de uma bomba de \u00eambolo, com uma press\u00e3o m\u00e1xima de 8MPa. \u00c9 uma bomba de lubrifica\u00e7\u00e3o el\u00e9trica compacta.<br \/>\nA bomba el\u00e9trica do tanque de \u00f3leo adota um design de placa de press\u00e3o de \u00f3leo, suc\u00e7\u00e3o de \u00f3leo a v\u00e1cuo e o processo de lubrifica\u00e7\u00e3o pode eliminar a graxa residual no fundo do reservat\u00f3rio.<br \/>\nO sensor de baixo n\u00edvel de l\u00edquido para detectar a quantidade de graxa na bomba de lubrifica\u00e7\u00e3o \u00e9 opcional.<br \/>\nA bomba de graxa J100 \u00e9 equipada com uma v\u00e1lvula de libera\u00e7\u00e3o de ar, que pode remover o ar da cavidade da bomba de lubrifica\u00e7\u00e3o antes do uso.<br \/>\nA bomba tipo cartucho J100 n\u00e3o requer equipamento auxiliar de enchimento e pode substituir diretamente a graxa enlatada, o que \u00e9 conveniente.<\/p>\n<h2>Especifica\u00e7\u00e3o<\/h2>\n<table>\n<tbody>\n<tr>\n<td>Temperatura de opera\u00e7\u00e3o<\/td>\n<td>+0\u2103~+50\u2103, umidade 35~85%RH<\/td>\n<\/tr>\n<tr>\n<td>N\u00famero de pontos de venda<\/td>\n<td>1, 2<\/td>\n<\/tr>\n<tr>\n<td>Capacidade do reservat\u00f3rio<\/td>\n<td>0,3L, 1,5L(reservat\u00f3rio), 0,3L, 0,7L(Cartucho)<\/td>\n<\/tr>\n<tr>\n<td>Reabastecimento<\/td>\n<td>Conex\u00e3o de lubrifica\u00e7\u00e3o hidr\u00e1ulica<\/td>\n<\/tr>\n<tr>\n<td>Lubrificante<\/td>\n<td>Graxas NLGI grau 000~2#<\/td>\n<\/tr>\n<tr>\n<td>Classe de prote\u00e7\u00e3o<\/td>\n<td>IP54<\/td>\n<\/tr>\n<tr>\n<td>Descarga<\/td>\n<td>15 mL\/minuto<\/td>\n<\/tr>\n<tr>\n<td>Press\u00e3o m\u00e1xima de opera\u00e7\u00e3o<\/td>\n<td>8 MPa<\/td>\n<\/tr>\n<tr>\n<td>Fio de conex\u00e3o<\/td>\n<td>\u03a66 ou \u03a68<\/td>\n<\/tr>\n<tr>\n<td>Tens\u00e3o de opera\u00e7\u00e3o<\/td>\n<td>24 VCC<\/td>\n<\/tr>\n<tr>\n<td>Certifica\u00e7\u00e3o<\/td>\n<td>CE<\/td>\n<\/tr>\n<tr>\n<td>Posi\u00e7\u00e3o de montagem<\/td>\n<td>Em p\u00e9<\/td>\n<\/tr>\n<\/tbody>\n<\/table>\n<h2>Aplica\u00e7\u00f5es<\/h2>\n<p>A bomba de lubrifica\u00e7\u00e3o compacta J100 \u00e9 uma bomba eficiente e confi\u00e1vel amplamente usada em uma variedade de campos, incluindo m\u00e1quinas de moldagem por inje\u00e7\u00e3o, automotivas (ve\u00edculos el\u00e9tricos), elevadores e sistemas de eleva\u00e7\u00e3o, manuseio de materiais, rob\u00f4s industriais, m\u00e1quinas-ferramentas e equipamentos de automa\u00e7\u00e3o. Ao melhorar a efici\u00eancia da lubrifica\u00e7\u00e3o, as taxas de falha do equipamento e os custos de manuten\u00e7\u00e3o podem ser significativamente reduzidos, e a efici\u00eancia da produ\u00e7\u00e3o e a qualidade do produto podem ser melhoradas.<\/p>\n<h2>Manuais<\/h2>\n<div class=\"sdm_download_button_box_default\"><div class=\"sdm_download_link\"><a href=\"https:\/\/www.jinpinlub.com\/pt\/?sdm_process_download=1&download_id=2462\" class=\"sdm_download white\" title=\"Privado: J100 Grease Pump\" target=\"&quot;_blank&quot;\">Ver Ficha T\u00e9cnica - Bomba de Graxa J100<\/a><\/div><\/div>","protected":false},"excerpt":{"rendered":"<p>A bomba de graxa compacta J100 foi projetada para f\u00e1cil manuten\u00e7\u00e3o, f\u00e1cil instala\u00e7\u00e3o, possui monitoramento de n\u00edvel de enchimento com fun\u00e7\u00e3o de alerta precoce, pode ser controlada por um CLP externo, possui um parafuso de ventila\u00e7\u00e3o e pode ser convertida em uma bomba de al\u00edvio de press\u00e3o, conforme necess\u00e1rio.<\/p>","protected":false},"featured_media":3321,"template":"","meta":{"ocean_post_layout":"","ocean_both_sidebars_style":"","ocean_both_sidebars_content_width":0,"ocean_both_sidebars_sidebars_width":0,"ocean_sidebar":"0","ocean_second_sidebar":"0","ocean_disable_margins":"enable","ocean_add_body_class":"","ocean_shortcode_before_top_bar":"","ocean_shortcode_after_top_bar":"","ocean_shortcode_before_header":"","ocean_shortcode_after_header":"","ocean_has_shortcode":"","ocean_shortcode_after_title":"","ocean_shortcode_before_footer_widgets":"","ocean_shortcode_after_footer_widgets":"","ocean_shortcode_before_footer_bottom":"","ocean_shortcode_after_footer_bottom":"","ocean_display_top_bar":"default","ocean_display_header":"default","ocean_header_style":"","ocean_center_header_left_menu":"0","ocean_custom_header_template":"0","ocean_custom_logo":0,"ocean_custom_retina_logo":0,"ocean_custom_logo_max_width":0,"ocean_custom_logo_tablet_max_width":0,"ocean_custom_logo_mobile_max_width":0,"ocean_custom_logo_max_height":0,"ocean_custom_logo_tablet_max_height":0,"ocean_custom_logo_mobile_max_height":0,"ocean_header_custom_menu":"0","ocean_menu_typo_font_family":"0","ocean_menu_typo_font_subset":"","ocean_menu_typo_font_size":0,"ocean_menu_typo_font_size_tablet":0,"ocean_menu_typo_font_size_mobile":0,"ocean_menu_typo_font_size_unit":"px","ocean_menu_typo_font_weight":"","ocean_menu_typo_font_weight_tablet":"","ocean_menu_typo_font_weight_mobile":"","ocean_menu_typo_transform":"","ocean_menu_typo_transform_tablet":"","ocean_menu_typo_transform_mobile":"","ocean_menu_typo_line_height":0,"ocean_menu_typo_line_height_tablet":0,"ocean_menu_typo_line_height_mobile":0,"ocean_menu_typo_line_height_unit":"","ocean_menu_typo_spacing":0,"ocean_menu_typo_spacing_tablet":0,"ocean_menu_typo_spacing_mobile":0,"ocean_menu_typo_spacing_unit":"","ocean_menu_link_color":"","ocean_menu_link_color_hover":"","ocean_menu_link_color_active":"","ocean_menu_link_background":"","ocean_menu_link_hover_background":"","ocean_menu_link_active_background":"","ocean_menu_social_links_bg":"","ocean_menu_social_hover_links_bg":"","ocean_menu_social_links_color":"","ocean_menu_social_hover_links_color":"","ocean_disable_title":"default","ocean_disable_heading":"default","ocean_post_title":"","ocean_post_subheading":"","ocean_post_title_style":"","ocean_post_title_background_color":"","ocean_post_title_background":0,"ocean_post_title_bg_image_position":"","ocean_post_title_bg_image_attachment":"","ocean_post_title_bg_image_repeat":"","ocean_post_title_bg_image_size":"","ocean_post_title_height":0,"ocean_post_title_bg_overlay":0.5,"ocean_post_title_bg_overlay_color":"","ocean_disable_breadcrumbs":"default","ocean_breadcrumbs_color":"","ocean_breadcrumbs_separator_color":"","ocean_breadcrumbs_links_color":"","ocean_breadcrumbs_links_hover_color":"","ocean_display_footer_widgets":"default","ocean_display_footer_bottom":"default","ocean_custom_footer_template":"0","osh_disable_topbar_sticky":"default","osh_disable_header_sticky":"default","osh_sticky_header_style":"default","osh_sticky_header_effect":"","osh_custom_sticky_logo":0,"osh_custom_retina_sticky_logo":0,"osh_custom_sticky_logo_height":0,"osh_background_color":"","osh_links_color":"","osh_links_hover_color":"","osh_links_active_color":"","osh_links_bg_color":"","osh_links_hover_bg_color":"","osh_links_active_bg_color":"","osh_menu_social_links_color":"","osh_menu_social_hover_links_color":""},"product_brand":[],"product_cat":[42,41],"product_tag":[189,185,188],"class_list":{"0":"post-3315","1":"product","2":"type-product","3":"status-publish","4":"has-post-thumbnail","6":"product_cat-electric-progressive-pumps","7":"product_cat-progressive-grease-systems","8":"product_tag-auto-lubrication-pump","9":"product_tag-electric-grease-pump","10":"product_tag-grease-pump-automatic","12":"entry","13":"has-media","15":"first","16":"instock","17":"shipping-taxable","18":"product-type-external","19":"col","20":"span_1_of_3","21":"owp-content-center","22":"owp-thumbs-layout-horizontal","23":"owp-btn-very-big","24":"owp-tabs-layout-horizontal"},"_links":{"self":[{"href":"https:\/\/www.jinpinlub.com\/pt\/wp-json\/wp\/v2\/product\/3315","targetHints":{"allow":["GET"]}}],"collection":[{"href":"https:\/\/www.jinpinlub.com\/pt\/wp-json\/wp\/v2\/product"}],"about":[{"href":"https:\/\/www.jinpinlub.com\/pt\/wp-json\/wp\/v2\/types\/product"}],"wp:featuredmedia":[{"embeddable":true,"href":"https:\/\/www.jinpinlub.com\/pt\/wp-json\/wp\/v2\/media\/3321"}],"wp:attachment":[{"href":"https:\/\/www.jinpinlub.com\/pt\/wp-json\/wp\/v2\/media?parent=3315"}],"wp:term":[{"taxonomy":"product_brand","embeddable":true,"href":"https:\/\/www.jinpinlub.com\/pt\/wp-json\/wp\/v2\/product_brand?post=3315"},{"taxonomy":"product_cat","embeddable":true,"href":"https:\/\/www.jinpinlub.com\/pt\/wp-json\/wp\/v2\/product_cat?post=3315"},{"taxonomy":"product_tag","embeddable":true,"href":"https:\/\/www.jinpinlub.com\/pt\/wp-json\/wp\/v2\/product_tag?post=3315"}],"curies":[{"name":"wp","href":"https:\/\/api.w.org\/{rel}","templated":true}]}}