{"id":3317,"date":"2024-08-16T14:18:49","date_gmt":"2024-08-16T14:18:49","guid":{"rendered":"https:\/\/www.jinpinlub.com\/?post_type=product&#038;p=3317"},"modified":"2024-08-16T14:40:11","modified_gmt":"2024-08-16T14:40:11","slug":"bomba-de-lubrificacao-eletrica-j200-para-sistemas-de-lubrificacao-de-linha-unica","status":"publish","type":"product","link":"https:\/\/www.jinpinlub.com\/pt\/product\/j200-electric-lubrication-pump-for-single-line-lube-systems\/","title":{"rendered":"Bomba de lubrifica\u00e7\u00e3o el\u00e9trica J200 para sistemas de lubrifica\u00e7\u00e3o de linha \u00fanica"},"content":{"rendered":"<h2>Caracter\u00edsticas<\/h2>\n<p>A s\u00e9rie J200 pode ser usada em sistema de lubrifica\u00e7\u00e3o centralizada de linha \u00fanica. O movimento linear reciprocante da bomba acionada pelo motor entrega a graxa para a sa\u00edda da bomba e atinge o ponto de lubrifica\u00e7\u00e3o atrav\u00e9s do distribuidor pressurizado. Quando a press\u00e3o predefinida \u00e9 atingida, o motor para de funcionar e a v\u00e1lvula de al\u00edvio de press\u00e3o tamb\u00e9m come\u00e7a a funcionar, liberando a press\u00e3o do sistema e um ciclo \u00e9 conclu\u00eddo.<br \/>\nA bomba pode ser controlada por um sistema de controle externo. O sistema de controle define principalmente a frequ\u00eancia de lubrifica\u00e7\u00e3o, o tempo de lubrifica\u00e7\u00e3o e o tempo de intervalo.<br \/>\nA press\u00e3o do sistema \u00e9 monitorada por um pressostato, que geralmente \u00e9 instalado no tubo antes do \u00faltimo distribuidor. O pressostato envia um sinal para a unidade de controle, que para a bomba.<br \/>\nA bomba de lubrifica\u00e7\u00e3o J200 e o distribuidor pressurizado funcionam dentro da faixa de temperatura especificada, a press\u00e3o m\u00e1xima \u00e9 de 8 MPa, o intervalo de mini lubrifica\u00e7\u00e3o \u00e9 de 5 minutos, o comprimento m\u00e1ximo da linha principal \u00e9 de 15 metros e \u00e9 adequado para at\u00e9 100 lubrifica\u00e7\u00f5es em equipamentos pequenos e m\u00e9dios em ambientes internos.<\/p>\n<h2>Especifica\u00e7\u00e3o<\/h2>\n<table>\n<tbody>\n<tr>\n<td>Temperatura de opera\u00e7\u00e3o<\/td>\n<td>0~+50\u00b0C<\/td>\n<\/tr>\n<tr>\n<td>N\u00famero de pontos de venda<\/td>\n<td>1, 2<\/td>\n<\/tr>\n<tr>\n<td>Capacidade do reservat\u00f3rio<\/td>\n<td>0,3L, 1,5L(reservat\u00f3rio), 0,3L, 0,7L(Cartucho)<\/td>\n<\/tr>\n<tr>\n<td>Reabastecimento<\/td>\n<td>Conex\u00e3o de lubrifica\u00e7\u00e3o hidr\u00e1ulica<\/td>\n<\/tr>\n<tr>\n<td>Lubrificante<\/td>\n<td>Graxas NLGI grau 000~2#<\/td>\n<\/tr>\n<tr>\n<td>Classe de prote\u00e7\u00e3o<\/td>\n<td>IP54<\/td>\n<\/tr>\n<tr>\n<td>Descarga<\/td>\n<td>15 mL\/minuto<\/td>\n<\/tr>\n<tr>\n<td>Press\u00e3o m\u00e1xima de opera\u00e7\u00e3o<\/td>\n<td>8 MPa<\/td>\n<\/tr>\n<tr>\n<td>Fio de conex\u00e3o<\/td>\n<td>\u03a66 ou \u03a68<\/td>\n<\/tr>\n<tr>\n<td>Tens\u00e3o de opera\u00e7\u00e3o<\/td>\n<td>24 VCC<\/td>\n<\/tr>\n<tr>\n<td>Certifica\u00e7\u00e3o<\/td>\n<td>CE<\/td>\n<\/tr>\n<tr>\n<td>Posi\u00e7\u00e3o de montagem<\/td>\n<td>Em p\u00e9<\/td>\n<\/tr>\n<\/tbody>\n<\/table>\n<h2>Aplica\u00e7\u00f5es<\/h2>\n<p>O interruptor de n\u00edvel baixo est\u00e1 no adaptador do cartucho. Quando o interruptor de n\u00edvel est\u00e1 funcionando, a bomba de lubrifica\u00e7\u00e3o para de funcionar antes que o cartucho fique sem graxa para evitar a entrada de ar. Quando o interruptor de n\u00edvel est\u00e1 funcionando, a luz de trabalho pisca.<br \/>\nO interruptor de n\u00edvel s\u00f3 emite um sinal quando a bomba est\u00e1 ligada.<br \/>\nComo a bomba para quando o interruptor de n\u00edvel de l\u00edquido est\u00e1 funcionando, o interruptor de press\u00e3o pode n\u00e3o funcionar, ent\u00e3o ele emitir\u00e1 um valor de press\u00e3o normal.<\/p>\n<h2>Manuais<\/h2>\n<div class=\"sdm_download_button_box_default\"><div class=\"sdm_download_link\"><a href=\"https:\/\/www.jinpinlub.com\/pt\/?sdm_process_download=1&download_id=2464\" class=\"sdm_download white\" title=\"Privado: J200 Grease Pump\" target=\"&quot;_blank&quot;\">Ver Ficha T\u00e9cnica - Bomba de Graxa J200<\/a><\/div><\/div>","protected":false},"excerpt":{"rendered":"<p>O sistema de lubrifica\u00e7\u00e3o com graxa J200 lubrifica e protege o equipamento sugando o lubrificante, passando-o pelo filtro e pela v\u00e1lvula de dosagem de lubrificante e, em seguida, transportando-o at\u00e9 o ponto de lubrifica\u00e7\u00e3o do equipamento atrav\u00e9s da tubula\u00e7\u00e3o de lubrifica\u00e7\u00e3o.<\/p>","protected":false},"featured_media":3244,"template":"","meta":{"ocean_post_layout":"","ocean_both_sidebars_style":"","ocean_both_sidebars_content_width":0,"ocean_both_sidebars_sidebars_width":0,"ocean_sidebar":"0","ocean_second_sidebar":"0","ocean_disable_margins":"enable","ocean_add_body_class":"","ocean_shortcode_before_top_bar":"","ocean_shortcode_after_top_bar":"","ocean_shortcode_before_header":"","ocean_shortcode_after_header":"","ocean_has_shortcode":"","ocean_shortcode_after_title":"","ocean_shortcode_before_footer_widgets":"","ocean_shortcode_after_footer_widgets":"","ocean_shortcode_before_footer_bottom":"","ocean_shortcode_after_footer_bottom":"","ocean_display_top_bar":"default","ocean_display_header":"default","ocean_header_style":"","ocean_center_header_left_menu":"0","ocean_custom_header_template":"0","ocean_custom_logo":0,"ocean_custom_retina_logo":0,"ocean_custom_logo_max_width":0,"ocean_custom_logo_tablet_max_width":0,"ocean_custom_logo_mobile_max_width":0,"ocean_custom_logo_max_height":0,"ocean_custom_logo_tablet_max_height":0,"ocean_custom_logo_mobile_max_height":0,"ocean_header_custom_menu":"0","ocean_menu_typo_font_family":"0","ocean_menu_typo_font_subset":"","ocean_menu_typo_font_size":0,"ocean_menu_typo_font_size_tablet":0,"ocean_menu_typo_font_size_mobile":0,"ocean_menu_typo_font_size_unit":"px","ocean_menu_typo_font_weight":"","ocean_menu_typo_font_weight_tablet":"","ocean_menu_typo_font_weight_mobile":"","ocean_menu_typo_transform":"","ocean_menu_typo_transform_tablet":"","ocean_menu_typo_transform_mobile":"","ocean_menu_typo_line_height":0,"ocean_menu_typo_line_height_tablet":0,"ocean_menu_typo_line_height_mobile":0,"ocean_menu_typo_line_height_unit":"","ocean_menu_typo_spacing":0,"ocean_menu_typo_spacing_tablet":0,"ocean_menu_typo_spacing_mobile":0,"ocean_menu_typo_spacing_unit":"","ocean_menu_link_color":"","ocean_menu_link_color_hover":"","ocean_menu_link_color_active":"","ocean_menu_link_background":"","ocean_menu_link_hover_background":"","ocean_menu_link_active_background":"","ocean_menu_social_links_bg":"","ocean_menu_social_hover_links_bg":"","ocean_menu_social_links_color":"","ocean_menu_social_hover_links_color":"","ocean_disable_title":"default","ocean_disable_heading":"default","ocean_post_title":"","ocean_post_subheading":"","ocean_post_title_style":"","ocean_post_title_background_color":"","ocean_post_title_background":0,"ocean_post_title_bg_image_position":"","ocean_post_title_bg_image_attachment":"","ocean_post_title_bg_image_repeat":"","ocean_post_title_bg_image_size":"","ocean_post_title_height":0,"ocean_post_title_bg_overlay":0.5,"ocean_post_title_bg_overlay_color":"","ocean_disable_breadcrumbs":"default","ocean_breadcrumbs_color":"","ocean_breadcrumbs_separator_color":"","ocean_breadcrumbs_links_color":"","ocean_breadcrumbs_links_hover_color":"","ocean_display_footer_widgets":"default","ocean_display_footer_bottom":"default","ocean_custom_footer_template":"0","osh_disable_topbar_sticky":"default","osh_disable_header_sticky":"default","osh_sticky_header_style":"default","osh_sticky_header_effect":"","osh_custom_sticky_logo":0,"osh_custom_retina_sticky_logo":0,"osh_custom_sticky_logo_height":0,"osh_background_color":"","osh_links_color":"","osh_links_hover_color":"","osh_links_active_color":"","osh_links_bg_color":"","osh_links_hover_bg_color":"","osh_links_active_bg_color":"","osh_menu_social_links_color":"","osh_menu_social_hover_links_color":""},"product_brand":[],"product_cat":[38,37],"product_tag":[194,195,193],"class_list":{"0":"post-3317","1":"product","2":"type-product","3":"status-publish","4":"has-post-thumbnail","6":"product_cat-electric-pressure-relief-pumps","7":"product_cat-single-line-grease-systems","8":"product_tag-centralized-lubrication-pump","9":"product_tag-lube-piston-pump","10":"product_tag-lubrication-pumps","12":"entry","13":"has-media","15":"first","16":"instock","17":"shipping-taxable","18":"product-type-external","19":"col","20":"span_1_of_3","21":"owp-content-center","22":"owp-thumbs-layout-horizontal","23":"owp-btn-very-big","24":"owp-tabs-layout-horizontal"},"_links":{"self":[{"href":"https:\/\/www.jinpinlub.com\/pt\/wp-json\/wp\/v2\/product\/3317","targetHints":{"allow":["GET"]}}],"collection":[{"href":"https:\/\/www.jinpinlub.com\/pt\/wp-json\/wp\/v2\/product"}],"about":[{"href":"https:\/\/www.jinpinlub.com\/pt\/wp-json\/wp\/v2\/types\/product"}],"wp:featuredmedia":[{"embeddable":true,"href":"https:\/\/www.jinpinlub.com\/pt\/wp-json\/wp\/v2\/media\/3244"}],"wp:attachment":[{"href":"https:\/\/www.jinpinlub.com\/pt\/wp-json\/wp\/v2\/media?parent=3317"}],"wp:term":[{"taxonomy":"product_brand","embeddable":true,"href":"https:\/\/www.jinpinlub.com\/pt\/wp-json\/wp\/v2\/product_brand?post=3317"},{"taxonomy":"product_cat","embeddable":true,"href":"https:\/\/www.jinpinlub.com\/pt\/wp-json\/wp\/v2\/product_cat?post=3317"},{"taxonomy":"product_tag","embeddable":true,"href":"https:\/\/www.jinpinlub.com\/pt\/wp-json\/wp\/v2\/product_tag?post=3317"}],"curies":[{"name":"wp","href":"https:\/\/api.w.org\/{rel}","templated":true}]}}