{"id":3329,"date":"2024-08-20T04:43:19","date_gmt":"2024-08-19T20:43:19","guid":{"rendered":"https:\/\/www.jinpinlub.com\/?post_type=product&#038;p=3329"},"modified":"2024-08-20T04:54:17","modified_gmt":"2024-08-19T20:54:17","slug":"bomba-de-graxa-eletrica-progressiva-j203-para-aplicacao-movel","status":"publish","type":"product","link":"https:\/\/www.jinpinlub.com\/pt\/product\/j203-progressive-electric-grease-pump-for-mobile-application\/","title":{"rendered":"Bomba de graxa el\u00e9trica progressiva J203 para aplica\u00e7\u00e3o m\u00f3vel"},"content":{"rendered":"<h2>Caracter\u00edsticas<\/h2>\n<p><span id=\"input-sentence~0\">Versatilidade: Pode fornecer at\u00e9 150 pontos de lubrifica\u00e7\u00e3o, dependendo do comprimento da linha.<br \/>\nComponentes: A bomba consiste em uma carca\u00e7a com um motor integrado, um reservat\u00f3rio com uma p\u00e1 de agita\u00e7\u00e3o, um elemento de bomba, incluindo opcionalmente uma v\u00e1lvula de al\u00edvio de press\u00e3o, um bico de enchimento e pe\u00e7as de conex\u00e3o el\u00e9trica.<\/span><span id=\"input-sentence~1\"><br \/>\nAplica\u00e7\u00f5es: Adequado para aplica\u00e7\u00f5es m\u00f3veis, como carregadeiras de rodas e escavadeiras, bem como m\u00e1quinas de pequeno e m\u00e9dio porte em ind\u00fastrias em geral.<br \/>\nCondi\u00e7\u00f5es de opera\u00e7\u00e3o: opera com efici\u00eancia em uma ampla faixa de temperatura e pode lidar tanto com graxa at\u00e9 NLGI 2 quanto com \u00f3leo com viscosidades variadas.<\/span><\/p>\n<h2>Especifica\u00e7\u00e3o<\/h2>\n<table>\n<tbody>\n<tr>\n<td>Temperatura de opera\u00e7\u00e3o<\/td>\n<td>(-40\u00b0C a +70\u00b0C)<\/td>\n<\/tr>\n<tr>\n<td>N\u00famero de pontos de venda<\/td>\n<td>1, 2 ou 3<\/td>\n<\/tr>\n<tr>\n<td>Capacidade do reservat\u00f3rio<\/td>\n<td>2L, 4L, 8L<\/td>\n<\/tr>\n<tr>\n<td>Reabastecimento<\/td>\n<td>Conex\u00e3o de lubrifica\u00e7\u00e3o hidr\u00e1ulica ou de cima<\/td>\n<\/tr>\n<tr>\n<td>Lubrificante<\/td>\n<td>Graxas de no m\u00ednimo grau NLGI 2, \u00d3leos at\u00e9 40 mm\u00b2\/s (cSt) a 40\u00b0 C<\/td>\n<\/tr>\n<tr>\n<td>Classe de prote\u00e7\u00e3o<\/td>\n<td>IP6K 9K<\/td>\n<\/tr>\n<tr>\n<td>Di\u00e2metro do pist\u00e3o, K5<\/td>\n<td>5 mm, aprox. 2 cm\u00b3\/min<\/td>\n<\/tr>\n<tr>\n<td>Di\u00e2metro do pist\u00e3o, (padr\u00e3o) K6<\/td>\n<td>6 mm, aprox. 2,8 cm\u00b3\/min<\/td>\n<\/tr>\n<tr>\n<td>Di\u00e2metro do pist\u00e3o, K7<\/td>\n<td>7 mm, aprox. 4 cm\u00b3\/min<\/td>\n<\/tr>\n<tr>\n<td>Press\u00e3o m\u00e1xima de opera\u00e7\u00e3o<\/td>\n<td>350 barras<\/td>\n<\/tr>\n<tr>\n<td>Fio de conex\u00e3o<\/td>\n<td>Sol 1\/4<\/td>\n<\/tr>\n<tr>\n<td>Tens\u00e3o de opera\u00e7\u00e3o<\/td>\n<td>12 VCC, 24 VCC, 110-240 VCA<\/td>\n<\/tr>\n<\/tbody>\n<\/table>\n<h2>Aplica\u00e7\u00f5es<\/h2>\n<p>Inspe\u00e7\u00e3o: Verifique periodicamente se h\u00e1 sinais de desgaste, danos ou vazamentos na bomba de lubrifica\u00e7\u00e3o. Todas as conex\u00f5es devem estar apertadas, sem bloqueios nas linhas de lubrifica\u00e7\u00e3o.<br \/>\nSubstitui\u00e7\u00e3o do filtro: limpe ou substitua conforme necess\u00e1rio caso um filtro seja instalado na bomba para garantir que o lubrificante esteja livre de contaminantes.<br \/>\nVerifique se h\u00e1 sinais de desgaste ou danos no elemento da bomba e substitua-o se estiver desgastado ou danificado para garantir a efici\u00eancia da opera\u00e7\u00e3o.<br \/>\nConex\u00f5es el\u00e9tricas: Certifique-se de que todas as conex\u00f5es el\u00e9tricas estejam firmes. Verifique se h\u00e1 sinais de corros\u00e3o ou desgaste nas conex\u00f5es.<br \/>\nTemperatura: Certifique-se de que a temperatura operacional da bomba de graxa esteja dentro da faixa especificada. Calor excessivo pode ser indicativo de um problema que requer aten\u00e7\u00e3o.<\/p>\n<h2>Manuais<\/h2>\n<div class=\"sdm_download_button_box_default\"><div class=\"sdm_download_link\"><a href=\"https:\/\/www.jinpinlub.com\/pt\/?sdm_process_download=1&download_id=2429\" class=\"sdm_download white\" title=\"Privado: J203 Grease Pump\" target=\"&quot;_blank&quot;\">Ver Ficha T\u00e9cnica - Bomba de Graxa J203<\/a><\/div><\/div>","protected":false},"excerpt":{"rendered":"<p>A bomba de lubrifica\u00e7\u00e3o J203 \u00e9 um dispositivo el\u00e9trico de lubrifica\u00e7\u00e3o multi sa\u00edda usado em sistemas de v\u00e1lvula de distribui\u00e7\u00e3o progressiva. Esta bomba pode acomodar at\u00e9 3 componentes de bomba independentes, fornecendo \u00f3leo diretamente para pontos de lubrifica\u00e7\u00e3o ou por uma rede de distribui\u00e7\u00e3o.<\/p>","protected":false},"featured_media":3254,"template":"","meta":{"ocean_post_layout":"","ocean_both_sidebars_style":"","ocean_both_sidebars_content_width":0,"ocean_both_sidebars_sidebars_width":0,"ocean_sidebar":"0","ocean_second_sidebar":"0","ocean_disable_margins":"enable","ocean_add_body_class":"","ocean_shortcode_before_top_bar":"","ocean_shortcode_after_top_bar":"","ocean_shortcode_before_header":"","ocean_shortcode_after_header":"","ocean_has_shortcode":"","ocean_shortcode_after_title":"","ocean_shortcode_before_footer_widgets":"","ocean_shortcode_after_footer_widgets":"","ocean_shortcode_before_footer_bottom":"","ocean_shortcode_after_footer_bottom":"","ocean_display_top_bar":"default","ocean_display_header":"default","ocean_header_style":"","ocean_center_header_left_menu":"0","ocean_custom_header_template":"0","ocean_custom_logo":0,"ocean_custom_retina_logo":0,"ocean_custom_logo_max_width":0,"ocean_custom_logo_tablet_max_width":0,"ocean_custom_logo_mobile_max_width":0,"ocean_custom_logo_max_height":0,"ocean_custom_logo_tablet_max_height":0,"ocean_custom_logo_mobile_max_height":0,"ocean_header_custom_menu":"0","ocean_menu_typo_font_family":"0","ocean_menu_typo_font_subset":"","ocean_menu_typo_font_size":0,"ocean_menu_typo_font_size_tablet":0,"ocean_menu_typo_font_size_mobile":0,"ocean_menu_typo_font_size_unit":"px","ocean_menu_typo_font_weight":"","ocean_menu_typo_font_weight_tablet":"","ocean_menu_typo_font_weight_mobile":"","ocean_menu_typo_transform":"","ocean_menu_typo_transform_tablet":"","ocean_menu_typo_transform_mobile":"","ocean_menu_typo_line_height":0,"ocean_menu_typo_line_height_tablet":0,"ocean_menu_typo_line_height_mobile":0,"ocean_menu_typo_line_height_unit":"","ocean_menu_typo_spacing":0,"ocean_menu_typo_spacing_tablet":0,"ocean_menu_typo_spacing_mobile":0,"ocean_menu_typo_spacing_unit":"","ocean_menu_link_color":"","ocean_menu_link_color_hover":"","ocean_menu_link_color_active":"","ocean_menu_link_background":"","ocean_menu_link_hover_background":"","ocean_menu_link_active_background":"","ocean_menu_social_links_bg":"","ocean_menu_social_hover_links_bg":"","ocean_menu_social_links_color":"","ocean_menu_social_hover_links_color":"","ocean_disable_title":"default","ocean_disable_heading":"default","ocean_post_title":"","ocean_post_subheading":"","ocean_post_title_style":"","ocean_post_title_background_color":"","ocean_post_title_background":0,"ocean_post_title_bg_image_position":"","ocean_post_title_bg_image_attachment":"","ocean_post_title_bg_image_repeat":"","ocean_post_title_bg_image_size":"","ocean_post_title_height":0,"ocean_post_title_bg_overlay":0.5,"ocean_post_title_bg_overlay_color":"","ocean_disable_breadcrumbs":"default","ocean_breadcrumbs_color":"","ocean_breadcrumbs_separator_color":"","ocean_breadcrumbs_links_color":"","ocean_breadcrumbs_links_hover_color":"","ocean_display_footer_widgets":"default","ocean_display_footer_bottom":"default","ocean_custom_footer_template":"0","osh_disable_topbar_sticky":"default","osh_disable_header_sticky":"default","osh_sticky_header_style":"default","osh_sticky_header_effect":"","osh_custom_sticky_logo":0,"osh_custom_retina_sticky_logo":0,"osh_custom_sticky_logo_height":0,"osh_background_color":"","osh_links_color":"","osh_links_hover_color":"","osh_links_active_color":"","osh_links_bg_color":"","osh_links_hover_bg_color":"","osh_links_active_bg_color":"","osh_menu_social_links_color":"","osh_menu_social_hover_links_color":""},"product_brand":[],"product_cat":[42,41],"product_tag":[201,78,202],"class_list":{"0":"post-3329","1":"product","2":"type-product","3":"status-publish","4":"has-post-thumbnail","6":"product_cat-electric-progressive-pumps","7":"product_cat-progressive-grease-systems","8":"product_tag-bulldozer-lubrication-pump","9":"product_tag-excavator-lubrication-pump","10":"product_tag-skf-lubrication-pump","12":"entry","13":"has-media","15":"first","16":"instock","17":"shipping-taxable","18":"product-type-external","19":"col","20":"span_1_of_3","21":"owp-content-center","22":"owp-thumbs-layout-horizontal","23":"owp-btn-very-big","24":"owp-tabs-layout-horizontal"},"_links":{"self":[{"href":"https:\/\/www.jinpinlub.com\/pt\/wp-json\/wp\/v2\/product\/3329","targetHints":{"allow":["GET"]}}],"collection":[{"href":"https:\/\/www.jinpinlub.com\/pt\/wp-json\/wp\/v2\/product"}],"about":[{"href":"https:\/\/www.jinpinlub.com\/pt\/wp-json\/wp\/v2\/types\/product"}],"wp:featuredmedia":[{"embeddable":true,"href":"https:\/\/www.jinpinlub.com\/pt\/wp-json\/wp\/v2\/media\/3254"}],"wp:attachment":[{"href":"https:\/\/www.jinpinlub.com\/pt\/wp-json\/wp\/v2\/media?parent=3329"}],"wp:term":[{"taxonomy":"product_brand","embeddable":true,"href":"https:\/\/www.jinpinlub.com\/pt\/wp-json\/wp\/v2\/product_brand?post=3329"},{"taxonomy":"product_cat","embeddable":true,"href":"https:\/\/www.jinpinlub.com\/pt\/wp-json\/wp\/v2\/product_cat?post=3329"},{"taxonomy":"product_tag","embeddable":true,"href":"https:\/\/www.jinpinlub.com\/pt\/wp-json\/wp\/v2\/product_tag?post=3329"}],"curies":[{"name":"wp","href":"https:\/\/api.w.org\/{rel}","templated":true}]}}