{"id":3346,"date":"2024-08-22T13:12:02","date_gmt":"2024-08-22T05:12:02","guid":{"rendered":"https:\/\/www.jinpinlub.com\/?post_type=product&#038;p=3346"},"modified":"2025-01-24T02:07:08","modified_gmt":"2025-01-23T18:07:08","slug":"jl-1-valvula-de-distribuicao-de-graxa-de-deslocamento-positivo-lubrificante","status":"publish","type":"product","link":"https:\/\/www.jinpinlub.com\/pt\/product\/jl-1-lubricant-positive-displacement-grease-dispensing-valve\/","title":{"rendered":"V\u00e1lvula de distribui\u00e7\u00e3o de graxa de deslocamento positivo lubrificante JL-1"},"content":{"rendered":"<h2>Caracter\u00edsticas<\/h2>\n<p><span id=\"input-sentence~1\">Opera\u00e7\u00e3o de alta press\u00e3o: O dispensador de graxa JL-1 \u00e9 capaz de operar em altas press\u00f5es que variam de 127 a 240 bar, garantindo que o lubrificante seja efetivamente fornecido a cada ponto de lubrifica\u00e7\u00e3o.<br \/>\nSa\u00edda ajust\u00e1vel: A sa\u00edda de cada dispensador \u00e9 ajust\u00e1vel externamente de 0,016 a 1,31 cm\u00b3, o que permite ao usu\u00e1rio controlar com precis\u00e3o a quantidade de lubrificante dispensada com base em necessidades espec\u00edficas.<br \/>\nInspe\u00e7\u00e3o visual: O design da agulha indicadora permite que o usu\u00e1rio confirme o status de funcionamento do dispensador de graxa por meio de inspe\u00e7\u00e3o visual para garantir que o dispositivo esteja operando corretamente.<br \/>\nF\u00e1cil manuten\u00e7\u00e3o: as v\u00e1lvulas de distribui\u00e7\u00e3o individuais podem ser facilmente removidas para inspe\u00e7\u00e3o e substitui\u00e7\u00e3o, reduzindo o tempo e os custos de manuten\u00e7\u00e3o.<\/span><\/p>\n<h2>Especifica\u00e7\u00e3o<\/h2>\n<table>\n<tbody>\n<tr>\n<td>Princ\u00edpio de funcionamento<\/td>\n<td>V\u00e1lvula de al\u00edvio de press\u00e3o<\/td>\n<\/tr>\n<tr>\n<td>N\u00fameros de pontos de venda<\/td>\n<td>1, 2, 3, 4, 5, 6<\/td>\n<\/tr>\n<tr>\n<td>Quantidade de medi\u00e7\u00e3o<\/td>\n<td>0,016-1,31 mL\/ciclo<\/td>\n<\/tr>\n<tr>\n<td>Lubrificante<\/td>\n<td>Graxa NLGI 0, 1, 2<\/td>\n<\/tr>\n<tr>\n<td>Temperatura de opera\u00e7\u00e3o<\/td>\n<td>(-26 a +176 \u00b0C)<\/td>\n<\/tr>\n<tr>\n<td>Press\u00e3o de opera\u00e7\u00e3o<\/td>\n<td>127-240 barras<\/td>\n<\/tr>\n<tr>\n<td>Material<\/td>\n<td>A\u00e7o carbono, a\u00e7o inoxid\u00e1vel<\/td>\n<\/tr>\n<tr>\n<td>Linha principal de conex\u00e3o<\/td>\n<td>M22*1,5<\/td>\n<\/tr>\n<tr>\n<td>Tomada de conex\u00e3o<\/td>\n<td>Rc 1\/8<\/td>\n<\/tr>\n<tr>\n<td>Posi\u00e7\u00e3o de montagem<\/td>\n<td>Qualquer<\/td>\n<\/tr>\n<\/tbody>\n<\/table>\n<h2>Aplicativo<\/h2>\n<p>O distribuidor de graxa JL-1 \u00e9 usado principalmente em sistemas de lubrifica\u00e7\u00e3o por graxa de alta press\u00e3o, multiponto e de linha \u00fanica, por isso o distribuidor \u00e9 amplamente utilizado em ind\u00fastrias que exigem controle de lubrifica\u00e7\u00e3o verde.<br \/>\nMinera\u00e7\u00e3o e processamento de minerais: Nesses ambientes, o gadget requer lubrifica\u00e7\u00e3o cont\u00ednua para garantir uma opera\u00e7\u00e3o ecol\u00f3gica e diminuir o desgaste.<br \/>\nEquipamentos de constru\u00e7\u00e3o: Os equipamentos de constru\u00e7\u00e3o geralmente trabalham em condi\u00e7\u00f5es adversas, e o distribuidor JL-1 pode fornecer lubrifica\u00e7\u00e3o confi\u00e1vel.<br \/>\nInd\u00fastria sider\u00fargica e pesada: equipamentos nessas ind\u00fastrias geralmente exigem estruturas de lubrifica\u00e7\u00e3o de alta press\u00e3o para manter a opera\u00e7\u00e3o.<\/p>\n<h2>Manuais<\/h2>\n<div class=\"sdm_download_button_box_default\"><div class=\"sdm_download_link\"><a href=\"https:\/\/www.jinpinlub.com\/pt\/?sdm_process_download=1&download_id=2472\" class=\"sdm_download white\" title=\"Privado: JL-1 Grease Injector\" target=\"&quot;_blank&quot;\">Ver Ficha T\u00e9cnica - Injetor de Graxa JL-1<\/a><\/div><\/div>","protected":false},"excerpt":{"rendered":"<p>O distribuidor JL-1 \u00e9 um componente de sistema de lubrifica\u00e7\u00e3o de linha \u00fanica de alta press\u00e3o, projetado para dispensar lubrifica\u00e7\u00e3o de alta viscosidade (at\u00e9 NLGI 2#). \u00c9 adequado para uma variedade de aplica\u00e7\u00f5es industriais, incluindo minera\u00e7\u00e3o e processamento de minerais, maquin\u00e1rio de constru\u00e7\u00e3o.<\/p>","protected":false},"featured_media":3302,"template":"","meta":{"ocean_post_layout":"","ocean_both_sidebars_style":"","ocean_both_sidebars_content_width":0,"ocean_both_sidebars_sidebars_width":0,"ocean_sidebar":"0","ocean_second_sidebar":"0","ocean_disable_margins":"enable","ocean_add_body_class":"","ocean_shortcode_before_top_bar":"","ocean_shortcode_after_top_bar":"","ocean_shortcode_before_header":"","ocean_shortcode_after_header":"","ocean_has_shortcode":"","ocean_shortcode_after_title":"","ocean_shortcode_before_footer_widgets":"","ocean_shortcode_after_footer_widgets":"","ocean_shortcode_before_footer_bottom":"","ocean_shortcode_after_footer_bottom":"","ocean_display_top_bar":"default","ocean_display_header":"default","ocean_header_style":"","ocean_center_header_left_menu":"0","ocean_custom_header_template":"0","ocean_custom_logo":0,"ocean_custom_retina_logo":0,"ocean_custom_logo_max_width":0,"ocean_custom_logo_tablet_max_width":0,"ocean_custom_logo_mobile_max_width":0,"ocean_custom_logo_max_height":0,"ocean_custom_logo_tablet_max_height":0,"ocean_custom_logo_mobile_max_height":0,"ocean_header_custom_menu":"0","ocean_menu_typo_font_family":"0","ocean_menu_typo_font_subset":"","ocean_menu_typo_font_size":0,"ocean_menu_typo_font_size_tablet":0,"ocean_menu_typo_font_size_mobile":0,"ocean_menu_typo_font_size_unit":"px","ocean_menu_typo_font_weight":"","ocean_menu_typo_font_weight_tablet":"","ocean_menu_typo_font_weight_mobile":"","ocean_menu_typo_transform":"","ocean_menu_typo_transform_tablet":"","ocean_menu_typo_transform_mobile":"","ocean_menu_typo_line_height":0,"ocean_menu_typo_line_height_tablet":0,"ocean_menu_typo_line_height_mobile":0,"ocean_menu_typo_line_height_unit":"","ocean_menu_typo_spacing":0,"ocean_menu_typo_spacing_tablet":0,"ocean_menu_typo_spacing_mobile":0,"ocean_menu_typo_spacing_unit":"","ocean_menu_link_color":"","ocean_menu_link_color_hover":"","ocean_menu_link_color_active":"","ocean_menu_link_background":"","ocean_menu_link_hover_background":"","ocean_menu_link_active_background":"","ocean_menu_social_links_bg":"","ocean_menu_social_hover_links_bg":"","ocean_menu_social_links_color":"","ocean_menu_social_hover_links_color":"","ocean_disable_title":"default","ocean_disable_heading":"default","ocean_post_title":"","ocean_post_subheading":"","ocean_post_title_style":"","ocean_post_title_background_color":"","ocean_post_title_background":0,"ocean_post_title_bg_image_position":"","ocean_post_title_bg_image_attachment":"","ocean_post_title_bg_image_repeat":"","ocean_post_title_bg_image_size":"","ocean_post_title_height":0,"ocean_post_title_bg_overlay":0.5,"ocean_post_title_bg_overlay_color":"","ocean_disable_breadcrumbs":"default","ocean_breadcrumbs_color":"","ocean_breadcrumbs_separator_color":"","ocean_breadcrumbs_links_color":"","ocean_breadcrumbs_links_hover_color":"","ocean_display_footer_widgets":"default","ocean_display_footer_bottom":"default","ocean_custom_footer_template":"0","osh_disable_topbar_sticky":"default","osh_disable_header_sticky":"default","osh_sticky_header_style":"default","osh_sticky_header_effect":"","osh_custom_sticky_logo":0,"osh_custom_retina_sticky_logo":0,"osh_custom_sticky_logo_height":0,"osh_background_color":"","osh_links_color":"","osh_links_hover_color":"","osh_links_active_color":"","osh_links_bg_color":"","osh_links_hover_bg_color":"","osh_links_active_bg_color":"","osh_menu_social_links_color":"","osh_menu_social_hover_links_color":""},"product_brand":[],"product_cat":[40,37],"product_tag":[225,97,226],"class_list":{"0":"post-3346","1":"product","2":"type-product","3":"status-publish","4":"has-post-thumbnail","6":"product_cat-pressure-relief-metering-valves","7":"product_cat-single-line-grease-systems","8":"product_tag-bijur-delimon-divider","9":"product_tag-grease-injector","10":"product_tag-mobile-divider-valve","12":"entry","13":"has-media","15":"first","16":"instock","17":"shipping-taxable","18":"product-type-external","19":"col","20":"span_1_of_3","21":"owp-content-center","22":"owp-thumbs-layout-horizontal","23":"owp-btn-very-big","24":"owp-tabs-layout-horizontal"},"_links":{"self":[{"href":"https:\/\/www.jinpinlub.com\/pt\/wp-json\/wp\/v2\/product\/3346","targetHints":{"allow":["GET"]}}],"collection":[{"href":"https:\/\/www.jinpinlub.com\/pt\/wp-json\/wp\/v2\/product"}],"about":[{"href":"https:\/\/www.jinpinlub.com\/pt\/wp-json\/wp\/v2\/types\/product"}],"wp:featuredmedia":[{"embeddable":true,"href":"https:\/\/www.jinpinlub.com\/pt\/wp-json\/wp\/v2\/media\/3302"}],"wp:attachment":[{"href":"https:\/\/www.jinpinlub.com\/pt\/wp-json\/wp\/v2\/media?parent=3346"}],"wp:term":[{"taxonomy":"product_brand","embeddable":true,"href":"https:\/\/www.jinpinlub.com\/pt\/wp-json\/wp\/v2\/product_brand?post=3346"},{"taxonomy":"product_cat","embeddable":true,"href":"https:\/\/www.jinpinlub.com\/pt\/wp-json\/wp\/v2\/product_cat?post=3346"},{"taxonomy":"product_tag","embeddable":true,"href":"https:\/\/www.jinpinlub.com\/pt\/wp-json\/wp\/v2\/product_tag?post=3346"}],"curies":[{"name":"wp","href":"https:\/\/api.w.org\/{rel}","templated":true}]}}