{"id":3347,"date":"2024-08-22T13:13:48","date_gmt":"2024-08-22T05:13:48","guid":{"rendered":"https:\/\/www.jinpinlub.com\/?post_type=product&#038;p=3347"},"modified":"2025-01-24T02:06:42","modified_gmt":"2025-01-23T18:06:42","slug":"injetores-de-graxa-ajustaveis-de-alta-pressao-de-3-vias-serie-jl-1","status":"publish","type":"product","link":"https:\/\/www.jinpinlub.com\/pt\/product\/3-way-high-pressure-adjustable-jl-1-series-grease-injectors\/","title":{"rendered":"Injetores de graxa ajust\u00e1veis de alta press\u00e3o de 3 vias s\u00e9rie JL-1"},"content":{"rendered":"<h2>Caracter\u00edsticas<\/h2>\n<p>Alta precis\u00e3o: O distribuidor JL-1 pode atingir uma precis\u00e3o que excede o n\u00edvel geral da ind\u00fastria.<br \/>\nAlta confiabilidade: mesmo em ambientes extremos, com temperaturas de at\u00e9 40 graus negativos, o distribuidor de graxa pode produzir um resultado est\u00e1vel.<br \/>\nLonga vida \u00fatil: a vida \u00fatil do distribuidor JL-1 \u00e9 o dobro da de produtos similares, reduzindo a frequ\u00eancia e os custos de manuten\u00e7\u00e3o.<br \/>\nGrande rendimento: o deslocamento m\u00e1ximo \u00e9 duplicado, reduzindo a necessidade de empilhar v\u00e1rios lubrificadores no sistema e otimizando o design do equipamento.<br \/>\nAmpla compatibilidade: O lubrificador \u00e9 f\u00e1cil de instalar e \u00e9 compat\u00edvel com muitos sistemas de al\u00edvio de press\u00e3o de linha \u00fanica no mercado, proporcionando grande flexibilidade.<\/p>\n<h2>Especifica\u00e7\u00e3o<\/h2>\n<table>\n<tbody>\n<tr>\n<td>Princ\u00edpio de funcionamento<\/td>\n<td>V\u00e1lvula de al\u00edvio de press\u00e3o<\/td>\n<\/tr>\n<tr>\n<td>N\u00fameros de pontos de venda<\/td>\n<td>1, 2, 3, 4, 5, 6<\/td>\n<\/tr>\n<tr>\n<td>Quantidade de medi\u00e7\u00e3o<\/td>\n<td>0,016-1,31 mL\/ciclo<\/td>\n<\/tr>\n<tr>\n<td>Lubrificante<\/td>\n<td>Graxa NLGI 0, 1, 2<\/td>\n<\/tr>\n<tr>\n<td>Temperatura de opera\u00e7\u00e3o<\/td>\n<td>(-26 a +176 \u00b0C)<\/td>\n<\/tr>\n<tr>\n<td>Press\u00e3o de opera\u00e7\u00e3o<\/td>\n<td>127-240 barras<\/td>\n<\/tr>\n<tr>\n<td>Material<\/td>\n<td>A\u00e7o carbono, a\u00e7o inoxid\u00e1vel<\/td>\n<\/tr>\n<tr>\n<td>Linha principal de conex\u00e3o<\/td>\n<td>M22*1,5<\/td>\n<\/tr>\n<tr>\n<td>Tomada de conex\u00e3o<\/td>\n<td>Rc 1\/8<\/td>\n<\/tr>\n<tr>\n<td>Posi\u00e7\u00e3o de montagem<\/td>\n<td>Qualquer<\/td>\n<\/tr>\n<\/tbody>\n<\/table>\n<h2>Aplicativo<\/h2>\n<p>Sistema de lubrifica\u00e7\u00e3o de m\u00e1quinas de f\u00e1brica: Aplic\u00e1vel a diversas m\u00e1quinas na f\u00e1brica.<br \/>\nLubrifica\u00e7\u00e3o de ve\u00edculos n\u00e3o circulantes: Aplic\u00e1vel \u00e0s necessidades de lubrifica\u00e7\u00e3o de ve\u00edculos n\u00e3o circulantes, como empilhadeiras, guindastes, etc.<br \/>\nLubrifica\u00e7\u00e3o de m\u00e1quinas de constru\u00e7\u00e3o e minera\u00e7\u00e3o de grande porte: desenvolvido especificamente para profissionais de m\u00e1quinas de constru\u00e7\u00e3o e minera\u00e7\u00e3o de grande porte, ele fornece instala\u00e7\u00e3o e substitui\u00e7\u00e3o simples e r\u00e1pidas de solu\u00e7\u00f5es de bombas de lubrifica\u00e7\u00e3o.<\/p>\n<h2>Manuais<\/h2>\n<div class=\"sdm_download_button_box_default\"><div class=\"sdm_download_link\"><a href=\"https:\/\/www.jinpinlub.com\/pt\/?sdm_process_download=1&download_id=2472\" class=\"sdm_download white\" title=\"Privado: JL-1 Grease Injector\" target=\"&quot;_blank&quot;\">Ver Ficha T\u00e9cnica - Injetor de Graxa JL-1<\/a><\/div><\/div>","protected":false},"excerpt":{"rendered":"<p>O design robusto e de corpo \u00fanico do distribuidor JL-1 permite uma opera\u00e7\u00e3o est\u00e1vel em um ambiente vibrat\u00f3rio. Seu design de crimpagem totalmente fechado e sem ventila\u00e7\u00e3o evita vazamento de lubrificante. O distribuidor JL-1 \u00e9 equipado com uma porca hexagonal ajust\u00e1vel para ajustar a sa\u00edda.<\/p>","protected":false},"featured_media":3310,"template":"","meta":{"ocean_post_layout":"","ocean_both_sidebars_style":"","ocean_both_sidebars_content_width":0,"ocean_both_sidebars_sidebars_width":0,"ocean_sidebar":"0","ocean_second_sidebar":"0","ocean_disable_margins":"enable","ocean_add_body_class":"","ocean_shortcode_before_top_bar":"","ocean_shortcode_after_top_bar":"","ocean_shortcode_before_header":"","ocean_shortcode_after_header":"","ocean_has_shortcode":"","ocean_shortcode_after_title":"","ocean_shortcode_before_footer_widgets":"","ocean_shortcode_after_footer_widgets":"","ocean_shortcode_before_footer_bottom":"","ocean_shortcode_after_footer_bottom":"","ocean_display_top_bar":"default","ocean_display_header":"default","ocean_header_style":"","ocean_center_header_left_menu":"0","ocean_custom_header_template":"0","ocean_custom_logo":0,"ocean_custom_retina_logo":0,"ocean_custom_logo_max_width":0,"ocean_custom_logo_tablet_max_width":0,"ocean_custom_logo_mobile_max_width":0,"ocean_custom_logo_max_height":0,"ocean_custom_logo_tablet_max_height":0,"ocean_custom_logo_mobile_max_height":0,"ocean_header_custom_menu":"0","ocean_menu_typo_font_family":"0","ocean_menu_typo_font_subset":"","ocean_menu_typo_font_size":0,"ocean_menu_typo_font_size_tablet":0,"ocean_menu_typo_font_size_mobile":0,"ocean_menu_typo_font_size_unit":"px","ocean_menu_typo_font_weight":"","ocean_menu_typo_font_weight_tablet":"","ocean_menu_typo_font_weight_mobile":"","ocean_menu_typo_transform":"","ocean_menu_typo_transform_tablet":"","ocean_menu_typo_transform_mobile":"","ocean_menu_typo_line_height":0,"ocean_menu_typo_line_height_tablet":0,"ocean_menu_typo_line_height_mobile":0,"ocean_menu_typo_line_height_unit":"","ocean_menu_typo_spacing":0,"ocean_menu_typo_spacing_tablet":0,"ocean_menu_typo_spacing_mobile":0,"ocean_menu_typo_spacing_unit":"","ocean_menu_link_color":"","ocean_menu_link_color_hover":"","ocean_menu_link_color_active":"","ocean_menu_link_background":"","ocean_menu_link_hover_background":"","ocean_menu_link_active_background":"","ocean_menu_social_links_bg":"","ocean_menu_social_hover_links_bg":"","ocean_menu_social_links_color":"","ocean_menu_social_hover_links_color":"","ocean_disable_title":"default","ocean_disable_heading":"default","ocean_post_title":"","ocean_post_subheading":"","ocean_post_title_style":"","ocean_post_title_background_color":"","ocean_post_title_background":0,"ocean_post_title_bg_image_position":"","ocean_post_title_bg_image_attachment":"","ocean_post_title_bg_image_repeat":"","ocean_post_title_bg_image_size":"","ocean_post_title_height":0,"ocean_post_title_bg_overlay":0.5,"ocean_post_title_bg_overlay_color":"","ocean_disable_breadcrumbs":"default","ocean_breadcrumbs_color":"","ocean_breadcrumbs_separator_color":"","ocean_breadcrumbs_links_color":"","ocean_breadcrumbs_links_hover_color":"","ocean_display_footer_widgets":"default","ocean_display_footer_bottom":"default","ocean_custom_footer_template":"0","osh_disable_topbar_sticky":"default","osh_disable_header_sticky":"default","osh_sticky_header_style":"default","osh_sticky_header_effect":"","osh_custom_sticky_logo":0,"osh_custom_retina_sticky_logo":0,"osh_custom_sticky_logo_height":0,"osh_background_color":"","osh_links_color":"","osh_links_hover_color":"","osh_links_active_color":"","osh_links_bg_color":"","osh_links_hover_bg_color":"","osh_links_active_bg_color":"","osh_menu_social_links_color":"","osh_menu_social_hover_links_color":""},"product_brand":[],"product_cat":[40,37],"product_tag":[87,227,166],"class_list":{"0":"post-3347","1":"product","2":"type-product","3":"status-publish","4":"has-post-thumbnail","6":"product_cat-pressure-relief-metering-valves","7":"product_cat-single-line-grease-systems","8":"product_tag-grease-distributor","9":"product_tag-high-pressure-distributor","10":"product_tag-lubricant-metering-valve","12":"entry","13":"has-media","15":"first","16":"instock","17":"shipping-taxable","18":"product-type-external","19":"col","20":"span_1_of_3","21":"owp-content-center","22":"owp-thumbs-layout-horizontal","23":"owp-btn-very-big","24":"owp-tabs-layout-horizontal"},"_links":{"self":[{"href":"https:\/\/www.jinpinlub.com\/pt\/wp-json\/wp\/v2\/product\/3347","targetHints":{"allow":["GET"]}}],"collection":[{"href":"https:\/\/www.jinpinlub.com\/pt\/wp-json\/wp\/v2\/product"}],"about":[{"href":"https:\/\/www.jinpinlub.com\/pt\/wp-json\/wp\/v2\/types\/product"}],"wp:featuredmedia":[{"embeddable":true,"href":"https:\/\/www.jinpinlub.com\/pt\/wp-json\/wp\/v2\/media\/3310"}],"wp:attachment":[{"href":"https:\/\/www.jinpinlub.com\/pt\/wp-json\/wp\/v2\/media?parent=3347"}],"wp:term":[{"taxonomy":"product_brand","embeddable":true,"href":"https:\/\/www.jinpinlub.com\/pt\/wp-json\/wp\/v2\/product_brand?post=3347"},{"taxonomy":"product_cat","embeddable":true,"href":"https:\/\/www.jinpinlub.com\/pt\/wp-json\/wp\/v2\/product_cat?post=3347"},{"taxonomy":"product_tag","embeddable":true,"href":"https:\/\/www.jinpinlub.com\/pt\/wp-json\/wp\/v2\/product_tag?post=3347"}],"curies":[{"name":"wp","href":"https:\/\/api.w.org\/{rel}","templated":true}]}}