{"id":3399,"date":"2024-08-27T03:21:06","date_gmt":"2024-08-26T19:21:06","guid":{"rendered":"https:\/\/www.jinpinlub.com\/?post_type=product&#038;p=3399"},"modified":"2024-10-16T11:29:29","modified_gmt":"2024-10-16T03:29:29","slug":"valvula-de-distribuicao-de-pistao-dpb-para-sistema-de-lubrificacao","status":"publish","type":"product","link":"https:\/\/www.jinpinlub.com\/pt\/product\/dpb-piston-distributor-manifold-valve-for-lubrication-system\/","title":{"rendered":"V\u00e1lvula de distribui\u00e7\u00e3o de pist\u00e3o DPB para sistema de lubrifica\u00e7\u00e3o"},"content":{"rendered":"<h2>Recurso<\/h2>\n<p><span id=\"input-sentence~0\">Precis\u00e3o e exatid\u00e3o: os injetores DPB JINPINLUB s\u00e3o projetados para fornecer alta precis\u00e3o no fornecimento de lubrificantes, garantindo quantidades consistentes de lubrifica\u00e7\u00e3o todas as vezes.<br \/>\nVersatilidade: Os injetores da bomba de lubrifica\u00e7\u00e3o podem lidar com uma ampla gama de fluidos, desde \u00f3leos finos at\u00e9 graxas fluidas.<\/span><span id=\"input-sentence~1\"><br \/>\nDurabilidade: Os injetores de lubrifica\u00e7\u00e3o s\u00e3o feitos de materiais de alta qualidade e s\u00e3o capazes de suportar condi\u00e7\u00f5es operacionais severas. Essa durabilidade garante sua longa vida \u00fatil, reduzindo a necessidade de substitui\u00e7\u00e3o e manuten\u00e7\u00e3o frequentes.<br \/>\nF\u00e1cil integra\u00e7\u00e3o: os injetores de lubrificante s\u00e3o projetados para serem facilmente integrados \u00e0s linhas de produ\u00e7\u00e3o existentes.<\/span><span id=\"input-sentence~2\"> Seu tamanho compacto e compatibilidade com uma variedade de sistemas de controle os tornam uma escolha conveniente para fabricantes que est\u00e3o atualizando seus processos de distribui\u00e7\u00e3o.<\/span><\/p>\n<h2>Especifica\u00e7\u00e3o<\/h2>\n<table>\n<tbody>\n<tr>\n<td>Princ\u00edpio de funcionamento<\/td>\n<td>Distribuidor Pressurizado<\/td>\n<\/tr>\n<tr>\n<td>Pontos de venda<\/td>\n<td>2, 3, 4, 5, 6, 8 ,10<\/td>\n<\/tr>\n<tr>\n<td>Medi\u00e7\u00e3o de quantidade de \u00f3leo<\/td>\n<td>0,03, 0,06, 0,10, 0,16 mL\/ciclo<\/td>\n<\/tr>\n<tr>\n<td>Lubrificante<\/td>\n<td>32~90 cSt@40\u00b0C (\u00d3leo), \u2264NLGI 0 (Graxa)<\/td>\n<\/tr>\n<tr>\n<td>Temperatura de opera\u00e7\u00e3o<\/td>\n<td>0 a +80 \u00b0C<\/td>\n<\/tr>\n<tr>\n<td>Press\u00e3o de opera\u00e7\u00e3o<\/td>\n<td>8~30bar (\u00f3leo), 20~50bar (graxa)<\/td>\n<\/tr>\n<tr>\n<td>Material<\/td>\n<td>Zinco fundido, lat\u00e3o<\/td>\n<\/tr>\n<tr>\n<td>Tomada de conex\u00e3o<\/td>\n<td>Entrada \u03a66(M10x1), Sa\u00edda \u03a64(M8x1)<\/td>\n<\/tr>\n<tr>\n<td>Conex\u00f5es de sa\u00edda<\/td>\n<td>Tipo de manga, tipo r\u00e1pido<\/td>\n<\/tr>\n<tr>\n<td>Posi\u00e7\u00e3o de montagem<\/td>\n<td>Qualquer<\/td>\n<\/tr>\n<\/tbody>\n<\/table>\n<h2>Aplicativo<\/h2>\n<p><span id=\"input-sentence~2\">\u00c9 usado principalmente para sistemas de lubrifica\u00e7\u00e3o de deslocamento positivo, e distribuidores de \u00f3leo de deslocamento positivo s\u00e3o amplamente aplicados para lubrifica\u00e7\u00e3o centralizada de impress\u00e3o, pl\u00e1sticos, embalagens, m\u00e1quinas-ferramentas e outros equipamentos.<\/span><span id=\"input-sentence~3\"> Eles alcan\u00e7am o fornecimento quantitativo de \u00f3leo com uma estrutura de pist\u00e3o de mola para garantir que cada ponto de lubrifica\u00e7\u00e3o obtenha uma quantidade precisa de \u00f3leo lubrificante.<br \/>\nDurante a opera\u00e7\u00e3o da bomba de \u00f3leo, o distribuidor ejeta lubrificante atrav\u00e9s da a\u00e7\u00e3o da mola; ele ent\u00e3o para e libera a press\u00e3o, armazenando lubrificante dentro do distribuidor. Tal design torna o processo de lubrifica\u00e7\u00e3o mais eficaz e confi\u00e1vel.<\/span><\/p>\n<h2>Manuais<\/h2>\n<div class=\"sdm_download_button_box_default\"><div class=\"sdm_download_link\"><a href=\"https:\/\/www.jinpinlub.com\/pt\/?sdm_process_download=1&download_id=2458\" class=\"sdm_download white\" title=\"Privado: DPB Lubrication Distributor\" target=\"&quot;_blank&quot;\">Ver Ficha T\u00e9cnica - Distribuidor DPB<\/a><\/div><\/div>","protected":false},"excerpt":{"rendered":"<p>O injetor de deslocamento positivo PDB \u00e9 um dispositivo usado para distribui\u00e7\u00e3o precisa de lubrificantes, favorecido por sua capacidade de lidar com uma ampla gama de viscosidades de lubrificantes e alta repetibilidade, tornando-o adequado para aplica\u00e7\u00f5es que exigem quantidades precisas de lubrifica\u00e7\u00e3o.<\/p>","protected":false},"featured_media":3361,"template":"","meta":{"ocean_post_layout":"","ocean_both_sidebars_style":"","ocean_both_sidebars_content_width":0,"ocean_both_sidebars_sidebars_width":0,"ocean_sidebar":"0","ocean_second_sidebar":"0","ocean_disable_margins":"enable","ocean_add_body_class":"","ocean_shortcode_before_top_bar":"","ocean_shortcode_after_top_bar":"","ocean_shortcode_before_header":"","ocean_shortcode_after_header":"","ocean_has_shortcode":"","ocean_shortcode_after_title":"","ocean_shortcode_before_footer_widgets":"","ocean_shortcode_after_footer_widgets":"","ocean_shortcode_before_footer_bottom":"","ocean_shortcode_after_footer_bottom":"","ocean_display_top_bar":"default","ocean_display_header":"default","ocean_header_style":"","ocean_center_header_left_menu":"0","ocean_custom_header_template":"0","ocean_custom_logo":0,"ocean_custom_retina_logo":0,"ocean_custom_logo_max_width":0,"ocean_custom_logo_tablet_max_width":0,"ocean_custom_logo_mobile_max_width":0,"ocean_custom_logo_max_height":0,"ocean_custom_logo_tablet_max_height":0,"ocean_custom_logo_mobile_max_height":0,"ocean_header_custom_menu":"0","ocean_menu_typo_font_family":"0","ocean_menu_typo_font_subset":"","ocean_menu_typo_font_size":0,"ocean_menu_typo_font_size_tablet":0,"ocean_menu_typo_font_size_mobile":0,"ocean_menu_typo_font_size_unit":"px","ocean_menu_typo_font_weight":"","ocean_menu_typo_font_weight_tablet":"","ocean_menu_typo_font_weight_mobile":"","ocean_menu_typo_transform":"","ocean_menu_typo_transform_tablet":"","ocean_menu_typo_transform_mobile":"","ocean_menu_typo_line_height":0,"ocean_menu_typo_line_height_tablet":0,"ocean_menu_typo_line_height_mobile":0,"ocean_menu_typo_line_height_unit":"","ocean_menu_typo_spacing":0,"ocean_menu_typo_spacing_tablet":0,"ocean_menu_typo_spacing_mobile":0,"ocean_menu_typo_spacing_unit":"","ocean_menu_link_color":"","ocean_menu_link_color_hover":"","ocean_menu_link_color_active":"","ocean_menu_link_background":"","ocean_menu_link_hover_background":"","ocean_menu_link_active_background":"","ocean_menu_social_links_bg":"","ocean_menu_social_hover_links_bg":"","ocean_menu_social_links_color":"","ocean_menu_social_hover_links_color":"","ocean_disable_title":"default","ocean_disable_heading":"default","ocean_post_title":"","ocean_post_subheading":"","ocean_post_title_style":"","ocean_post_title_background_color":"","ocean_post_title_background":0,"ocean_post_title_bg_image_position":"","ocean_post_title_bg_image_attachment":"","ocean_post_title_bg_image_repeat":"","ocean_post_title_bg_image_size":"","ocean_post_title_height":0,"ocean_post_title_bg_overlay":0.5,"ocean_post_title_bg_overlay_color":"","ocean_disable_breadcrumbs":"default","ocean_breadcrumbs_color":"","ocean_breadcrumbs_separator_color":"","ocean_breadcrumbs_links_color":"","ocean_breadcrumbs_links_hover_color":"","ocean_display_footer_widgets":"default","ocean_display_footer_bottom":"default","ocean_custom_footer_template":"0","osh_disable_topbar_sticky":"default","osh_disable_header_sticky":"default","osh_sticky_header_style":"default","osh_sticky_header_effect":"","osh_custom_sticky_logo":0,"osh_custom_retina_sticky_logo":0,"osh_custom_sticky_logo_height":0,"osh_background_color":"","osh_links_color":"","osh_links_hover_color":"","osh_links_active_color":"","osh_links_bg_color":"","osh_links_hover_bg_color":"","osh_links_active_bg_color":"","osh_menu_social_links_color":"","osh_menu_social_hover_links_color":""},"product_brand":[],"product_cat":[49,47],"product_tag":[236,235,80],"class_list":{"0":"post-3399","1":"product","2":"type-product","3":"status-publish","4":"has-post-thumbnail","6":"product_cat-volumetric-oil-injectors","7":"product_cat-volumetric-thin-oil-systems","8":"product_tag-lubrication-pump-distributor","9":"product_tag-oil-lubrication-divider","10":"product_tag-volumetric-oil-distributor","12":"entry","13":"has-media","15":"first","16":"instock","17":"shipping-taxable","18":"product-type-external","19":"col","20":"span_1_of_3","21":"owp-content-center","22":"owp-thumbs-layout-horizontal","23":"owp-btn-very-big","24":"owp-tabs-layout-horizontal"},"_links":{"self":[{"href":"https:\/\/www.jinpinlub.com\/pt\/wp-json\/wp\/v2\/product\/3399","targetHints":{"allow":["GET"]}}],"collection":[{"href":"https:\/\/www.jinpinlub.com\/pt\/wp-json\/wp\/v2\/product"}],"about":[{"href":"https:\/\/www.jinpinlub.com\/pt\/wp-json\/wp\/v2\/types\/product"}],"wp:featuredmedia":[{"embeddable":true,"href":"https:\/\/www.jinpinlub.com\/pt\/wp-json\/wp\/v2\/media\/3361"}],"wp:attachment":[{"href":"https:\/\/www.jinpinlub.com\/pt\/wp-json\/wp\/v2\/media?parent=3399"}],"wp:term":[{"taxonomy":"product_brand","embeddable":true,"href":"https:\/\/www.jinpinlub.com\/pt\/wp-json\/wp\/v2\/product_brand?post=3399"},{"taxonomy":"product_cat","embeddable":true,"href":"https:\/\/www.jinpinlub.com\/pt\/wp-json\/wp\/v2\/product_cat?post=3399"},{"taxonomy":"product_tag","embeddable":true,"href":"https:\/\/www.jinpinlub.com\/pt\/wp-json\/wp\/v2\/product_tag?post=3399"}],"curies":[{"name":"wp","href":"https:\/\/api.w.org\/{rel}","templated":true}]}}