{"id":3400,"date":"2024-08-27T03:31:55","date_gmt":"2024-08-26T19:31:55","guid":{"rendered":"https:\/\/www.jinpinlub.com\/?post_type=product&#038;p=3400"},"modified":"2024-08-27T03:36:21","modified_gmt":"2024-08-26T19:36:21","slug":"2-10-distribuidor-de-graxa-de-oleo-lubrificante-pressurizado-de-saida","status":"publish","type":"product","link":"https:\/\/www.jinpinlub.com\/pt\/product\/2-10-outlet-pressurized-lubricating-oil-grease-distributor\/","title":{"rendered":"Distribuidor de graxa de \u00f3leo lubrificante pressurizado de sa\u00edda 2-10"},"content":{"rendered":"<h2>Recurso<\/h2>\n<p><span id=\"input-sentence~0\">Press\u00e3o operacional: A faixa de press\u00e3o operacional do distribuidor JINPINLUB DPB \u00e9 de 8 a 5 bar, e ele pode trabalhar de forma est\u00e1vel em ambientes de alta press\u00e3o.<br \/>\nPrecis\u00e3o de dosagem: O distribuidor fornece quantidade precisa de lubrifica\u00e7\u00e3o, e a faixa de dosagem de lubrificante \u00e9 de 0,03 a 0,16 cc.<\/span><span id=\"input-sentence~1\"><br \/>\nV\u00e1rios modelos: O distribuidor de lubrifica\u00e7\u00e3o tem de 2 a 10 sa\u00eddas opcionais para atender \u00e0s necessidades de diferentes pontos de lubrifica\u00e7\u00e3o.<br \/>\nF\u00e1cil instala\u00e7\u00e3o: Os conectores r\u00e1pidos do distribuidor DPB s\u00e3o opcionais, o que simplifica o processo de instala\u00e7\u00e3o e manuten\u00e7\u00e3o.<\/span><\/p>\n<h2>Especifica\u00e7\u00e3o<\/h2>\n<table>\n<tbody>\n<tr>\n<td>Princ\u00edpio de funcionamento<\/td>\n<td>Distribuidor Pressurizado<\/td>\n<\/tr>\n<tr>\n<td>Pontos de venda<\/td>\n<td>2, 3, 4, 5, 6, 8 ,10<\/td>\n<\/tr>\n<tr>\n<td>Medi\u00e7\u00e3o de quantidade de \u00f3leo<\/td>\n<td>0,03, 0,06, 0,10, 0,16 mL\/ciclo<\/td>\n<\/tr>\n<tr>\n<td>Lubrificante<\/td>\n<td>32~90 cSt@40\u00b0C (\u00d3leo), \u2264NLGI 0 (Graxa)<\/td>\n<\/tr>\n<tr>\n<td>Temperatura de opera\u00e7\u00e3o<\/td>\n<td>0 a +80 \u00b0C<\/td>\n<\/tr>\n<tr>\n<td>Press\u00e3o de opera\u00e7\u00e3o<\/td>\n<td>8~30bar (\u00f3leo), 20~50bar (graxa)<\/td>\n<\/tr>\n<tr>\n<td>Material<\/td>\n<td>Zinco fundido, lat\u00e3o<\/td>\n<\/tr>\n<tr>\n<td>Tomada de conex\u00e3o<\/td>\n<td>Entrada \u03a66(M10x1), Sa\u00edda \u03a64(M8x1)<\/td>\n<\/tr>\n<tr>\n<td>Conex\u00f5es de sa\u00edda<\/td>\n<td>Tipo de manga, tipo r\u00e1pido<\/td>\n<\/tr>\n<tr>\n<td>Posi\u00e7\u00e3o de montagem<\/td>\n<td>Qualquer<\/td>\n<\/tr>\n<\/tbody>\n<\/table>\n<h2>Aplicativo<\/h2>\n<p>Este distribuidor de sistema de lubrifica\u00e7\u00e3o \u00e9 usado em v\u00e1rios setores:<br \/>\nInd\u00fastria automotiva: Os distribuidores de graxa garantem a lubrifica\u00e7\u00e3o de motores e outros componentes importantes, reduzindo o desgaste e as falhas.<br \/>\nSetor de energia: Injetores de lubrificante s\u00e3o usados em equipamentos de gera\u00e7\u00e3o de energia e sistemas de transmiss\u00e3o e distribui\u00e7\u00e3o de energia para garantir a opera\u00e7\u00e3o eficiente do equipamento.<br \/>\nInd\u00fastria de alimentos e bebidas: Injetores de \u00f3leo s\u00e3o usados em linhas de produ\u00e7\u00e3o e equipamentos de embalagem para garantir higiene e efici\u00eancia.<br \/>\nEquipamentos industriais: como m\u00e1quinas-ferramentas, m\u00e1quinas de impress\u00e3o, equipamentos de embalagem e m\u00e1quinas t\u00eaxteis.<\/p>\n<h2>Manuais<\/h2>\n<div class=\"sdm_download_button_box_default\"><div class=\"sdm_download_link\"><a href=\"https:\/\/www.jinpinlub.com\/pt\/?sdm_process_download=1&download_id=2458\" class=\"sdm_download white\" title=\"Privado: DPB Lubrication Distributor\" target=\"&quot;_blank&quot;\">Ver Ficha T\u00e9cnica - Distribuidor DPB<\/a><\/div><\/div>","protected":false},"excerpt":{"rendered":"<p>O distribuidor JINPINLUB DPB \u00e9 um dispositivo de medi\u00e7\u00e3o de linha \u00fanica para \u00f3leo (32~90 cSt@40\u00b0C) e graxa (\u2264 NLGI 0#), usado principalmente em sistemas de lubrifica\u00e7\u00e3o central. \u00c9 feito de material de fundi\u00e7\u00e3o de metal e as veda\u00e7\u00f5es s\u00e3o de borracha nitr\u00edlica, o que proporciona durabilidade e confiabilidade.<\/p>","protected":false},"featured_media":3365,"template":"","meta":{"ocean_post_layout":"","ocean_both_sidebars_style":"","ocean_both_sidebars_content_width":0,"ocean_both_sidebars_sidebars_width":0,"ocean_sidebar":"0","ocean_second_sidebar":"0","ocean_disable_margins":"enable","ocean_add_body_class":"","ocean_shortcode_before_top_bar":"","ocean_shortcode_after_top_bar":"","ocean_shortcode_before_header":"","ocean_shortcode_after_header":"","ocean_has_shortcode":"","ocean_shortcode_after_title":"","ocean_shortcode_before_footer_widgets":"","ocean_shortcode_after_footer_widgets":"","ocean_shortcode_before_footer_bottom":"","ocean_shortcode_after_footer_bottom":"","ocean_display_top_bar":"default","ocean_display_header":"default","ocean_header_style":"","ocean_center_header_left_menu":"0","ocean_custom_header_template":"0","ocean_custom_logo":0,"ocean_custom_retina_logo":0,"ocean_custom_logo_max_width":0,"ocean_custom_logo_tablet_max_width":0,"ocean_custom_logo_mobile_max_width":0,"ocean_custom_logo_max_height":0,"ocean_custom_logo_tablet_max_height":0,"ocean_custom_logo_mobile_max_height":0,"ocean_header_custom_menu":"0","ocean_menu_typo_font_family":"0","ocean_menu_typo_font_subset":"","ocean_menu_typo_font_size":0,"ocean_menu_typo_font_size_tablet":0,"ocean_menu_typo_font_size_mobile":0,"ocean_menu_typo_font_size_unit":"px","ocean_menu_typo_font_weight":"","ocean_menu_typo_font_weight_tablet":"","ocean_menu_typo_font_weight_mobile":"","ocean_menu_typo_transform":"","ocean_menu_typo_transform_tablet":"","ocean_menu_typo_transform_mobile":"","ocean_menu_typo_line_height":0,"ocean_menu_typo_line_height_tablet":0,"ocean_menu_typo_line_height_mobile":0,"ocean_menu_typo_line_height_unit":"","ocean_menu_typo_spacing":0,"ocean_menu_typo_spacing_tablet":0,"ocean_menu_typo_spacing_mobile":0,"ocean_menu_typo_spacing_unit":"","ocean_menu_link_color":"","ocean_menu_link_color_hover":"","ocean_menu_link_color_active":"","ocean_menu_link_background":"","ocean_menu_link_hover_background":"","ocean_menu_link_active_background":"","ocean_menu_social_links_bg":"","ocean_menu_social_hover_links_bg":"","ocean_menu_social_links_color":"","ocean_menu_social_hover_links_color":"","ocean_disable_title":"default","ocean_disable_heading":"default","ocean_post_title":"","ocean_post_subheading":"","ocean_post_title_style":"","ocean_post_title_background_color":"","ocean_post_title_background":0,"ocean_post_title_bg_image_position":"","ocean_post_title_bg_image_attachment":"","ocean_post_title_bg_image_repeat":"","ocean_post_title_bg_image_size":"","ocean_post_title_height":0,"ocean_post_title_bg_overlay":0.5,"ocean_post_title_bg_overlay_color":"","ocean_disable_breadcrumbs":"default","ocean_breadcrumbs_color":"","ocean_breadcrumbs_separator_color":"","ocean_breadcrumbs_links_color":"","ocean_breadcrumbs_links_hover_color":"","ocean_display_footer_widgets":"default","ocean_display_footer_bottom":"default","ocean_custom_footer_template":"0","osh_disable_topbar_sticky":"default","osh_disable_header_sticky":"default","osh_sticky_header_style":"default","osh_sticky_header_effect":"","osh_custom_sticky_logo":0,"osh_custom_retina_sticky_logo":0,"osh_custom_sticky_logo_height":0,"osh_background_color":"","osh_links_color":"","osh_links_hover_color":"","osh_links_active_color":"","osh_links_bg_color":"","osh_links_hover_bg_color":"","osh_links_active_bg_color":"","osh_menu_social_links_color":"","osh_menu_social_hover_links_color":""},"product_brand":[],"product_cat":[49,47],"product_tag":[238,237,239],"class_list":{"0":"post-3400","1":"product","2":"type-product","3":"status-publish","4":"has-post-thumbnail","6":"product_cat-volumetric-oil-injectors","7":"product_cat-volumetric-thin-oil-systems","8":"product_tag-lubricant-metering-device","9":"product_tag-oil-grease-distributor-valve","10":"product_tag-oil-quantitative-valve","12":"entry","13":"has-media","15":"first","16":"instock","17":"shipping-taxable","18":"product-type-external","19":"col","20":"span_1_of_3","21":"owp-content-center","22":"owp-thumbs-layout-horizontal","23":"owp-btn-very-big","24":"owp-tabs-layout-horizontal"},"_links":{"self":[{"href":"https:\/\/www.jinpinlub.com\/pt\/wp-json\/wp\/v2\/product\/3400","targetHints":{"allow":["GET"]}}],"collection":[{"href":"https:\/\/www.jinpinlub.com\/pt\/wp-json\/wp\/v2\/product"}],"about":[{"href":"https:\/\/www.jinpinlub.com\/pt\/wp-json\/wp\/v2\/types\/product"}],"wp:featuredmedia":[{"embeddable":true,"href":"https:\/\/www.jinpinlub.com\/pt\/wp-json\/wp\/v2\/media\/3365"}],"wp:attachment":[{"href":"https:\/\/www.jinpinlub.com\/pt\/wp-json\/wp\/v2\/media?parent=3400"}],"wp:term":[{"taxonomy":"product_brand","embeddable":true,"href":"https:\/\/www.jinpinlub.com\/pt\/wp-json\/wp\/v2\/product_brand?post=3400"},{"taxonomy":"product_cat","embeddable":true,"href":"https:\/\/www.jinpinlub.com\/pt\/wp-json\/wp\/v2\/product_cat?post=3400"},{"taxonomy":"product_tag","embeddable":true,"href":"https:\/\/www.jinpinlub.com\/pt\/wp-json\/wp\/v2\/product_tag?post=3400"}],"curies":[{"name":"wp","href":"https:\/\/api.w.org\/{rel}","templated":true}]}}