{"id":3403,"date":"2024-08-27T03:45:23","date_gmt":"2024-08-26T19:45:23","guid":{"rendered":"https:\/\/www.jinpinlub.com\/?post_type=product&#038;p=3403"},"modified":"2024-08-27T04:01:02","modified_gmt":"2024-08-26T20:01:02","slug":"distribuidores-de-graxa-pressurizada-mgk-para-sistema-de-linha-unica","status":"publish","type":"product","link":"https:\/\/www.jinpinlub.com\/pt\/product\/mgk-pressurized-grease-distributors-for-single-line-system\/","title":{"rendered":"Distribuidores de graxa pressurizada MGK para sistema de linha \u00fanica"},"content":{"rendered":"<h2>Recurso<\/h2>\n<p>Dosagem precisa: os distribuidores JINPINLUB MGK fornecem quantidade precisa de lubrifica\u00e7\u00e3o para cada ciclo de lubrifica\u00e7\u00e3o, garantindo a melhor condi\u00e7\u00e3o do equipamento.<br \/>\nVersatilidade: Os injetores MGK s\u00e3o adequados para uma variedade de lubrificantes com uma faixa de viscosidade de NLGI 000#, 00#, 00#.<br \/>\nAlta confiabilidade: O coletor \u00e9 feito de liga de alum\u00ednio e a v\u00e1lvula dosadora \u00e9 feita de lat\u00e3o, o que garante a confiabilidade e durabilidade geral a longo prazo do distribuidor de graxa.<br \/>\nF\u00e1cil opera\u00e7\u00e3o: A v\u00e1lvula de dosagem do distribuidor MGK \u00e9 remov\u00edvel, e v\u00e1lvulas de dosagem MG com diferentes volumes de sa\u00edda podem ser selecionadas de acordo com diferentes requisitos de lubrifica\u00e7\u00e3o.<br \/>\nAlta adaptabilidade: A ampla faixa de temperatura operacional (0\u00b0C a 80\u00b0C) pode se adaptar a diferentes ambientes de trabalho.<\/p>\n<h2>Especifica\u00e7\u00e3o<\/h2>\n<table>\n<tbody>\n<tr>\n<td>Princ\u00edpio de funcionamento<\/td>\n<td>V\u00e1lvula de al\u00edvio de press\u00e3o<\/td>\n<\/tr>\n<tr>\n<td>N\u00fameros de pontos de venda<\/td>\n<td>1, 2, 3, 4, 5<\/td>\n<\/tr>\n<tr>\n<td>Quantidade de medi\u00e7\u00e3o<\/td>\n<td>0,03, 0,05, 0,13, 0,20, 0,30, 0,50 mL\/ciclo<\/td>\n<\/tr>\n<tr>\n<td>Lubrificante<\/td>\n<td>Graxa NLGI 000#, 00#.<\/td>\n<\/tr>\n<tr>\n<td>Temperatura de opera\u00e7\u00e3o<\/td>\n<td>0 a +80 \u00b0C<\/td>\n<\/tr>\n<tr>\n<td>Press\u00e3o de opera\u00e7\u00e3o<\/td>\n<td>0,5~1,5 MPa<\/td>\n<\/tr>\n<tr>\n<td>Material<\/td>\n<td>Cobre, liga de alum\u00ednio<\/td>\n<\/tr>\n<tr>\n<td>Tomada de conex\u00e3o<\/td>\n<td>Entrada Rc1\/8, Sa\u00edda \u03a64(Rc1\/8)<\/td>\n<\/tr>\n<tr>\n<td>Conex\u00f5es de sa\u00edda<\/td>\n<td>Tipo de manga, tipo r\u00e1pido<\/td>\n<\/tr>\n<tr>\n<td>Posi\u00e7\u00e3o de montagem<\/td>\n<td>Qualquer<\/td>\n<\/tr>\n<\/tbody>\n<\/table>\n<h2>Aplicativo<\/h2>\n<p>Os distribuidores de graxa MGK s\u00e3o amplamente utilizados em v\u00e1rios equipamentos industriais que exigem lubrifica\u00e7\u00e3o precisa. As v\u00e1lvulas de medi\u00e7\u00e3o no distribuidor podem ser livremente montadas e desmontadas, o que \u00e9 conveniente para personaliza\u00e7\u00e3o ou manuten\u00e7\u00e3o e substitui\u00e7\u00e3o.<br \/>\nA v\u00e1lvula de dosagem de graxa \u00e9 usada principalmente em sistemas de lubrifica\u00e7\u00e3o de m\u00e9dio e grande porte, mas tamb\u00e9m pode ser aplicada a equipamentos mec\u00e2nicos com alta precis\u00e3o em lubrifica\u00e7\u00e3o, como m\u00e1quinas-ferramentas, m\u00e1quinas para trabalhar madeira, m\u00e1quinas t\u00eaxteis, m\u00e1quinas de embalagem, m\u00e1quinas de pl\u00e1stico, m\u00e1quinas de vidro e m\u00e1quinas de impress\u00e3o. Essas v\u00e1lvulas de lubrifica\u00e7\u00e3o garantem que o equipamento funcione normalmente com lubrifica\u00e7\u00e3o precisa durante a opera\u00e7\u00e3o do sistema e prolongam sua vida \u00fatil.<\/p>\n<h2>Manuais<\/h2>\n<div class=\"sdm_download_button_box_default\"><div class=\"sdm_download_link\"><a href=\"https:\/\/www.jinpinlub.com\/pt\/?sdm_process_download=1&download_id=2470\" class=\"sdm_download white\" title=\"Privado: MGK Metering Valve\" target=\"&quot;_blank&quot;\">Ver Ficha T\u00e9cnica - V\u00e1lvula de Medi\u00e7\u00e3o MGK<\/a><\/div><\/div>","protected":false},"excerpt":{"rendered":"<p>Quando a bomba est\u00e1 funcionando, a press\u00e3o empurra o pist\u00e3o para se mover e o lubrificante na c\u00e2mara de armazenamento \u00e9 descarregado. Quando a bomba est\u00e1 intermitente, a press\u00e3o na linha principal \u00e9 liberada e o pist\u00e3o retorna sob a a\u00e7\u00e3o da mola do pist\u00e3o, pronto para o pr\u00f3ximo ciclo.<\/p>","protected":false},"featured_media":3404,"template":"","meta":{"ocean_post_layout":"","ocean_both_sidebars_style":"","ocean_both_sidebars_content_width":0,"ocean_both_sidebars_sidebars_width":0,"ocean_sidebar":"0","ocean_second_sidebar":"0","ocean_disable_margins":"enable","ocean_add_body_class":"","ocean_shortcode_before_top_bar":"","ocean_shortcode_after_top_bar":"","ocean_shortcode_before_header":"","ocean_shortcode_after_header":"","ocean_has_shortcode":"","ocean_shortcode_after_title":"","ocean_shortcode_before_footer_widgets":"","ocean_shortcode_after_footer_widgets":"","ocean_shortcode_before_footer_bottom":"","ocean_shortcode_after_footer_bottom":"","ocean_display_top_bar":"default","ocean_display_header":"default","ocean_header_style":"","ocean_center_header_left_menu":"0","ocean_custom_header_template":"0","ocean_custom_logo":0,"ocean_custom_retina_logo":0,"ocean_custom_logo_max_width":0,"ocean_custom_logo_tablet_max_width":0,"ocean_custom_logo_mobile_max_width":0,"ocean_custom_logo_max_height":0,"ocean_custom_logo_tablet_max_height":0,"ocean_custom_logo_mobile_max_height":0,"ocean_header_custom_menu":"0","ocean_menu_typo_font_family":"0","ocean_menu_typo_font_subset":"","ocean_menu_typo_font_size":0,"ocean_menu_typo_font_size_tablet":0,"ocean_menu_typo_font_size_mobile":0,"ocean_menu_typo_font_size_unit":"px","ocean_menu_typo_font_weight":"","ocean_menu_typo_font_weight_tablet":"","ocean_menu_typo_font_weight_mobile":"","ocean_menu_typo_transform":"","ocean_menu_typo_transform_tablet":"","ocean_menu_typo_transform_mobile":"","ocean_menu_typo_line_height":0,"ocean_menu_typo_line_height_tablet":0,"ocean_menu_typo_line_height_mobile":0,"ocean_menu_typo_line_height_unit":"","ocean_menu_typo_spacing":0,"ocean_menu_typo_spacing_tablet":0,"ocean_menu_typo_spacing_mobile":0,"ocean_menu_typo_spacing_unit":"","ocean_menu_link_color":"","ocean_menu_link_color_hover":"","ocean_menu_link_color_active":"","ocean_menu_link_background":"","ocean_menu_link_hover_background":"","ocean_menu_link_active_background":"","ocean_menu_social_links_bg":"","ocean_menu_social_hover_links_bg":"","ocean_menu_social_links_color":"","ocean_menu_social_hover_links_color":"","ocean_disable_title":"default","ocean_disable_heading":"default","ocean_post_title":"","ocean_post_subheading":"","ocean_post_title_style":"","ocean_post_title_background_color":"","ocean_post_title_background":0,"ocean_post_title_bg_image_position":"","ocean_post_title_bg_image_attachment":"","ocean_post_title_bg_image_repeat":"","ocean_post_title_bg_image_size":"","ocean_post_title_height":0,"ocean_post_title_bg_overlay":0.5,"ocean_post_title_bg_overlay_color":"","ocean_disable_breadcrumbs":"default","ocean_breadcrumbs_color":"","ocean_breadcrumbs_separator_color":"","ocean_breadcrumbs_links_color":"","ocean_breadcrumbs_links_hover_color":"","ocean_display_footer_widgets":"default","ocean_display_footer_bottom":"default","ocean_custom_footer_template":"0","osh_disable_topbar_sticky":"default","osh_disable_header_sticky":"default","osh_sticky_header_style":"default","osh_sticky_header_effect":"","osh_custom_sticky_logo":0,"osh_custom_retina_sticky_logo":0,"osh_custom_sticky_logo_height":0,"osh_background_color":"","osh_links_color":"","osh_links_hover_color":"","osh_links_active_color":"","osh_links_bg_color":"","osh_links_hover_bg_color":"","osh_links_active_bg_color":"","osh_menu_social_links_color":"","osh_menu_social_hover_links_color":""},"product_brand":[],"product_cat":[40,37],"product_tag":[87,85,86],"class_list":{"0":"post-3403","1":"product","2":"type-product","3":"status-publish","4":"has-post-thumbnail","6":"product_cat-pressure-relief-metering-valves","7":"product_cat-single-line-grease-systems","8":"product_tag-grease-distributor","9":"product_tag-pressure-relief-metering-valve","10":"product_tag-single-line-distributor","12":"entry","13":"has-media","15":"first","16":"instock","17":"shipping-taxable","18":"product-type-external","19":"col","20":"span_1_of_3","21":"owp-content-center","22":"owp-thumbs-layout-horizontal","23":"owp-btn-very-big","24":"owp-tabs-layout-horizontal"},"_links":{"self":[{"href":"https:\/\/www.jinpinlub.com\/pt\/wp-json\/wp\/v2\/product\/3403","targetHints":{"allow":["GET"]}}],"collection":[{"href":"https:\/\/www.jinpinlub.com\/pt\/wp-json\/wp\/v2\/product"}],"about":[{"href":"https:\/\/www.jinpinlub.com\/pt\/wp-json\/wp\/v2\/types\/product"}],"wp:featuredmedia":[{"embeddable":true,"href":"https:\/\/www.jinpinlub.com\/pt\/wp-json\/wp\/v2\/media\/3404"}],"wp:attachment":[{"href":"https:\/\/www.jinpinlub.com\/pt\/wp-json\/wp\/v2\/media?parent=3403"}],"wp:term":[{"taxonomy":"product_brand","embeddable":true,"href":"https:\/\/www.jinpinlub.com\/pt\/wp-json\/wp\/v2\/product_brand?post=3403"},{"taxonomy":"product_cat","embeddable":true,"href":"https:\/\/www.jinpinlub.com\/pt\/wp-json\/wp\/v2\/product_cat?post=3403"},{"taxonomy":"product_tag","embeddable":true,"href":"https:\/\/www.jinpinlub.com\/pt\/wp-json\/wp\/v2\/product_tag?post=3403"}],"curies":[{"name":"wp","href":"https:\/\/api.w.org\/{rel}","templated":true}]}}