{"id":3408,"date":"2024-08-27T04:01:19","date_gmt":"2024-08-26T20:01:19","guid":{"rendered":"https:\/\/www.jinpinlub.com\/?post_type=product&#038;p=3408"},"modified":"2025-02-13T17:17:39","modified_gmt":"2025-02-13T09:17:39","slug":"distribuidor-muk-para-bomba-de-lubrificacao-com-graxa-de-alivio-de-pressao","status":"publish","type":"product","link":"https:\/\/www.jinpinlub.com\/pt\/product\/muk-distributor-for-pressure-relief-grease-lubrication-pump\/","title":{"rendered":"Distribuidor MUK para bomba de lubrifica\u00e7\u00e3o com graxa de al\u00edvio de press\u00e3o"},"content":{"rendered":"<h2>Recurso<\/h2>\n<p>Lubrifica\u00e7\u00e3o eficiente: os distribuidores JINPINLUB MUK podem distribuir lubrificantes com precis\u00e3o para v\u00e1rios pontos de lubrifica\u00e7\u00e3o para garantir o desempenho de lubrifica\u00e7\u00e3o de equipamentos mec\u00e2nicos.<br \/>\nM\u00faltiplas op\u00e7\u00f5es: A v\u00e1lvula dosadora, um dos componentes do MUK, tem v\u00e1rios volumes de descarga para escolher, como 0,05, 0,1, 0,2, 0,3, 0,5 mL\/ciclo.<br \/>\nConex\u00f5es de inser\u00e7\u00e3o r\u00e1pida: al\u00e9m das conex\u00f5es de sa\u00edda do tipo luva mais comumente usadas, tamb\u00e9m h\u00e1 conectores de inser\u00e7\u00e3o r\u00e1pida dispon\u00edveis, que s\u00e3o mais r\u00e1pidos e convenientes de instalar.<br \/>\nAlto custo-benef\u00edcio: pode ser usado em combina\u00e7\u00e3o com uma bomba de lubrifica\u00e7\u00e3o com al\u00edvio de press\u00e3o ou uma bomba de lubrifica\u00e7\u00e3o manual, que \u00e9 mais econ\u00f4mica.<\/p>\n<h2>Especifica\u00e7\u00e3o<\/h2>\n<table>\n<tbody>\n<tr>\n<td>Princ\u00edpio de funcionamento<\/td>\n<td>V\u00e1lvula de al\u00edvio de press\u00e3o<\/td>\n<\/tr>\n<tr>\n<td>N\u00fameros de pontos de venda<\/td>\n<td>1, 2, 3, 4, 5<\/td>\n<\/tr>\n<tr>\n<td>Quantidade de medi\u00e7\u00e3o<\/td>\n<td>0,03, 0,05, 0,13, 0,20, 0,30, 0,50 mL\/ciclo<\/td>\n<\/tr>\n<tr>\n<td>Lubrificante<\/td>\n<td>Graxa NLGI 000#, 00#.<\/td>\n<\/tr>\n<tr>\n<td>Temperatura de opera\u00e7\u00e3o<\/td>\n<td>0 a +80 \u00b0C<\/td>\n<\/tr>\n<tr>\n<td>Press\u00e3o de opera\u00e7\u00e3o<\/td>\n<td>0,5~1,5 MPa<\/td>\n<\/tr>\n<tr>\n<td>Material<\/td>\n<td>Lat\u00e3o, alum\u00ednio<\/td>\n<\/tr>\n<tr>\n<td>Tomada de conex\u00e3o<\/td>\n<td>Entrada Rc1\/8, Sa\u00edda \u03a64(Rc1\/8)<\/td>\n<\/tr>\n<tr>\n<td>Conex\u00f5es de sa\u00edda<\/td>\n<td>Tipo de manga, tipo r\u00e1pido<\/td>\n<\/tr>\n<tr>\n<td>Posi\u00e7\u00e3o de montagem<\/td>\n<td>Qualquer<\/td>\n<\/tr>\n<\/tbody>\n<\/table>\n<h2>Aplicativo<\/h2>\n<p>O distribuidor MUK pode formar um sistema de lubrifica\u00e7\u00e3o de al\u00edvio de press\u00e3o de linha \u00fanica com uma bomba de lubrifica\u00e7\u00e3o volum\u00e9trica de graxa, seja uma bomba de lubrifica\u00e7\u00e3o el\u00e9trica de graxa, uma bomba de lubrifica\u00e7\u00e3o pneum\u00e1tica de graxa ou uma bomba de lubrifica\u00e7\u00e3o manual de graxa.<br \/>\nO distribuidor de graxa MUK \u00e9 adequado principalmente para m\u00e1quinas CNC, centros de usinagem, linhas de produ\u00e7\u00e3o, t\u00eaxteis, produtos qu\u00edmicos, forjaria, puncionamento e outras ind\u00fastrias mec\u00e2nicas para garantir o desempenho de lubrifica\u00e7\u00e3o de v\u00e1rios produtos mec\u00e2nicos.<\/p>\n<h2>Manuais<\/h2>\n<div class=\"sdm_download_button_box_default\"><div class=\"sdm_download_link\"><a href=\"https:\/\/www.jinpinlub.com\/pt\/?sdm_process_download=1&download_id=3070\" class=\"sdm_download white\" title=\"Privado: MUK Pressure-relief Distributor\" target=\"&quot;_blank&quot;\">Ver Ficha T\u00e9cnica - Distribuidor MUK<\/a><\/div><\/div>","protected":false},"excerpt":{"rendered":"<p>O distribuidor MUK pode formar um sistema de lubrifica\u00e7\u00e3o centralizada volum\u00e9trica pressurizada com graxa com uma bomba de lubrifica\u00e7\u00e3o el\u00e9trica com al\u00edvio de press\u00e3o, ou um sistema de lubrifica\u00e7\u00e3o com uma bomba de lubrifica\u00e7\u00e3o manual com uma v\u00e1lvula de al\u00edvio de press\u00e3o. Esta combina\u00e7\u00e3o \u00e9 mais econ\u00f4mica e razo\u00e1vel.<\/p>","protected":false},"featured_media":3376,"template":"","meta":{"ocean_post_layout":"","ocean_both_sidebars_style":"","ocean_both_sidebars_content_width":0,"ocean_both_sidebars_sidebars_width":0,"ocean_sidebar":"0","ocean_second_sidebar":"0","ocean_disable_margins":"enable","ocean_add_body_class":"","ocean_shortcode_before_top_bar":"","ocean_shortcode_after_top_bar":"","ocean_shortcode_before_header":"","ocean_shortcode_after_header":"","ocean_has_shortcode":"","ocean_shortcode_after_title":"","ocean_shortcode_before_footer_widgets":"","ocean_shortcode_after_footer_widgets":"","ocean_shortcode_before_footer_bottom":"","ocean_shortcode_after_footer_bottom":"","ocean_display_top_bar":"default","ocean_display_header":"default","ocean_header_style":"","ocean_center_header_left_menu":"0","ocean_custom_header_template":"0","ocean_custom_logo":0,"ocean_custom_retina_logo":0,"ocean_custom_logo_max_width":0,"ocean_custom_logo_tablet_max_width":0,"ocean_custom_logo_mobile_max_width":0,"ocean_custom_logo_max_height":0,"ocean_custom_logo_tablet_max_height":0,"ocean_custom_logo_mobile_max_height":0,"ocean_header_custom_menu":"0","ocean_menu_typo_font_family":"0","ocean_menu_typo_font_subset":"","ocean_menu_typo_font_size":0,"ocean_menu_typo_font_size_tablet":0,"ocean_menu_typo_font_size_mobile":0,"ocean_menu_typo_font_size_unit":"px","ocean_menu_typo_font_weight":"","ocean_menu_typo_font_weight_tablet":"","ocean_menu_typo_font_weight_mobile":"","ocean_menu_typo_transform":"","ocean_menu_typo_transform_tablet":"","ocean_menu_typo_transform_mobile":"","ocean_menu_typo_line_height":0,"ocean_menu_typo_line_height_tablet":0,"ocean_menu_typo_line_height_mobile":0,"ocean_menu_typo_line_height_unit":"","ocean_menu_typo_spacing":0,"ocean_menu_typo_spacing_tablet":0,"ocean_menu_typo_spacing_mobile":0,"ocean_menu_typo_spacing_unit":"","ocean_menu_link_color":"","ocean_menu_link_color_hover":"","ocean_menu_link_color_active":"","ocean_menu_link_background":"","ocean_menu_link_hover_background":"","ocean_menu_link_active_background":"","ocean_menu_social_links_bg":"","ocean_menu_social_hover_links_bg":"","ocean_menu_social_links_color":"","ocean_menu_social_hover_links_color":"","ocean_disable_title":"default","ocean_disable_heading":"default","ocean_post_title":"","ocean_post_subheading":"","ocean_post_title_style":"","ocean_post_title_background_color":"","ocean_post_title_background":0,"ocean_post_title_bg_image_position":"","ocean_post_title_bg_image_attachment":"","ocean_post_title_bg_image_repeat":"","ocean_post_title_bg_image_size":"","ocean_post_title_height":0,"ocean_post_title_bg_overlay":0.5,"ocean_post_title_bg_overlay_color":"","ocean_disable_breadcrumbs":"default","ocean_breadcrumbs_color":"","ocean_breadcrumbs_separator_color":"","ocean_breadcrumbs_links_color":"","ocean_breadcrumbs_links_hover_color":"","ocean_display_footer_widgets":"default","ocean_display_footer_bottom":"default","ocean_custom_footer_template":"0","osh_disable_topbar_sticky":"default","osh_disable_header_sticky":"default","osh_sticky_header_style":"default","osh_sticky_header_effect":"","osh_custom_sticky_logo":0,"osh_custom_retina_sticky_logo":0,"osh_custom_sticky_logo_height":0,"osh_background_color":"","osh_links_color":"","osh_links_hover_color":"","osh_links_active_color":"","osh_links_bg_color":"","osh_links_hover_bg_color":"","osh_links_active_bg_color":"","osh_menu_social_links_color":"","osh_menu_social_hover_links_color":""},"product_brand":[],"product_cat":[40,37],"product_tag":[87,83,86],"class_list":{"0":"post-3408","1":"product","2":"type-product","3":"status-publish","4":"has-post-thumbnail","6":"product_cat-pressure-relief-metering-valves","7":"product_cat-single-line-grease-systems","8":"product_tag-grease-distributor","9":"product_tag-pressure-relief-distributor","10":"product_tag-single-line-distributor","12":"entry","13":"has-media","15":"first","16":"instock","17":"shipping-taxable","18":"product-type-external","19":"col","20":"span_1_of_3","21":"owp-content-center","22":"owp-thumbs-layout-horizontal","23":"owp-btn-very-big","24":"owp-tabs-layout-horizontal"},"_links":{"self":[{"href":"https:\/\/www.jinpinlub.com\/pt\/wp-json\/wp\/v2\/product\/3408","targetHints":{"allow":["GET"]}}],"collection":[{"href":"https:\/\/www.jinpinlub.com\/pt\/wp-json\/wp\/v2\/product"}],"about":[{"href":"https:\/\/www.jinpinlub.com\/pt\/wp-json\/wp\/v2\/types\/product"}],"wp:featuredmedia":[{"embeddable":true,"href":"https:\/\/www.jinpinlub.com\/pt\/wp-json\/wp\/v2\/media\/3376"}],"wp:attachment":[{"href":"https:\/\/www.jinpinlub.com\/pt\/wp-json\/wp\/v2\/media?parent=3408"}],"wp:term":[{"taxonomy":"product_brand","embeddable":true,"href":"https:\/\/www.jinpinlub.com\/pt\/wp-json\/wp\/v2\/product_brand?post=3408"},{"taxonomy":"product_cat","embeddable":true,"href":"https:\/\/www.jinpinlub.com\/pt\/wp-json\/wp\/v2\/product_cat?post=3408"},{"taxonomy":"product_tag","embeddable":true,"href":"https:\/\/www.jinpinlub.com\/pt\/wp-json\/wp\/v2\/product_tag?post=3408"}],"curies":[{"name":"wp","href":"https:\/\/api.w.org\/{rel}","templated":true}]}}