{"id":3443,"date":"2024-08-28T05:26:08","date_gmt":"2024-08-27T21:26:08","guid":{"rendered":"https:\/\/www.jinpinlub.com\/?post_type=product&#038;p=3443"},"modified":"2025-06-06T19:33:56","modified_gmt":"2025-06-06T11:33:56","slug":"divisor-de-fluxo-progressivo-jsv14-para-sistema-de-lubrificacao-centralizado","status":"publish","type":"product","link":"https:\/\/www.jinpinlub.com\/pt\/product\/jsv14-progressive-flow-divider-for-centralized-lube-system\/","title":{"rendered":"JSV14 Divisor de fluxo progressivo para sistema de lubrifica\u00e7\u00e3o centralizado"},"content":{"rendered":"<h2>Caracter\u00edsticas<\/h2>\n<p>JSV \u00e9 um distribuidor de pist\u00e3o progressivo em a\u00e7o galvanizado preto.<br \/>\nO n\u00famero de tomadas \u00e9 de 1 a 20, e n\u00e3o \u00e9 permitido conectar plugues \u00e0s tomadas 1 e 2.<br \/>\nA ordem de descarga \u00e9 da sa\u00edda n\u00famero 20 para 1. Depois que uma sa\u00edda \u00e9 descarregada, a pr\u00f3xima come\u00e7a a descarregar.<br \/>\nA quantidade de lubrificante pode ser aumentada unindo as sa\u00eddas interna ou externamente.<br \/>\nO JSV possui fun\u00e7\u00f5es de monitoramento ou controle, e indicador mec\u00e2nico, microinterruptor ou interruptor de proximidade s\u00e3o opcionais.<br \/>\nOs conectores padr\u00e3o s\u00e3o conjuntos de v\u00e1lvulas de reten\u00e7\u00e3o para evitar refluxo de lubrificante.<br \/>\nLubrificantes compat\u00edveis: Graxa NLGI 000#~2#, \u00f3leo 32-220cSt@40\u2103 (conjunto de v\u00e1lvula de reten\u00e7\u00e3o);<br \/>\nTemperatura de opera\u00e7\u00e3o: -20\u2103~+80\u2103.<\/p>\n<h2>Especifica\u00e7\u00e3o<\/h2>\n<table>\n<tbody>\n<tr>\n<td>Princ\u00edpio de funcionamento<\/td>\n<td>Dispositivos de medi\u00e7\u00e3o<\/td>\n<\/tr>\n<tr>\n<td>N\u00fameros de pontos de venda<\/td>\n<td>6-20<\/td>\n<\/tr>\n<tr>\n<td>Quantidade de medi\u00e7\u00e3o<\/td>\n<td>0,2 mL\/ciclo<\/td>\n<\/tr>\n<tr>\n<td>Lubrificante<\/td>\n<td>Lubrifique at\u00e9 NLGI 2, \u00f3leo 32-220cSt@40\u2103<\/td>\n<\/tr>\n<tr>\n<td>Temperatura de opera\u00e7\u00e3o<\/td>\n<td>\u201320 a +80 \u00b0C<\/td>\n<\/tr>\n<tr>\n<td>Press\u00e3o de opera\u00e7\u00e3o<\/td>\n<td>M\u00e1x. 350 bar<\/td>\n<\/tr>\n<tr>\n<td>Material<\/td>\n<td>Galvanizado preto<\/td>\n<\/tr>\n<tr>\n<td>Entrada de conex\u00e3o<\/td>\n<td>\u03a66\/\u03a68 (M10x1)<\/td>\n<\/tr>\n<tr>\n<td>Tomada de conex\u00e3o<\/td>\n<td>\u03a66\/\u03a68 (M10x1)<\/td>\n<\/tr>\n<tr>\n<td>Posi\u00e7\u00e3o de montagem<\/td>\n<td>Qualquer<\/td>\n<\/tr>\n<\/tbody>\n<\/table>\n<h2>Aplicativo<\/h2>\n<p>Lubrifica\u00e7\u00e3o de equipamentos industriais: as v\u00e1lvulas de distribui\u00e7\u00e3o JSV podem ser usadas em v\u00e1rios equipamentos em f\u00e1bricas, como rolamentos, engrenagens, correntes, trilhos deslizantes, etc.<br \/>\nM\u00e1quinas de constru\u00e7\u00e3o e engenharia: As v\u00e1lvulas de distribui\u00e7\u00e3o JSV s\u00e3o adequadas para m\u00e1quinas de constru\u00e7\u00e3o e engenharia, como escavadeiras, carregadeiras, tratores, etc.<br \/>\nEquipamentos metal\u00fargicos e de minera\u00e7\u00e3o: Nas ind\u00fastrias metal\u00fargica e de minera\u00e7\u00e3o, as v\u00e1lvulas de distribui\u00e7\u00e3o JSV podem ser usadas para lubrificar equipamentos pesados, como caminh\u00f5es de minera\u00e7\u00e3o, m\u00e1quinas de minera\u00e7\u00e3o e equipamentos de fundi\u00e7\u00e3o.<\/p>\n<h2>Manuais<\/h2>\n<div class=\"sdm_download_button_box_default\"><div class=\"sdm_download_link\"><a href=\"https:\/\/www.jinpinlub.com\/pt\/?sdm_process_download=1&download_id=2474\" class=\"sdm_download white\" title=\"Privado: JSV Progressive Distributor\" target=\"&quot;_blank&quot;\">Ver Ficha T\u00e9cnica - Distribuidor JSV<\/a><\/div><\/div>","protected":false},"excerpt":{"rendered":"<p>O distribuidor de graxa JSV \u00e9 um distribuidor progressivo integrado que fornece lubrifica\u00e7\u00e3o medida para cada ponto de lubrifica\u00e7\u00e3o no sistema de lubrifica\u00e7\u00e3o centralizado. Ele tem as vantagens de alta press\u00e3o, resist\u00eancia \u00e0 poeira e corros\u00e3o, economia de energia e alta efici\u00eancia.<\/p>","protected":false},"featured_media":3432,"template":"","meta":{"ocean_post_layout":"","ocean_both_sidebars_style":"","ocean_both_sidebars_content_width":0,"ocean_both_sidebars_sidebars_width":0,"ocean_sidebar":"0","ocean_second_sidebar":"0","ocean_disable_margins":"enable","ocean_add_body_class":"","ocean_shortcode_before_top_bar":"","ocean_shortcode_after_top_bar":"","ocean_shortcode_before_header":"","ocean_shortcode_after_header":"","ocean_has_shortcode":"","ocean_shortcode_after_title":"","ocean_shortcode_before_footer_widgets":"","ocean_shortcode_after_footer_widgets":"","ocean_shortcode_before_footer_bottom":"","ocean_shortcode_after_footer_bottom":"","ocean_display_top_bar":"default","ocean_display_header":"default","ocean_header_style":"","ocean_center_header_left_menu":"0","ocean_custom_header_template":"0","ocean_custom_logo":0,"ocean_custom_retina_logo":0,"ocean_custom_logo_max_width":0,"ocean_custom_logo_tablet_max_width":0,"ocean_custom_logo_mobile_max_width":0,"ocean_custom_logo_max_height":0,"ocean_custom_logo_tablet_max_height":0,"ocean_custom_logo_mobile_max_height":0,"ocean_header_custom_menu":"0","ocean_menu_typo_font_family":"0","ocean_menu_typo_font_subset":"","ocean_menu_typo_font_size":0,"ocean_menu_typo_font_size_tablet":0,"ocean_menu_typo_font_size_mobile":0,"ocean_menu_typo_font_size_unit":"px","ocean_menu_typo_font_weight":"","ocean_menu_typo_font_weight_tablet":"","ocean_menu_typo_font_weight_mobile":"","ocean_menu_typo_transform":"","ocean_menu_typo_transform_tablet":"","ocean_menu_typo_transform_mobile":"","ocean_menu_typo_line_height":0,"ocean_menu_typo_line_height_tablet":0,"ocean_menu_typo_line_height_mobile":0,"ocean_menu_typo_line_height_unit":"","ocean_menu_typo_spacing":0,"ocean_menu_typo_spacing_tablet":0,"ocean_menu_typo_spacing_mobile":0,"ocean_menu_typo_spacing_unit":"","ocean_menu_link_color":"","ocean_menu_link_color_hover":"","ocean_menu_link_color_active":"","ocean_menu_link_background":"","ocean_menu_link_hover_background":"","ocean_menu_link_active_background":"","ocean_menu_social_links_bg":"","ocean_menu_social_hover_links_bg":"","ocean_menu_social_links_color":"","ocean_menu_social_hover_links_color":"","ocean_disable_title":"default","ocean_disable_heading":"default","ocean_post_title":"","ocean_post_subheading":"","ocean_post_title_style":"","ocean_post_title_background_color":"","ocean_post_title_background":0,"ocean_post_title_bg_image_position":"","ocean_post_title_bg_image_attachment":"","ocean_post_title_bg_image_repeat":"","ocean_post_title_bg_image_size":"","ocean_post_title_height":0,"ocean_post_title_bg_overlay":0.5,"ocean_post_title_bg_overlay_color":"","ocean_disable_breadcrumbs":"default","ocean_breadcrumbs_color":"","ocean_breadcrumbs_separator_color":"","ocean_breadcrumbs_links_color":"","ocean_breadcrumbs_links_hover_color":"","ocean_display_footer_widgets":"default","ocean_display_footer_bottom":"default","ocean_custom_footer_template":"0","osh_disable_topbar_sticky":"default","osh_disable_header_sticky":"default","osh_sticky_header_style":"default","osh_sticky_header_effect":"","osh_custom_sticky_logo":0,"osh_custom_retina_sticky_logo":0,"osh_custom_sticky_logo_height":0,"osh_background_color":"","osh_links_color":"","osh_links_hover_color":"","osh_links_active_color":"","osh_links_bg_color":"","osh_links_hover_bg_color":"","osh_links_active_bg_color":"","osh_menu_social_links_color":"","osh_menu_social_hover_links_color":""},"product_brand":[],"product_cat":[44,41],"product_tag":[255,256,257],"class_list":{"0":"post-3443","1":"product","2":"type-product","3":"status-publish","4":"has-post-thumbnail","6":"product_cat-progressive-grease-dividers","7":"product_cat-progressive-grease-systems","8":"product_tag-flow-divider-valves","9":"product_tag-lube-divider-block","10":"product_tag-lube-metering-valve","12":"entry","13":"has-media","15":"first","16":"instock","17":"shipping-taxable","18":"product-type-external","19":"col","20":"span_1_of_3","21":"owp-content-center","22":"owp-thumbs-layout-horizontal","23":"owp-btn-very-big","24":"owp-tabs-layout-horizontal"},"_links":{"self":[{"href":"https:\/\/www.jinpinlub.com\/pt\/wp-json\/wp\/v2\/product\/3443","targetHints":{"allow":["GET"]}}],"collection":[{"href":"https:\/\/www.jinpinlub.com\/pt\/wp-json\/wp\/v2\/product"}],"about":[{"href":"https:\/\/www.jinpinlub.com\/pt\/wp-json\/wp\/v2\/types\/product"}],"wp:featuredmedia":[{"embeddable":true,"href":"https:\/\/www.jinpinlub.com\/pt\/wp-json\/wp\/v2\/media\/3432"}],"wp:attachment":[{"href":"https:\/\/www.jinpinlub.com\/pt\/wp-json\/wp\/v2\/media?parent=3443"}],"wp:term":[{"taxonomy":"product_brand","embeddable":true,"href":"https:\/\/www.jinpinlub.com\/pt\/wp-json\/wp\/v2\/product_brand?post=3443"},{"taxonomy":"product_cat","embeddable":true,"href":"https:\/\/www.jinpinlub.com\/pt\/wp-json\/wp\/v2\/product_cat?post=3443"},{"taxonomy":"product_tag","embeddable":true,"href":"https:\/\/www.jinpinlub.com\/pt\/wp-json\/wp\/v2\/product_tag?post=3443"}],"curies":[{"name":"wp","href":"https:\/\/api.w.org\/{rel}","templated":true}]}}