{"id":3488,"date":"2024-08-29T04:29:17","date_gmt":"2024-08-28T20:29:17","guid":{"rendered":"https:\/\/www.jinpinlub.com\/?post_type=product&#038;p=3488"},"modified":"2025-06-06T19:33:28","modified_gmt":"2025-06-06T11:33:28","slug":"bloco-de-medicao-jsv-para-sistema-de-lubrificacao-centralizada-de-graxa","status":"publish","type":"product","link":"https:\/\/www.jinpinlub.com\/pt\/product\/jsv-metering-block-for-grease-centralized-lubrication-system\/","title":{"rendered":"Bloco de dosagem JSV para sistema de lubrifica\u00e7\u00e3o centralizada de graxa"},"content":{"rendered":"<h2>Caracter\u00edsticas<\/h2>\n<p><span id=\"input-sentence~0\">Lubrifica\u00e7\u00e3o precisa: cada ponto de lubrifica\u00e7\u00e3o do dispositivo de medi\u00e7\u00e3o JSV pode obter sa\u00edda precisa de lubrificante para garantir a melhor opera\u00e7\u00e3o do equipamento.<\/span><span id=\"input-sentence~1\"><br \/>\nEfici\u00eancia energ\u00e9tica e efici\u00eancia: o dispositivo de medi\u00e7\u00e3o JSV tem um design compacto para facilitar a instala\u00e7\u00e3o e \u00e9 integrado com uma v\u00e1lvula de reten\u00e7\u00e3o para reduzir o desperd\u00edcio de lubrificante, melhorando assim a efici\u00eancia energ\u00e9tica.<br \/>\nMonitoramento multiponto: o dispositivo de medi\u00e7\u00e3o JSV \u00e9 equipado com uma haste indicadora e um interruptor de proximidade na sa\u00edda para monitoramento em tempo real do status da lubrifica\u00e7\u00e3o.<\/span><span id=\"input-sentence~2\"><br \/>\nAlta durabilidade: o dispositivo de medi\u00e7\u00e3o JSV \u00e9 de qualidade superior em materiais e suporta alta press\u00e3o operacional, atendendo aos requisitos de muitos tipos de m\u00e1s condi\u00e7\u00f5es de trabalho.<\/span><\/p>\n<h2>Especifica\u00e7\u00e3o<\/h2>\n<table>\n<tbody>\n<tr>\n<td>Princ\u00edpio de funcionamento<\/td>\n<td>Dispositivos de medi\u00e7\u00e3o<\/td>\n<\/tr>\n<tr>\n<td>N\u00fameros de pontos de venda<\/td>\n<td>6-20<\/td>\n<\/tr>\n<tr>\n<td>Quantidade de medi\u00e7\u00e3o<\/td>\n<td>0,2 mL\/ciclo<\/td>\n<\/tr>\n<tr>\n<td>Lubrificante<\/td>\n<td>Lubrifique at\u00e9 NLGI 2, \u00f3leo 32-220cSt@40\u2103<\/td>\n<\/tr>\n<tr>\n<td>Temperatura de opera\u00e7\u00e3o<\/td>\n<td>\u201320 a +80 \u00b0C<\/td>\n<\/tr>\n<tr>\n<td>Press\u00e3o de opera\u00e7\u00e3o<\/td>\n<td>M\u00e1x. 300 bar<\/td>\n<\/tr>\n<tr>\n<td>Material<\/td>\n<td>Galvanizado preto<\/td>\n<\/tr>\n<tr>\n<td>Entrada de conex\u00e3o<\/td>\n<td>\u03a66\/\u03a68 (M10x1)<\/td>\n<\/tr>\n<tr>\n<td>Tomada de conex\u00e3o<\/td>\n<td>\u03a66\/\u03a68 (M10x1)<\/td>\n<\/tr>\n<tr>\n<td>Posi\u00e7\u00e3o de montagem<\/td>\n<td>Qualquer<\/td>\n<\/tr>\n<\/tbody>\n<\/table>\n<h2>Aplicativo<\/h2>\n<p><span id=\"input-sentence~2\">Fabrica\u00e7\u00e3o de autom\u00f3veis: em v\u00e1rios elos das linhas de produ\u00e7\u00e3o de autom\u00f3veis, o distribuidor progressivo foi adotado para lubrificar v\u00e1rias pe\u00e7as de transmiss\u00e3o, de modo a promover a efici\u00eancia da produ\u00e7\u00e3o e a qualidade do produto.<\/span><span id=\"input-sentence~3\"><br \/>\nEquipamento metal\u00fargico: os dispositivos de medi\u00e7\u00e3o JSV podem efetivamente evitar falhas de equipamentos durante a opera\u00e7\u00e3o e garantir a continuidade da produ\u00e7\u00e3o em m\u00e1quinas de lingotamento cont\u00ednuo, laminadores e outros equipamentos metal\u00fargicos.<br \/>\nProcessamento de alimentos: No equipamento de processamento de alimentos, os distribuidores progressivos fornecem a lubrifica\u00e7\u00e3o adequada para manter o equipamento limpo e seguro.<\/span><\/p>\n<h2>Manuais<\/h2>\n<div class=\"sdm_download_button_box_default\"><div class=\"sdm_download_link\"><a href=\"https:\/\/www.jinpinlub.com\/pt\/?sdm_process_download=1&download_id=2474\" class=\"sdm_download white\" title=\"Privado: JSV Progressive Distributor\" target=\"&quot;_blank&quot;\">Ver Ficha T\u00e9cnica - Distribuidor JSV<\/a><\/div><\/div>","protected":false},"excerpt":{"rendered":"<p>Qualquer sa\u00edda do distribuidor JSV pode ser conectada \u00e0 pr\u00f3xima sa\u00edda adjacente ap\u00f3s a instala\u00e7\u00e3o de um plugue, alcan\u00e7ando a superposi\u00e7\u00e3o de fluxo. Ao desmontar um plugue e instalar o dispositivo de monitoramento visual ou eletr\u00f4nico, realize o monitoramento visual ou eletr\u00f4nico.<\/p>","protected":false},"featured_media":3475,"template":"","meta":{"ocean_post_layout":"","ocean_both_sidebars_style":"","ocean_both_sidebars_content_width":0,"ocean_both_sidebars_sidebars_width":0,"ocean_sidebar":"0","ocean_second_sidebar":"0","ocean_disable_margins":"enable","ocean_add_body_class":"","ocean_shortcode_before_top_bar":"","ocean_shortcode_after_top_bar":"","ocean_shortcode_before_header":"","ocean_shortcode_after_header":"","ocean_has_shortcode":"","ocean_shortcode_after_title":"","ocean_shortcode_before_footer_widgets":"","ocean_shortcode_after_footer_widgets":"","ocean_shortcode_before_footer_bottom":"","ocean_shortcode_after_footer_bottom":"","ocean_display_top_bar":"default","ocean_display_header":"default","ocean_header_style":"","ocean_center_header_left_menu":"0","ocean_custom_header_template":"0","ocean_custom_logo":0,"ocean_custom_retina_logo":0,"ocean_custom_logo_max_width":0,"ocean_custom_logo_tablet_max_width":0,"ocean_custom_logo_mobile_max_width":0,"ocean_custom_logo_max_height":0,"ocean_custom_logo_tablet_max_height":0,"ocean_custom_logo_mobile_max_height":0,"ocean_header_custom_menu":"0","ocean_menu_typo_font_family":"0","ocean_menu_typo_font_subset":"","ocean_menu_typo_font_size":0,"ocean_menu_typo_font_size_tablet":0,"ocean_menu_typo_font_size_mobile":0,"ocean_menu_typo_font_size_unit":"px","ocean_menu_typo_font_weight":"","ocean_menu_typo_font_weight_tablet":"","ocean_menu_typo_font_weight_mobile":"","ocean_menu_typo_transform":"","ocean_menu_typo_transform_tablet":"","ocean_menu_typo_transform_mobile":"","ocean_menu_typo_line_height":0,"ocean_menu_typo_line_height_tablet":0,"ocean_menu_typo_line_height_mobile":0,"ocean_menu_typo_line_height_unit":"","ocean_menu_typo_spacing":0,"ocean_menu_typo_spacing_tablet":0,"ocean_menu_typo_spacing_mobile":0,"ocean_menu_typo_spacing_unit":"","ocean_menu_link_color":"","ocean_menu_link_color_hover":"","ocean_menu_link_color_active":"","ocean_menu_link_background":"","ocean_menu_link_hover_background":"","ocean_menu_link_active_background":"","ocean_menu_social_links_bg":"","ocean_menu_social_hover_links_bg":"","ocean_menu_social_links_color":"","ocean_menu_social_hover_links_color":"","ocean_disable_title":"default","ocean_disable_heading":"default","ocean_post_title":"","ocean_post_subheading":"","ocean_post_title_style":"","ocean_post_title_background_color":"","ocean_post_title_background":0,"ocean_post_title_bg_image_position":"","ocean_post_title_bg_image_attachment":"","ocean_post_title_bg_image_repeat":"","ocean_post_title_bg_image_size":"","ocean_post_title_height":0,"ocean_post_title_bg_overlay":0.5,"ocean_post_title_bg_overlay_color":"","ocean_disable_breadcrumbs":"default","ocean_breadcrumbs_color":"","ocean_breadcrumbs_separator_color":"","ocean_breadcrumbs_links_color":"","ocean_breadcrumbs_links_hover_color":"","ocean_display_footer_widgets":"default","ocean_display_footer_bottom":"default","ocean_custom_footer_template":"0","osh_disable_topbar_sticky":"default","osh_disable_header_sticky":"default","osh_sticky_header_style":"default","osh_sticky_header_effect":"","osh_custom_sticky_logo":0,"osh_custom_retina_sticky_logo":0,"osh_custom_sticky_logo_height":0,"osh_background_color":"","osh_links_color":"","osh_links_hover_color":"","osh_links_active_color":"","osh_links_bg_color":"","osh_links_hover_bg_color":"","osh_links_active_bg_color":"","osh_menu_social_links_color":"","osh_menu_social_hover_links_color":""},"product_brand":[],"product_cat":[44,41],"product_tag":[263,98,100],"class_list":{"0":"post-3488","1":"product","2":"type-product","3":"status-publish","4":"has-post-thumbnail","6":"product_cat-progressive-grease-dividers","7":"product_cat-progressive-grease-systems","8":"product_tag-grease-metering-block","9":"product_tag-grease-metering-device","10":"product_tag-grease-metering-valve","12":"entry","13":"has-media","15":"first","16":"instock","17":"shipping-taxable","18":"product-type-external","19":"col","20":"span_1_of_3","21":"owp-content-center","22":"owp-thumbs-layout-horizontal","23":"owp-btn-very-big","24":"owp-tabs-layout-horizontal"},"_links":{"self":[{"href":"https:\/\/www.jinpinlub.com\/pt\/wp-json\/wp\/v2\/product\/3488","targetHints":{"allow":["GET"]}}],"collection":[{"href":"https:\/\/www.jinpinlub.com\/pt\/wp-json\/wp\/v2\/product"}],"about":[{"href":"https:\/\/www.jinpinlub.com\/pt\/wp-json\/wp\/v2\/types\/product"}],"wp:featuredmedia":[{"embeddable":true,"href":"https:\/\/www.jinpinlub.com\/pt\/wp-json\/wp\/v2\/media\/3475"}],"wp:attachment":[{"href":"https:\/\/www.jinpinlub.com\/pt\/wp-json\/wp\/v2\/media?parent=3488"}],"wp:term":[{"taxonomy":"product_brand","embeddable":true,"href":"https:\/\/www.jinpinlub.com\/pt\/wp-json\/wp\/v2\/product_brand?post=3488"},{"taxonomy":"product_cat","embeddable":true,"href":"https:\/\/www.jinpinlub.com\/pt\/wp-json\/wp\/v2\/product_cat?post=3488"},{"taxonomy":"product_tag","embeddable":true,"href":"https:\/\/www.jinpinlub.com\/pt\/wp-json\/wp\/v2\/product_tag?post=3488"}],"curies":[{"name":"wp","href":"https:\/\/api.w.org\/{rel}","templated":true}]}}