{"id":3490,"date":"2024-08-29T05:01:03","date_gmt":"2024-08-28T21:01:03","guid":{"rendered":"https:\/\/www.jinpinlub.com\/?post_type=product&#038;p=3490"},"modified":"2025-06-06T19:33:38","modified_gmt":"2025-06-06T11:33:38","slug":"distribuidor-de-lubrificante-progressivo-sv-embolo-com-valvula-de-retencao","status":"publish","type":"product","link":"https:\/\/www.jinpinlub.com\/pt\/produto\/distribuidor-de-lubrificante-progressivo-sv-embolo-com-valvula-de-retencao\/","title":{"rendered":"Distribuidor de lubrificante progressivo SV Plunger com v\u00e1lvula de reten\u00e7\u00e3o"},"content":{"rendered":"<h2>Recurso<\/h2>\n<p><span id=\"input-sentence~0\">Sa\u00edda precisa: A quantidade de lubrifica\u00e7\u00e3o em cada ponto de lubrifica\u00e7\u00e3o do distribuidor JINPINLUB JSV \u00e9 medida com precis\u00e3o.<br \/>\nEstrutura compacta: o distribuidor JSV \u00e9 projetado de forma compacta para f\u00e1cil instala\u00e7\u00e3o e manuten\u00e7\u00e3o.<br \/>\nV\u00e1lvula de reten\u00e7\u00e3o integrada: o conjunto de sa\u00edda do distribuidor JSV possui uma v\u00e1lvula de reten\u00e7\u00e3o integrada para evitar o refluxo de \u00f3leo lubrificante.<\/span><span id=\"input-sentence~1\"><br \/>\nFun\u00e7\u00e3o de monitoramento: O distribuidor pode monitorar o movimento do \u00eambolo de sa\u00edda de \u00f3leo instalando um indicador espec\u00edfico, e um alarme pode ser emitido em caso de bloqueio.<br \/>\nOpera\u00e7\u00e3o cont\u00ednua: Enquanto houver lubrificante pressurizado entrando na entrada de \u00f3leo do distribuidor JSV, o distribuidor operar\u00e1 continuamente.<\/span><\/p>\n<h2>Especifica\u00e7\u00e3o<\/h2>\n<table>\n<tbody>\n<tr>\n<td>Princ\u00edpio de funcionamento<\/td>\n<td>Dispositivos de medi\u00e7\u00e3o<\/td>\n<\/tr>\n<tr>\n<td>N\u00fameros de pontos de venda<\/td>\n<td>6-20<\/td>\n<\/tr>\n<tr>\n<td>Quantidade de medi\u00e7\u00e3o<\/td>\n<td>0,2 mL\/ciclo<\/td>\n<\/tr>\n<tr>\n<td>Lubrificante<\/td>\n<td>Lubrifique at\u00e9 NLGI 2, \u00f3leo 32-220cSt@40\u2103<\/td>\n<\/tr>\n<tr>\n<td>Temperatura de opera\u00e7\u00e3o<\/td>\n<td>\u201320 a +80 \u00b0C<\/td>\n<\/tr>\n<tr>\n<td>Press\u00e3o de opera\u00e7\u00e3o<\/td>\n<td>M\u00e1x. 300 bar<\/td>\n<\/tr>\n<tr>\n<td>Material<\/td>\n<td>Galvanizado preto<\/td>\n<\/tr>\n<tr>\n<td>Entrada de conex\u00e3o<\/td>\n<td>\u03a66\/\u03a68 (M10x1)<\/td>\n<\/tr>\n<tr>\n<td>Tomada de conex\u00e3o<\/td>\n<td>\u03a66\/\u03a68 (M10x1)<\/td>\n<\/tr>\n<tr>\n<td>Posi\u00e7\u00e3o de montagem<\/td>\n<td>Qualquer<\/td>\n<\/tr>\n<\/tbody>\n<\/table>\n<h2>Aplicativo<\/h2>\n<p>Ve\u00edculos e m\u00e1quinas de constru\u00e7\u00e3o: os blocos de distribui\u00e7\u00e3o JSV s\u00e3o adequados para equipamentos pesados, como escavadeiras e carregadeiras, que exigem lubrifica\u00e7\u00e3o confi\u00e1vel.<br \/>\nM\u00e1quinas-ferramentas: Os blocos de distribui\u00e7\u00e3o JSV s\u00e3o adequados tanto para m\u00e1quinas-ferramentas CNC quanto para m\u00e1quinas-ferramentas tradicionais para garantir precis\u00e3o de processamento e vida \u00fatil do equipamento.<br \/>\nGera\u00e7\u00e3o de energia e\u00f3lica: os blocos de distribui\u00e7\u00e3o JSV s\u00e3o adequados para lubrifica\u00e7\u00e3o de componentes-chave de turbinas e\u00f3licas para melhorar a efici\u00eancia da gera\u00e7\u00e3o de energia e a confiabilidade do equipamento.<\/p>\n<h2>Manuais<\/h2>\n<div class=\"sdm_download_button_box_default\"><div class=\"sdm_download_link\"><a href=\"https:\/\/www.jinpinlub.com\/pt\/?sdm_process_download=1&download_id=2474\" class=\"sdm_download white\" title=\"Privado: JSV Progressive Distributor\" target=\"&quot;_blank&quot;\">Ver Ficha T\u00e9cnica - Distribuidor JSV<\/a><\/div><\/div>","protected":false},"excerpt":{"rendered":"<p>O distribuidor progressivo JSV \u00e9 um componente de sistema de lubrifica\u00e7\u00e3o com efici\u00eancia energ\u00e9tica, amplamente utilizado em sistemas de lubrifica\u00e7\u00e3o centralizada progressiva de v\u00e1rios equipamentos mec\u00e2nicos. Suas principais vantagens s\u00e3o sa\u00edda fixa e f\u00e1cil instala\u00e7\u00e3o e monitoramento de opera\u00e7\u00e3o.<\/p>","protected":false},"featured_media":3465,"template":"","meta":{"ocean_post_layout":"","ocean_both_sidebars_style":"","ocean_both_sidebars_content_width":0,"ocean_both_sidebars_sidebars_width":0,"ocean_sidebar":"0","ocean_second_sidebar":"0","ocean_disable_margins":"enable","ocean_add_body_class":"","ocean_shortcode_before_top_bar":"","ocean_shortcode_after_top_bar":"","ocean_shortcode_before_header":"","ocean_shortcode_after_header":"","ocean_has_shortcode":"","ocean_shortcode_after_title":"","ocean_shortcode_before_footer_widgets":"","ocean_shortcode_after_footer_widgets":"","ocean_shortcode_before_footer_bottom":"","ocean_shortcode_after_footer_bottom":"","ocean_display_top_bar":"default","ocean_display_header":"default","ocean_header_style":"","ocean_center_header_left_menu":"0","ocean_custom_header_template":"0","ocean_custom_logo":0,"ocean_custom_retina_logo":0,"ocean_custom_logo_max_width":0,"ocean_custom_logo_tablet_max_width":0,"ocean_custom_logo_mobile_max_width":0,"ocean_custom_logo_max_height":0,"ocean_custom_logo_tablet_max_height":0,"ocean_custom_logo_mobile_max_height":0,"ocean_header_custom_menu":"0","ocean_menu_typo_font_family":"0","ocean_menu_typo_font_subset":"","ocean_menu_typo_font_size":0,"ocean_menu_typo_font_size_tablet":0,"ocean_menu_typo_font_size_mobile":0,"ocean_menu_typo_font_size_unit":"px","ocean_menu_typo_font_weight":"","ocean_menu_typo_font_weight_tablet":"","ocean_menu_typo_font_weight_mobile":"","ocean_menu_typo_transform":"","ocean_menu_typo_transform_tablet":"","ocean_menu_typo_transform_mobile":"","ocean_menu_typo_line_height":0,"ocean_menu_typo_line_height_tablet":0,"ocean_menu_typo_line_height_mobile":0,"ocean_menu_typo_line_height_unit":"","ocean_menu_typo_spacing":0,"ocean_menu_typo_spacing_tablet":0,"ocean_menu_typo_spacing_mobile":0,"ocean_menu_typo_spacing_unit":"","ocean_menu_link_color":"","ocean_menu_link_color_hover":"","ocean_menu_link_color_active":"","ocean_menu_link_background":"","ocean_menu_link_hover_background":"","ocean_menu_link_active_background":"","ocean_menu_social_links_bg":"","ocean_menu_social_hover_links_bg":"","ocean_menu_social_links_color":"","ocean_menu_social_hover_links_color":"","ocean_disable_title":"default","ocean_disable_heading":"default","ocean_post_title":"","ocean_post_subheading":"","ocean_post_title_style":"","ocean_post_title_background_color":"","ocean_post_title_background":0,"ocean_post_title_bg_image_position":"","ocean_post_title_bg_image_attachment":"","ocean_post_title_bg_image_repeat":"","ocean_post_title_bg_image_size":"","ocean_post_title_height":0,"ocean_post_title_bg_overlay":0.5,"ocean_post_title_bg_overlay_color":"","ocean_disable_breadcrumbs":"default","ocean_breadcrumbs_color":"","ocean_breadcrumbs_separator_color":"","ocean_breadcrumbs_links_color":"","ocean_breadcrumbs_links_hover_color":"","ocean_display_footer_widgets":"default","ocean_display_footer_bottom":"default","ocean_custom_footer_template":"0","osh_disable_topbar_sticky":"default","osh_disable_header_sticky":"default","osh_sticky_header_style":"default","osh_sticky_header_effect":"","osh_custom_sticky_logo":0,"osh_custom_retina_sticky_logo":0,"osh_custom_sticky_logo_height":0,"osh_background_color":"","osh_links_color":"","osh_links_hover_color":"","osh_links_active_color":"","osh_links_bg_color":"","osh_links_hover_bg_color":"","osh_links_active_bg_color":"","osh_menu_social_links_color":"","osh_menu_social_hover_links_color":""},"product_brand":[],"product_cat":[41,44],"product_tag":[99,122,265],"class_list":{"0":"post-3490","1":"product","2":"type-product","3":"status-publish","4":"has-post-thumbnail","6":"product_cat-progressive-grease-systems","7":"product_cat-progressive-grease-dividers","8":"product_tag-progressive-distributor","9":"product_tag-progressive-divider","10":"product_tag-progressive-metering-valve","12":"entry","13":"has-media","15":"first","16":"instock","17":"shipping-taxable","18":"product-type-external","19":"col","20":"span_1_of_3","21":"owp-content-center","22":"owp-thumbs-layout-horizontal","23":"owp-btn-very-big","24":"owp-tabs-layout-horizontal"},"_links":{"self":[{"href":"https:\/\/www.jinpinlub.com\/pt\/wp-json\/wp\/v2\/product\/3490","targetHints":{"allow":["GET"]}}],"collection":[{"href":"https:\/\/www.jinpinlub.com\/pt\/wp-json\/wp\/v2\/product"}],"about":[{"href":"https:\/\/www.jinpinlub.com\/pt\/wp-json\/wp\/v2\/types\/product"}],"wp:featuredmedia":[{"embeddable":true,"href":"https:\/\/www.jinpinlub.com\/pt\/wp-json\/wp\/v2\/media\/3465"}],"wp:attachment":[{"href":"https:\/\/www.jinpinlub.com\/pt\/wp-json\/wp\/v2\/media?parent=3490"}],"wp:term":[{"taxonomy":"product_brand","embeddable":true,"href":"https:\/\/www.jinpinlub.com\/pt\/wp-json\/wp\/v2\/product_brand?post=3490"},{"taxonomy":"product_cat","embeddable":true,"href":"https:\/\/www.jinpinlub.com\/pt\/wp-json\/wp\/v2\/product_cat?post=3490"},{"taxonomy":"product_tag","embeddable":true,"href":"https:\/\/www.jinpinlub.com\/pt\/wp-json\/wp\/v2\/product_tag?post=3490"}],"curies":[{"name":"wp","href":"https:\/\/api.w.org\/{rel}","templated":true}]}}