{"id":3546,"date":"2024-08-30T07:58:39","date_gmt":"2024-08-29T23:58:39","guid":{"rendered":"https:\/\/www.jinpinlub.com\/?post_type=product&#038;p=3546"},"modified":"2024-08-30T08:01:33","modified_gmt":"2024-08-30T00:01:33","slug":"jsv-6-dispositivo-de-medicao-progressiva-de-peca-unica-com-sensor","status":"publish","type":"product","link":"https:\/\/www.jinpinlub.com\/pt\/product\/jsv-6-single-piece-progressive-metering-device-with-sensor\/","title":{"rendered":"Dispositivo de medi\u00e7\u00e3o progressiva de pe\u00e7a \u00fanica JSV-6 com sensor"},"content":{"rendered":"<h2>Caracter\u00edsticas<\/h2>\n<p>Dosagem fixa: A sa\u00edda de cada sa\u00edda do dispositivo de dosagem \u00e9 fixa e a sa\u00edda pode ser combinada por meio de tubos de conex\u00e3o externos para se adaptar a diferentes necessidades de lubrifica\u00e7\u00e3o.<br \/>\nOp\u00e7\u00f5es de monitoramento: O dispositivo de medi\u00e7\u00e3o Jinpinlub JSVB pode ser monitorado visualmente ou eletricamente para facilitar o monitoramento em tempo real do status da lubrifica\u00e7\u00e3o.<br \/>\nOpera\u00e7\u00e3o de alta press\u00e3o: A press\u00e3o m\u00e1xima de opera\u00e7\u00e3o do dispositivo de medi\u00e7\u00e3o pode atingir 250 bar, o que \u00e9 adequado para ambientes de alta press\u00e3o.<br \/>\nMaterial: O dispositivo de medi\u00e7\u00e3o \u00e9 feito de a\u00e7o galvanizado, que \u00e9 dur\u00e1vel e resistente \u00e0 corros\u00e3o.<br \/>\nTemperatura de opera\u00e7\u00e3o: -20\u00b0C a +80\u00b0C, adaptando-se a v\u00e1rios ambientes de trabalho.<\/p>\n<h2>Especifica\u00e7\u00e3o<\/h2>\n<table>\n<tbody>\n<tr>\n<td>Princ\u00edpio de funcionamento<\/td>\n<td>Dispositivos de medi\u00e7\u00e3o<\/td>\n<\/tr>\n<tr>\n<td>N\u00fameros de pontos de venda<\/td>\n<td>6-14<\/td>\n<\/tr>\n<tr>\n<td>Quantidade de medi\u00e7\u00e3o<\/td>\n<td>0,17 mL\/ciclo<\/td>\n<\/tr>\n<tr>\n<td>Lubrificante<\/td>\n<td>Lubrifique at\u00e9 NLGI 2, \u00f3leo 32-220cSt@40\u2103<\/td>\n<\/tr>\n<tr>\n<td>Temperatura de opera\u00e7\u00e3o<\/td>\n<td>\u201320 a +80 \u00b0C<\/td>\n<\/tr>\n<tr>\n<td>Press\u00e3o de opera\u00e7\u00e3o<\/td>\n<td>M\u00e1x. 250 bar<\/td>\n<\/tr>\n<tr>\n<td>Material<\/td>\n<td>Galvanizado preto<\/td>\n<\/tr>\n<tr>\n<td>Entrada de conex\u00e3o<\/td>\n<td>\u03a66(M10x1,0), \u03a68(M10x1,0)<\/td>\n<\/tr>\n<tr>\n<td>Tomada de conex\u00e3o<\/td>\n<td>\u03a66(M10x1,0), \u03a68(M10x1,0)<\/td>\n<\/tr>\n<tr>\n<td>Posi\u00e7\u00e3o de montagem<\/td>\n<td>Qualquer<\/td>\n<\/tr>\n<\/tbody>\n<\/table>\n<h2>Aplicativo<\/h2>\n<p>Constru\u00e7\u00e3o e minera\u00e7\u00e3o: Este dispositivo de medi\u00e7\u00e3o \u00e9 adequado para a lubrifica\u00e7\u00e3o de m\u00e1quinas e equipamentos pesados para garantir a opera\u00e7\u00e3o normal do equipamento em ambientes adversos.<br \/>\nM\u00e1quinas agr\u00edcolas: O JSVB \u00e9 usado em equipamentos agr\u00edcolas para garantir a opera\u00e7\u00e3o eficiente e longa vida \u00fatil do equipamento.<br \/>\nEquipamentos industriais: O JSVB \u00e9 amplamente utilizado na lubrifica\u00e7\u00e3o de v\u00e1rios equipamentos industriais para melhorar a confiabilidade e a efici\u00eancia da produ\u00e7\u00e3o do equipamento.<\/p>\n<h2>Manuais<\/h2>\n<div class=\"sdm_download_button_box_default\"><div class=\"sdm_download_link\"><a href=\"https:\/\/www.jinpinlub.com\/pt\/?sdm_process_download=1&download_id=3055\" class=\"sdm_download white\" title=\"Privado: JVB Progressive Divider\" target=\"&quot;_blank&quot;\">Ver Ficha T\u00e9cnica - Distribuidor JVB<\/a><\/div><\/div>","protected":false},"excerpt":{"rendered":"<p>O dispositivo de medi\u00e7\u00e3o JSV \u00e9 um dispositivo de medi\u00e7\u00e3o progressiva compacto e de pe\u00e7a \u00fanica, adequado para sistemas de lubrifica\u00e7\u00e3o progressiva. Seu design permite a montagem direta de acess\u00f3rios, simplificando o processo de instala\u00e7\u00e3o, e tamb\u00e9m pode reduzir o n\u00famero de sa\u00eddas por meio de portas cruzadas.<\/p>","protected":false},"featured_media":3530,"template":"","meta":{"ocean_post_layout":"","ocean_both_sidebars_style":"","ocean_both_sidebars_content_width":0,"ocean_both_sidebars_sidebars_width":0,"ocean_sidebar":"0","ocean_second_sidebar":"0","ocean_disable_margins":"enable","ocean_add_body_class":"","ocean_shortcode_before_top_bar":"","ocean_shortcode_after_top_bar":"","ocean_shortcode_before_header":"","ocean_shortcode_after_header":"","ocean_has_shortcode":"","ocean_shortcode_after_title":"","ocean_shortcode_before_footer_widgets":"","ocean_shortcode_after_footer_widgets":"","ocean_shortcode_before_footer_bottom":"","ocean_shortcode_after_footer_bottom":"","ocean_display_top_bar":"default","ocean_display_header":"default","ocean_header_style":"","ocean_center_header_left_menu":"0","ocean_custom_header_template":"0","ocean_custom_logo":0,"ocean_custom_retina_logo":0,"ocean_custom_logo_max_width":0,"ocean_custom_logo_tablet_max_width":0,"ocean_custom_logo_mobile_max_width":0,"ocean_custom_logo_max_height":0,"ocean_custom_logo_tablet_max_height":0,"ocean_custom_logo_mobile_max_height":0,"ocean_header_custom_menu":"0","ocean_menu_typo_font_family":"0","ocean_menu_typo_font_subset":"","ocean_menu_typo_font_size":0,"ocean_menu_typo_font_size_tablet":0,"ocean_menu_typo_font_size_mobile":0,"ocean_menu_typo_font_size_unit":"px","ocean_menu_typo_font_weight":"","ocean_menu_typo_font_weight_tablet":"","ocean_menu_typo_font_weight_mobile":"","ocean_menu_typo_transform":"","ocean_menu_typo_transform_tablet":"","ocean_menu_typo_transform_mobile":"","ocean_menu_typo_line_height":0,"ocean_menu_typo_line_height_tablet":0,"ocean_menu_typo_line_height_mobile":0,"ocean_menu_typo_line_height_unit":"","ocean_menu_typo_spacing":0,"ocean_menu_typo_spacing_tablet":0,"ocean_menu_typo_spacing_mobile":0,"ocean_menu_typo_spacing_unit":"","ocean_menu_link_color":"","ocean_menu_link_color_hover":"","ocean_menu_link_color_active":"","ocean_menu_link_background":"","ocean_menu_link_hover_background":"","ocean_menu_link_active_background":"","ocean_menu_social_links_bg":"","ocean_menu_social_hover_links_bg":"","ocean_menu_social_links_color":"","ocean_menu_social_hover_links_color":"","ocean_disable_title":"default","ocean_disable_heading":"default","ocean_post_title":"","ocean_post_subheading":"","ocean_post_title_style":"","ocean_post_title_background_color":"","ocean_post_title_background":0,"ocean_post_title_bg_image_position":"","ocean_post_title_bg_image_attachment":"","ocean_post_title_bg_image_repeat":"","ocean_post_title_bg_image_size":"","ocean_post_title_height":0,"ocean_post_title_bg_overlay":0.5,"ocean_post_title_bg_overlay_color":"","ocean_disable_breadcrumbs":"default","ocean_breadcrumbs_color":"","ocean_breadcrumbs_separator_color":"","ocean_breadcrumbs_links_color":"","ocean_breadcrumbs_links_hover_color":"","ocean_display_footer_widgets":"default","ocean_display_footer_bottom":"default","ocean_custom_footer_template":"0","osh_disable_topbar_sticky":"default","osh_disable_header_sticky":"default","osh_sticky_header_style":"default","osh_sticky_header_effect":"","osh_custom_sticky_logo":0,"osh_custom_retina_sticky_logo":0,"osh_custom_sticky_logo_height":0,"osh_background_color":"","osh_links_color":"","osh_links_hover_color":"","osh_links_active_color":"","osh_links_bg_color":"","osh_links_hover_bg_color":"","osh_links_active_bg_color":"","osh_menu_social_links_color":"","osh_menu_social_hover_links_color":""},"product_brand":[],"product_cat":[44,41],"product_tag":[275,99,276],"class_list":{"0":"post-3546","1":"product","2":"type-product","3":"status-publish","4":"has-post-thumbnail","6":"product_cat-progressive-grease-dividers","7":"product_cat-progressive-grease-systems","8":"product_tag-metering-device-block","9":"product_tag-progressive-distributor","10":"product_tag-single-block-divider","12":"entry","13":"has-media","15":"first","16":"instock","17":"shipping-taxable","18":"product-type-external","19":"col","20":"span_1_of_3","21":"owp-content-center","22":"owp-thumbs-layout-horizontal","23":"owp-btn-very-big","24":"owp-tabs-layout-horizontal"},"_links":{"self":[{"href":"https:\/\/www.jinpinlub.com\/pt\/wp-json\/wp\/v2\/product\/3546","targetHints":{"allow":["GET"]}}],"collection":[{"href":"https:\/\/www.jinpinlub.com\/pt\/wp-json\/wp\/v2\/product"}],"about":[{"href":"https:\/\/www.jinpinlub.com\/pt\/wp-json\/wp\/v2\/types\/product"}],"wp:featuredmedia":[{"embeddable":true,"href":"https:\/\/www.jinpinlub.com\/pt\/wp-json\/wp\/v2\/media\/3530"}],"wp:attachment":[{"href":"https:\/\/www.jinpinlub.com\/pt\/wp-json\/wp\/v2\/media?parent=3546"}],"wp:term":[{"taxonomy":"product_brand","embeddable":true,"href":"https:\/\/www.jinpinlub.com\/pt\/wp-json\/wp\/v2\/product_brand?post=3546"},{"taxonomy":"product_cat","embeddable":true,"href":"https:\/\/www.jinpinlub.com\/pt\/wp-json\/wp\/v2\/product_cat?post=3546"},{"taxonomy":"product_tag","embeddable":true,"href":"https:\/\/www.jinpinlub.com\/pt\/wp-json\/wp\/v2\/product_tag?post=3546"}],"curies":[{"name":"wp","href":"https:\/\/api.w.org\/{rel}","templated":true}]}}