{"id":3549,"date":"2024-08-30T08:12:27","date_gmt":"2024-08-30T00:12:27","guid":{"rendered":"https:\/\/www.jinpinlub.com\/?post_type=product&#038;p=3549"},"modified":"2025-06-06T19:50:11","modified_gmt":"2025-06-06T11:50:11","slug":"divisores-monobloco-jsvb-para-sistema-de-lubrificacao-progressiva","status":"publish","type":"product","link":"https:\/\/www.jinpinlub.com\/pt\/product\/jsvb-monoblock-dividers-for-progressive-lubrication-system\/","title":{"rendered":"Divisores monobloco JSVB para sistema de lubrifica\u00e7\u00e3o progressiva"},"content":{"rendered":"<h2>Caracter\u00edsticas<\/h2>\n<p>Lubrifica\u00e7\u00e3o eficiente: os divisores Jinpinlub JSVB garantem que o lubrificante seja distribu\u00eddo para cada ponto de atrito em um movimento passo a passo do pist\u00e3o.<br \/>\nSa\u00eddas m\u00faltiplas: o divisor JSVB pode vir em configura\u00e7\u00f5es de 6 a 16 sa\u00eddas para atender a diferentes necessidades de lubrifica\u00e7\u00e3o.<br \/>\nMaterial s\u00f3lido: os divisores JSV s\u00e3o feitos de a\u00e7o zincado e niquelado com resist\u00eancia superior \u00e0 corros\u00e3o.<br \/>\nAmpla press\u00e3o de opera\u00e7\u00e3o: os divisores s\u00e3o adequados para press\u00f5es de opera\u00e7\u00e3o de 15 bar a 250 bar, capazes de operar com lubrificantes de diferentes viscosidades.<\/p>\n<h2>Especifica\u00e7\u00e3o<\/h2>\n<table>\n<tbody>\n<tr>\n<td>Princ\u00edpio de funcionamento<\/td>\n<td>Dispositivos de medi\u00e7\u00e3o<\/td>\n<\/tr>\n<tr>\n<td>N\u00fameros de pontos de venda<\/td>\n<td>6-16<\/td>\n<\/tr>\n<tr>\n<td>Quantidade de medi\u00e7\u00e3o<\/td>\n<td>0,17 mL\/ciclo<\/td>\n<\/tr>\n<tr>\n<td>Lubrificante<\/td>\n<td>Lubrifique at\u00e9 NLGI 2, \u00f3leo 32-220cSt@40\u2103<\/td>\n<\/tr>\n<tr>\n<td>Temperatura de opera\u00e7\u00e3o<\/td>\n<td>\u201320 a +80 \u00b0C<\/td>\n<\/tr>\n<tr>\n<td>Press\u00e3o de opera\u00e7\u00e3o<\/td>\n<td>M\u00e1x. 250 bar<\/td>\n<\/tr>\n<tr>\n<td>Material<\/td>\n<td>Galvanizado preto<\/td>\n<\/tr>\n<tr>\n<td>Entrada de conex\u00e3o<\/td>\n<td>\u03a66(M10x1,0), \u03a68(M10x1,0)<\/td>\n<\/tr>\n<tr>\n<td>Tomada de conex\u00e3o<\/td>\n<td>\u03a66(M10x1,0), \u03a68(M10x1,0)<\/td>\n<\/tr>\n<tr>\n<td>Posi\u00e7\u00e3o de montagem<\/td>\n<td>Qualquer<\/td>\n<\/tr>\n<\/tbody>\n<\/table>\n<h2>Aplicativo<\/h2>\n<p>M\u00e1quinas industriais: Os divisores JSV s\u00e3o amplamente utilizados nos sistemas de lubrifica\u00e7\u00e3o de diversas m\u00e1quinas e equipamentos industriais, como m\u00e1quinas-ferramentas, compressores e correias transportadoras.<br \/>\nFabrica\u00e7\u00e3o de autom\u00f3veis: Nas linhas de produ\u00e7\u00e3o de autom\u00f3veis, \u00e9 usado para lubrificar diversas pe\u00e7as m\u00f3veis para garantir a opera\u00e7\u00e3o eficiente da linha de produ\u00e7\u00e3o.<br \/>\nEquipamentos pesados: os divisores JSV s\u00e3o adequados para as necessidades de lubrifica\u00e7\u00e3o de equipamentos pesados, como equipamentos de minera\u00e7\u00e3o e m\u00e1quinas de constru\u00e7\u00e3o.<\/p>\n<h2>Manuais<\/h2>\n<div class=\"sdm_download_button_box_default\"><div class=\"sdm_download_link\"><a href=\"https:\/\/www.jinpinlub.com\/pt\/?sdm_process_download=1&download_id=4290\" class=\"sdm_download white\" title=\"Privado: JSVB Progressive Distributor\" target=\"&quot;_blank&quot;\">View Datasheet - JSVB Distributor<\/a><\/div><\/div>","protected":false},"excerpt":{"rendered":"<p>O distribuidor progressivo monobloco JSVB \u00e9 um componente especial usado em sistemas de lubrifica\u00e7\u00e3o para distribuir lubrificante para v\u00e1rios pontos de forma controlada. \u00c9 amplamente usado em sistemas de lubrifica\u00e7\u00e3o em v\u00e1rias ind\u00fastrias para garantir opera\u00e7\u00e3o suave e uso de longo prazo do equipamento.<\/p>","protected":false},"featured_media":3533,"template":"","meta":{"ocean_post_layout":"","ocean_both_sidebars_style":"","ocean_both_sidebars_content_width":0,"ocean_both_sidebars_sidebars_width":0,"ocean_sidebar":"0","ocean_second_sidebar":"0","ocean_disable_margins":"enable","ocean_add_body_class":"","ocean_shortcode_before_top_bar":"","ocean_shortcode_after_top_bar":"","ocean_shortcode_before_header":"","ocean_shortcode_after_header":"","ocean_has_shortcode":"","ocean_shortcode_after_title":"","ocean_shortcode_before_footer_widgets":"","ocean_shortcode_after_footer_widgets":"","ocean_shortcode_before_footer_bottom":"","ocean_shortcode_after_footer_bottom":"","ocean_display_top_bar":"default","ocean_display_header":"default","ocean_header_style":"","ocean_center_header_left_menu":"0","ocean_custom_header_template":"0","ocean_custom_logo":0,"ocean_custom_retina_logo":0,"ocean_custom_logo_max_width":0,"ocean_custom_logo_tablet_max_width":0,"ocean_custom_logo_mobile_max_width":0,"ocean_custom_logo_max_height":0,"ocean_custom_logo_tablet_max_height":0,"ocean_custom_logo_mobile_max_height":0,"ocean_header_custom_menu":"0","ocean_menu_typo_font_family":"0","ocean_menu_typo_font_subset":"","ocean_menu_typo_font_size":0,"ocean_menu_typo_font_size_tablet":0,"ocean_menu_typo_font_size_mobile":0,"ocean_menu_typo_font_size_unit":"px","ocean_menu_typo_font_weight":"","ocean_menu_typo_font_weight_tablet":"","ocean_menu_typo_font_weight_mobile":"","ocean_menu_typo_transform":"","ocean_menu_typo_transform_tablet":"","ocean_menu_typo_transform_mobile":"","ocean_menu_typo_line_height":0,"ocean_menu_typo_line_height_tablet":0,"ocean_menu_typo_line_height_mobile":0,"ocean_menu_typo_line_height_unit":"","ocean_menu_typo_spacing":0,"ocean_menu_typo_spacing_tablet":0,"ocean_menu_typo_spacing_mobile":0,"ocean_menu_typo_spacing_unit":"","ocean_menu_link_color":"","ocean_menu_link_color_hover":"","ocean_menu_link_color_active":"","ocean_menu_link_background":"","ocean_menu_link_hover_background":"","ocean_menu_link_active_background":"","ocean_menu_social_links_bg":"","ocean_menu_social_hover_links_bg":"","ocean_menu_social_links_color":"","ocean_menu_social_hover_links_color":"","ocean_disable_title":"default","ocean_disable_heading":"default","ocean_post_title":"","ocean_post_subheading":"","ocean_post_title_style":"","ocean_post_title_background_color":"","ocean_post_title_background":0,"ocean_post_title_bg_image_position":"","ocean_post_title_bg_image_attachment":"","ocean_post_title_bg_image_repeat":"","ocean_post_title_bg_image_size":"","ocean_post_title_height":0,"ocean_post_title_bg_overlay":0.5,"ocean_post_title_bg_overlay_color":"","ocean_disable_breadcrumbs":"default","ocean_breadcrumbs_color":"","ocean_breadcrumbs_separator_color":"","ocean_breadcrumbs_links_color":"","ocean_breadcrumbs_links_hover_color":"","ocean_display_footer_widgets":"default","ocean_display_footer_bottom":"default","ocean_custom_footer_template":"0","osh_disable_topbar_sticky":"default","osh_disable_header_sticky":"default","osh_sticky_header_style":"default","osh_sticky_header_effect":"","osh_custom_sticky_logo":0,"osh_custom_retina_sticky_logo":0,"osh_custom_sticky_logo_height":0,"osh_background_color":"","osh_links_color":"","osh_links_hover_color":"","osh_links_active_color":"","osh_links_bg_color":"","osh_links_hover_bg_color":"","osh_links_active_bg_color":"","osh_menu_social_links_color":"","osh_menu_social_hover_links_color":""},"product_brand":[],"product_cat":[44,41],"product_tag":[279,252,278],"class_list":{"0":"post-3549","1":"product","2":"type-product","3":"status-publish","4":"has-post-thumbnail","6":"product_cat-progressive-grease-dividers","7":"product_cat-progressive-grease-systems","8":"product_tag-lubricant-divider","9":"product_tag-lubrication-divider","10":"product_tag-monoblock-divider","12":"entry","13":"has-media","15":"first","16":"instock","17":"shipping-taxable","18":"product-type-external","19":"col","20":"span_1_of_3","21":"owp-content-center","22":"owp-thumbs-layout-horizontal","23":"owp-btn-very-big","24":"owp-tabs-layout-horizontal"},"_links":{"self":[{"href":"https:\/\/www.jinpinlub.com\/pt\/wp-json\/wp\/v2\/product\/3549","targetHints":{"allow":["GET"]}}],"collection":[{"href":"https:\/\/www.jinpinlub.com\/pt\/wp-json\/wp\/v2\/product"}],"about":[{"href":"https:\/\/www.jinpinlub.com\/pt\/wp-json\/wp\/v2\/types\/product"}],"wp:featuredmedia":[{"embeddable":true,"href":"https:\/\/www.jinpinlub.com\/pt\/wp-json\/wp\/v2\/media\/3533"}],"wp:attachment":[{"href":"https:\/\/www.jinpinlub.com\/pt\/wp-json\/wp\/v2\/media?parent=3549"}],"wp:term":[{"taxonomy":"product_brand","embeddable":true,"href":"https:\/\/www.jinpinlub.com\/pt\/wp-json\/wp\/v2\/product_brand?post=3549"},{"taxonomy":"product_cat","embeddable":true,"href":"https:\/\/www.jinpinlub.com\/pt\/wp-json\/wp\/v2\/product_cat?post=3549"},{"taxonomy":"product_tag","embeddable":true,"href":"https:\/\/www.jinpinlub.com\/pt\/wp-json\/wp\/v2\/product_tag?post=3549"}],"curies":[{"name":"wp","href":"https:\/\/api.w.org\/{rel}","templated":true}]}}