{"id":3550,"date":"2024-08-30T08:19:38","date_gmt":"2024-08-30T00:19:38","guid":{"rendered":"https:\/\/www.jinpinlub.com\/?post_type=product&#038;p=3550"},"modified":"2024-08-30T08:29:54","modified_gmt":"2024-08-30T00:29:54","slug":"jdl1-lubrificador-de-bomba-de-engrenagem-de-oleo-de-resistencia-para-maquinas-ferramentas","status":"publish","type":"product","link":"https:\/\/www.jinpinlub.com\/pt\/product\/jdl1-resistance-oil-gear-pump-lubricator-for-machine-tools\/","title":{"rendered":"Lubrificador de bomba de engrenagem de \u00f3leo de resist\u00eancia JDL1 para m\u00e1quinas-ferramentas"},"content":{"rendered":"<h2>Caracter\u00edsticas<\/h2>\n<p>Controle de tempo: o lubrificador JDL1-3 vem com um temporizador program\u00e1vel, que pode controlar com precis\u00e3o o tempo de trabalho e o intervalo de tempo da bomba de lubrifica\u00e7\u00e3o para garantir que efici\u00eancia e precis\u00e3o sejam alcan\u00e7adas durante o processo de lubrifica\u00e7\u00e3o.<br \/>\nMultimodos: H\u00e1 dois modos de opera\u00e7\u00e3o poss\u00edveis com este lubrificador: modo de lubrifica\u00e7\u00e3o inicial e modo de intervalo inicial.<br \/>\nSistema de alarme: Dentro do JLD1-3, h\u00e1 um interruptor de b\u00f3ia que envia o alarme automaticamente quando o n\u00edvel do \u00f3leo est\u00e1 abaixo da marca e informa por meio de uma campainha.<br \/>\nLubrifica\u00e7\u00e3o manual: O lubrificador JDL1-3 \u00e9 projetado com um bot\u00e3o de lubrifica\u00e7\u00e3o manual; em caso de emerg\u00eancia, a lubrifica\u00e7\u00e3o pode ser feita manualmente para evitar sobrecarga do motor.<br \/>\nMonitoramento de press\u00e3o: equipado com um man\u00f4metro, a press\u00e3o operacional \u00e9 facilmente monitorada para garantir que o equipamento funcione nas melhores condi\u00e7\u00f5es.<br \/>\nProte\u00e7\u00e3o contra superaquecimento: a bomba desliga automaticamente o motor quando ocorre superaquecimento e volta a funcionar novamente ap\u00f3s cerca de 5 minutos.<\/p>\n<h2>Especifica\u00e7\u00e3o<\/h2>\n<table>\n<tbody>\n<tr>\n<td>Modelo<\/td>\n<td>JDL1<\/td>\n<\/tr>\n<tr>\n<td>Tempo de lubrifica\u00e7\u00e3o<\/td>\n<td>1-999 minutos<\/td>\n<\/tr>\n<tr>\n<td>Tempo de intervalo<\/td>\n<td>1-999 minutos<\/td>\n<\/tr>\n<tr>\n<td>Temperatura de opera\u00e7\u00e3o<\/td>\n<td>0~+50\u00b0C<\/td>\n<\/tr>\n<tr>\n<td>N\u00famero de pontos de venda<\/td>\n<td>1<\/td>\n<\/tr>\n<tr>\n<td>Capacidade do reservat\u00f3rio<\/td>\n<td>2L, 3L, 4L (tanque de metal ou resina), 8L (tanque de metal)<\/td>\n<\/tr>\n<tr>\n<td>Reabastecimento<\/td>\n<td>Do topo<\/td>\n<\/tr>\n<tr>\n<td>Lubrificante<\/td>\n<td>32-68cSt a 40\u2103<\/td>\n<\/tr>\n<tr>\n<td>Pot\u00eancia do motor<\/td>\n<td>30 W<\/td>\n<\/tr>\n<tr>\n<td>Descarga<\/td>\n<td>150 mL\/minuto<\/td>\n<\/tr>\n<tr>\n<td>Press\u00e3o m\u00e1xima de opera\u00e7\u00e3o<\/td>\n<td>1,5 MPa<\/td>\n<\/tr>\n<tr>\n<td>Fio de conex\u00e3o<\/td>\n<td>Sa\u00edda \u03a66<\/td>\n<\/tr>\n<tr>\n<td>Tens\u00e3o de opera\u00e7\u00e3o<\/td>\n<td>110 VCA, 220 VCA<\/td>\n<\/tr>\n<tr>\n<td>Certifica\u00e7\u00e3o<\/td>\n<td>CE<\/td>\n<\/tr>\n<tr>\n<td>Interruptor de baixo n\u00edvel<\/td>\n<td>Contato NC<\/td>\n<\/tr>\n<\/tbody>\n<\/table>\n<h2>Aplica\u00e7\u00f5es<\/h2>\n<p>M\u00e1quinas de processamento: O lubrificador JDL1-3 pode ser usado para sistemas de lubrifica\u00e7\u00e3o, como m\u00e1quinas-ferramentas CNC, fresadoras, tornos, etc.<br \/>\nM\u00e1quinas de engenharia: JDL1-3 pode ser usado para lubrifica\u00e7\u00e3o centralizada, como escavadeiras e tratores.<br \/>\nEquipamentos de automa\u00e7\u00e3o: O JDL1-3 pode ser usado para equipamentos como linhas de montagem e rob\u00f4s que exigem lubrifica\u00e7\u00e3o com \u00f3leo fino.<\/p>\n<h2>Manuais<\/h2>\n<div class=\"sdm_download_button_box_default\"><div class=\"sdm_download_link\"><a href=\"https:\/\/www.jinpinlub.com\/pt\/?sdm_process_download=1&download_id=3000\" class=\"sdm_download white\" title=\"Privado: JDL1 Resistance Pump\" target=\"&quot;_blank&quot;\">Ver Ficha T\u00e9cnica - Bomba JDL1<\/a><\/div><\/div>","protected":false},"excerpt":{"rendered":"<p>O lubrificador acionado por motor el\u00e9trico de resist\u00eancia tipo JDL1-3 \u00e9 uma bomba de engrenagem de lubrifica\u00e7\u00e3o de \u00f3leo fino altamente eficiente com um temporizador program\u00e1vel. \u00c9 amplamente utilizado em v\u00e1rios equipamentos mec\u00e2nicos para melhorar a efici\u00eancia operacional do equipamento e estender a vida \u00fatil do equipamento.<\/p>","protected":false},"featured_media":3497,"template":"","meta":{"ocean_post_layout":"","ocean_both_sidebars_style":"","ocean_both_sidebars_content_width":0,"ocean_both_sidebars_sidebars_width":0,"ocean_sidebar":"0","ocean_second_sidebar":"0","ocean_disable_margins":"enable","ocean_add_body_class":"","ocean_shortcode_before_top_bar":"","ocean_shortcode_after_top_bar":"","ocean_shortcode_before_header":"","ocean_shortcode_after_header":"","ocean_has_shortcode":"","ocean_shortcode_after_title":"","ocean_shortcode_before_footer_widgets":"","ocean_shortcode_after_footer_widgets":"","ocean_shortcode_before_footer_bottom":"","ocean_shortcode_after_footer_bottom":"","ocean_display_top_bar":"default","ocean_display_header":"default","ocean_header_style":"","ocean_center_header_left_menu":"0","ocean_custom_header_template":"0","ocean_custom_logo":0,"ocean_custom_retina_logo":0,"ocean_custom_logo_max_width":0,"ocean_custom_logo_tablet_max_width":0,"ocean_custom_logo_mobile_max_width":0,"ocean_custom_logo_max_height":0,"ocean_custom_logo_tablet_max_height":0,"ocean_custom_logo_mobile_max_height":0,"ocean_header_custom_menu":"0","ocean_menu_typo_font_family":"0","ocean_menu_typo_font_subset":"","ocean_menu_typo_font_size":0,"ocean_menu_typo_font_size_tablet":0,"ocean_menu_typo_font_size_mobile":0,"ocean_menu_typo_font_size_unit":"px","ocean_menu_typo_font_weight":"","ocean_menu_typo_font_weight_tablet":"","ocean_menu_typo_font_weight_mobile":"","ocean_menu_typo_transform":"","ocean_menu_typo_transform_tablet":"","ocean_menu_typo_transform_mobile":"","ocean_menu_typo_line_height":0,"ocean_menu_typo_line_height_tablet":0,"ocean_menu_typo_line_height_mobile":0,"ocean_menu_typo_line_height_unit":"","ocean_menu_typo_spacing":0,"ocean_menu_typo_spacing_tablet":0,"ocean_menu_typo_spacing_mobile":0,"ocean_menu_typo_spacing_unit":"","ocean_menu_link_color":"","ocean_menu_link_color_hover":"","ocean_menu_link_color_active":"","ocean_menu_link_background":"","ocean_menu_link_hover_background":"","ocean_menu_link_active_background":"","ocean_menu_social_links_bg":"","ocean_menu_social_hover_links_bg":"","ocean_menu_social_links_color":"","ocean_menu_social_hover_links_color":"","ocean_disable_title":"default","ocean_disable_heading":"default","ocean_post_title":"","ocean_post_subheading":"","ocean_post_title_style":"","ocean_post_title_background_color":"","ocean_post_title_background":0,"ocean_post_title_bg_image_position":"","ocean_post_title_bg_image_attachment":"","ocean_post_title_bg_image_repeat":"","ocean_post_title_bg_image_size":"","ocean_post_title_height":0,"ocean_post_title_bg_overlay":0.5,"ocean_post_title_bg_overlay_color":"","ocean_disable_breadcrumbs":"default","ocean_breadcrumbs_color":"","ocean_breadcrumbs_separator_color":"","ocean_breadcrumbs_links_color":"","ocean_breadcrumbs_links_hover_color":"","ocean_display_footer_widgets":"default","ocean_display_footer_bottom":"default","ocean_custom_footer_template":"0","osh_disable_topbar_sticky":"default","osh_disable_header_sticky":"default","osh_sticky_header_style":"default","osh_sticky_header_effect":"","osh_custom_sticky_logo":0,"osh_custom_retina_sticky_logo":0,"osh_custom_sticky_logo_height":0,"osh_background_color":"","osh_links_color":"","osh_links_hover_color":"","osh_links_active_color":"","osh_links_bg_color":"","osh_links_hover_bg_color":"","osh_links_active_bg_color":"","osh_menu_social_links_color":"","osh_menu_social_hover_links_color":""},"product_brand":[],"product_cat":[51,50],"product_tag":[111,281,280],"class_list":{"0":"post-3550","1":"product","2":"type-product","3":"status-publish","4":"has-post-thumbnail","6":"product_cat-electric-resistance-pumps","7":"product_cat-resistance-thin-oil-systems","8":"product_tag-oil-lubrication-pump","9":"product_tag-thin-oil-gear-pump","10":"product_tag-thin-oil-lubricator","12":"entry","13":"has-media","15":"first","16":"instock","17":"shipping-taxable","18":"product-type-external","19":"col","20":"span_1_of_3","21":"owp-content-center","22":"owp-thumbs-layout-horizontal","23":"owp-btn-very-big","24":"owp-tabs-layout-horizontal"},"_links":{"self":[{"href":"https:\/\/www.jinpinlub.com\/pt\/wp-json\/wp\/v2\/product\/3550","targetHints":{"allow":["GET"]}}],"collection":[{"href":"https:\/\/www.jinpinlub.com\/pt\/wp-json\/wp\/v2\/product"}],"about":[{"href":"https:\/\/www.jinpinlub.com\/pt\/wp-json\/wp\/v2\/types\/product"}],"wp:featuredmedia":[{"embeddable":true,"href":"https:\/\/www.jinpinlub.com\/pt\/wp-json\/wp\/v2\/media\/3497"}],"wp:attachment":[{"href":"https:\/\/www.jinpinlub.com\/pt\/wp-json\/wp\/v2\/media?parent=3550"}],"wp:term":[{"taxonomy":"product_brand","embeddable":true,"href":"https:\/\/www.jinpinlub.com\/pt\/wp-json\/wp\/v2\/product_brand?post=3550"},{"taxonomy":"product_cat","embeddable":true,"href":"https:\/\/www.jinpinlub.com\/pt\/wp-json\/wp\/v2\/product_cat?post=3550"},{"taxonomy":"product_tag","embeddable":true,"href":"https:\/\/www.jinpinlub.com\/pt\/wp-json\/wp\/v2\/product_tag?post=3550"}],"curies":[{"name":"wp","href":"https:\/\/api.w.org\/{rel}","templated":true}]}}