{"id":3554,"date":"2024-08-30T08:34:26","date_gmt":"2024-08-30T00:34:26","guid":{"rendered":"https:\/\/www.jinpinlub.com\/?post_type=product&#038;p=3554"},"modified":"2024-08-30T08:36:31","modified_gmt":"2024-08-30T00:36:31","slug":"lubrificador-eletrico-de-injecao-de-deslocamento-positivo-jdl3","status":"publish","type":"product","link":"https:\/\/www.jinpinlub.com\/pt\/product\/jdl3-electric-positive-displacement-injection-lubricator\/","title":{"rendered":"Lubrificador de Inje\u00e7\u00e3o de Deslocamento Positivo El\u00e9trico JDL3"},"content":{"rendered":"<h2>Caracter\u00edsticas<\/h2>\n<p><span id=\"input-sentence~0\">Controle de programa: A bomba de lubrifica\u00e7\u00e3o JDL3 \u00e9 equipada com um temporizador para controlar o tempo de execu\u00e7\u00e3o e o tempo intermitente. O tempo de execu\u00e7\u00e3o pode ser definido para 1-9999 segundos, e o tempo intermitente pode ser definido para 1-9999 minutos.<br \/>\nProte\u00e7\u00e3o de seguran\u00e7a: Equipado com uma v\u00e1lvula de al\u00edvio para evitar que a bomba de lubrifica\u00e7\u00e3o sobrecarregue a press\u00e3o de trabalho e equipado com um fus\u00edvel de sobrecarga de corrente.<\/span><span id=\"input-sentence~1\"><br \/>\nAlarme de n\u00edvel baixo de \u00f3leo: A bomba de lubrifica\u00e7\u00e3o \u00e9 equipada com um interruptor de n\u00edvel baixo de \u00f3leo que pode emitir um sinal de n\u00edvel baixo de \u00f3leo.<br \/>\nProte\u00e7\u00e3o do motor: o motor da bomba de lubrifica\u00e7\u00e3o JDL3 \u00e9 equipado com um protetor contra superaquecimento para evitar o superaquecimento do motor.<\/span><span id=\"input-sentence~2\"><br \/>\nMonitoramento de press\u00e3o: Um pressostato opcional monitora a ruptura e a perda de press\u00e3o do tubo de \u00f3leo principal do sistema de lubrifica\u00e7\u00e3o.<\/span><\/p>\n<h2>Especifica\u00e7\u00e3o<\/h2>\n<table>\n<tbody>\n<tr>\n<td>Modelo<\/td>\n<td>JDL3<\/td>\n<\/tr>\n<tr>\n<td>Tempo de lubrifica\u00e7\u00e3o<\/td>\n<td>1-999 minutos<\/td>\n<\/tr>\n<tr>\n<td>Tempo de intervalo<\/td>\n<td>1-999 minutos<\/td>\n<\/tr>\n<tr>\n<td>Temperatura de opera\u00e7\u00e3o<\/td>\n<td>0~+50\u00b0C<\/td>\n<\/tr>\n<tr>\n<td>N\u00famero de pontos de venda<\/td>\n<td>1<\/td>\n<\/tr>\n<tr>\n<td>Capacidade do reservat\u00f3rio<\/td>\n<td>2L, 3L, 4L (tanque de metal ou resina), 8L (tanque de metal)<\/td>\n<\/tr>\n<tr>\n<td>Reabastecimento<\/td>\n<td>Do topo<\/td>\n<\/tr>\n<tr>\n<td>Lubrificante<\/td>\n<td>32-68cSt a 40\u2103<\/td>\n<\/tr>\n<tr>\n<td>Pot\u00eancia do motor<\/td>\n<td>30 W<\/td>\n<\/tr>\n<tr>\n<td>Descarga<\/td>\n<td>150 mL\/minuto<\/td>\n<\/tr>\n<tr>\n<td>Press\u00e3o m\u00e1xima de opera\u00e7\u00e3o<\/td>\n<td>1,8 MPa<\/td>\n<\/tr>\n<tr>\n<td>Fio de conex\u00e3o<\/td>\n<td>Sa\u00edda \u03a66<\/td>\n<\/tr>\n<tr>\n<td>Tens\u00e3o de opera\u00e7\u00e3o<\/td>\n<td>110 VCA, 220 VCA<\/td>\n<\/tr>\n<tr>\n<td>Certifica\u00e7\u00e3o<\/td>\n<td>CE<\/td>\n<\/tr>\n<tr>\n<td>Interruptor de baixo n\u00edvel<\/td>\n<td>Contato NC<\/td>\n<\/tr>\n<\/tbody>\n<\/table>\n<h2>Aplicativo<\/h2>\n<p><span id=\"input-sentence~2\">Equipamento de processamento de alimentos: Durante o processamento de alimentos, o sistema de lubrifica\u00e7\u00e3o precisa ser mantido eficiente e limpo, e a bomba de lubrifica\u00e7\u00e3o JDL3 pode fornecer isso.<\/span><span id=\"input-sentence~3\"><br \/>\nM\u00e1quinas de embalagem: A opera\u00e7\u00e3o de alta frequ\u00eancia de m\u00e1quinas de embalagem requer um sistema de lubrifica\u00e7\u00e3o confi\u00e1vel, e a bomba de lubrifica\u00e7\u00e3o JDL3 pode fornecer lubrifica\u00e7\u00e3o est\u00e1vel.<br \/>\nM\u00e1quinas para fabrica\u00e7\u00e3o de papel: A produ\u00e7\u00e3o cont\u00ednua de m\u00e1quinas para fabrica\u00e7\u00e3o de papel tem requisitos muito altos para o sistema de lubrifica\u00e7\u00e3o, e a bomba de lubrifica\u00e7\u00e3o JDL3 pode fornecer lubrifica\u00e7\u00e3o precisa.<\/span><\/p>\n<h2>Manuais<\/h2>\n<div class=\"sdm_download_button_box_default\"><div class=\"sdm_download_link\"><a href=\"https:\/\/www.jinpinlub.com\/pt\/?sdm_process_download=1&download_id=3015\" class=\"sdm_download white\" title=\"Privado: JDL3 Volumetric Oil Pump\" target=\"&quot;_blank&quot;\">Ver Ficha T\u00e9cnica - Bomba JDL3<\/a><\/div><\/div>","protected":false},"excerpt":{"rendered":"<p>A bomba de lubrifica\u00e7\u00e3o de \u00f3leo de motor el\u00e9trico Jinpinlub JDL3 \u00e9 um equipamento de lubrifica\u00e7\u00e3o eficiente e confi\u00e1vel. \u00c9 uma bomba de lubrifica\u00e7\u00e3o de engrenagem de deslocamento positivo com lubrifica\u00e7\u00e3o ajust\u00e1vel e temporizadores de intervalo, amplamente usada em v\u00e1rias m\u00e1quinas e equipamentos industriais.<\/p>","protected":false},"featured_media":3513,"template":"","meta":{"ocean_post_layout":"","ocean_both_sidebars_style":"","ocean_both_sidebars_content_width":0,"ocean_both_sidebars_sidebars_width":0,"ocean_sidebar":"0","ocean_second_sidebar":"0","ocean_disable_margins":"enable","ocean_add_body_class":"","ocean_shortcode_before_top_bar":"","ocean_shortcode_after_top_bar":"","ocean_shortcode_before_header":"","ocean_shortcode_after_header":"","ocean_has_shortcode":"","ocean_shortcode_after_title":"","ocean_shortcode_before_footer_widgets":"","ocean_shortcode_after_footer_widgets":"","ocean_shortcode_before_footer_bottom":"","ocean_shortcode_after_footer_bottom":"","ocean_display_top_bar":"default","ocean_display_header":"default","ocean_header_style":"","ocean_center_header_left_menu":"0","ocean_custom_header_template":"0","ocean_custom_logo":0,"ocean_custom_retina_logo":0,"ocean_custom_logo_max_width":0,"ocean_custom_logo_tablet_max_width":0,"ocean_custom_logo_mobile_max_width":0,"ocean_custom_logo_max_height":0,"ocean_custom_logo_tablet_max_height":0,"ocean_custom_logo_mobile_max_height":0,"ocean_header_custom_menu":"0","ocean_menu_typo_font_family":"0","ocean_menu_typo_font_subset":"","ocean_menu_typo_font_size":0,"ocean_menu_typo_font_size_tablet":0,"ocean_menu_typo_font_size_mobile":0,"ocean_menu_typo_font_size_unit":"px","ocean_menu_typo_font_weight":"","ocean_menu_typo_font_weight_tablet":"","ocean_menu_typo_font_weight_mobile":"","ocean_menu_typo_transform":"","ocean_menu_typo_transform_tablet":"","ocean_menu_typo_transform_mobile":"","ocean_menu_typo_line_height":0,"ocean_menu_typo_line_height_tablet":0,"ocean_menu_typo_line_height_mobile":0,"ocean_menu_typo_line_height_unit":"","ocean_menu_typo_spacing":0,"ocean_menu_typo_spacing_tablet":0,"ocean_menu_typo_spacing_mobile":0,"ocean_menu_typo_spacing_unit":"","ocean_menu_link_color":"","ocean_menu_link_color_hover":"","ocean_menu_link_color_active":"","ocean_menu_link_background":"","ocean_menu_link_hover_background":"","ocean_menu_link_active_background":"","ocean_menu_social_links_bg":"","ocean_menu_social_hover_links_bg":"","ocean_menu_social_links_color":"","ocean_menu_social_hover_links_color":"","ocean_disable_title":"default","ocean_disable_heading":"default","ocean_post_title":"","ocean_post_subheading":"","ocean_post_title_style":"","ocean_post_title_background_color":"","ocean_post_title_background":0,"ocean_post_title_bg_image_position":"","ocean_post_title_bg_image_attachment":"","ocean_post_title_bg_image_repeat":"","ocean_post_title_bg_image_size":"","ocean_post_title_height":0,"ocean_post_title_bg_overlay":0.5,"ocean_post_title_bg_overlay_color":"","ocean_disable_breadcrumbs":"default","ocean_breadcrumbs_color":"","ocean_breadcrumbs_separator_color":"","ocean_breadcrumbs_links_color":"","ocean_breadcrumbs_links_hover_color":"","ocean_display_footer_widgets":"default","ocean_display_footer_bottom":"default","ocean_custom_footer_template":"0","osh_disable_topbar_sticky":"default","osh_disable_header_sticky":"default","osh_sticky_header_style":"default","osh_sticky_header_effect":"","osh_custom_sticky_logo":0,"osh_custom_retina_sticky_logo":0,"osh_custom_sticky_logo_height":0,"osh_background_color":"","osh_links_color":"","osh_links_hover_color":"","osh_links_active_color":"","osh_links_bg_color":"","osh_links_hover_bg_color":"","osh_links_active_bg_color":"","osh_menu_social_links_color":"","osh_menu_social_hover_links_color":""},"product_brand":[],"product_cat":[48,47],"product_tag":[284,285,286],"class_list":{"0":"post-3554","1":"product","2":"type-product","3":"status-publish","4":"has-post-thumbnail","6":"product_cat-electric-volumetric-pumps","7":"product_cat-volumetric-thin-oil-systems","8":"product_tag-electric-oil-lubricator","9":"product_tag-positive-displacement-lubricator","10":"product_tag-volumetric-lubricator","12":"entry","13":"has-media","15":"first","16":"instock","17":"shipping-taxable","18":"product-type-external","19":"col","20":"span_1_of_3","21":"owp-content-center","22":"owp-thumbs-layout-horizontal","23":"owp-btn-very-big","24":"owp-tabs-layout-horizontal"},"_links":{"self":[{"href":"https:\/\/www.jinpinlub.com\/pt\/wp-json\/wp\/v2\/product\/3554","targetHints":{"allow":["GET"]}}],"collection":[{"href":"https:\/\/www.jinpinlub.com\/pt\/wp-json\/wp\/v2\/product"}],"about":[{"href":"https:\/\/www.jinpinlub.com\/pt\/wp-json\/wp\/v2\/types\/product"}],"wp:featuredmedia":[{"embeddable":true,"href":"https:\/\/www.jinpinlub.com\/pt\/wp-json\/wp\/v2\/media\/3513"}],"wp:attachment":[{"href":"https:\/\/www.jinpinlub.com\/pt\/wp-json\/wp\/v2\/media?parent=3554"}],"wp:term":[{"taxonomy":"product_brand","embeddable":true,"href":"https:\/\/www.jinpinlub.com\/pt\/wp-json\/wp\/v2\/product_brand?post=3554"},{"taxonomy":"product_cat","embeddable":true,"href":"https:\/\/www.jinpinlub.com\/pt\/wp-json\/wp\/v2\/product_cat?post=3554"},{"taxonomy":"product_tag","embeddable":true,"href":"https:\/\/www.jinpinlub.com\/pt\/wp-json\/wp\/v2\/product_tag?post=3554"}],"curies":[{"name":"wp","href":"https:\/\/api.w.org\/{rel}","templated":true}]}}