{"id":3557,"date":"2024-08-30T08:45:15","date_gmt":"2024-08-30T00:45:15","guid":{"rendered":"https:\/\/www.jinpinlub.com\/?post_type=product&#038;p=3557"},"modified":"2024-08-30T08:46:17","modified_gmt":"2024-08-30T00:46:17","slug":"jdl2-4-resistencia-motor-eletrico-bomba-de-oleo-bomba-de-engrenagem-para-cnc","status":"publish","type":"product","link":"https:\/\/www.jinpinlub.com\/pt\/product\/jdl2-4-resistance-electric-motor-oil-pump-gear-pump-for-cnc\/","title":{"rendered":"Bomba de \u00f3leo de motor el\u00e9trico de resist\u00eancia JDL2-4 Bomba de engrenagem para CNC"},"content":{"rendered":"<h2>Caracter\u00edsticas<\/h2>\n<p>F\u00e1cil de instalar e conectar: a bomba de lubrifica\u00e7\u00e3o Jinpinlub JDL2-4 tem um design simples, o que \u00e9 conveniente para instala\u00e7\u00e3o e manuten\u00e7\u00e3o r\u00e1pidas.<br \/>\nExcelente desempenho autoescorvante: A bomba de lubrifica\u00e7\u00e3o \u00e9 capaz de autoescorvar \u00f3leo lubrificante a uma press\u00e3o mais baixa para garantir uma opera\u00e7\u00e3o est\u00e1vel do sistema.<br \/>\nAlto fluxo de volume: A bomba de lubrifica\u00e7\u00e3o fornece um fluxo est\u00e1vel de \u00f3leo lubrificante e \u00e9 adequada para uma variedade de aplica\u00e7\u00f5es industriais.<br \/>\nV\u00e1rias op\u00e7\u00f5es de tanques de armazenamento de \u00f3leo: O JDL2-4 fornece tanques de armazenamento de \u00f3leo de pl\u00e1stico de alta resist\u00eancia de 2L, 3L e 4L para atender a diferentes necessidades.<br \/>\nAcess\u00f3rios opcionais: Pode ser equipado com pressostatos e interruptores de baixo n\u00edvel de l\u00edquido, de acordo com as necessidades do cliente, para obter fun\u00e7\u00f5es de controle e alarme autom\u00e1ticos.<\/p>\n<h2>Especifica\u00e7\u00e3o<\/h2>\n<table>\n<tbody>\n<tr>\n<td>Modelo<\/td>\n<td>JDL2<\/td>\n<\/tr>\n<tr>\n<td>Temporizador<\/td>\n<td>CLP<\/td>\n<\/tr>\n<tr>\n<td>Temperatura de opera\u00e7\u00e3o<\/td>\n<td>0~+50\u00b0C<\/td>\n<\/tr>\n<tr>\n<td>N\u00famero de pontos de venda<\/td>\n<td>1<\/td>\n<\/tr>\n<tr>\n<td>Capacidade do reservat\u00f3rio<\/td>\n<td>2L, 3L, 4L (tanque de metal ou resina), 8L (tanque de metal)<\/td>\n<\/tr>\n<tr>\n<td>Reabastecimento<\/td>\n<td>Do topo<\/td>\n<\/tr>\n<tr>\n<td>Lubrificante<\/td>\n<td>32-68cSt a 40\u2103<\/td>\n<\/tr>\n<tr>\n<td>Pot\u00eancia do motor<\/td>\n<td>30 W<\/td>\n<\/tr>\n<tr>\n<td>Descarga<\/td>\n<td>150 mL\/minuto<\/td>\n<\/tr>\n<tr>\n<td>Press\u00e3o m\u00e1xima de opera\u00e7\u00e3o<\/td>\n<td>1,5 MPa<\/td>\n<\/tr>\n<tr>\n<td>Fio de conex\u00e3o<\/td>\n<td>Sa\u00edda \u03a66<\/td>\n<\/tr>\n<tr>\n<td>Tens\u00e3o de opera\u00e7\u00e3o<\/td>\n<td>110 VCA, 220 VCA<\/td>\n<\/tr>\n<tr>\n<td>Certifica\u00e7\u00e3o<\/td>\n<td>CE<\/td>\n<\/tr>\n<tr>\n<td>Posi\u00e7\u00e3o de montagem<\/td>\n<td>Em p\u00e9<\/td>\n<\/tr>\n<\/tbody>\n<\/table>\n<h2>Aplica\u00e7\u00f5es<\/h2>\n<p>JDL2-4 \u00e9 uma bomba de lubrifica\u00e7\u00e3o controlada totalmente autom\u00e1tica do tipo bomba de engrenagem, que tem as caracter\u00edsticas de baixo ru\u00eddo, alta efici\u00eancia, alta estabilidade de press\u00e3o e opera\u00e7\u00e3o simples. \u00c9 adequada para lubrifica\u00e7\u00e3o de engrenagens, trilhos-guia, correntes, etc. em m\u00e1quinas-ferramentas, m\u00e1quinas t\u00eaxteis, elevadores e m\u00e1quinas para trabalhar madeira. Pode ser usada com acess\u00f3rios de lubrifica\u00e7\u00e3o centralizada para atingir o efeito de lubrifica\u00e7\u00e3o autom\u00e1tica com tempo e quantidade fixos sem opera\u00e7\u00e3o manual.<\/p>\n<h2>Manuais<\/h2>\n<div class=\"sdm_download_button_box_default\"><div class=\"sdm_download_link\"><a href=\"https:\/\/www.jinpinlub.com\/pt\/?sdm_process_download=1&download_id=3010\" class=\"sdm_download white\" title=\"Privado: JDL2 Resistance Pump\" target=\"&quot;_blank&quot;\">Ver Ficha T\u00e9cnica - Bomba JDL2<\/a><\/div><\/div>","protected":false},"excerpt":{"rendered":"<p>A bomba de lubrifica\u00e7\u00e3o el\u00e9trica JDL2-4 \u00e9 uma bomba de engrenagem com desempenho autoescorvante e alto fluxo de volume. \u00c9 adequada para m\u00e1quinas-ferramentas, m\u00e1quinas de pl\u00e1stico, m\u00e1quinas t\u00eaxteis, etc. Pode melhorar significativamente o efeito de lubrifica\u00e7\u00e3o do equipamento e reduzir os custos de manuten\u00e7\u00e3o.<\/p>","protected":false},"featured_media":3509,"template":"","meta":{"ocean_post_layout":"","ocean_both_sidebars_style":"","ocean_both_sidebars_content_width":0,"ocean_both_sidebars_sidebars_width":0,"ocean_sidebar":"0","ocean_second_sidebar":"0","ocean_disable_margins":"enable","ocean_add_body_class":"","ocean_shortcode_before_top_bar":"","ocean_shortcode_after_top_bar":"","ocean_shortcode_before_header":"","ocean_shortcode_after_header":"","ocean_has_shortcode":"","ocean_shortcode_after_title":"","ocean_shortcode_before_footer_widgets":"","ocean_shortcode_after_footer_widgets":"","ocean_shortcode_before_footer_bottom":"","ocean_shortcode_after_footer_bottom":"","ocean_display_top_bar":"default","ocean_display_header":"default","ocean_header_style":"","ocean_center_header_left_menu":"0","ocean_custom_header_template":"0","ocean_custom_logo":0,"ocean_custom_retina_logo":0,"ocean_custom_logo_max_width":0,"ocean_custom_logo_tablet_max_width":0,"ocean_custom_logo_mobile_max_width":0,"ocean_custom_logo_max_height":0,"ocean_custom_logo_tablet_max_height":0,"ocean_custom_logo_mobile_max_height":0,"ocean_header_custom_menu":"0","ocean_menu_typo_font_family":"0","ocean_menu_typo_font_subset":"","ocean_menu_typo_font_size":0,"ocean_menu_typo_font_size_tablet":0,"ocean_menu_typo_font_size_mobile":0,"ocean_menu_typo_font_size_unit":"px","ocean_menu_typo_font_weight":"","ocean_menu_typo_font_weight_tablet":"","ocean_menu_typo_font_weight_mobile":"","ocean_menu_typo_transform":"","ocean_menu_typo_transform_tablet":"","ocean_menu_typo_transform_mobile":"","ocean_menu_typo_line_height":0,"ocean_menu_typo_line_height_tablet":0,"ocean_menu_typo_line_height_mobile":0,"ocean_menu_typo_line_height_unit":"","ocean_menu_typo_spacing":0,"ocean_menu_typo_spacing_tablet":0,"ocean_menu_typo_spacing_mobile":0,"ocean_menu_typo_spacing_unit":"","ocean_menu_link_color":"","ocean_menu_link_color_hover":"","ocean_menu_link_color_active":"","ocean_menu_link_background":"","ocean_menu_link_hover_background":"","ocean_menu_link_active_background":"","ocean_menu_social_links_bg":"","ocean_menu_social_hover_links_bg":"","ocean_menu_social_links_color":"","ocean_menu_social_hover_links_color":"","ocean_disable_title":"default","ocean_disable_heading":"default","ocean_post_title":"","ocean_post_subheading":"","ocean_post_title_style":"","ocean_post_title_background_color":"","ocean_post_title_background":0,"ocean_post_title_bg_image_position":"","ocean_post_title_bg_image_attachment":"","ocean_post_title_bg_image_repeat":"","ocean_post_title_bg_image_size":"","ocean_post_title_height":0,"ocean_post_title_bg_overlay":0.5,"ocean_post_title_bg_overlay_color":"","ocean_disable_breadcrumbs":"default","ocean_breadcrumbs_color":"","ocean_breadcrumbs_separator_color":"","ocean_breadcrumbs_links_color":"","ocean_breadcrumbs_links_hover_color":"","ocean_display_footer_widgets":"default","ocean_display_footer_bottom":"default","ocean_custom_footer_template":"0","osh_disable_topbar_sticky":"default","osh_disable_header_sticky":"default","osh_sticky_header_style":"default","osh_sticky_header_effect":"","osh_custom_sticky_logo":0,"osh_custom_retina_sticky_logo":0,"osh_custom_sticky_logo_height":0,"osh_background_color":"","osh_links_color":"","osh_links_hover_color":"","osh_links_active_color":"","osh_links_bg_color":"","osh_links_hover_bg_color":"","osh_links_active_bg_color":"","osh_menu_social_links_color":"","osh_menu_social_hover_links_color":""},"product_brand":[],"product_cat":[51,50],"product_tag":[112,76,111],"class_list":{"0":"post-3557","1":"product","2":"type-product","3":"status-publish","4":"has-post-thumbnail","6":"product_cat-electric-resistance-pumps","7":"product_cat-resistance-thin-oil-systems","8":"product_tag-centralized-lubrication-system","9":"product_tag-electric-lubrication-system","10":"product_tag-oil-lubrication-pump","12":"entry","13":"has-media","15":"first","16":"instock","17":"shipping-taxable","18":"product-type-external","19":"col","20":"span_1_of_3","21":"owp-content-center","22":"owp-thumbs-layout-horizontal","23":"owp-btn-very-big","24":"owp-tabs-layout-horizontal"},"_links":{"self":[{"href":"https:\/\/www.jinpinlub.com\/pt\/wp-json\/wp\/v2\/product\/3557","targetHints":{"allow":["GET"]}}],"collection":[{"href":"https:\/\/www.jinpinlub.com\/pt\/wp-json\/wp\/v2\/product"}],"about":[{"href":"https:\/\/www.jinpinlub.com\/pt\/wp-json\/wp\/v2\/types\/product"}],"wp:featuredmedia":[{"embeddable":true,"href":"https:\/\/www.jinpinlub.com\/pt\/wp-json\/wp\/v2\/media\/3509"}],"wp:attachment":[{"href":"https:\/\/www.jinpinlub.com\/pt\/wp-json\/wp\/v2\/media?parent=3557"}],"wp:term":[{"taxonomy":"product_brand","embeddable":true,"href":"https:\/\/www.jinpinlub.com\/pt\/wp-json\/wp\/v2\/product_brand?post=3557"},{"taxonomy":"product_cat","embeddable":true,"href":"https:\/\/www.jinpinlub.com\/pt\/wp-json\/wp\/v2\/product_cat?post=3557"},{"taxonomy":"product_tag","embeddable":true,"href":"https:\/\/www.jinpinlub.com\/pt\/wp-json\/wp\/v2\/product_tag?post=3557"}],"curies":[{"name":"wp","href":"https:\/\/api.w.org\/{rel}","templated":true}]}}