{"id":3559,"date":"2024-08-30T08:50:02","date_gmt":"2024-08-30T00:50:02","guid":{"rendered":"https:\/\/www.jinpinlub.com\/?post_type=product&#038;p=3559"},"modified":"2024-08-30T08:53:09","modified_gmt":"2024-08-30T00:53:09","slug":"jdl4-4-bomba-de-sistema-de-lubrificacao-de-oleo-volumetrico-controle-plc","status":"publish","type":"product","link":"https:\/\/www.jinpinlub.com\/pt\/product\/jdl4-4-volumetric-oil-lubrication-system-pump-plc-control\/","title":{"rendered":"JDL4-4 Sistema de lubrifica\u00e7\u00e3o de \u00f3leo volum\u00e9trico Bomba PLC Controle"},"content":{"rendered":"<h2>Caracter\u00edsticas<\/h2>\n<p><span id=\"input-sentence~0\">Interruptor de n\u00edvel de l\u00edquido e interruptor de press\u00e3o: Quando o volume de \u00f3leo ou a press\u00e3o do sistema de lubrifica\u00e7\u00e3o \u00e9 insuficiente, um sinal anormal \u00e9 emitido.<br \/>\nLuz indicadora do painel: A bomba de lubrifica\u00e7\u00e3o pode exibir o fornecimento de energia e o status da lubrifica\u00e7\u00e3o para monitoramento em tempo real.<\/span><span id=\"input-sentence~1\"><br \/>\nFun\u00e7\u00e3o de lubrifica\u00e7\u00e3o for\u00e7ada: O sistema de bomba de lubrifica\u00e7\u00e3o possui uma tecla FEED para habilitar a lubrifica\u00e7\u00e3o for\u00e7ada, de modo que o efeito de lubrifica\u00e7\u00e3o seja garantido.<br \/>\nConfigura\u00e7\u00e3o de tempo: O maior tempo de lubrifica\u00e7\u00e3o da bomba de lubrifica\u00e7\u00e3o \u00e9 \u22642min, e seu tempo intermitente \u00e9 5 vezes o tempo de lubrifica\u00e7\u00e3o.<\/span><span id=\"input-sentence~2\"><br \/>\nAutoprote\u00e7\u00e3o do motor: as bombas de lubrifica\u00e7\u00e3o JDL s\u00e3o equipadas com uma fun\u00e7\u00e3o para evitar superaquecimento e sobrecarga do motor.<br \/>\nV\u00e1lvula de al\u00edvio: evita danos ao injetor de \u00f3leo e \u00e0s tubula\u00e7\u00f5es para garantir a opera\u00e7\u00e3o est\u00e1vel do sistema.<br \/>\nFus\u00edvel interno: o JDL evita danos \u00e0 placa IC e ao motor devido a curto-circuito, melhorando a confiabilidade do sistema.<\/span><\/p>\n<h2>Especifica\u00e7\u00e3o<\/h2>\n<table>\n<tbody>\n<tr>\n<td>Temporizador<\/td>\n<td>CLP<\/td>\n<\/tr>\n<tr>\n<td>Temperatura de opera\u00e7\u00e3o<\/td>\n<td>0~+50\u00b0C<\/td>\n<\/tr>\n<tr>\n<td>N\u00famero de pontos de venda<\/td>\n<td>1<\/td>\n<\/tr>\n<tr>\n<td>Capacidade do reservat\u00f3rio<\/td>\n<td>2L, 3L, 4L (tanque de metal ou resina), 8L (tanque de metal)<\/td>\n<\/tr>\n<tr>\n<td>Reabastecimento<\/td>\n<td>Do topo<\/td>\n<\/tr>\n<tr>\n<td>Lubrificante<\/td>\n<td>32-68cSt a 40\u2103<\/td>\n<\/tr>\n<tr>\n<td>Classe de prote\u00e7\u00e3o<\/td>\n<td>IP54<\/td>\n<\/tr>\n<tr>\n<td>Descarga<\/td>\n<td>150 mL\/minuto<\/td>\n<\/tr>\n<tr>\n<td>Press\u00e3o m\u00e1xima de opera\u00e7\u00e3o<\/td>\n<td>1,8 MPa<\/td>\n<\/tr>\n<tr>\n<td>Fio de conex\u00e3o<\/td>\n<td>Sa\u00edda \u03a66<\/td>\n<\/tr>\n<tr>\n<td>Tens\u00e3o de opera\u00e7\u00e3o<\/td>\n<td>110 VCA, 220 VCA<\/td>\n<\/tr>\n<tr>\n<td>Certifica\u00e7\u00e3o<\/td>\n<td>CE<\/td>\n<\/tr>\n<tr>\n<td>Posi\u00e7\u00e3o de montagem<\/td>\n<td>Em p\u00e9<\/td>\n<\/tr>\n<\/tbody>\n<\/table>\n<h2>Aplica\u00e7\u00f5es<\/h2>\n<p>Verifica\u00e7\u00e3o do n\u00edvel de \u00f3leo: A quantidade de \u00f3leo lubrificante deve ser apropriada. Caso contr\u00e1rio, devido \u00e0 incapacidade de fornecer lubrifica\u00e7\u00e3o suficiente, pode ocorrer abras\u00e3o s\u00e9ria.<br \/>\nLimpeza do filtro no hor\u00e1rio: Geralmente h\u00e1 um filtro em cada bomba de lubrifica\u00e7\u00e3o. Impurezas no filtro podem resultar em entupimento do circuito de \u00f3leo.<br \/>\nVerifica\u00e7\u00e3o do pressostato: a bomba de lubrifica\u00e7\u00e3o com pressostato deve ser adequada para uso.<br \/>\nDefini\u00e7\u00e3o do tempo de lubrifica\u00e7\u00e3o: A defini\u00e7\u00e3o razo\u00e1vel de acordo com as necessidades reais do equipamento, o tempo e o intervalo de tempo da bomba de lubrifica\u00e7\u00e3o devem evitar lubrifica\u00e7\u00e3o sup\u00e9rflua ou insuficiente.<\/p>\n<h2>Manuais<\/h2>\n<div class=\"sdm_download_button_box_default\"><div class=\"sdm_download_link\"><a href=\"https:\/\/www.jinpinlub.com\/pt\/?sdm_process_download=1&download_id=2466\" class=\"sdm_download white\" title=\"Privado: JDL4 Volumetric Pump\" target=\"&quot;_blank&quot;\">Ver Ficha T\u00e9cnica - Bomba JDL4<\/a><\/div><\/div>","protected":false},"excerpt":{"rendered":"<p>A bomba de lubrifica\u00e7\u00e3o Jinpinlub JDL4-4 \u00e9 uma bomba de inje\u00e7\u00e3o de deslocamento positivo, que descarrega \u00f3leo com volume preciso e \u00e9 usada com um distribuidor pressurizado para formar um sistema que pode controlar com precis\u00e3o a quantidade de lubrifica\u00e7\u00e3o de cada ponto de lubrifica\u00e7\u00e3o.<\/p>","protected":false},"featured_media":3525,"template":"","meta":{"ocean_post_layout":"","ocean_both_sidebars_style":"","ocean_both_sidebars_content_width":0,"ocean_both_sidebars_sidebars_width":0,"ocean_sidebar":"0","ocean_second_sidebar":"0","ocean_disable_margins":"enable","ocean_add_body_class":"","ocean_shortcode_before_top_bar":"","ocean_shortcode_after_top_bar":"","ocean_shortcode_before_header":"","ocean_shortcode_after_header":"","ocean_has_shortcode":"","ocean_shortcode_after_title":"","ocean_shortcode_before_footer_widgets":"","ocean_shortcode_after_footer_widgets":"","ocean_shortcode_before_footer_bottom":"","ocean_shortcode_after_footer_bottom":"","ocean_display_top_bar":"default","ocean_display_header":"default","ocean_header_style":"","ocean_center_header_left_menu":"0","ocean_custom_header_template":"0","ocean_custom_logo":0,"ocean_custom_retina_logo":0,"ocean_custom_logo_max_width":0,"ocean_custom_logo_tablet_max_width":0,"ocean_custom_logo_mobile_max_width":0,"ocean_custom_logo_max_height":0,"ocean_custom_logo_tablet_max_height":0,"ocean_custom_logo_mobile_max_height":0,"ocean_header_custom_menu":"0","ocean_menu_typo_font_family":"0","ocean_menu_typo_font_subset":"","ocean_menu_typo_font_size":0,"ocean_menu_typo_font_size_tablet":0,"ocean_menu_typo_font_size_mobile":0,"ocean_menu_typo_font_size_unit":"px","ocean_menu_typo_font_weight":"","ocean_menu_typo_font_weight_tablet":"","ocean_menu_typo_font_weight_mobile":"","ocean_menu_typo_transform":"","ocean_menu_typo_transform_tablet":"","ocean_menu_typo_transform_mobile":"","ocean_menu_typo_line_height":0,"ocean_menu_typo_line_height_tablet":0,"ocean_menu_typo_line_height_mobile":0,"ocean_menu_typo_line_height_unit":"","ocean_menu_typo_spacing":0,"ocean_menu_typo_spacing_tablet":0,"ocean_menu_typo_spacing_mobile":0,"ocean_menu_typo_spacing_unit":"","ocean_menu_link_color":"","ocean_menu_link_color_hover":"","ocean_menu_link_color_active":"","ocean_menu_link_background":"","ocean_menu_link_hover_background":"","ocean_menu_link_active_background":"","ocean_menu_social_links_bg":"","ocean_menu_social_hover_links_bg":"","ocean_menu_social_links_color":"","ocean_menu_social_hover_links_color":"","ocean_disable_title":"default","ocean_disable_heading":"default","ocean_post_title":"","ocean_post_subheading":"","ocean_post_title_style":"","ocean_post_title_background_color":"","ocean_post_title_background":0,"ocean_post_title_bg_image_position":"","ocean_post_title_bg_image_attachment":"","ocean_post_title_bg_image_repeat":"","ocean_post_title_bg_image_size":"","ocean_post_title_height":0,"ocean_post_title_bg_overlay":0.5,"ocean_post_title_bg_overlay_color":"","ocean_disable_breadcrumbs":"default","ocean_breadcrumbs_color":"","ocean_breadcrumbs_separator_color":"","ocean_breadcrumbs_links_color":"","ocean_breadcrumbs_links_hover_color":"","ocean_display_footer_widgets":"default","ocean_display_footer_bottom":"default","ocean_custom_footer_template":"0","osh_disable_topbar_sticky":"default","osh_disable_header_sticky":"default","osh_sticky_header_style":"default","osh_sticky_header_effect":"","osh_custom_sticky_logo":0,"osh_custom_retina_sticky_logo":0,"osh_custom_sticky_logo_height":0,"osh_background_color":"","osh_links_color":"","osh_links_hover_color":"","osh_links_active_color":"","osh_links_bg_color":"","osh_links_hover_bg_color":"","osh_links_active_bg_color":"","osh_menu_social_links_color":"","osh_menu_social_hover_links_color":""},"product_brand":[],"product_cat":[48,47],"product_tag":[73,290,289],"class_list":{"0":"post-3559","1":"product","2":"type-product","3":"status-publish","4":"has-post-thumbnail","6":"product_cat-electric-volumetric-pumps","7":"product_cat-volumetric-thin-oil-systems","8":"product_tag-electric-lubrication-pump","9":"product_tag-electric-motor-oil-pump","10":"product_tag-electric-oil-injector","12":"entry","13":"has-media","15":"first","16":"instock","17":"shipping-taxable","18":"product-type-external","19":"col","20":"span_1_of_3","21":"owp-content-center","22":"owp-thumbs-layout-horizontal","23":"owp-btn-very-big","24":"owp-tabs-layout-horizontal"},"_links":{"self":[{"href":"https:\/\/www.jinpinlub.com\/pt\/wp-json\/wp\/v2\/product\/3559","targetHints":{"allow":["GET"]}}],"collection":[{"href":"https:\/\/www.jinpinlub.com\/pt\/wp-json\/wp\/v2\/product"}],"about":[{"href":"https:\/\/www.jinpinlub.com\/pt\/wp-json\/wp\/v2\/types\/product"}],"wp:featuredmedia":[{"embeddable":true,"href":"https:\/\/www.jinpinlub.com\/pt\/wp-json\/wp\/v2\/media\/3525"}],"wp:attachment":[{"href":"https:\/\/www.jinpinlub.com\/pt\/wp-json\/wp\/v2\/media?parent=3559"}],"wp:term":[{"taxonomy":"product_brand","embeddable":true,"href":"https:\/\/www.jinpinlub.com\/pt\/wp-json\/wp\/v2\/product_brand?post=3559"},{"taxonomy":"product_cat","embeddable":true,"href":"https:\/\/www.jinpinlub.com\/pt\/wp-json\/wp\/v2\/product_cat?post=3559"},{"taxonomy":"product_tag","embeddable":true,"href":"https:\/\/www.jinpinlub.com\/pt\/wp-json\/wp\/v2\/product_tag?post=3559"}],"curies":[{"name":"wp","href":"https:\/\/api.w.org\/{rel}","templated":true}]}}