{"id":3568,"date":"2024-08-30T09:43:07","date_gmt":"2024-08-30T01:43:07","guid":{"rendered":"https:\/\/www.jinpinlub.com\/?post_type=product&#038;p=3568"},"modified":"2024-08-30T09:51:21","modified_gmt":"2024-08-30T01:51:21","slug":"lubrificador-eletrico-de-ponto-unico-smd-250ml-com-interruptor-dip","status":"publish","type":"product","link":"https:\/\/www.jinpinlub.com\/pt\/product\/smd-250ml-electric-single-point-lubricator-with-dip-switch\/","title":{"rendered":"Lubrificador el\u00e9trico de ponto \u00fanico SMD 250mL com interruptor DIP"},"content":{"rendered":"<h2>Caracter\u00edsticas<\/h2>\n<p>Para aplica\u00e7\u00f5es com mudan\u00e7as de temperatura, instala\u00e7\u00f5es de longa dist\u00e2ncia, como vibra\u00e7\u00e3o, espa\u00e7os confinados ou ambientes perigosos, o SMD \u00e9 uma op\u00e7\u00e3o.<br \/>\n1. Tampa transparente e tanque de \u00f3leo transparente facilitam a inspe\u00e7\u00e3o visual.<br \/>\n2. A mesma unidade de acionamento pode ser usada com duas capacidades, basta ajustar o interruptor de 125\/250 ml. A fonte de alimenta\u00e7\u00e3o pode ser uma fonte de alimenta\u00e7\u00e3o externa de 24 VDC ou uma bateria de 3 VDC.<br \/>\n3. A velocidade de descarga \u00e9 independente da temperatura e a press\u00e3o de extrus\u00e3o \u00e9 de at\u00e9 6,5 bar.<br \/>\n4. As luzes LED vermelho-amarelo-verde indicam o status do lubrificador.<br \/>\n5. Pode ser usado para instala\u00e7\u00e3o pr\u00f3xima diretamente ou conectado a um tubo.<br \/>\n6. Quando a graxa acabar, substitua o cartucho e a bateria.<br \/>\n7. Aplica\u00e7\u00f5es em locais restritos e perigosos onde confiabilidade e monitoramento adicional s\u00e3o necess\u00e1rios.<\/p>\n<h2>Especifica\u00e7\u00e3o<\/h2>\n<p>Lubrificantes: \u00f3leo ou graxa \u2264 NLGI #2<br \/>\nCapacidade do reservat\u00f3rio: 125mL e 250mL<br \/>\nTempo de esvaziamento: 0,5, 1, 3, 6, 9 e 12 meses<br \/>\nFaixa de descarga: 0,3~0,8 mL\/dia<br \/>\nTemperatura ambiente: -20~60\u2103<br \/>\nPress\u00e3o de trabalho: m\u00e1ximo 6,5 bar<br \/>\nRosca de conex\u00e3o: R1\/4<br \/>\nTubo mais longo: 3m para graxa, 5m para \u00f3leo fino<br \/>\nN\u00edvel de prote\u00e7\u00e3o: IP65<br \/>\nBateria: SMD1-BAT (2 CR17505 em paralelo)<br \/>\nTempo de armazenamento: 3 anos (20\u2103)<br \/>\nPeso total do \u00f3leo: 600g (125mL), 800g (250mL)<\/p>\n<h2>Aplica\u00e7\u00f5es<\/h2>\n<p>Lubrifica\u00e7\u00e3o de rolamentos deslizantes e de rolamento: garante uma opera\u00e7\u00e3o suave dos rolamentos em ambientes de alto risco.<br \/>\nLubrifica\u00e7\u00e3o da guia deslizante: \u00c9 feita com precis\u00e3o para diminuir o atrito e o desgaste.<br \/>\nLubrifica\u00e7\u00e3o de engrenagens e cremalheiras abertas: mant\u00e9m a lubrifica\u00e7\u00e3o intacta sob alta press\u00e3o e alta temperatura.<br \/>\nLubrifica\u00e7\u00e3o do fuso e da veda\u00e7\u00e3o do eixo: protege componentes mec\u00e2nicos cr\u00edticos e prolonga a vida \u00fatil.<br \/>\nLubrifica\u00e7\u00e3o da corrente: evita que as correntes enferrujem e se desgastem em ambientes agressivos.<br \/>\nLubrifica\u00e7\u00e3o de motores: Especialmente adequada para motores el\u00e9tricos que exigem quantidades precisas de lubrifica\u00e7\u00e3o.<\/p>\n<h2>Manuais<\/h2>\n<div class=\"sdm_download_button_box_default\"><div class=\"sdm_download_link\"><a href=\"https:\/\/www.jinpinlub.com\/pt\/?sdm_process_download=1&download_id=2477\" class=\"sdm_download white\" title=\"Privado: SMD Single-point Lubricator\" target=\"&quot;_blank&quot;\">Ver Ficha T\u00e9cnica - Lubrificador SMD<\/a><\/div><\/div>","protected":false},"excerpt":{"rendered":"<p>O lubrificador SML pode ser instalado em qualquer local m\u00f3vel, vibrat\u00f3rio, subaqu\u00e1tico, de alta altitude ou contaminado, e tamb\u00e9m pode ser instalado de cabe\u00e7a para baixo ou horizontalmente. Este lubrificador \u00e9 normalmente um produto descart\u00e1vel, mas pode ser recarregado at\u00e9 tr\u00eas vezes e \u00e9 f\u00e1cil de descartar ap\u00f3s o uso.<\/p>","protected":false},"featured_media":3564,"template":"","meta":{"ocean_post_layout":"","ocean_both_sidebars_style":"","ocean_both_sidebars_content_width":0,"ocean_both_sidebars_sidebars_width":0,"ocean_sidebar":"0","ocean_second_sidebar":"0","ocean_disable_margins":"enable","ocean_add_body_class":"","ocean_shortcode_before_top_bar":"","ocean_shortcode_after_top_bar":"","ocean_shortcode_before_header":"","ocean_shortcode_after_header":"","ocean_has_shortcode":"","ocean_shortcode_after_title":"","ocean_shortcode_before_footer_widgets":"","ocean_shortcode_after_footer_widgets":"","ocean_shortcode_before_footer_bottom":"","ocean_shortcode_after_footer_bottom":"","ocean_display_top_bar":"default","ocean_display_header":"default","ocean_header_style":"","ocean_center_header_left_menu":"0","ocean_custom_header_template":"0","ocean_custom_logo":0,"ocean_custom_retina_logo":0,"ocean_custom_logo_max_width":0,"ocean_custom_logo_tablet_max_width":0,"ocean_custom_logo_mobile_max_width":0,"ocean_custom_logo_max_height":0,"ocean_custom_logo_tablet_max_height":0,"ocean_custom_logo_mobile_max_height":0,"ocean_header_custom_menu":"0","ocean_menu_typo_font_family":"0","ocean_menu_typo_font_subset":"","ocean_menu_typo_font_size":0,"ocean_menu_typo_font_size_tablet":0,"ocean_menu_typo_font_size_mobile":0,"ocean_menu_typo_font_size_unit":"px","ocean_menu_typo_font_weight":"","ocean_menu_typo_font_weight_tablet":"","ocean_menu_typo_font_weight_mobile":"","ocean_menu_typo_transform":"","ocean_menu_typo_transform_tablet":"","ocean_menu_typo_transform_mobile":"","ocean_menu_typo_line_height":0,"ocean_menu_typo_line_height_tablet":0,"ocean_menu_typo_line_height_mobile":0,"ocean_menu_typo_line_height_unit":"","ocean_menu_typo_spacing":0,"ocean_menu_typo_spacing_tablet":0,"ocean_menu_typo_spacing_mobile":0,"ocean_menu_typo_spacing_unit":"","ocean_menu_link_color":"","ocean_menu_link_color_hover":"","ocean_menu_link_color_active":"","ocean_menu_link_background":"","ocean_menu_link_hover_background":"","ocean_menu_link_active_background":"","ocean_menu_social_links_bg":"","ocean_menu_social_hover_links_bg":"","ocean_menu_social_links_color":"","ocean_menu_social_hover_links_color":"","ocean_disable_title":"default","ocean_disable_heading":"default","ocean_post_title":"","ocean_post_subheading":"","ocean_post_title_style":"","ocean_post_title_background_color":"","ocean_post_title_background":0,"ocean_post_title_bg_image_position":"","ocean_post_title_bg_image_attachment":"","ocean_post_title_bg_image_repeat":"","ocean_post_title_bg_image_size":"","ocean_post_title_height":0,"ocean_post_title_bg_overlay":0.5,"ocean_post_title_bg_overlay_color":"","ocean_disable_breadcrumbs":"default","ocean_breadcrumbs_color":"","ocean_breadcrumbs_separator_color":"","ocean_breadcrumbs_links_color":"","ocean_breadcrumbs_links_hover_color":"","ocean_display_footer_widgets":"default","ocean_display_footer_bottom":"default","ocean_custom_footer_template":"0","osh_disable_topbar_sticky":"default","osh_disable_header_sticky":"default","osh_sticky_header_style":"default","osh_sticky_header_effect":"","osh_custom_sticky_logo":0,"osh_custom_retina_sticky_logo":0,"osh_custom_sticky_logo_height":0,"osh_background_color":"","osh_links_color":"","osh_links_hover_color":"","osh_links_active_color":"","osh_links_bg_color":"","osh_links_hover_bg_color":"","osh_links_active_bg_color":"","osh_menu_social_links_color":"","osh_menu_social_hover_links_color":""},"product_brand":[],"product_cat":[33],"product_tag":[292,291,103],"class_list":{"0":"post-3568","1":"product","2":"type-product","3":"status-publish","4":"has-post-thumbnail","6":"product_cat-single-point-lubricators","7":"product_tag-battery-single-point-lubricator","8":"product_tag-electric-single-point-lubricator","9":"product_tag-single-point-lubricator","11":"entry","12":"has-media","14":"first","15":"instock","16":"featured","17":"shipping-taxable","18":"product-type-external","19":"col","20":"span_1_of_3","21":"owp-content-center","22":"owp-thumbs-layout-horizontal","23":"owp-btn-very-big","24":"owp-tabs-layout-horizontal"},"_links":{"self":[{"href":"https:\/\/www.jinpinlub.com\/pt\/wp-json\/wp\/v2\/product\/3568","targetHints":{"allow":["GET"]}}],"collection":[{"href":"https:\/\/www.jinpinlub.com\/pt\/wp-json\/wp\/v2\/product"}],"about":[{"href":"https:\/\/www.jinpinlub.com\/pt\/wp-json\/wp\/v2\/types\/product"}],"wp:featuredmedia":[{"embeddable":true,"href":"https:\/\/www.jinpinlub.com\/pt\/wp-json\/wp\/v2\/media\/3564"}],"wp:attachment":[{"href":"https:\/\/www.jinpinlub.com\/pt\/wp-json\/wp\/v2\/media?parent=3568"}],"wp:term":[{"taxonomy":"product_brand","embeddable":true,"href":"https:\/\/www.jinpinlub.com\/pt\/wp-json\/wp\/v2\/product_brand?post=3568"},{"taxonomy":"product_cat","embeddable":true,"href":"https:\/\/www.jinpinlub.com\/pt\/wp-json\/wp\/v2\/product_cat?post=3568"},{"taxonomy":"product_tag","embeddable":true,"href":"https:\/\/www.jinpinlub.com\/pt\/wp-json\/wp\/v2\/product_tag?post=3568"}],"curies":[{"name":"wp","href":"https:\/\/api.w.org\/{rel}","templated":true}]}}