{"id":3666,"date":"2024-09-13T03:27:17","date_gmt":"2024-09-12T19:27:17","guid":{"rendered":"https:\/\/www.jinpinlub.com\/?post_type=product&#038;p=3666"},"modified":"2024-09-13T03:44:51","modified_gmt":"2024-09-12T19:44:51","slug":"bomba-de-graxa-eletrica-bsb-para-sistemas-de-lubrificacao-de-linha-dupla","status":"publish","type":"product","link":"https:\/\/www.jinpinlub.com\/pt\/product\/bsb-electric-grease-pump-for-dual-line-lubrication-systems\/","title":{"rendered":"Bomba de graxa el\u00e9trica BSB para sistemas de lubrifica\u00e7\u00e3o de linha dupla"},"content":{"rendered":"<h2>Recurso<\/h2>\n<p>A bomba BSB \u00e9 composta de v\u00e1lvulas de \u00eambolo duplo e um tanque de \u00f3leo, e \u00e9 acionada por um motor CA. O movimento rotacional do motor \u00e9 convertido em movimento alternativo do \u00eambolo por meio de uma roda exc\u00eantrica, alcan\u00e7ando o processo de suc\u00e7\u00e3o e press\u00e3o de \u00f3leo. Esta bomba pode ser usada para sistemas de lubrifica\u00e7\u00e3o de linha dupla e sistemas progressivos de linha \u00fanica. A bomba deve ser instalada no centro do sistema, capaz de fornecer graxa para at\u00e9 1000 pontos de lubrifica\u00e7\u00e3o. O comprimento cumulativo da sa\u00edda da bomba at\u00e9 a extremidade mais distante da tubula\u00e7\u00e3o principal deve ser controlado dentro de 100 m.<br \/>\nPress\u00e3o m\u00e1xima 40MPa, graxa lubrificante NLGI 000-3# e \u00f3leo \u2265N68, temperatura de trabalho -20\u2103~+80\u2103.<\/p>\n<h2>Especifica\u00e7\u00e3o<\/h2>\n<table>\n<tbody>\n<tr>\n<td>Temperatura de opera\u00e7\u00e3o<\/td>\n<td>(-20\u00b0C a +80\u00b0C)<\/td>\n<\/tr>\n<tr>\n<td>N\u00famero de pontos de venda<\/td>\n<td>1<\/td>\n<\/tr>\n<tr>\n<td>Capacidade do reservat\u00f3rio<\/td>\n<td>30L, 60L, 100L<\/td>\n<\/tr>\n<tr>\n<td>Reabastecimento<\/td>\n<td>Do topo<\/td>\n<\/tr>\n<tr>\n<td>Lubrificante<\/td>\n<td>Graxa NLGI 000-3# e \u00f3leo \u2265N68<\/td>\n<\/tr>\n<tr>\n<td>Classe de prote\u00e7\u00e3o<\/td>\n<td>IP6K 9K<\/td>\n<\/tr>\n<tr>\n<td>Motor 0,75 kW (80 rpm)<\/td>\n<td>120 mL\/minuto<\/td>\n<\/tr>\n<tr>\n<td>Motor 1,5 kW (160 rpm)<\/td>\n<td>235 mL\/minuto<\/td>\n<\/tr>\n<tr>\n<td>Motor 1,5 kW (250 rpm)<\/td>\n<td>365 mL\/minuto<\/td>\n<\/tr>\n<tr>\n<td>Press\u00e3o m\u00e1xima de opera\u00e7\u00e3o<\/td>\n<td>400 barras<\/td>\n<\/tr>\n<tr>\n<td>Fio de conex\u00e3o<\/td>\n<td>Sol 3\/8<\/td>\n<\/tr>\n<tr>\n<td>Tens\u00e3o de opera\u00e7\u00e3o<\/td>\n<td>Trif\u00e1sico 380VAC 50Hz<\/td>\n<\/tr>\n<\/tbody>\n<\/table>\n<h2>Aplicativo<\/h2>\n<p>M\u00e1quinas industriais: As bombas de lubrifica\u00e7\u00e3o da s\u00e9rie BSB podem ser aplicadas em grandes aparelhos mec\u00e2nicos, como prensas, laminadores e m\u00e1quinas de moldagem por inje\u00e7\u00e3o para lubrifica\u00e7\u00e3o multiponto.<br \/>\nSider\u00fargicas: A demanda por lubrifica\u00e7\u00e3o no processo de produ\u00e7\u00e3o de a\u00e7o \u00e9 bastante alta, e as bombas de graxa BSB podem garantir a opera\u00e7\u00e3o normal do equipamento.<br \/>\nO equipamento de minera\u00e7\u00e3o opera principalmente sob condi\u00e7\u00f5es hostis. As bombas BSB podem apenas ajudar a fornecer lubrifica\u00e7\u00e3o adequada, estendendo a vida \u00fatil.<br \/>\nF\u00e1bricas de papel: A fabrica\u00e7\u00e3o de pratos de papel exige uma lubrifica\u00e7\u00e3o constante das m\u00e1quinas para que a produ\u00e7\u00e3o seja eficaz; essa \u00e9 uma demanda que as bombas BSB podem atender.<br \/>\nUsinas de energia: A lubrifica\u00e7\u00e3o de equipamentos para gera\u00e7\u00e3o de energia \u00e9 muito importante em vista da estabilidade na produ\u00e7\u00e3o de energia. Al\u00e9m disso, h\u00e1 uma ampla aplica\u00e7\u00e3o de bombas de lubrifica\u00e7\u00e3o de linha dupla BSB neste campo.<\/p>\n<h2>Manuais<\/h2>\n<div class=\"sdm_download_button_box_default\"><div class=\"sdm_download_link\"><a href=\"https:\/\/www.jinpinlub.com\/pt\/?sdm_process_download=1&download_id=3654\" class=\"sdm_download white\" title=\"Privado: BSB Dual-line Grease Pump\" target=\"&quot;_blank&quot;\">Ver Ficha T\u00e9cnica - Bomba BSB Dual-line<\/a><\/div><\/div>","protected":false},"excerpt":{"rendered":"<p>A bomba de lubrifica\u00e7\u00e3o el\u00e9trica de linha dupla BSB fornece lubrificante sob press\u00e3o para a tubula\u00e7\u00e3o de suprimento principal por meio de uma v\u00e1lvula de controle el\u00e9trica ou pneum\u00e1tica, distribuindo-o de forma uniforme e precisa para os pontos de lubrifica\u00e7\u00e3o. \u00c9 usada em m\u00e1quinas industriais, sider\u00fargicas e equipamentos de minera\u00e7\u00e3o.<\/p>","protected":false},"featured_media":3593,"template":"","meta":{"ocean_post_layout":"","ocean_both_sidebars_style":"","ocean_both_sidebars_content_width":0,"ocean_both_sidebars_sidebars_width":0,"ocean_sidebar":"0","ocean_second_sidebar":"0","ocean_disable_margins":"enable","ocean_add_body_class":"","ocean_shortcode_before_top_bar":"","ocean_shortcode_after_top_bar":"","ocean_shortcode_before_header":"","ocean_shortcode_after_header":"","ocean_has_shortcode":"","ocean_shortcode_after_title":"","ocean_shortcode_before_footer_widgets":"","ocean_shortcode_after_footer_widgets":"","ocean_shortcode_before_footer_bottom":"","ocean_shortcode_after_footer_bottom":"","ocean_display_top_bar":"default","ocean_display_header":"default","ocean_header_style":"","ocean_center_header_left_menu":"0","ocean_custom_header_template":"0","ocean_custom_logo":0,"ocean_custom_retina_logo":0,"ocean_custom_logo_max_width":0,"ocean_custom_logo_tablet_max_width":0,"ocean_custom_logo_mobile_max_width":0,"ocean_custom_logo_max_height":0,"ocean_custom_logo_tablet_max_height":0,"ocean_custom_logo_mobile_max_height":0,"ocean_header_custom_menu":"0","ocean_menu_typo_font_family":"0","ocean_menu_typo_font_subset":"","ocean_menu_typo_font_size":0,"ocean_menu_typo_font_size_tablet":0,"ocean_menu_typo_font_size_mobile":0,"ocean_menu_typo_font_size_unit":"px","ocean_menu_typo_font_weight":"","ocean_menu_typo_font_weight_tablet":"","ocean_menu_typo_font_weight_mobile":"","ocean_menu_typo_transform":"","ocean_menu_typo_transform_tablet":"","ocean_menu_typo_transform_mobile":"","ocean_menu_typo_line_height":0,"ocean_menu_typo_line_height_tablet":0,"ocean_menu_typo_line_height_mobile":0,"ocean_menu_typo_line_height_unit":"","ocean_menu_typo_spacing":0,"ocean_menu_typo_spacing_tablet":0,"ocean_menu_typo_spacing_mobile":0,"ocean_menu_typo_spacing_unit":"","ocean_menu_link_color":"","ocean_menu_link_color_hover":"","ocean_menu_link_color_active":"","ocean_menu_link_background":"","ocean_menu_link_hover_background":"","ocean_menu_link_active_background":"","ocean_menu_social_links_bg":"","ocean_menu_social_hover_links_bg":"","ocean_menu_social_links_color":"","ocean_menu_social_hover_links_color":"","ocean_disable_title":"default","ocean_disable_heading":"default","ocean_post_title":"","ocean_post_subheading":"","ocean_post_title_style":"","ocean_post_title_background_color":"","ocean_post_title_background":0,"ocean_post_title_bg_image_position":"","ocean_post_title_bg_image_attachment":"","ocean_post_title_bg_image_repeat":"","ocean_post_title_bg_image_size":"","ocean_post_title_height":0,"ocean_post_title_bg_overlay":0.5,"ocean_post_title_bg_overlay_color":"","ocean_disable_breadcrumbs":"default","ocean_breadcrumbs_color":"","ocean_breadcrumbs_separator_color":"","ocean_breadcrumbs_links_color":"","ocean_breadcrumbs_links_hover_color":"","ocean_display_footer_widgets":"default","ocean_display_footer_bottom":"default","ocean_custom_footer_template":"0","osh_disable_topbar_sticky":"default","osh_disable_header_sticky":"default","osh_sticky_header_style":"default","osh_sticky_header_effect":"","osh_custom_sticky_logo":0,"osh_custom_retina_sticky_logo":0,"osh_custom_sticky_logo_height":0,"osh_background_color":"","osh_links_color":"","osh_links_hover_color":"","osh_links_active_color":"","osh_links_bg_color":"","osh_links_hover_bg_color":"","osh_links_active_bg_color":"","osh_menu_social_links_color":"","osh_menu_social_hover_links_color":""},"product_brand":[],"product_cat":[35,34],"product_tag":[296,73,283],"class_list":{"0":"post-3666","1":"product","2":"type-product","3":"status-publish","4":"has-post-thumbnail","6":"product_cat-dual-line-lubrication-pumps","7":"product_cat-dual-line-lubrication-systems","8":"product_tag-dual-line-lubrication-pump","9":"product_tag-electric-lubrication-pump","10":"product_tag-electric-lubricator","12":"entry","13":"has-media","15":"first","16":"instock","17":"shipping-taxable","18":"product-type-external","19":"col","20":"span_1_of_3","21":"owp-content-center","22":"owp-thumbs-layout-horizontal","23":"owp-btn-very-big","24":"owp-tabs-layout-horizontal"},"_links":{"self":[{"href":"https:\/\/www.jinpinlub.com\/pt\/wp-json\/wp\/v2\/product\/3666","targetHints":{"allow":["GET"]}}],"collection":[{"href":"https:\/\/www.jinpinlub.com\/pt\/wp-json\/wp\/v2\/product"}],"about":[{"href":"https:\/\/www.jinpinlub.com\/pt\/wp-json\/wp\/v2\/types\/product"}],"wp:featuredmedia":[{"embeddable":true,"href":"https:\/\/www.jinpinlub.com\/pt\/wp-json\/wp\/v2\/media\/3593"}],"wp:attachment":[{"href":"https:\/\/www.jinpinlub.com\/pt\/wp-json\/wp\/v2\/media?parent=3666"}],"wp:term":[{"taxonomy":"product_brand","embeddable":true,"href":"https:\/\/www.jinpinlub.com\/pt\/wp-json\/wp\/v2\/product_brand?post=3666"},{"taxonomy":"product_cat","embeddable":true,"href":"https:\/\/www.jinpinlub.com\/pt\/wp-json\/wp\/v2\/product_cat?post=3666"},{"taxonomy":"product_tag","embeddable":true,"href":"https:\/\/www.jinpinlub.com\/pt\/wp-json\/wp\/v2\/product_tag?post=3666"}],"curies":[{"name":"wp","href":"https:\/\/api.w.org\/{rel}","templated":true}]}}