{"id":3674,"date":"2024-09-13T22:13:05","date_gmt":"2024-09-13T14:13:05","guid":{"rendered":"https:\/\/www.jinpinlub.com\/?post_type=product&#038;p=3674"},"modified":"2024-09-13T22:36:52","modified_gmt":"2024-09-13T14:36:52","slug":"bomba-de-lubrificacao-eletrica-multiponto-fza-1-14-saida-315bar","status":"publish","type":"product","link":"https:\/\/www.jinpinlub.com\/pt\/product\/fza-1-14-outlet-315bar-multi-point-electric-lubrication-pump\/","title":{"rendered":"Bomba de lubrifica\u00e7\u00e3o el\u00e9trica multiponto FZA 1-14 Outlet 315bar"},"content":{"rendered":"<h2>Recurso<\/h2>\n<p>A bomba \u00e9 adequada para sistemas de lubrifica\u00e7\u00e3o multilinha com baixa frequ\u00eancia de lubrifica\u00e7\u00e3o, pontos de lubrifica\u00e7\u00e3o abaixo de 50 pontos e press\u00e3o nominal de 31,5 MPa. \u00c9 um dispositivo que, diretamente ou por meio de um distribuidor de linha \u00fanica, fornece graxa lubrificante aos pontos de lubrifica\u00e7\u00e3o. Especialmente adequado para equipamentos de m\u00e1quina \u00fanica, como metalurgia, minera\u00e7\u00e3o, maquin\u00e1rio pesado, constru\u00e7\u00e3o de transporte portu\u00e1rio, etc.<\/p>\n<h2>Especifica\u00e7\u00e3o<\/h2>\n<table>\n<tbody>\n<tr>\n<td>Temperatura de opera\u00e7\u00e3o<\/td>\n<td>(-20 ~ +80 \u2103)<\/td>\n<\/tr>\n<tr>\n<td>N\u00famero de pontos de venda<\/td>\n<td>1~14<\/td>\n<\/tr>\n<tr>\n<td>Capacidade do reservat\u00f3rio<\/td>\n<td>10L, 20L, 30L<\/td>\n<\/tr>\n<tr>\n<td>Reabastecimento<\/td>\n<td>Conex\u00e3o de lubrifica\u00e7\u00e3o hidr\u00e1ulica<\/td>\n<\/tr>\n<tr>\n<td>Lubrificante<\/td>\n<td>Graxa NLGI 0 #~2 #, \u00d3leo \u2265 N68<\/td>\n<\/tr>\n<tr>\n<td>Classe de prote\u00e7\u00e3o<\/td>\n<td>IP6K 9K<\/td>\n<\/tr>\n<tr>\n<td>Descarga<\/td>\n<td>1,8, 3,5, 5,8, 10,5, 25 mL\/min<\/td>\n<\/tr>\n<tr>\n<td>Press\u00e3o m\u00e1xima de opera\u00e7\u00e3o<\/td>\n<td>315 barras<\/td>\n<\/tr>\n<tr>\n<td>Fio de conex\u00e3o<\/td>\n<td>M14*1 (\u03a68)<\/td>\n<\/tr>\n<tr>\n<td>Tens\u00e3o de opera\u00e7\u00e3o<\/td>\n<td>380 VCA<\/td>\n<\/tr>\n<tr>\n<td>Velocidade de trabalho<\/td>\n<td>22 ciclos\/min<\/td>\n<\/tr>\n<\/tbody>\n<\/table>\n<h2>Aplicativo<\/h2>\n<p>1. Este tipo de bomba de lubrifica\u00e7\u00e3o multiponto deve ser instalada em um local com temperatura ambiente adequada, pouca poeira, f\u00e1cil inspe\u00e7\u00e3o, manuten\u00e7\u00e3o e reposi\u00e7\u00e3o conveniente de graxa.<br \/>\n2. A adi\u00e7\u00e3o de graxa ao reservat\u00f3rio deve ser feita atrav\u00e9s da porta de enchimento do reservat\u00f3rio usando uma bomba de recarga, sendo estritamente proibido remover a tampa e adicionar lubrificante n\u00e3o filtrado.<br \/>\n3. Conecte o motor de acordo com o sentido de rota\u00e7\u00e3o indicado na parede do recipiente de armazenamento de \u00f3leo e n\u00e3o o inverta.<br \/>\n4. O n\u00famero de portas de \u00f3leo pode ser selecionado livremente dentro do intervalo de 1-14. Dependendo dos requisitos do equipamento, os componentes da bomba de \u00eambolo de press\u00e3o que n\u00e3o s\u00e3o necess\u00e1rios podem ser removidos por si mesmos, e os furos dos parafusos podem ser selados com plugues M20x1,5.<\/p>\n<h2>Manuais<\/h2>\n<div class=\"sdm_download_button_box_default\"><div class=\"sdm_download_link\"><a href=\"https:\/\/www.jinpinlub.com\/pt\/?sdm_process_download=1&download_id=3657\" class=\"sdm_download white\" title=\"Privado: FZ-A Multipoint Pump\" target=\"&quot;_blank&quot;\">Ver Ficha T\u00e9cnica - Bomba Multiponto FZ-A<\/a><\/div><\/div>","protected":false},"excerpt":{"rendered":"<p>FZ-A \u00e9 uma bomba el\u00e9trica de lubrifica\u00e7\u00e3o multiponto que pode atender at\u00e9 14 pontos de lubrifica\u00e7\u00e3o. Ela tem componentes robustos e um agitador de graxa para garantir o fornecimento cont\u00ednuo de graxa. Ela tem m\u00faltiplas capacidades de descarga e pode lidar com \u00f3leos e graxas at\u00e9 NLGI 000-2.<\/p>","protected":false},"featured_media":3607,"template":"","meta":{"ocean_post_layout":"","ocean_both_sidebars_style":"","ocean_both_sidebars_content_width":0,"ocean_both_sidebars_sidebars_width":0,"ocean_sidebar":"0","ocean_second_sidebar":"0","ocean_disable_margins":"enable","ocean_add_body_class":"","ocean_shortcode_before_top_bar":"","ocean_shortcode_after_top_bar":"","ocean_shortcode_before_header":"","ocean_shortcode_after_header":"","ocean_has_shortcode":"","ocean_shortcode_after_title":"","ocean_shortcode_before_footer_widgets":"","ocean_shortcode_after_footer_widgets":"","ocean_shortcode_before_footer_bottom":"","ocean_shortcode_after_footer_bottom":"","ocean_display_top_bar":"default","ocean_display_header":"default","ocean_header_style":"","ocean_center_header_left_menu":"0","ocean_custom_header_template":"0","ocean_custom_logo":0,"ocean_custom_retina_logo":0,"ocean_custom_logo_max_width":0,"ocean_custom_logo_tablet_max_width":0,"ocean_custom_logo_mobile_max_width":0,"ocean_custom_logo_max_height":0,"ocean_custom_logo_tablet_max_height":0,"ocean_custom_logo_mobile_max_height":0,"ocean_header_custom_menu":"0","ocean_menu_typo_font_family":"0","ocean_menu_typo_font_subset":"","ocean_menu_typo_font_size":0,"ocean_menu_typo_font_size_tablet":0,"ocean_menu_typo_font_size_mobile":0,"ocean_menu_typo_font_size_unit":"px","ocean_menu_typo_font_weight":"","ocean_menu_typo_font_weight_tablet":"","ocean_menu_typo_font_weight_mobile":"","ocean_menu_typo_transform":"","ocean_menu_typo_transform_tablet":"","ocean_menu_typo_transform_mobile":"","ocean_menu_typo_line_height":0,"ocean_menu_typo_line_height_tablet":0,"ocean_menu_typo_line_height_mobile":0,"ocean_menu_typo_line_height_unit":"","ocean_menu_typo_spacing":0,"ocean_menu_typo_spacing_tablet":0,"ocean_menu_typo_spacing_mobile":0,"ocean_menu_typo_spacing_unit":"","ocean_menu_link_color":"","ocean_menu_link_color_hover":"","ocean_menu_link_color_active":"","ocean_menu_link_background":"","ocean_menu_link_hover_background":"","ocean_menu_link_active_background":"","ocean_menu_social_links_bg":"","ocean_menu_social_hover_links_bg":"","ocean_menu_social_links_color":"","ocean_menu_social_hover_links_color":"","ocean_disable_title":"default","ocean_disable_heading":"default","ocean_post_title":"","ocean_post_subheading":"","ocean_post_title_style":"","ocean_post_title_background_color":"","ocean_post_title_background":0,"ocean_post_title_bg_image_position":"","ocean_post_title_bg_image_attachment":"","ocean_post_title_bg_image_repeat":"","ocean_post_title_bg_image_size":"","ocean_post_title_height":0,"ocean_post_title_bg_overlay":0.5,"ocean_post_title_bg_overlay_color":"","ocean_disable_breadcrumbs":"default","ocean_breadcrumbs_color":"","ocean_breadcrumbs_separator_color":"","ocean_breadcrumbs_links_color":"","ocean_breadcrumbs_links_hover_color":"","ocean_display_footer_widgets":"default","ocean_display_footer_bottom":"default","ocean_custom_footer_template":"0","osh_disable_topbar_sticky":"default","osh_disable_header_sticky":"default","osh_sticky_header_style":"default","osh_sticky_header_effect":"","osh_custom_sticky_logo":0,"osh_custom_retina_sticky_logo":0,"osh_custom_sticky_logo_height":0,"osh_background_color":"","osh_links_color":"","osh_links_hover_color":"","osh_links_active_color":"","osh_links_bg_color":"","osh_links_hover_bg_color":"","osh_links_active_bg_color":"","osh_menu_social_links_color":"","osh_menu_social_hover_links_color":""},"product_brand":[],"product_cat":[42,41],"product_tag":[73,77,205],"class_list":{"0":"post-3674","1":"product","2":"type-product","3":"status-publish","4":"has-post-thumbnail","6":"product_cat-electric-progressive-pumps","7":"product_cat-progressive-grease-systems","8":"product_tag-electric-lubrication-pump","9":"product_tag-grease-lubrication-pump","10":"product_tag-multi-point-lubrication-pump","12":"entry","13":"has-media","15":"first","16":"instock","17":"shipping-taxable","18":"product-type-external","19":"col","20":"span_1_of_3","21":"owp-content-center","22":"owp-thumbs-layout-horizontal","23":"owp-btn-very-big","24":"owp-tabs-layout-horizontal"},"_links":{"self":[{"href":"https:\/\/www.jinpinlub.com\/pt\/wp-json\/wp\/v2\/product\/3674","targetHints":{"allow":["GET"]}}],"collection":[{"href":"https:\/\/www.jinpinlub.com\/pt\/wp-json\/wp\/v2\/product"}],"about":[{"href":"https:\/\/www.jinpinlub.com\/pt\/wp-json\/wp\/v2\/types\/product"}],"wp:featuredmedia":[{"embeddable":true,"href":"https:\/\/www.jinpinlub.com\/pt\/wp-json\/wp\/v2\/media\/3607"}],"wp:attachment":[{"href":"https:\/\/www.jinpinlub.com\/pt\/wp-json\/wp\/v2\/media?parent=3674"}],"wp:term":[{"taxonomy":"product_brand","embeddable":true,"href":"https:\/\/www.jinpinlub.com\/pt\/wp-json\/wp\/v2\/product_brand?post=3674"},{"taxonomy":"product_cat","embeddable":true,"href":"https:\/\/www.jinpinlub.com\/pt\/wp-json\/wp\/v2\/product_cat?post=3674"},{"taxonomy":"product_tag","embeddable":true,"href":"https:\/\/www.jinpinlub.com\/pt\/wp-json\/wp\/v2\/product_tag?post=3674"}],"curies":[{"name":"wp","href":"https:\/\/api.w.org\/{rel}","templated":true}]}}