{"id":3677,"date":"2024-09-13T22:58:55","date_gmt":"2024-09-13T14:58:55","guid":{"rendered":"https:\/\/www.jinpinlub.com\/?post_type=product&#038;p=3677"},"modified":"2024-09-13T23:20:47","modified_gmt":"2024-09-13T15:20:47","slug":"valvula-direcional-solenoide-sv-para-bomba-de-lubrificacao-de-linha-dupla","status":"publish","type":"product","link":"https:\/\/www.jinpinlub.com\/pt\/product\/sv-solenoid-directional-valve-for-dual-line-lubrication-pump\/","title":{"rendered":"V\u00e1lvula direcional solen\u00f3ide SV para bomba de lubrifica\u00e7\u00e3o de linha dupla"},"content":{"rendered":"<h2>Recurso<\/h2>\n<p>\u00c9 usado no sistema de lubrifica\u00e7\u00e3o de terminais el\u00e9tricos. A caixa de controle el\u00e9trico recebe sinal da v\u00e1lvula de controle de press\u00e3o e controla a v\u00e1lvula para realizar o fornecimento alternado e a abertura de duas linhas principais.<br \/>\nA estrutura da v\u00e1lvula de deslizamento cil\u00edndrica \u00e9 adotada para fazer a porta da v\u00e1lvula abrir e fechar firmemente e manter alta press\u00e3o sem vazamento. O forte eletro\u00edm\u00e3 e o amortecedor de mola tornam a comuta\u00e7\u00e3o confi\u00e1vel.<\/p>\n<h2>Especifica\u00e7\u00e3o<\/h2>\n<table>\n<tbody>\n<tr>\n<td>Modelo<\/td>\n<td>SV<\/td>\n<\/tr>\n<tr>\n<td>Press\u00e3o de opera\u00e7\u00e3o<\/td>\n<td>20 MPa<\/td>\n<\/tr>\n<tr>\n<td>Porto de retorno<\/td>\n<td>10 MPa<\/td>\n<\/tr>\n<tr>\n<td>Taxa de fluxo<\/td>\n<td>3L\/min<\/td>\n<\/tr>\n<tr>\n<td>Trocando<\/td>\n<td>30 ciclos\/min<\/td>\n<\/tr>\n<tr>\n<td>Tens\u00e3o<\/td>\n<td>220 VCA, 24 VCC<\/td>\n<\/tr>\n<tr>\n<td>Torque do motor<\/td>\n<td>20 milhas n\u00e1uticas<\/td>\n<\/tr>\n<tr>\n<td>Lubrificante<\/td>\n<td>Graxa NLGI 0~1# ou \u00d3leo \uff1e N68<\/td>\n<\/tr>\n<tr>\n<td>Temperatura de opera\u00e7\u00e3o<\/td>\n<td>0~50\u2103<\/td>\n<\/tr>\n<tr>\n<td>Tipo de mola<\/td>\n<td>Compensa\u00e7\u00e3o<\/td>\n<\/tr>\n<\/tbody>\n<\/table>\n<h2>Aplicativo<\/h2>\n<p>Sistema hidr\u00e1ulico: O SV \u00e9 usado para controlar a dire\u00e7\u00e3o do movimento de cilindros hidr\u00e1ulicos e motores hidr\u00e1ulicos e \u00e9 comumente encontrado em m\u00e1quinas-ferramentas, equipamentos metal\u00fargicos e m\u00e1quinas de engenharia.<br \/>\nSistema de lubrifica\u00e7\u00e3o: As v\u00e1lvulas de revers\u00e3o eletromagn\u00e9ticas SV s\u00e3o geralmente usadas em sistemas de lubrifica\u00e7\u00e3o de linha dupla para controlar o fornecimento alternado de \u00f3leo de duas redes de lubrifica\u00e7\u00e3o.<br \/>\nAutoma\u00e7\u00e3o industrial: Em linhas de produ\u00e7\u00e3o automatizadas, o SV \u00e9 usado em conjunto com sensores e atuadores para obter controle preciso dos fluxos de processo.<\/p>\n<h2>Manuais<\/h2>\n<div class=\"sdm_download_button_box_default\"><div class=\"sdm_download_link\"><a href=\"https:\/\/www.jinpinlub.com\/pt\/?sdm_process_download=1&download_id=3660\" class=\"sdm_download white\" title=\"Privado: SV Solenoid Valve\" target=\"&quot;_blank&quot;\">Ver Ficha T\u00e9cnica - V\u00e1lvula Solen\u00f3ide SV<\/a><\/div><\/div>","protected":false},"excerpt":{"rendered":"<p>SV \u00e9 uma v\u00e1lvula usada em sistema de lubrifica\u00e7\u00e3o centralizada de terminal el\u00e9trico, geralmente usada para controlar o suprimento de \u00f3leo alternado de 2 linhas principais, e tem controle de v\u00e1lvula de revers\u00e3o de solen\u00f3ide 4\/3. Seu design permite que ele mantenha um desempenho est\u00e1vel sob opera\u00e7\u00e3o de alta press\u00e3o.<\/p>","protected":false},"featured_media":3614,"template":"","meta":{"ocean_post_layout":"","ocean_both_sidebars_style":"","ocean_both_sidebars_content_width":0,"ocean_both_sidebars_sidebars_width":0,"ocean_sidebar":"0","ocean_second_sidebar":"0","ocean_disable_margins":"enable","ocean_add_body_class":"","ocean_shortcode_before_top_bar":"","ocean_shortcode_after_top_bar":"","ocean_shortcode_before_header":"","ocean_shortcode_after_header":"","ocean_has_shortcode":"","ocean_shortcode_after_title":"","ocean_shortcode_before_footer_widgets":"","ocean_shortcode_after_footer_widgets":"","ocean_shortcode_before_footer_bottom":"","ocean_shortcode_after_footer_bottom":"","ocean_display_top_bar":"default","ocean_display_header":"default","ocean_header_style":"","ocean_center_header_left_menu":"0","ocean_custom_header_template":"0","ocean_custom_logo":0,"ocean_custom_retina_logo":0,"ocean_custom_logo_max_width":0,"ocean_custom_logo_tablet_max_width":0,"ocean_custom_logo_mobile_max_width":0,"ocean_custom_logo_max_height":0,"ocean_custom_logo_tablet_max_height":0,"ocean_custom_logo_mobile_max_height":0,"ocean_header_custom_menu":"0","ocean_menu_typo_font_family":"0","ocean_menu_typo_font_subset":"","ocean_menu_typo_font_size":0,"ocean_menu_typo_font_size_tablet":0,"ocean_menu_typo_font_size_mobile":0,"ocean_menu_typo_font_size_unit":"px","ocean_menu_typo_font_weight":"","ocean_menu_typo_font_weight_tablet":"","ocean_menu_typo_font_weight_mobile":"","ocean_menu_typo_transform":"","ocean_menu_typo_transform_tablet":"","ocean_menu_typo_transform_mobile":"","ocean_menu_typo_line_height":0,"ocean_menu_typo_line_height_tablet":0,"ocean_menu_typo_line_height_mobile":0,"ocean_menu_typo_line_height_unit":"","ocean_menu_typo_spacing":0,"ocean_menu_typo_spacing_tablet":0,"ocean_menu_typo_spacing_mobile":0,"ocean_menu_typo_spacing_unit":"","ocean_menu_link_color":"","ocean_menu_link_color_hover":"","ocean_menu_link_color_active":"","ocean_menu_link_background":"","ocean_menu_link_hover_background":"","ocean_menu_link_active_background":"","ocean_menu_social_links_bg":"","ocean_menu_social_hover_links_bg":"","ocean_menu_social_links_color":"","ocean_menu_social_hover_links_color":"","ocean_disable_title":"default","ocean_disable_heading":"default","ocean_post_title":"","ocean_post_subheading":"","ocean_post_title_style":"","ocean_post_title_background_color":"","ocean_post_title_background":0,"ocean_post_title_bg_image_position":"","ocean_post_title_bg_image_attachment":"","ocean_post_title_bg_image_repeat":"","ocean_post_title_bg_image_size":"","ocean_post_title_height":0,"ocean_post_title_bg_overlay":0.5,"ocean_post_title_bg_overlay_color":"","ocean_disable_breadcrumbs":"default","ocean_breadcrumbs_color":"","ocean_breadcrumbs_separator_color":"","ocean_breadcrumbs_links_color":"","ocean_breadcrumbs_links_hover_color":"","ocean_display_footer_widgets":"default","ocean_display_footer_bottom":"default","ocean_custom_footer_template":"0","osh_disable_topbar_sticky":"default","osh_disable_header_sticky":"default","osh_sticky_header_style":"default","osh_sticky_header_effect":"","osh_custom_sticky_logo":0,"osh_custom_retina_sticky_logo":0,"osh_custom_sticky_logo_height":0,"osh_background_color":"","osh_links_color":"","osh_links_hover_color":"","osh_links_active_color":"","osh_links_bg_color":"","osh_links_hover_bg_color":"","osh_links_active_bg_color":"","osh_menu_social_links_color":"","osh_menu_social_hover_links_color":""},"product_brand":[],"product_cat":[36,34],"product_tag":[297,305,306],"class_list":{"0":"post-3677","1":"product","2":"type-product","3":"status-publish","4":"has-post-thumbnail","6":"product_cat-dual-line-divider-valves","7":"product_cat-dual-line-lubrication-systems","8":"product_tag-hydraulic-reversing-valve","9":"product_tag-hydraulic-solenoid-valve","10":"product_tag-lubrication-solenoid-valve","12":"entry","13":"has-media","15":"first","16":"instock","17":"shipping-taxable","18":"product-type-external","19":"col","20":"span_1_of_3","21":"owp-content-center","22":"owp-thumbs-layout-horizontal","23":"owp-btn-very-big","24":"owp-tabs-layout-horizontal"},"_links":{"self":[{"href":"https:\/\/www.jinpinlub.com\/pt\/wp-json\/wp\/v2\/product\/3677","targetHints":{"allow":["GET"]}}],"collection":[{"href":"https:\/\/www.jinpinlub.com\/pt\/wp-json\/wp\/v2\/product"}],"about":[{"href":"https:\/\/www.jinpinlub.com\/pt\/wp-json\/wp\/v2\/types\/product"}],"wp:featuredmedia":[{"embeddable":true,"href":"https:\/\/www.jinpinlub.com\/pt\/wp-json\/wp\/v2\/media\/3614"}],"wp:attachment":[{"href":"https:\/\/www.jinpinlub.com\/pt\/wp-json\/wp\/v2\/media?parent=3677"}],"wp:term":[{"taxonomy":"product_brand","embeddable":true,"href":"https:\/\/www.jinpinlub.com\/pt\/wp-json\/wp\/v2\/product_brand?post=3677"},{"taxonomy":"product_cat","embeddable":true,"href":"https:\/\/www.jinpinlub.com\/pt\/wp-json\/wp\/v2\/product_cat?post=3677"},{"taxonomy":"product_tag","embeddable":true,"href":"https:\/\/www.jinpinlub.com\/pt\/wp-json\/wp\/v2\/product_tag?post=3677"}],"curies":[{"name":"wp","href":"https:\/\/api.w.org\/{rel}","templated":true}]}}