{"id":3678,"date":"2024-09-13T23:21:17","date_gmt":"2024-09-13T15:21:17","guid":{"rendered":"https:\/\/www.jinpinlub.com\/?post_type=product&#038;p=3678"},"modified":"2024-09-13T23:39:19","modified_gmt":"2024-09-13T15:39:19","slug":"vsg-kr-40mpa-distribuidor-de-linha-dupla-para-sistema-de-lubrificacao","status":"publish","type":"product","link":"https:\/\/www.jinpinlub.com\/pt\/product\/vsg-kr-40mpa-dual-line-distributor-for-lubrication-system\/","title":{"rendered":"Distribuidor de linha dupla VSG-KR 40MPa para sistema de lubrifica\u00e7\u00e3o"},"content":{"rendered":"<h2>Recurso<\/h2>\n<p>O distribuidor de linha dupla VSG-KR tem sa\u00eddas na parte superior e inferior, e quando o pist\u00e3o do distribuidor se move para frente e para tr\u00e1s, ele \u00e9 descarregado uma vez das sa\u00eddas em ambos os lados. H\u00e1 uma estrutura de descarga de \u00f3leo combinada nas sa\u00eddas superiores e inferiores correspondentes. Para alterar o n\u00famero \u00edmpar de sa\u00eddas, basta ajustar a dire\u00e7\u00e3o da luva guia. A opera\u00e7\u00e3o do distribuidor pode ser observada a partir da a\u00e7\u00e3o da haste indicadora, e a descarga de cada sa\u00edda pode ser ajustada dentro da faixa especificada ajustando os parafusos. Este tipo de distribuidor \u00e9 usado para sistemas de lubrifica\u00e7\u00e3o de graxa de linha dupla com uma press\u00e3o nominal de 40 MPa.<\/p>\n<h2>Especifica\u00e7\u00e3o<\/h2>\n<table>\n<tbody>\n<tr>\n<td>Modelo<\/td>\n<td>VSG-KR<\/td>\n<\/tr>\n<tr>\n<td>Press\u00e3o de opera\u00e7\u00e3o<\/td>\n<td>40 MPa<\/td>\n<\/tr>\n<tr>\n<td>Press\u00e3o de a\u00e7\u00e3o<\/td>\n<td>\u22641,2 MPa<\/td>\n<\/tr>\n<tr>\n<td>Descarga nominal<\/td>\n<td>0 ~ 2,3 mL\/ciclo<\/td>\n<\/tr>\n<tr>\n<td>Ajuste do fluxo do parafuso<\/td>\n<td>0,14 mL\/c\u00edrculo<\/td>\n<\/tr>\n<tr>\n<td>N\u00famero de pontos de venda<\/td>\n<td>2~8<\/td>\n<\/tr>\n<tr>\n<td>Lubrificante<\/td>\n<td>Graxa NLGI 0~2# ou \u00f3leo \uff1e N68<\/td>\n<\/tr>\n<tr>\n<td>Temperatura de opera\u00e7\u00e3o<\/td>\n<td>(-10 \u2103 ~ 80 \u2103)<\/td>\n<\/tr>\n<\/tbody>\n<\/table>\n<h2>Instru\u00e7\u00e3o<\/h2>\n<p>O meio usado \u00e9 graxa lubrificante NLGI 0#~ 2# ou \u00f3leo lubrificante com grau de viscosidade maior que N68. A temperatura do ambiente operacional \u00e9 de -10 \u2103 ~ 80 \u2103. Se o meio usado for \u00f3leo lubrificante, use-o sob press\u00e3o de 20 MPa.<br \/>\nSe for necess\u00e1rio unir as sa\u00eddas superior e inferior, desparafuse o parafuso no furo e tampe a sa\u00edda n\u00e3o utilizada com um tamp\u00e3o G14 para evitar a entrada de poeira.<br \/>\nSe a temperatura ambiente de instala\u00e7\u00e3o do distribuidor estiver fora da faixa de -10 \u2103 ~ 80 \u2103, deve ser indicado no contrato do pedido o fornecimento de veda\u00e7\u00f5es de \u00f3leo de baixa e alta temperatura.<\/p>\n<h2>Manuais<\/h2>\n<div class=\"sdm_download_button_box_default\"><div class=\"sdm_download_link\"><a href=\"https:\/\/www.jinpinlub.com\/pt\/?sdm_process_download=1&download_id=3661\" class=\"sdm_download white\" title=\"Privado: VSG Distributor\" target=\"&quot;_blank&quot;\">Ver Ficha T\u00e9cnica - Distribuidor VSG<\/a><\/div><\/div>","protected":false},"excerpt":{"rendered":"<p>A unidade de dosagem VSG \u00e9 um componente robusto para sistemas de lubrifica\u00e7\u00e3o de linha dupla, capaz de suportar press\u00f5es de at\u00e9 400 bar, feito de a\u00e7o galvanizado e com at\u00e9 oito sa\u00eddas, cada uma equipada com um pino indicador para monitoramento visual.<\/p>","protected":false},"featured_media":3617,"template":"","meta":{"ocean_post_layout":"","ocean_both_sidebars_style":"","ocean_both_sidebars_content_width":0,"ocean_both_sidebars_sidebars_width":0,"ocean_sidebar":"0","ocean_second_sidebar":"0","ocean_disable_margins":"enable","ocean_add_body_class":"","ocean_shortcode_before_top_bar":"","ocean_shortcode_after_top_bar":"","ocean_shortcode_before_header":"","ocean_shortcode_after_header":"","ocean_has_shortcode":"","ocean_shortcode_after_title":"","ocean_shortcode_before_footer_widgets":"","ocean_shortcode_after_footer_widgets":"","ocean_shortcode_before_footer_bottom":"","ocean_shortcode_after_footer_bottom":"","ocean_display_top_bar":"default","ocean_display_header":"default","ocean_header_style":"","ocean_center_header_left_menu":"0","ocean_custom_header_template":"0","ocean_custom_logo":0,"ocean_custom_retina_logo":0,"ocean_custom_logo_max_width":0,"ocean_custom_logo_tablet_max_width":0,"ocean_custom_logo_mobile_max_width":0,"ocean_custom_logo_max_height":0,"ocean_custom_logo_tablet_max_height":0,"ocean_custom_logo_mobile_max_height":0,"ocean_header_custom_menu":"0","ocean_menu_typo_font_family":"0","ocean_menu_typo_font_subset":"","ocean_menu_typo_font_size":0,"ocean_menu_typo_font_size_tablet":0,"ocean_menu_typo_font_size_mobile":0,"ocean_menu_typo_font_size_unit":"px","ocean_menu_typo_font_weight":"","ocean_menu_typo_font_weight_tablet":"","ocean_menu_typo_font_weight_mobile":"","ocean_menu_typo_transform":"","ocean_menu_typo_transform_tablet":"","ocean_menu_typo_transform_mobile":"","ocean_menu_typo_line_height":0,"ocean_menu_typo_line_height_tablet":0,"ocean_menu_typo_line_height_mobile":0,"ocean_menu_typo_line_height_unit":"","ocean_menu_typo_spacing":0,"ocean_menu_typo_spacing_tablet":0,"ocean_menu_typo_spacing_mobile":0,"ocean_menu_typo_spacing_unit":"","ocean_menu_link_color":"","ocean_menu_link_color_hover":"","ocean_menu_link_color_active":"","ocean_menu_link_background":"","ocean_menu_link_hover_background":"","ocean_menu_link_active_background":"","ocean_menu_social_links_bg":"","ocean_menu_social_hover_links_bg":"","ocean_menu_social_links_color":"","ocean_menu_social_hover_links_color":"","ocean_disable_title":"default","ocean_disable_heading":"default","ocean_post_title":"","ocean_post_subheading":"","ocean_post_title_style":"","ocean_post_title_background_color":"","ocean_post_title_background":0,"ocean_post_title_bg_image_position":"","ocean_post_title_bg_image_attachment":"","ocean_post_title_bg_image_repeat":"","ocean_post_title_bg_image_size":"","ocean_post_title_height":0,"ocean_post_title_bg_overlay":0.5,"ocean_post_title_bg_overlay_color":"","ocean_disable_breadcrumbs":"default","ocean_breadcrumbs_color":"","ocean_breadcrumbs_separator_color":"","ocean_breadcrumbs_links_color":"","ocean_breadcrumbs_links_hover_color":"","ocean_display_footer_widgets":"default","ocean_display_footer_bottom":"default","ocean_custom_footer_template":"0","osh_disable_topbar_sticky":"default","osh_disable_header_sticky":"default","osh_sticky_header_style":"default","osh_sticky_header_effect":"","osh_custom_sticky_logo":0,"osh_custom_retina_sticky_logo":0,"osh_custom_sticky_logo_height":0,"osh_background_color":"","osh_links_color":"","osh_links_hover_color":"","osh_links_active_color":"","osh_links_bg_color":"","osh_links_hover_bg_color":"","osh_links_active_bg_color":"","osh_menu_social_links_color":"","osh_menu_social_hover_links_color":""},"product_brand":[],"product_cat":[36,34],"product_tag":[300,308,307],"class_list":{"0":"post-3678","1":"product","2":"type-product","3":"status-publish","4":"has-post-thumbnail","6":"product_cat-dual-line-divider-valves","7":"product_cat-dual-line-lubrication-systems","8":"product_tag-dual-line-distributor","9":"product_tag-vsg-grease-distributor","10":"product_tag-vsg-metering-valve","12":"entry","13":"has-media","15":"first","16":"instock","17":"shipping-taxable","18":"product-type-external","19":"col","20":"span_1_of_3","21":"owp-content-center","22":"owp-thumbs-layout-horizontal","23":"owp-btn-very-big","24":"owp-tabs-layout-horizontal"},"_links":{"self":[{"href":"https:\/\/www.jinpinlub.com\/pt\/wp-json\/wp\/v2\/product\/3678","targetHints":{"allow":["GET"]}}],"collection":[{"href":"https:\/\/www.jinpinlub.com\/pt\/wp-json\/wp\/v2\/product"}],"about":[{"href":"https:\/\/www.jinpinlub.com\/pt\/wp-json\/wp\/v2\/types\/product"}],"wp:featuredmedia":[{"embeddable":true,"href":"https:\/\/www.jinpinlub.com\/pt\/wp-json\/wp\/v2\/media\/3617"}],"wp:attachment":[{"href":"https:\/\/www.jinpinlub.com\/pt\/wp-json\/wp\/v2\/media?parent=3678"}],"wp:term":[{"taxonomy":"product_brand","embeddable":true,"href":"https:\/\/www.jinpinlub.com\/pt\/wp-json\/wp\/v2\/product_brand?post=3678"},{"taxonomy":"product_cat","embeddable":true,"href":"https:\/\/www.jinpinlub.com\/pt\/wp-json\/wp\/v2\/product_cat?post=3678"},{"taxonomy":"product_tag","embeddable":true,"href":"https:\/\/www.jinpinlub.com\/pt\/wp-json\/wp\/v2\/product_tag?post=3678"}],"curies":[{"name":"wp","href":"https:\/\/api.w.org\/{rel}","templated":true}]}}