{"id":3679,"date":"2024-09-13T23:39:41","date_gmt":"2024-09-13T15:39:41","guid":{"rendered":"https:\/\/www.jinpinlub.com\/?post_type=product&#038;p=3679"},"modified":"2024-09-14T00:12:00","modified_gmt":"2024-09-13T16:12:00","slug":"vskh-kr-dispositivos-de-medicao-para-sistemas-de-lubrificacao-de-linha-dupla","status":"publish","type":"product","link":"https:\/\/www.jinpinlub.com\/pt\/product\/vskh-kr-metering-devices-for-dual-line-lubrication-systems\/","title":{"rendered":"Dispositivos de medi\u00e7\u00e3o VSKH-KR para sistemas de lubrifica\u00e7\u00e3o de linha dupla"},"content":{"rendered":"<h2>Recurso<\/h2>\n<p>O distribuidor de linha dupla VSKH-KR tem sa\u00eddas nos lados superior e inferior. Quando o pist\u00e3o do distribuidor se move em ambas as dire\u00e7\u00f5es, a graxa \u00e9 descarregada das sa\u00eddas superior e inferior, respectivamente. Observe a condi\u00e7\u00e3o de trabalho do distribuidor a partir da a\u00e7\u00e3o da haste indicadora e ajuste a descarga dentro da faixa especificada ajustando o parafuso.<br \/>\nO VSKH-KR \u00e9 adequado para sistema de lubrifica\u00e7\u00e3o centralizada de graxa de linha dupla de 40 MPa. Sua a\u00e7\u00e3o de pist\u00e3o \u00e9 controlada pela press\u00e3o de fornecimento de \u00f3leo alternada de duas linhas de lubrifica\u00e7\u00e3o principais, que distribuem graxa quantitativamente para pontos de lubrifica\u00e7\u00e3o.<\/p>\n<h2>Especifica\u00e7\u00e3o<\/h2>\n<table>\n<tbody>\n<tr>\n<td>Modelo<\/td>\n<td>VSKH-KR<\/td>\n<\/tr>\n<tr>\n<td>Press\u00e3o de opera\u00e7\u00e3o<\/td>\n<td>40 MPa<\/td>\n<\/tr>\n<tr>\n<td>Press\u00e3o de a\u00e7\u00e3o<\/td>\n<td>\u22641,5 MPa<\/td>\n<\/tr>\n<tr>\n<td>Descarga nominal<\/td>\n<td>0 ~ 1,5 mL\/ciclo<\/td>\n<\/tr>\n<tr>\n<td>Ajuste do fluxo do parafuso<\/td>\n<td>0,05 mL\/c\u00edrculo<\/td>\n<\/tr>\n<tr>\n<td>N\u00famero de pontos de venda<\/td>\n<td>2~8<\/td>\n<\/tr>\n<tr>\n<td>Lubrificante<\/td>\n<td>Graxa NLGI 0~2# ou \u00f3leo \uff1e N68<\/td>\n<\/tr>\n<tr>\n<td>Temperatura de opera\u00e7\u00e3o<\/td>\n<td>(-10 \u2103 ~ 80 \u2103)<\/td>\n<\/tr>\n<\/tbody>\n<\/table>\n<h2>Aplicativo<\/h2>\n<p>Planta de cimento: O distribuidor de duas linhas VSKH-KR \u00e9 usado para lubrificar grandes equipamentos mec\u00e2nicos para garantir a opera\u00e7\u00e3o normal do equipamento em ambientes de alta press\u00e3o e alta temperatura.<br \/>\nEscavadeira de minera\u00e7\u00e3o: a v\u00e1lvula dosadora VSKH-KR fornece lubrifica\u00e7\u00e3o confi\u00e1vel sob condi\u00e7\u00f5es de trabalho adversas e prolonga a vida \u00fatil do equipamento.<br \/>\nPlanta sider\u00fargica: O dispositivo de medi\u00e7\u00e3o VSKH-KR \u00e9 usado para lubrificar laminadores e outros equipamentos pesados para reduzir o desgaste e os custos de manuten\u00e7\u00e3o.<\/p>\n<h2>Manuais<\/h2>\n<div class=\"sdm_download_button_box_default\"><div class=\"sdm_download_link\"><a href=\"https:\/\/www.jinpinlub.com\/pt\/?sdm_process_download=1&download_id=3662\" class=\"sdm_download white\" title=\"Privado: VSKH-KR Distributor\" target=\"&quot;_blank&quot;\">Ver Ficha T\u00e9cnica - Distribuidor VSKH-KR<\/a><\/div><\/div>","protected":false},"excerpt":{"rendered":"<p>A unidade de dosagem VSG \u00e9 um componente robusto para sistemas de lubrifica\u00e7\u00e3o de linha dupla, capaz de suportar press\u00f5es de at\u00e9 400 bar, feito de a\u00e7o galvanizado e com at\u00e9 oito sa\u00eddas, cada uma equipada com um pino indicador para monitoramento visual.<\/p>","protected":false},"featured_media":3623,"template":"","meta":{"ocean_post_layout":"","ocean_both_sidebars_style":"","ocean_both_sidebars_content_width":0,"ocean_both_sidebars_sidebars_width":0,"ocean_sidebar":"0","ocean_second_sidebar":"0","ocean_disable_margins":"enable","ocean_add_body_class":"","ocean_shortcode_before_top_bar":"","ocean_shortcode_after_top_bar":"","ocean_shortcode_before_header":"","ocean_shortcode_after_header":"","ocean_has_shortcode":"","ocean_shortcode_after_title":"","ocean_shortcode_before_footer_widgets":"","ocean_shortcode_after_footer_widgets":"","ocean_shortcode_before_footer_bottom":"","ocean_shortcode_after_footer_bottom":"","ocean_display_top_bar":"default","ocean_display_header":"default","ocean_header_style":"","ocean_center_header_left_menu":"0","ocean_custom_header_template":"0","ocean_custom_logo":0,"ocean_custom_retina_logo":0,"ocean_custom_logo_max_width":0,"ocean_custom_logo_tablet_max_width":0,"ocean_custom_logo_mobile_max_width":0,"ocean_custom_logo_max_height":0,"ocean_custom_logo_tablet_max_height":0,"ocean_custom_logo_mobile_max_height":0,"ocean_header_custom_menu":"0","ocean_menu_typo_font_family":"0","ocean_menu_typo_font_subset":"","ocean_menu_typo_font_size":0,"ocean_menu_typo_font_size_tablet":0,"ocean_menu_typo_font_size_mobile":0,"ocean_menu_typo_font_size_unit":"px","ocean_menu_typo_font_weight":"","ocean_menu_typo_font_weight_tablet":"","ocean_menu_typo_font_weight_mobile":"","ocean_menu_typo_transform":"","ocean_menu_typo_transform_tablet":"","ocean_menu_typo_transform_mobile":"","ocean_menu_typo_line_height":0,"ocean_menu_typo_line_height_tablet":0,"ocean_menu_typo_line_height_mobile":0,"ocean_menu_typo_line_height_unit":"","ocean_menu_typo_spacing":0,"ocean_menu_typo_spacing_tablet":0,"ocean_menu_typo_spacing_mobile":0,"ocean_menu_typo_spacing_unit":"","ocean_menu_link_color":"","ocean_menu_link_color_hover":"","ocean_menu_link_color_active":"","ocean_menu_link_background":"","ocean_menu_link_hover_background":"","ocean_menu_link_active_background":"","ocean_menu_social_links_bg":"","ocean_menu_social_hover_links_bg":"","ocean_menu_social_links_color":"","ocean_menu_social_hover_links_color":"","ocean_disable_title":"default","ocean_disable_heading":"default","ocean_post_title":"","ocean_post_subheading":"","ocean_post_title_style":"","ocean_post_title_background_color":"","ocean_post_title_background":0,"ocean_post_title_bg_image_position":"","ocean_post_title_bg_image_attachment":"","ocean_post_title_bg_image_repeat":"","ocean_post_title_bg_image_size":"","ocean_post_title_height":0,"ocean_post_title_bg_overlay":0.5,"ocean_post_title_bg_overlay_color":"","ocean_disable_breadcrumbs":"default","ocean_breadcrumbs_color":"","ocean_breadcrumbs_separator_color":"","ocean_breadcrumbs_links_color":"","ocean_breadcrumbs_links_hover_color":"","ocean_display_footer_widgets":"default","ocean_display_footer_bottom":"default","ocean_custom_footer_template":"0","osh_disable_topbar_sticky":"default","osh_disable_header_sticky":"default","osh_sticky_header_style":"default","osh_sticky_header_effect":"","osh_custom_sticky_logo":0,"osh_custom_retina_sticky_logo":0,"osh_custom_sticky_logo_height":0,"osh_background_color":"","osh_links_color":"","osh_links_hover_color":"","osh_links_active_color":"","osh_links_bg_color":"","osh_links_hover_bg_color":"","osh_links_active_bg_color":"","osh_menu_social_links_color":"","osh_menu_social_hover_links_color":""},"product_brand":[],"product_cat":[36,34],"product_tag":[309,311,310],"class_list":{"0":"post-3679","1":"product","2":"type-product","3":"status-publish","4":"has-post-thumbnail","6":"product_cat-dual-line-divider-valves","7":"product_cat-dual-line-lubrication-systems","8":"product_tag-vskh-kr-distributor","9":"product_tag-vskh-kr-metering-device","10":"product_tag-vskh-kr-metering-valve","12":"entry","13":"has-media","15":"first","16":"instock","17":"shipping-taxable","18":"product-type-external","19":"col","20":"span_1_of_3","21":"owp-content-center","22":"owp-thumbs-layout-horizontal","23":"owp-btn-very-big","24":"owp-tabs-layout-horizontal"},"_links":{"self":[{"href":"https:\/\/www.jinpinlub.com\/pt\/wp-json\/wp\/v2\/product\/3679","targetHints":{"allow":["GET"]}}],"collection":[{"href":"https:\/\/www.jinpinlub.com\/pt\/wp-json\/wp\/v2\/product"}],"about":[{"href":"https:\/\/www.jinpinlub.com\/pt\/wp-json\/wp\/v2\/types\/product"}],"wp:featuredmedia":[{"embeddable":true,"href":"https:\/\/www.jinpinlub.com\/pt\/wp-json\/wp\/v2\/media\/3623"}],"wp:attachment":[{"href":"https:\/\/www.jinpinlub.com\/pt\/wp-json\/wp\/v2\/media?parent=3679"}],"wp:term":[{"taxonomy":"product_brand","embeddable":true,"href":"https:\/\/www.jinpinlub.com\/pt\/wp-json\/wp\/v2\/product_brand?post=3679"},{"taxonomy":"product_cat","embeddable":true,"href":"https:\/\/www.jinpinlub.com\/pt\/wp-json\/wp\/v2\/product_cat?post=3679"},{"taxonomy":"product_tag","embeddable":true,"href":"https:\/\/www.jinpinlub.com\/pt\/wp-json\/wp\/v2\/product_tag?post=3679"}],"curies":[{"name":"wp","href":"https:\/\/api.w.org\/{rel}","templated":true}]}}