{"id":3685,"date":"2024-09-14T00:12:37","date_gmt":"2024-09-13T16:12:37","guid":{"rendered":"https:\/\/www.jinpinlub.com\/?post_type=product&#038;p=3685"},"modified":"2024-09-14T00:24:20","modified_gmt":"2024-09-13T16:24:20","slug":"distribuidor-de-linha-dupla-zv-b-para-sistema-de-lubrificacao-de-linha-dupla","status":"publish","type":"product","link":"https:\/\/www.jinpinlub.com\/pt\/product\/zv-b-dual-line-distributor-for-dual-line-lubrication-system\/","title":{"rendered":"Distribuidor de linha dupla ZV-B para sistema de lubrifica\u00e7\u00e3o de linha dupla"},"content":{"rendered":"<h2>Recurso<\/h2>\n<p>O distribuidor de fio duplo ZVB \u00e9 adequado para sistemas de lubrifica\u00e7\u00e3o de linha dupla de graxa ou \u00f3leo de 40MPa. O distribuidor pode ser instalado com tr\u00eas op\u00e7\u00f5es: Parafuso de medi\u00e7\u00e3o, Dispositivo de ajuste e Indicador de movimento.<br \/>\n1. Para ZVB com medidores shrews, o volume medido n\u00e3o pode ser ajustado. Somente selecionando diferentes medidores shrews de \u00edndice o volume medido pode ser alterado.<br \/>\n2. ZVB com dispositivo de ajuste, o volume medido pode ser ajustado de zero \u00e0 faixa nominal e pode avaliar se o distribuidor est\u00e1 funcionando corretamente observando o dispositivo de ajuste.<br \/>\n3. O ZVB com indicador de movimento pode ajustar o volume medido dentro da faixa de zero a faixa nominal, e pode controlar o volume medido enviando um sinal atrav\u00e9s do interruptor de monitoramento. Cada distribuidor pode vir apenas com um dispositivo de ajuste.<\/p>\n<h2>Especifica\u00e7\u00e3o<\/h2>\n<table>\n<tbody>\n<tr>\n<td>Modelo<\/td>\n<td>ZV-B<\/td>\n<\/tr>\n<tr>\n<td>Press\u00e3o de opera\u00e7\u00e3o<\/td>\n<td>40 MPa<\/td>\n<\/tr>\n<tr>\n<td>Press\u00e3o de a\u00e7\u00e3o<\/td>\n<td>\u22641,0 MPa<\/td>\n<\/tr>\n<tr>\n<td>Sa\u00edda do pist\u00e3o<\/td>\n<td>0,3 mL<\/td>\n<\/tr>\n<tr>\n<td>Descarga<\/td>\n<td>0,5, 1,5, 3,0 mL\/ciclo<\/td>\n<\/tr>\n<tr>\n<td>N\u00famero de pontos de venda<\/td>\n<td>2~8<\/td>\n<\/tr>\n<tr>\n<td>Lubrificante<\/td>\n<td>Graxa NLGI 0~3# ou \u00d3leo \uff1e N68<\/td>\n<\/tr>\n<tr>\n<td>Temperatura de opera\u00e7\u00e3o<\/td>\n<td>(-20 \u2103 ~ 80 \u2103)<\/td>\n<\/tr>\n<\/tbody>\n<\/table>\n<h2>Instru\u00e7\u00e3o<\/h2>\n<p>1. Quando usado em ambientes empoeirados, \u00famidos e agressivos, deve ser equipado com capa protetora.<br \/>\n2. O m\u00e9todo de instala\u00e7\u00e3o paralela \u00e9 o preferido no sistema de fio duplo. Em segundo lugar, o m\u00e9todo de instala\u00e7\u00e3o em s\u00e9rie \u00e9 adotado, e os dois plugues G3\/8 na entrada de um lado devem ser removidos. O n\u00famero m\u00e1ximo de conex\u00f5es seriais n\u00e3o pode exceder dois, e pode ser instalado em paralelo e em s\u00e9rie, se necess\u00e1rio.<br \/>\n3. O ZVB-S, volume medido com parafuso de medi\u00e7\u00e3o n\u00e3o pode ser ajustado, somente o parafuso de medi\u00e7\u00e3o com \u00edndice diferente pode ser selecionado para alterar o parafuso de medi\u00e7\u00e3o.<br \/>\n4. Para o ZVB-M com dispositivo de ajuste, o ajuste do volume medido deve girar o parafuso de ajuste do limitador quando a haste for retra\u00edda.<br \/>\n5. Para ZVB-L com indicador de movimento, o ajuste do volume medido deve ser realizado quando a alavanca do indicador estiver retra\u00edda.<br \/>\n6. Se o n\u00famero de sa\u00eddas precisar ser \u00edmpar, remova os parafusos entre as sa\u00eddas correspondentes e bloqueie a sa\u00edda que n\u00e3o estiver em uso com plugues G1\/4\u201d. As sa\u00eddas superior e inferior s\u00e3o conectadas, e os movimentos de avan\u00e7o e reverso do pist\u00e3o s\u00e3o descarregados desta sa\u00edda.<br \/>\n7. Para facilitar a desmontagem, \u00e9 melhor dobrar a tubula\u00e7\u00e3o do ZVB at\u00e9 os pontos de lubrifica\u00e7\u00e3o em um \u00e2ngulo de 90\u00b0 ou usar uma junta de luva.<br \/>\n8. A superf\u00edcie de instala\u00e7\u00e3o do distribuidor deve ser lisa e plana, e os parafusos de instala\u00e7\u00e3o n\u00e3o devem ser apertados com muita for\u00e7a para evitar deforma\u00e7\u00f5es e afetar a opera\u00e7\u00e3o normal durante o uso.<br \/>\n9. \u00c9 recomendado usar parafusos GB70-85 M60 x 50 para instala\u00e7\u00e3o e fixa\u00e7\u00e3o de ZVB-S e ZVB-M. Uma placa de base de 30 mm deve ser fornecida entre as superf\u00edcies de instala\u00e7\u00e3o de ZVB-L, e parafusos especiais GB70-85 M6 x 85 devem ser usados para instala\u00e7\u00e3o e fixa\u00e7\u00e3o.<\/p>\n<h2>Manuais<\/h2>\n<div class=\"sdm_download_button_box_default\"><div class=\"sdm_download_link\"><a href=\"https:\/\/www.jinpinlub.com\/pt\/?sdm_process_download=1&download_id=3665\" class=\"sdm_download white\" title=\"Privado: ZVB Distributor\" target=\"&quot;_blank&quot;\">Ver Ficha T\u00e9cnica - Distribuidor ZVB<\/a><\/div><\/div>","protected":false},"excerpt":{"rendered":"<p>O distribuidor ZV-B \u00e9 usado em sistemas de lubrifica\u00e7\u00e3o central de linha dupla e \u00e9 adequado para \u00f3leo e graxa. Ele mede e fornece lubrificantes aos pontos de lubrifica\u00e7\u00e3o independentemente da contrapress\u00e3o. Os recursos incluem at\u00e9 8 sa\u00eddas, medindo volumes de 0,5 a 3,0 ml\/ciclo.<\/p>","protected":false},"featured_media":3635,"template":"","meta":{"ocean_post_layout":"","ocean_both_sidebars_style":"","ocean_both_sidebars_content_width":0,"ocean_both_sidebars_sidebars_width":0,"ocean_sidebar":"0","ocean_second_sidebar":"0","ocean_disable_margins":"enable","ocean_add_body_class":"","ocean_shortcode_before_top_bar":"","ocean_shortcode_after_top_bar":"","ocean_shortcode_before_header":"","ocean_shortcode_after_header":"","ocean_has_shortcode":"","ocean_shortcode_after_title":"","ocean_shortcode_before_footer_widgets":"","ocean_shortcode_after_footer_widgets":"","ocean_shortcode_before_footer_bottom":"","ocean_shortcode_after_footer_bottom":"","ocean_display_top_bar":"default","ocean_display_header":"default","ocean_header_style":"","ocean_center_header_left_menu":"0","ocean_custom_header_template":"0","ocean_custom_logo":0,"ocean_custom_retina_logo":0,"ocean_custom_logo_max_width":0,"ocean_custom_logo_tablet_max_width":0,"ocean_custom_logo_mobile_max_width":0,"ocean_custom_logo_max_height":0,"ocean_custom_logo_tablet_max_height":0,"ocean_custom_logo_mobile_max_height":0,"ocean_header_custom_menu":"0","ocean_menu_typo_font_family":"0","ocean_menu_typo_font_subset":"","ocean_menu_typo_font_size":0,"ocean_menu_typo_font_size_tablet":0,"ocean_menu_typo_font_size_mobile":0,"ocean_menu_typo_font_size_unit":"px","ocean_menu_typo_font_weight":"","ocean_menu_typo_font_weight_tablet":"","ocean_menu_typo_font_weight_mobile":"","ocean_menu_typo_transform":"","ocean_menu_typo_transform_tablet":"","ocean_menu_typo_transform_mobile":"","ocean_menu_typo_line_height":0,"ocean_menu_typo_line_height_tablet":0,"ocean_menu_typo_line_height_mobile":0,"ocean_menu_typo_line_height_unit":"","ocean_menu_typo_spacing":0,"ocean_menu_typo_spacing_tablet":0,"ocean_menu_typo_spacing_mobile":0,"ocean_menu_typo_spacing_unit":"","ocean_menu_link_color":"","ocean_menu_link_color_hover":"","ocean_menu_link_color_active":"","ocean_menu_link_background":"","ocean_menu_link_hover_background":"","ocean_menu_link_active_background":"","ocean_menu_social_links_bg":"","ocean_menu_social_hover_links_bg":"","ocean_menu_social_links_color":"","ocean_menu_social_hover_links_color":"","ocean_disable_title":"default","ocean_disable_heading":"default","ocean_post_title":"","ocean_post_subheading":"","ocean_post_title_style":"","ocean_post_title_background_color":"","ocean_post_title_background":0,"ocean_post_title_bg_image_position":"","ocean_post_title_bg_image_attachment":"","ocean_post_title_bg_image_repeat":"","ocean_post_title_bg_image_size":"","ocean_post_title_height":0,"ocean_post_title_bg_overlay":0.5,"ocean_post_title_bg_overlay_color":"","ocean_disable_breadcrumbs":"default","ocean_breadcrumbs_color":"","ocean_breadcrumbs_separator_color":"","ocean_breadcrumbs_links_color":"","ocean_breadcrumbs_links_hover_color":"","ocean_display_footer_widgets":"default","ocean_display_footer_bottom":"default","ocean_custom_footer_template":"0","osh_disable_topbar_sticky":"default","osh_disable_header_sticky":"default","osh_sticky_header_style":"default","osh_sticky_header_effect":"","osh_custom_sticky_logo":0,"osh_custom_retina_sticky_logo":0,"osh_custom_sticky_logo_height":0,"osh_background_color":"","osh_links_color":"","osh_links_hover_color":"","osh_links_active_color":"","osh_links_bg_color":"","osh_links_hover_bg_color":"","osh_links_active_bg_color":"","osh_menu_social_links_color":"","osh_menu_social_hover_links_color":""},"product_brand":[],"product_cat":[36,34],"product_tag":[314,313,301],"class_list":{"0":"post-3685","1":"product","2":"type-product","3":"status-publish","4":"has-post-thumbnail","6":"product_cat-dual-line-divider-valves","7":"product_cat-dual-line-lubrication-systems","8":"product_tag-distributor-zv-b","9":"product_tag-dual-line-metering-device","10":"product_tag-dual-line-metering-valve","12":"entry","13":"has-media","15":"first","16":"instock","17":"shipping-taxable","18":"product-type-external","19":"col","20":"span_1_of_3","21":"owp-content-center","22":"owp-thumbs-layout-horizontal","23":"owp-btn-very-big","24":"owp-tabs-layout-horizontal"},"_links":{"self":[{"href":"https:\/\/www.jinpinlub.com\/pt\/wp-json\/wp\/v2\/product\/3685","targetHints":{"allow":["GET"]}}],"collection":[{"href":"https:\/\/www.jinpinlub.com\/pt\/wp-json\/wp\/v2\/product"}],"about":[{"href":"https:\/\/www.jinpinlub.com\/pt\/wp-json\/wp\/v2\/types\/product"}],"wp:featuredmedia":[{"embeddable":true,"href":"https:\/\/www.jinpinlub.com\/pt\/wp-json\/wp\/v2\/media\/3635"}],"wp:attachment":[{"href":"https:\/\/www.jinpinlub.com\/pt\/wp-json\/wp\/v2\/media?parent=3685"}],"wp:term":[{"taxonomy":"product_brand","embeddable":true,"href":"https:\/\/www.jinpinlub.com\/pt\/wp-json\/wp\/v2\/product_brand?post=3685"},{"taxonomy":"product_cat","embeddable":true,"href":"https:\/\/www.jinpinlub.com\/pt\/wp-json\/wp\/v2\/product_cat?post=3685"},{"taxonomy":"product_tag","embeddable":true,"href":"https:\/\/www.jinpinlub.com\/pt\/wp-json\/wp\/v2\/product_tag?post=3685"}],"curies":[{"name":"wp","href":"https:\/\/api.w.org\/{rel}","templated":true}]}}