{"id":3739,"date":"2024-09-30T00:57:59","date_gmt":"2024-09-29T16:57:59","guid":{"rendered":"https:\/\/www.jinpinlub.com\/?post_type=product&#038;p=3739"},"modified":"2024-10-08T04:06:47","modified_gmt":"2024-10-07T20:06:47","slug":"bomba-de-lubrificacao-eletrica-automatica-amg3-com-temporizador","status":"publish","type":"product","link":"https:\/\/www.jinpinlub.com\/pt\/product\/jmg3-automatic-electric-grease-lubrication-pump-with-timer\/","title":{"rendered":"Bomba de lubrifica\u00e7\u00e3o el\u00e9trica autom\u00e1tica JMG3 com temporizador"},"content":{"rendered":"<h2>Caracter\u00edsticas<\/h2>\n<p>1. O temporizador pode ser ajustado para dois modos de a\u00e7\u00e3o:<br \/>\n\u2460 Lubrifique antes de dar a partida: o tempo de lubrifica\u00e7\u00e3o \u00e9 executado primeiro na partida.<br \/>\n\u2461 Intervalo antes de iniciar: o tempo de intervalo \u00e9 executado primeiro ao iniciar. Religue e continue o tempo de intervalo anterior.<br \/>\n2. Um pressostato opcional pode ser instalado para detectar se o circuito de \u00f3leo est\u00e1 danificado.<br \/>\n3. O sensor de capacit\u00e2ncia opcional pode detectar baixo n\u00edvel de \u00f3leo e enviar um sinal automaticamente.<br \/>\n4. O man\u00f4metro \u00e9 conectado para detectar a press\u00e3o de a\u00e7\u00e3o da bomba de \u00f3leo. O deslocamento de 500 mL\/min \u00e9 opcional.<br \/>\n5. O tempo do timer pode ser ajustado e possui uma fun\u00e7\u00e3o de travamento autom\u00e1tico para impedir que outras pessoas o operem \u00e0 vontade.<br \/>\n6. O sistema pode usar a tecla \u201cRST\u201d para for\u00e7ar a lubrifica\u00e7\u00e3o ou eliminar sinais de alarme anormais.<br \/>\n7. A bomba de engrenagem de solo \u00e9 equipada com um motor de indu\u00e7\u00e3o, que possui press\u00e3o est\u00e1vel, baixo ru\u00eddo, dur\u00e1vel e confi\u00e1vel.<br \/>\n8. Precisa ser usado com <a href=\"https:\/\/www.jinpinlub.com\/pt\/categoria-de-produto\/sistemas-de-graxa-de-linha-unica\/valvulas-de-medicao-de-alivio-de-pressao\/\" target=\"_blank\" rel=\"noopener\">distribuidores de al\u00edvio de press\u00e3o<\/a> para alcan\u00e7ar o efeito de fornecimento quantitativo de petr\u00f3leo.<\/p>\n<h2>Especifica\u00e7\u00e3o<\/h2>\n<table>\n<tbody>\n<tr>\n<td>Modelo<\/td>\n<td>JMG3<\/td>\n<\/tr>\n<tr>\n<td>Tempo de lubrifica\u00e7\u00e3o<\/td>\n<td>1-999 segundos<\/td>\n<\/tr>\n<tr>\n<td>Tempo de intervalo<\/td>\n<td>1-999 minutos<\/td>\n<\/tr>\n<tr>\n<td>Temperatura de opera\u00e7\u00e3o<\/td>\n<td>-10\u2103~ +60\u00b0C (condi\u00e7\u00f5es de baixa temperatura requerem graxa anticongelante)<\/td>\n<\/tr>\n<tr>\n<td>N\u00famero de pontos de venda<\/td>\n<td>1<\/td>\n<\/tr>\n<tr>\n<td>Capacidade do reservat\u00f3rio<\/td>\n<td>3L (tanque de resina), 4L, 6L, 8L, 20L (tanque de metal)<\/td>\n<\/tr>\n<tr>\n<td>Reabastecimento<\/td>\n<td>Do topo<\/td>\n<\/tr>\n<tr>\n<td>Lubrificante<\/td>\n<td>L\u00edngua Inglesa 000#~00#<\/td>\n<\/tr>\n<tr>\n<td>Pot\u00eancia do motor<\/td>\n<td>40 W<\/td>\n<\/tr>\n<tr>\n<td>Descarga<\/td>\n<td>250 mL\/min<\/td>\n<\/tr>\n<tr>\n<td>Press\u00e3o m\u00e1xima de opera\u00e7\u00e3o<\/td>\n<td>4,0 MPa<\/td>\n<\/tr>\n<tr>\n<td>Fio de conex\u00e3o<\/td>\n<td>Sa\u00edda \u03a66<\/td>\n<\/tr>\n<tr>\n<td>Tens\u00e3o de opera\u00e7\u00e3o<\/td>\n<td>110 VCA, 220 VCA, 12 VCC, 24 VCC<\/td>\n<\/tr>\n<tr>\n<td>Certifica\u00e7\u00e3o<\/td>\n<td>CE<\/td>\n<\/tr>\n<tr>\n<td>Interruptor de baixo n\u00edvel<\/td>\n<td>Contato NC<\/td>\n<\/tr>\n<\/tbody>\n<\/table>\n<h2>Aplica\u00e7\u00f5es<\/h2>\n<p>Equipamentos industriais: As bombas de lubrifica\u00e7\u00e3o da s\u00e9rie JMG3 podem ser aplicadas em f\u00e1bricas para lubrificar continuamente as pe\u00e7as m\u00f3veis de uma m\u00e1quina, como rolamentos e engrenagens, para que funcionem sem problemas.<br \/>\nEquipamentos de constru\u00e7\u00e3o: escavadeiras, carregadeiras, guindastes - equipamentos de m\u00e1quinas pesadas - podem aproveitar as bombas de lubrifica\u00e7\u00e3o el\u00e9tricas da s\u00e9rie JMG3 para menos desgaste e desempenho cont\u00ednuo.<br \/>\nInd\u00fastrias de minera\u00e7\u00e3o e cimento: os equipamentos nessas ind\u00fastrias operam sob condi\u00e7\u00f5es muito adversas, e a lubrifica\u00e7\u00e3o precisa ser forte o suficiente para evitar qualquer falha que reduza a vida \u00fatil.<br \/>\nInd\u00fastrias de alimentos e bebidas: Padr\u00f5es de higiene com bomba de lubrifica\u00e7\u00e3o autom\u00e1tica JMG3, ao mesmo tempo em que ajuda as m\u00e1quinas a operar com efici\u00eancia.<\/p>\n<h2>Manuais<\/h2>\n<div class=\"sdm_download_button_box_default\"><div class=\"sdm_download_link\"><a href=\"https:\/\/www.jinpinlub.com\/pt\/?sdm_process_download=1&download_id=3737\" class=\"sdm_download white\" title=\"Privado: JMG Grease Pump\" target=\"&quot;_blank&quot;\">Ver Ficha T\u00e9cnica - Bomba de Graxa JMG<\/a><\/div><\/div>","protected":false},"excerpt":{"rendered":"<p>JMG3 \u00e9 uma bomba de lubrifica\u00e7\u00e3o de graxa fluida acionada por uma bomba de engrenagem de aterramento. \u00c9 compat\u00edvel com lubrificante de NLGI #000 a #00. E \u00e9 equipada com um man\u00f4metro, bot\u00e3o de lubrifica\u00e7\u00e3o for\u00e7ada e temporizador. \u00c9 est\u00e1vel e dur\u00e1vel, com baixo ru\u00eddo e baixo custo.<\/p>","protected":false},"featured_media":3751,"template":"","meta":{"ocean_post_layout":"","ocean_both_sidebars_style":"","ocean_both_sidebars_content_width":0,"ocean_both_sidebars_sidebars_width":0,"ocean_sidebar":"0","ocean_second_sidebar":"0","ocean_disable_margins":"enable","ocean_add_body_class":"","ocean_shortcode_before_top_bar":"","ocean_shortcode_after_top_bar":"","ocean_shortcode_before_header":"","ocean_shortcode_after_header":"","ocean_has_shortcode":"","ocean_shortcode_after_title":"","ocean_shortcode_before_footer_widgets":"","ocean_shortcode_after_footer_widgets":"","ocean_shortcode_before_footer_bottom":"","ocean_shortcode_after_footer_bottom":"","ocean_display_top_bar":"default","ocean_display_header":"default","ocean_header_style":"","ocean_center_header_left_menu":"0","ocean_custom_header_template":"0","ocean_custom_logo":0,"ocean_custom_retina_logo":0,"ocean_custom_logo_max_width":0,"ocean_custom_logo_tablet_max_width":0,"ocean_custom_logo_mobile_max_width":0,"ocean_custom_logo_max_height":0,"ocean_custom_logo_tablet_max_height":0,"ocean_custom_logo_mobile_max_height":0,"ocean_header_custom_menu":"0","ocean_menu_typo_font_family":"0","ocean_menu_typo_font_subset":"","ocean_menu_typo_font_size":0,"ocean_menu_typo_font_size_tablet":0,"ocean_menu_typo_font_size_mobile":0,"ocean_menu_typo_font_size_unit":"px","ocean_menu_typo_font_weight":"","ocean_menu_typo_font_weight_tablet":"","ocean_menu_typo_font_weight_mobile":"","ocean_menu_typo_transform":"","ocean_menu_typo_transform_tablet":"","ocean_menu_typo_transform_mobile":"","ocean_menu_typo_line_height":0,"ocean_menu_typo_line_height_tablet":0,"ocean_menu_typo_line_height_mobile":0,"ocean_menu_typo_line_height_unit":"","ocean_menu_typo_spacing":0,"ocean_menu_typo_spacing_tablet":0,"ocean_menu_typo_spacing_mobile":0,"ocean_menu_typo_spacing_unit":"","ocean_menu_link_color":"","ocean_menu_link_color_hover":"","ocean_menu_link_color_active":"","ocean_menu_link_background":"","ocean_menu_link_hover_background":"","ocean_menu_link_active_background":"","ocean_menu_social_links_bg":"","ocean_menu_social_hover_links_bg":"","ocean_menu_social_links_color":"","ocean_menu_social_hover_links_color":"","ocean_disable_title":"default","ocean_disable_heading":"default","ocean_post_title":"","ocean_post_subheading":"","ocean_post_title_style":"","ocean_post_title_background_color":"","ocean_post_title_background":0,"ocean_post_title_bg_image_position":"","ocean_post_title_bg_image_attachment":"","ocean_post_title_bg_image_repeat":"","ocean_post_title_bg_image_size":"","ocean_post_title_height":0,"ocean_post_title_bg_overlay":0.5,"ocean_post_title_bg_overlay_color":"","ocean_disable_breadcrumbs":"default","ocean_breadcrumbs_color":"","ocean_breadcrumbs_separator_color":"","ocean_breadcrumbs_links_color":"","ocean_breadcrumbs_links_hover_color":"","ocean_display_footer_widgets":"default","ocean_display_footer_bottom":"default","ocean_custom_footer_template":"0","osh_disable_topbar_sticky":"default","osh_disable_header_sticky":"default","osh_sticky_header_style":"default","osh_sticky_header_effect":"","osh_custom_sticky_logo":0,"osh_custom_retina_sticky_logo":0,"osh_custom_sticky_logo_height":0,"osh_background_color":"","osh_links_color":"","osh_links_hover_color":"","osh_links_active_color":"","osh_links_bg_color":"","osh_links_hover_bg_color":"","osh_links_active_bg_color":"","osh_menu_social_links_color":"","osh_menu_social_hover_links_color":""},"product_brand":[],"product_cat":[38,37],"product_tag":[194,112,73,318,317],"class_list":{"0":"post-3739","1":"product","2":"type-product","3":"status-publish","4":"has-post-thumbnail","6":"product_cat-electric-pressure-relief-pumps","7":"product_cat-single-line-grease-systems","8":"product_tag-centralized-lubrication-pump","9":"product_tag-centralized-lubrication-system","10":"product_tag-electric-lubrication-pump","11":"product_tag-fluid-grease-pump","12":"product_tag-gear-lubrication-pump","14":"entry","15":"has-media","17":"first","18":"instock","19":"shipping-taxable","20":"product-type-external","21":"col","22":"span_1_of_3","23":"owp-content-center","24":"owp-thumbs-layout-horizontal","25":"owp-btn-very-big","26":"owp-tabs-layout-horizontal"},"_links":{"self":[{"href":"https:\/\/www.jinpinlub.com\/pt\/wp-json\/wp\/v2\/product\/3739","targetHints":{"allow":["GET"]}}],"collection":[{"href":"https:\/\/www.jinpinlub.com\/pt\/wp-json\/wp\/v2\/product"}],"about":[{"href":"https:\/\/www.jinpinlub.com\/pt\/wp-json\/wp\/v2\/types\/product"}],"wp:featuredmedia":[{"embeddable":true,"href":"https:\/\/www.jinpinlub.com\/pt\/wp-json\/wp\/v2\/media\/3751"}],"wp:attachment":[{"href":"https:\/\/www.jinpinlub.com\/pt\/wp-json\/wp\/v2\/media?parent=3739"}],"wp:term":[{"taxonomy":"product_brand","embeddable":true,"href":"https:\/\/www.jinpinlub.com\/pt\/wp-json\/wp\/v2\/product_brand?post=3739"},{"taxonomy":"product_cat","embeddable":true,"href":"https:\/\/www.jinpinlub.com\/pt\/wp-json\/wp\/v2\/product_cat?post=3739"},{"taxonomy":"product_tag","embeddable":true,"href":"https:\/\/www.jinpinlub.com\/pt\/wp-json\/wp\/v2\/product_tag?post=3739"}],"curies":[{"name":"wp","href":"https:\/\/api.w.org\/{rel}","templated":true}]}}