{"id":3772,"date":"2024-10-10T10:57:37","date_gmt":"2024-10-10T02:57:37","guid":{"rendered":"https:\/\/www.jinpinlub.com\/?post_type=product&#038;p=3772"},"modified":"2024-10-10T11:04:21","modified_gmt":"2024-10-10T03:04:21","slug":"bomba-de-graxa-de-lubrificacao-eletrica-progressiva-jmg2-para-cnc","status":"publish","type":"product","link":"https:\/\/www.jinpinlub.com\/pt\/produto\/bomba-de-graxa-de-lubrificacao-eletrica-progressiva-jmg2-para-cnc\/","title":{"rendered":"Bomba de graxa de lubrifica\u00e7\u00e3o el\u00e9trica progressiva JMG2 para CNC"},"content":{"rendered":"<h2>Caracter\u00edsticas<\/h2>\n<p>1. A bomba de lubrifica\u00e7\u00e3o JMG tem alta press\u00e3o de 4MPa com uma descarga m\u00e1xima de 400 mL\/min. Portanto, garante a capacidade de entrega de lubrificante em estabilidade e efici\u00eancia, atendendo \u00e0s necessidades na maioria dos campos industriais.<br \/>\n2. A bomba de lubrifica\u00e7\u00e3o JMG adota uma bomba de engrenagem de aterramento com acionamento por motor de indu\u00e7\u00e3o. O motor funciona com baixo ru\u00eddo, minimizando assim a polui\u00e7\u00e3o sonora e a perda de energia, com prote\u00e7\u00e3o ambiental.<br \/>\n3. A bomba de lubrifica\u00e7\u00e3o JMG tem v\u00e1rias op\u00e7\u00f5es de capacidade e tamb\u00e9m pode ser personalizada para se adaptar aos ambientes de trabalho de diferentes maneiras.<br \/>\n4. A bomba de lubrifica\u00e7\u00e3o JMG pode ser conectada ao CLP de uma m\u00e1quina para controle; dessa forma, \u00e9 poss\u00edvel monitorar a condi\u00e7\u00e3o de lubrifica\u00e7\u00e3o e a efici\u00eancia de trabalho em tempo real.<br \/>\n5. A estrutura geral da bomba \u00e9 compacta, reduzindo pontos de falha, e a estrutura f\u00e1cil de desmontar facilita a substitui\u00e7\u00e3o r\u00e1pida de pe\u00e7as.<br \/>\n6. JMG <a href=\"https:\/\/en.wikipedia.org\/wiki\/Automatic_lubrication_system\">sistema de lubrifica\u00e7\u00e3o autom\u00e1tica<\/a> pode ser equipado com um sensor de press\u00e3o e um sensor de baixo n\u00edvel de l\u00edquido para monitorar o status de trabalho da bomba de lubrifica\u00e7\u00e3o em tempo real e enviar um sinal automaticamente.<\/p>\n<h2>Especifica\u00e7\u00e3o<\/h2>\n<table>\n<tbody>\n<tr>\n<td>Modelo<\/td>\n<td>JMG2<\/td>\n<\/tr>\n<tr>\n<td>Tempo de lubrifica\u00e7\u00e3o<\/td>\n<td>CLP<\/td>\n<\/tr>\n<tr>\n<td>Tempo de intervalo<\/td>\n<td>CLP<\/td>\n<\/tr>\n<tr>\n<td>Temperatura de opera\u00e7\u00e3o<\/td>\n<td>-10\u2103~ +60\u00b0C (condi\u00e7\u00f5es de baixa temperatura requerem graxa anticongelante)<\/td>\n<\/tr>\n<tr>\n<td>N\u00famero de pontos de venda<\/td>\n<td>1<\/td>\n<\/tr>\n<tr>\n<td>Capacidade do reservat\u00f3rio<\/td>\n<td>3L (tanque de resina), 4L, 6L, 8L, 20L (tanque de metal)<\/td>\n<\/tr>\n<tr>\n<td>Reabastecimento<\/td>\n<td>Do topo<\/td>\n<\/tr>\n<tr>\n<td>Lubrificante<\/td>\n<td>L\u00edngua Inglesa 000#~00#<\/td>\n<\/tr>\n<tr>\n<td>Pot\u00eancia do motor<\/td>\n<td>40 W<\/td>\n<\/tr>\n<tr>\n<td>Descarga<\/td>\n<td>250 mL\/min<\/td>\n<\/tr>\n<tr>\n<td>Press\u00e3o m\u00e1xima de opera\u00e7\u00e3o<\/td>\n<td>4,0 MPa<\/td>\n<\/tr>\n<tr>\n<td>Fio de conex\u00e3o<\/td>\n<td>Sa\u00edda \u03a66<\/td>\n<\/tr>\n<tr>\n<td>Tens\u00e3o de opera\u00e7\u00e3o<\/td>\n<td>110 VCA, 220 VCA, 12 VCC, 24 VCC, 3~ 220 V, 3~ 380 V, 3~ 440 V, 3~ 460 V<\/td>\n<\/tr>\n<tr>\n<td>Certifica\u00e7\u00e3o<\/td>\n<td>CE<\/td>\n<\/tr>\n<tr>\n<td>Interruptor de baixo n\u00edvel<\/td>\n<td>Contato NC<\/td>\n<\/tr>\n<\/tbody>\n<\/table>\n<h2>Aplica\u00e7\u00f5es<\/h2>\n<p>1. Lubrifica\u00e7\u00e3o de equipamentos mec\u00e2nicos: a bomba de graxa JMG \u00e9 amplamente utilizada em diversas m\u00e1quinas-ferramentas, m\u00e1quinas t\u00eaxteis, equipamentos de impress\u00e3o e outras ocasi\u00f5es que exigem lubrifica\u00e7\u00e3o regular.<br \/>\n2. Ind\u00fastria pesada e minera\u00e7\u00e3o: a JMG desempenha um papel fundamental em m\u00e1quinas de minera\u00e7\u00e3o, m\u00e1quinas de engenharia e equipamentos pesados.<br \/>\n3. Petroqu\u00edmica: A bomba de graxa JMG \u00e9 adequada para equipamentos de perfura\u00e7\u00e3o de petr\u00f3leo, refinarias e instala\u00e7\u00f5es relacionadas de plantas qu\u00edmicas.<br \/>\n4. Transporte: A JMG abrange as necessidades de lubrifica\u00e7\u00e3o de locomotivas ferrovi\u00e1rias, navios e ind\u00fastrias de fabrica\u00e7\u00e3o de autom\u00f3veis.<br \/>\n5. Energia el\u00e9trica: O JMG \u00e9 usado no sistema de lubrifica\u00e7\u00e3o de equipamentos essenciais, como turbinas e geradores em usinas de energia.<br \/>\n6. Ind\u00fastria de alimentos e bebidas: o JMG atende aos padr\u00f5es de higiene e pode ser usado para lubrifica\u00e7\u00e3o de m\u00e1quinas de processamento de alimentos.<\/p>\n<h2>Manuais<\/h2>\n<div class=\"sdm_download_button_box_default\"><div class=\"sdm_download_link\"><a href=\"https:\/\/www.jinpinlub.com\/pt\/?sdm_process_download=1&download_id=3737\" class=\"sdm_download white\" title=\"Privado: JMG Grease Pump\" target=\"&quot;_blank&quot;\">Ver Ficha T\u00e9cnica - Bomba de Graxa JMG<\/a><\/div><\/div>","protected":false},"excerpt":{"rendered":"<p>JMG2 \u00e9 uma bomba el\u00e9trica de lubrifica\u00e7\u00e3o de graxa fluida progressiva com press\u00e3o de 4,0 MPa e descarga de 250 mL\/min. Ela forma um sistema de lubrifica\u00e7\u00e3o de graxa progressiva com distribuidores progressivos. \u00c9 eficiente, confi\u00e1vel e \u00e9 usada na lubrifica\u00e7\u00e3o de v\u00e1rios equipamentos industriais.<\/p>","protected":false},"featured_media":3776,"template":"","meta":{"ocean_post_layout":"","ocean_both_sidebars_style":"","ocean_both_sidebars_content_width":0,"ocean_both_sidebars_sidebars_width":0,"ocean_sidebar":"0","ocean_second_sidebar":"0","ocean_disable_margins":"enable","ocean_add_body_class":"","ocean_shortcode_before_top_bar":"","ocean_shortcode_after_top_bar":"","ocean_shortcode_before_header":"","ocean_shortcode_after_header":"","ocean_has_shortcode":"","ocean_shortcode_after_title":"","ocean_shortcode_before_footer_widgets":"","ocean_shortcode_after_footer_widgets":"","ocean_shortcode_before_footer_bottom":"","ocean_shortcode_after_footer_bottom":"","ocean_display_top_bar":"default","ocean_display_header":"default","ocean_header_style":"","ocean_center_header_left_menu":"0","ocean_custom_header_template":"0","ocean_custom_logo":0,"ocean_custom_retina_logo":0,"ocean_custom_logo_max_width":0,"ocean_custom_logo_tablet_max_width":0,"ocean_custom_logo_mobile_max_width":0,"ocean_custom_logo_max_height":0,"ocean_custom_logo_tablet_max_height":0,"ocean_custom_logo_mobile_max_height":0,"ocean_header_custom_menu":"0","ocean_menu_typo_font_family":"0","ocean_menu_typo_font_subset":"","ocean_menu_typo_font_size":0,"ocean_menu_typo_font_size_tablet":0,"ocean_menu_typo_font_size_mobile":0,"ocean_menu_typo_font_size_unit":"px","ocean_menu_typo_font_weight":"","ocean_menu_typo_font_weight_tablet":"","ocean_menu_typo_font_weight_mobile":"","ocean_menu_typo_transform":"","ocean_menu_typo_transform_tablet":"","ocean_menu_typo_transform_mobile":"","ocean_menu_typo_line_height":0,"ocean_menu_typo_line_height_tablet":0,"ocean_menu_typo_line_height_mobile":0,"ocean_menu_typo_line_height_unit":"","ocean_menu_typo_spacing":0,"ocean_menu_typo_spacing_tablet":0,"ocean_menu_typo_spacing_mobile":0,"ocean_menu_typo_spacing_unit":"","ocean_menu_link_color":"","ocean_menu_link_color_hover":"","ocean_menu_link_color_active":"","ocean_menu_link_background":"","ocean_menu_link_hover_background":"","ocean_menu_link_active_background":"","ocean_menu_social_links_bg":"","ocean_menu_social_hover_links_bg":"","ocean_menu_social_links_color":"","ocean_menu_social_hover_links_color":"","ocean_disable_title":"default","ocean_disable_heading":"default","ocean_post_title":"","ocean_post_subheading":"","ocean_post_title_style":"","ocean_post_title_background_color":"","ocean_post_title_background":0,"ocean_post_title_bg_image_position":"","ocean_post_title_bg_image_attachment":"","ocean_post_title_bg_image_repeat":"","ocean_post_title_bg_image_size":"","ocean_post_title_height":0,"ocean_post_title_bg_overlay":0.5,"ocean_post_title_bg_overlay_color":"","ocean_disable_breadcrumbs":"default","ocean_breadcrumbs_color":"","ocean_breadcrumbs_separator_color":"","ocean_breadcrumbs_links_color":"","ocean_breadcrumbs_links_hover_color":"","ocean_display_footer_widgets":"default","ocean_display_footer_bottom":"default","ocean_custom_footer_template":"0","osh_disable_topbar_sticky":"default","osh_disable_header_sticky":"default","osh_sticky_header_style":"default","osh_sticky_header_effect":"","osh_custom_sticky_logo":0,"osh_custom_retina_sticky_logo":0,"osh_custom_sticky_logo_height":0,"osh_background_color":"","osh_links_color":"","osh_links_hover_color":"","osh_links_active_color":"","osh_links_bg_color":"","osh_links_hover_bg_color":"","osh_links_active_bg_color":"","osh_menu_social_links_color":"","osh_menu_social_hover_links_color":""},"product_brand":[],"product_cat":[41,42],"product_tag":[74,322,73,77,72],"class_list":{"0":"post-3772","1":"product","2":"type-product","3":"status-publish","4":"has-post-thumbnail","6":"product_cat-progressive-grease-systems","7":"product_cat-electric-progressive-pumps","8":"product_tag-automatic-lubrication-pump","9":"product_tag-centralized-lubrication","10":"product_tag-electric-lubrication-pump","11":"product_tag-grease-lubrication-pump","12":"product_tag-lubrication-system","14":"entry","15":"has-media","17":"first","18":"instock","19":"shipping-taxable","20":"product-type-external","21":"col","22":"span_1_of_3","23":"owp-content-center","24":"owp-thumbs-layout-horizontal","25":"owp-btn-very-big","26":"owp-tabs-layout-horizontal"},"_links":{"self":[{"href":"https:\/\/www.jinpinlub.com\/pt\/wp-json\/wp\/v2\/product\/3772","targetHints":{"allow":["GET"]}}],"collection":[{"href":"https:\/\/www.jinpinlub.com\/pt\/wp-json\/wp\/v2\/product"}],"about":[{"href":"https:\/\/www.jinpinlub.com\/pt\/wp-json\/wp\/v2\/types\/product"}],"wp:featuredmedia":[{"embeddable":true,"href":"https:\/\/www.jinpinlub.com\/pt\/wp-json\/wp\/v2\/media\/3776"}],"wp:attachment":[{"href":"https:\/\/www.jinpinlub.com\/pt\/wp-json\/wp\/v2\/media?parent=3772"}],"wp:term":[{"taxonomy":"product_brand","embeddable":true,"href":"https:\/\/www.jinpinlub.com\/pt\/wp-json\/wp\/v2\/product_brand?post=3772"},{"taxonomy":"product_cat","embeddable":true,"href":"https:\/\/www.jinpinlub.com\/pt\/wp-json\/wp\/v2\/product_cat?post=3772"},{"taxonomy":"product_tag","embeddable":true,"href":"https:\/\/www.jinpinlub.com\/pt\/wp-json\/wp\/v2\/product_tag?post=3772"}],"curies":[{"name":"wp","href":"https:\/\/api.w.org\/{rel}","templated":true}]}}