{"id":3778,"date":"2024-10-10T12:11:34","date_gmt":"2024-10-10T04:11:34","guid":{"rendered":"https:\/\/www.jinpinlub.com\/?post_type=product&#038;p=3778"},"modified":"2024-10-10T12:15:26","modified_gmt":"2024-10-10T04:15:26","slug":"bombas-de-lubrificacao-eletricas-automaticas-amg1-para-graxa-fluida-3","status":"publish","type":"product","link":"https:\/\/www.jinpinlub.com\/pt\/product\/jmg1-progressive-motor-driven-grease-lubrication-gear-pump\/","title":{"rendered":"Bomba de engrenagem de lubrifica\u00e7\u00e3o a graxa com motor progressivo JMG1"},"content":{"rendered":"<h2>Caracter\u00edsticas<\/h2>\n<p>1. O sistema de lubrifica\u00e7\u00e3o tem dois modos de inicializa\u00e7\u00e3o opcionais: modo de lubrifica\u00e7\u00e3o e modo de mem\u00f3ria. No modo de mem\u00f3ria, quando a fonte de alimenta\u00e7\u00e3o \u00e9 reconectada, a lubrifica\u00e7\u00e3o inacabada ou a a\u00e7\u00e3o de intervalo podem ser retomadas.<br \/>\n2. Permite o ajuste do tempo de lubrifica\u00e7\u00e3o e intervalo, com sele\u00e7\u00f5es de v\u00e1rias unidades como segundos, minutos e horas, tornando a lubrifica\u00e7\u00e3o flex\u00edvel.<br \/>\n3. V\u00e1lvula de al\u00edvio de press\u00e3o, cuja fun\u00e7\u00e3o de press\u00e3o constante mant\u00e9m um bom status e evita a situa\u00e7\u00e3o de press\u00e3o excessivamente alta do sistema.<br \/>\n4. H\u00e1 um temporizador na bomba de lubrifica\u00e7\u00e3o JMG; o status de trabalho e as condi\u00e7\u00f5es anormais do lubrificador podem ser exibidos na tela do painel e na luz indicadora.<br \/>\n5. O bot\u00e3o de lubrifica\u00e7\u00e3o for\u00e7ada \u201cRES\u201d na bomba de lubrifica\u00e7\u00e3o JMG1 pode redefinir e reiniciar o ciclo operacional da bomba.<br \/>\n6. De acordo com as condi\u00e7\u00f5es reais exigidas pelo cliente, um pressostato pode ser selecionado para realizar o controle autom\u00e1tico.<br \/>\n7. O <a href=\"https:\/\/en.wikipedia.org\/wiki\/Induction_motor\" target=\"_blank\" rel=\"noopener\">motor de indu\u00e7\u00e3o<\/a> usado na bomba de lubrifica\u00e7\u00e3o JMG1 \u00e9 de qualidade superior e capaz de realizar atividades operacionais por longos per\u00edodos de tempo; pode se adaptar a opera\u00e7\u00f5es de lubrifica\u00e7\u00e3o de longo prazo.<\/p>\n<h2>Especifica\u00e7\u00e3o<\/h2>\n<table>\n<tbody>\n<tr>\n<td>Modelo<\/td>\n<td>JMG1<\/td>\n<\/tr>\n<tr>\n<td>Tempo de lubrifica\u00e7\u00e3o<\/td>\n<td>1-999 segundos<\/td>\n<\/tr>\n<tr>\n<td>Tempo de intervalo<\/td>\n<td>1-999 minutos<\/td>\n<\/tr>\n<tr>\n<td>Temperatura de opera\u00e7\u00e3o<\/td>\n<td>-10\u2103~ +60\u00b0C (condi\u00e7\u00f5es de baixa temperatura requerem graxa anticongelante)<\/td>\n<\/tr>\n<tr>\n<td>N\u00famero de pontos de venda<\/td>\n<td>1<\/td>\n<\/tr>\n<tr>\n<td>Capacidade do reservat\u00f3rio<\/td>\n<td>3L (tanque de resina), 4L, 6L, 8L, 20L (tanque de metal)<\/td>\n<\/tr>\n<tr>\n<td>Reabastecimento<\/td>\n<td>Do topo<\/td>\n<\/tr>\n<tr>\n<td>Lubrificante<\/td>\n<td>L\u00edngua Inglesa 000#~00#<\/td>\n<\/tr>\n<tr>\n<td>Pot\u00eancia do motor<\/td>\n<td>40 W<\/td>\n<\/tr>\n<tr>\n<td>Descarga<\/td>\n<td>250 mL\/min<\/td>\n<\/tr>\n<tr>\n<td>Press\u00e3o m\u00e1xima de opera\u00e7\u00e3o<\/td>\n<td>4,0 MPa<\/td>\n<\/tr>\n<tr>\n<td>Fio de conex\u00e3o<\/td>\n<td>Sa\u00edda \u03a66<\/td>\n<\/tr>\n<tr>\n<td>Tens\u00e3o de opera\u00e7\u00e3o<\/td>\n<td>110 VCA, 220 VCA, 12 VCC, 24 VCC<\/td>\n<\/tr>\n<tr>\n<td>Certifica\u00e7\u00e3o<\/td>\n<td>CE<\/td>\n<\/tr>\n<tr>\n<td>Interruptor de baixo n\u00edvel<\/td>\n<td>Contato NC<\/td>\n<\/tr>\n<\/tbody>\n<\/table>\n<h2>Aplica\u00e7\u00f5es<\/h2>\n<p>Ind\u00fastria de m\u00e1quinas-ferramentas: Na ind\u00fastria de m\u00e1quinas-ferramentas, a bomba de lubrifica\u00e7\u00e3o fornece lubrificantes para as principais pe\u00e7as das m\u00e1quinas-ferramentas em tempo h\u00e1bil e quantitativamente, como trilhos-guia, parafusos de avan\u00e7o, rolamentos, etc., para reduzir o atrito e o desgaste.<br \/>\nM\u00e1quinas de pl\u00e1stico: JMG1 pode ser aplicado em m\u00e1quinas de processamento de pl\u00e1stico para garantir a lubrifica\u00e7\u00e3o normal de equipamentos como m\u00e1quinas de moldagem por inje\u00e7\u00e3o e extrusoras. Uma determinada quantidade de lubrificante garante que o superaquecimento da mec\u00e2nica seja inibido e mantenha a precis\u00e3o e estabilidade mec\u00e2nica.<br \/>\nM\u00e1quina de fundi\u00e7\u00e3o sob press\u00e3o: Na linha de produ\u00e7\u00e3o de fundi\u00e7\u00e3o sob press\u00e3o, o JMG1 lubrifica v\u00e1rias pe\u00e7as deslizantes da m\u00e1quina de fundi\u00e7\u00e3o sob press\u00e3o e reduz abras\u00f5es de moldes e pe\u00e7as mec\u00e2nicas.<br \/>\nFabrica\u00e7\u00e3o de processos: Nas \u00e1reas de fabrica\u00e7\u00e3o de processos de processamento e embalagem de alimentos, a bomba de lubrifica\u00e7\u00e3o mant\u00e9m correias transportadoras, m\u00e1quinas de engarrafamento, motores e rolamentos limpos e silenciosos, funcionando em altas velocidades com o m\u00ednimo de desgaste.<\/p>\n<h2>Manuais<\/h2>\n<div class=\"sdm_download_button_box_default\"><div class=\"sdm_download_link\"><a href=\"https:\/\/www.jinpinlub.com\/pt\/?sdm_process_download=1&download_id=3737\" class=\"sdm_download white\" title=\"Privado: JMG Grease Pump\" target=\"&quot;_blank&quot;\">Ver Ficha T\u00e9cnica - Bomba de Graxa JMG<\/a><\/div><\/div>","protected":false},"excerpt":{"rendered":"<p>A bomba de lubrifica\u00e7\u00e3o JMG1 \u00e9 usada em v\u00e1rios sistemas de lubrifica\u00e7\u00e3o centralizada, como m\u00e1quinas-ferramentas, m\u00e1quinas de pl\u00e1stico, m\u00e1quinas de fundi\u00e7\u00e3o sob press\u00e3o, etc. Ela inclui dispositivo de temporiza\u00e7\u00e3o autom\u00e1tica, sensor de baixo n\u00edvel de l\u00edquido, sensor de press\u00e3o, etc. para melhorar a confiabilidade do sistema de lubrifica\u00e7\u00e3o.<\/p>","protected":false},"featured_media":3779,"template":"","meta":{"ocean_post_layout":"","ocean_both_sidebars_style":"","ocean_both_sidebars_content_width":0,"ocean_both_sidebars_sidebars_width":0,"ocean_sidebar":"0","ocean_second_sidebar":"0","ocean_disable_margins":"enable","ocean_add_body_class":"","ocean_shortcode_before_top_bar":"","ocean_shortcode_after_top_bar":"","ocean_shortcode_before_header":"","ocean_shortcode_after_header":"","ocean_has_shortcode":"","ocean_shortcode_after_title":"","ocean_shortcode_before_footer_widgets":"","ocean_shortcode_after_footer_widgets":"","ocean_shortcode_before_footer_bottom":"","ocean_shortcode_after_footer_bottom":"","ocean_display_top_bar":"default","ocean_display_header":"default","ocean_header_style":"","ocean_center_header_left_menu":"0","ocean_custom_header_template":"0","ocean_custom_logo":0,"ocean_custom_retina_logo":0,"ocean_custom_logo_max_width":0,"ocean_custom_logo_tablet_max_width":0,"ocean_custom_logo_mobile_max_width":0,"ocean_custom_logo_max_height":0,"ocean_custom_logo_tablet_max_height":0,"ocean_custom_logo_mobile_max_height":0,"ocean_header_custom_menu":"0","ocean_menu_typo_font_family":"0","ocean_menu_typo_font_subset":"","ocean_menu_typo_font_size":0,"ocean_menu_typo_font_size_tablet":0,"ocean_menu_typo_font_size_mobile":0,"ocean_menu_typo_font_size_unit":"px","ocean_menu_typo_font_weight":"","ocean_menu_typo_font_weight_tablet":"","ocean_menu_typo_font_weight_mobile":"","ocean_menu_typo_transform":"","ocean_menu_typo_transform_tablet":"","ocean_menu_typo_transform_mobile":"","ocean_menu_typo_line_height":0,"ocean_menu_typo_line_height_tablet":0,"ocean_menu_typo_line_height_mobile":0,"ocean_menu_typo_line_height_unit":"","ocean_menu_typo_spacing":0,"ocean_menu_typo_spacing_tablet":0,"ocean_menu_typo_spacing_mobile":0,"ocean_menu_typo_spacing_unit":"","ocean_menu_link_color":"","ocean_menu_link_color_hover":"","ocean_menu_link_color_active":"","ocean_menu_link_background":"","ocean_menu_link_hover_background":"","ocean_menu_link_active_background":"","ocean_menu_social_links_bg":"","ocean_menu_social_hover_links_bg":"","ocean_menu_social_links_color":"","ocean_menu_social_hover_links_color":"","ocean_disable_title":"default","ocean_disable_heading":"default","ocean_post_title":"","ocean_post_subheading":"","ocean_post_title_style":"","ocean_post_title_background_color":"","ocean_post_title_background":0,"ocean_post_title_bg_image_position":"","ocean_post_title_bg_image_attachment":"","ocean_post_title_bg_image_repeat":"","ocean_post_title_bg_image_size":"","ocean_post_title_height":0,"ocean_post_title_bg_overlay":0.5,"ocean_post_title_bg_overlay_color":"","ocean_disable_breadcrumbs":"default","ocean_breadcrumbs_color":"","ocean_breadcrumbs_separator_color":"","ocean_breadcrumbs_links_color":"","ocean_breadcrumbs_links_hover_color":"","ocean_display_footer_widgets":"default","ocean_display_footer_bottom":"default","ocean_custom_footer_template":"0","osh_disable_topbar_sticky":"default","osh_disable_header_sticky":"default","osh_sticky_header_style":"default","osh_sticky_header_effect":"","osh_custom_sticky_logo":0,"osh_custom_retina_sticky_logo":0,"osh_custom_sticky_logo_height":0,"osh_background_color":"","osh_links_color":"","osh_links_hover_color":"","osh_links_active_color":"","osh_links_bg_color":"","osh_links_hover_bg_color":"","osh_links_active_bg_color":"","osh_menu_social_links_color":"","osh_menu_social_hover_links_color":""},"product_brand":[],"product_cat":[42,41],"product_tag":[74,73,77,196,72],"class_list":{"0":"post-3778","1":"product","2":"type-product","3":"status-publish","4":"has-post-thumbnail","6":"product_cat-electric-progressive-pumps","7":"product_cat-progressive-grease-systems","8":"product_tag-automatic-lubrication-pump","9":"product_tag-electric-lubrication-pump","10":"product_tag-grease-lubrication-pump","11":"product_tag-grease-lubrication-system","12":"product_tag-lubrication-system","14":"entry","15":"has-media","17":"first","18":"instock","19":"shipping-taxable","20":"product-type-external","21":"col","22":"span_1_of_3","23":"owp-content-center","24":"owp-thumbs-layout-horizontal","25":"owp-btn-very-big","26":"owp-tabs-layout-horizontal"},"_links":{"self":[{"href":"https:\/\/www.jinpinlub.com\/pt\/wp-json\/wp\/v2\/product\/3778","targetHints":{"allow":["GET"]}}],"collection":[{"href":"https:\/\/www.jinpinlub.com\/pt\/wp-json\/wp\/v2\/product"}],"about":[{"href":"https:\/\/www.jinpinlub.com\/pt\/wp-json\/wp\/v2\/types\/product"}],"wp:featuredmedia":[{"embeddable":true,"href":"https:\/\/www.jinpinlub.com\/pt\/wp-json\/wp\/v2\/media\/3779"}],"wp:attachment":[{"href":"https:\/\/www.jinpinlub.com\/pt\/wp-json\/wp\/v2\/media?parent=3778"}],"wp:term":[{"taxonomy":"product_brand","embeddable":true,"href":"https:\/\/www.jinpinlub.com\/pt\/wp-json\/wp\/v2\/product_brand?post=3778"},{"taxonomy":"product_cat","embeddable":true,"href":"https:\/\/www.jinpinlub.com\/pt\/wp-json\/wp\/v2\/product_cat?post=3778"},{"taxonomy":"product_tag","embeddable":true,"href":"https:\/\/www.jinpinlub.com\/pt\/wp-json\/wp\/v2\/product_tag?post=3778"}],"curies":[{"name":"wp","href":"https:\/\/api.w.org\/{rel}","templated":true}]}}