{"id":3791,"date":"2024-10-16T17:43:49","date_gmt":"2024-10-16T09:43:49","guid":{"rendered":"https:\/\/www.jinpinlub.com\/?post_type=product&#038;p=3791"},"modified":"2024-10-16T17:50:31","modified_gmt":"2024-10-16T09:50:31","slug":"bomba-de-lubrificacao-de-alivio-de-pressao-de-deslocamento-positivo-jmt4","status":"publish","type":"product","link":"https:\/\/www.jinpinlub.com\/pt\/product\/jmt4-positive-displacement-pressure-relief-lubrication-pump\/","title":{"rendered":"Bomba de lubrifica\u00e7\u00e3o de al\u00edvio de press\u00e3o de deslocamento positivo JMT4"},"content":{"rendered":"<h2>Caracter\u00edsticas<\/h2>\n<p>1. A lubrifica\u00e7\u00e3o e o tempo de intervalo da bomba de lubrifica\u00e7\u00e3o s\u00e3o controlados pelo CLP do host.<br \/>\n2. A bomba de lubrifica\u00e7\u00e3o pode ser equipada com um pressostato para detectar se o circuito de \u00f3leo est\u00e1 danificado.<br \/>\n3. A bomba de lubrifica\u00e7\u00e3o \u00e9 equipada com um interruptor flutuante para detectar o n\u00edvel de \u00f3leo e enviar automaticamente um sinal.<br \/>\n4. A bomba \u00e9 equipada com um man\u00f4metro por padr\u00e3o para detectar a press\u00e3o operacional da bomba de \u00f3leo.<br \/>\n5. A bomba de lubrifica\u00e7\u00e3o \u00e9 equipada com um bot\u00e3o de lubrifica\u00e7\u00e3o for\u00e7ada e uma luz indicadora de funcionamento da lubrifica\u00e7\u00e3o.<br \/>\n6. A bomba de lubrifica\u00e7\u00e3o \u00e9 acionada por uma bomba de engrenagem de moagem com motor de indu\u00e7\u00e3o, com press\u00e3o est\u00e1vel, baixo ru\u00eddo, dur\u00e1vel e confi\u00e1vel.<br \/>\n7. O modelo JMT4 \u00e9 um <a href=\"https:\/\/www.jinpinlub.com\/pt\/categoria-de-produto\/sistemas-volumetricos-de-oleo-fino\/bombas-volumetricas-eletricas\/\" target=\"_blank\" rel=\"noopener\">bomba de lubrifica\u00e7\u00e3o volum\u00e9trica<\/a>, que precisa ser usado com um distribuidor volum\u00e9trico para obter um efeito quantitativo de fornecimento de \u00f3leo.<\/p>\n<h2>Especifica\u00e7\u00e3o<\/h2>\n<table>\n<tbody>\n<tr>\n<td>Modelo<\/td>\n<td>JMT4<\/td>\n<\/tr>\n<tr>\n<td>Tempo de lubrifica\u00e7\u00e3o<\/td>\n<td>CLP<\/td>\n<\/tr>\n<tr>\n<td>Tempo de intervalo<\/td>\n<td>CLP<\/td>\n<\/tr>\n<tr>\n<td>Temperatura de opera\u00e7\u00e3o<\/td>\n<td>-10\u2103~ +60\u00b0C (condi\u00e7\u00f5es de baixa temperatura requerem graxa anticongelante)<\/td>\n<\/tr>\n<tr>\n<td>N\u00famero de pontos de venda<\/td>\n<td>1<\/td>\n<\/tr>\n<tr>\n<td>Capacidade do reservat\u00f3rio<\/td>\n<td>3L (tanque de resina), 4L, 6L, 8L, 20L (tanque de metal)<\/td>\n<\/tr>\n<tr>\n<td>Reabastecimento<\/td>\n<td>Do topo<\/td>\n<\/tr>\n<tr>\n<td>Lubrificante<\/td>\n<td>32-68cSt a 40\u2103<\/td>\n<\/tr>\n<tr>\n<td>Pot\u00eancia do motor<\/td>\n<td>40 W<\/td>\n<\/tr>\n<tr>\n<td>Descarga<\/td>\n<td>250 mL\/min<\/td>\n<\/tr>\n<tr>\n<td>Press\u00e3o m\u00e1xima de opera\u00e7\u00e3o<\/td>\n<td>2,3 MPa<\/td>\n<\/tr>\n<tr>\n<td>Fio de conex\u00e3o<\/td>\n<td>Sa\u00edda \u03a66<\/td>\n<\/tr>\n<tr>\n<td>Tens\u00e3o de opera\u00e7\u00e3o<\/td>\n<td>110 VCA, 220 VCA, 12 VCC, 24 VCC, 3~ 220 V, 3~ 380 V, 3~ 440 V, 3~ 460 V<\/td>\n<\/tr>\n<tr>\n<td>Certifica\u00e7\u00e3o<\/td>\n<td>CE<\/td>\n<\/tr>\n<tr>\n<td>Interruptor de baixo n\u00edvel<\/td>\n<td>Contato NC<\/td>\n<\/tr>\n<\/tbody>\n<\/table>\n<h2>Precau\u00e7\u00f5es<\/h2>\n<p>1. Confirme cuidadosamente a voltagem da bomba de lubrifica\u00e7\u00e3o e conecte a fonte de alimenta\u00e7\u00e3o apropriada.<br \/>\n2. A bomba de lubrifica\u00e7\u00e3o deve usar \u00f3leo limpo, e \u00f3leo lubrificante reciclado n\u00e3o \u00e9 permitido.<br \/>\n3. \u00c9 recomend\u00e1vel reabastecer o \u00f3leo lubrificante at\u00e9 a linha de n\u00edvel de \u00f3leo a cada vez.<br \/>\n4. Recomenda-se limpar o reservat\u00f3rio de \u00f3leo uma vez a cada dois meses e limpar ou substituir o cesto do filtro e o filtro de \u00f3leo na entrada de \u00f3leo.<br \/>\n5. O aumento no tempo de execu\u00e7\u00e3o da bomba de lubrifica\u00e7\u00e3o pode aumentar a quantidade total de lubrifica\u00e7\u00e3o do sistema de lubrifica\u00e7\u00e3o, e a redu\u00e7\u00e3o no tempo de execu\u00e7\u00e3o pode reduzir a quantidade total de lubrifica\u00e7\u00e3o do sistema de lubrifica\u00e7\u00e3o.<br \/>\n6. Ap\u00f3s a instala\u00e7\u00e3o do sistema de lubrifica\u00e7\u00e3o ou ap\u00f3s a desmontagem e substitui\u00e7\u00e3o de pe\u00e7as, o ar no sistema de lubrifica\u00e7\u00e3o deve ser descarregado primeiro.<br \/>\n7. Ap\u00f3s a bomba de lubrifica\u00e7\u00e3o ser ligada, n\u00e3o \u00e9 permitido abrir a tampa na parte superior da bomba para evitar o risco de choque el\u00e9trico.<\/p>\n<h2>Manuais<\/h2>\n<div class=\"sdm_download_button_box_default\"><div class=\"sdm_download_link\"><a href=\"https:\/\/www.jinpinlub.com\/pt\/?sdm_process_download=1&download_id=3796\" class=\"sdm_download white\" title=\"Privado: JMT4 lubrication Pump\" target=\"&quot;_blank&quot;\">Ver Ficha T\u00e9cnica - Bomba de Graxa JMT4<\/a><\/div><\/div>","protected":false},"excerpt":{"rendered":"<p>JMT4 \u00e9 uma bomba de lubrifica\u00e7\u00e3o el\u00e9trica de deslocamento positivo com m\u00faltiplas capacidades, incluindo 3L, 6L, 4L, 8L, 20L, etc. Ela \u00e9 acionada por um motor de indu\u00e7\u00e3o, fornece press\u00e3o de sa\u00edda est\u00e1vel, pode trabalhar por um longo tempo e produz um grande fluxo de lubrificante.<\/p>","protected":false},"featured_media":3797,"template":"","meta":{"ocean_post_layout":"","ocean_both_sidebars_style":"","ocean_both_sidebars_content_width":0,"ocean_both_sidebars_sidebars_width":0,"ocean_sidebar":"0","ocean_second_sidebar":"0","ocean_disable_margins":"enable","ocean_add_body_class":"","ocean_shortcode_before_top_bar":"","ocean_shortcode_after_top_bar":"","ocean_shortcode_before_header":"","ocean_shortcode_after_header":"","ocean_has_shortcode":"","ocean_shortcode_after_title":"","ocean_shortcode_before_footer_widgets":"","ocean_shortcode_after_footer_widgets":"","ocean_shortcode_before_footer_bottom":"","ocean_shortcode_after_footer_bottom":"","ocean_display_top_bar":"default","ocean_display_header":"default","ocean_header_style":"","ocean_center_header_left_menu":"0","ocean_custom_header_template":"0","ocean_custom_logo":0,"ocean_custom_retina_logo":0,"ocean_custom_logo_max_width":0,"ocean_custom_logo_tablet_max_width":0,"ocean_custom_logo_mobile_max_width":0,"ocean_custom_logo_max_height":0,"ocean_custom_logo_tablet_max_height":0,"ocean_custom_logo_mobile_max_height":0,"ocean_header_custom_menu":"0","ocean_menu_typo_font_family":"0","ocean_menu_typo_font_subset":"","ocean_menu_typo_font_size":0,"ocean_menu_typo_font_size_tablet":0,"ocean_menu_typo_font_size_mobile":0,"ocean_menu_typo_font_size_unit":"px","ocean_menu_typo_font_weight":"","ocean_menu_typo_font_weight_tablet":"","ocean_menu_typo_font_weight_mobile":"","ocean_menu_typo_transform":"","ocean_menu_typo_transform_tablet":"","ocean_menu_typo_transform_mobile":"","ocean_menu_typo_line_height":0,"ocean_menu_typo_line_height_tablet":0,"ocean_menu_typo_line_height_mobile":0,"ocean_menu_typo_line_height_unit":"","ocean_menu_typo_spacing":0,"ocean_menu_typo_spacing_tablet":0,"ocean_menu_typo_spacing_mobile":0,"ocean_menu_typo_spacing_unit":"","ocean_menu_link_color":"","ocean_menu_link_color_hover":"","ocean_menu_link_color_active":"","ocean_menu_link_background":"","ocean_menu_link_hover_background":"","ocean_menu_link_active_background":"","ocean_menu_social_links_bg":"","ocean_menu_social_hover_links_bg":"","ocean_menu_social_links_color":"","ocean_menu_social_hover_links_color":"","ocean_disable_title":"default","ocean_disable_heading":"default","ocean_post_title":"","ocean_post_subheading":"","ocean_post_title_style":"","ocean_post_title_background_color":"","ocean_post_title_background":0,"ocean_post_title_bg_image_position":"","ocean_post_title_bg_image_attachment":"","ocean_post_title_bg_image_repeat":"","ocean_post_title_bg_image_size":"","ocean_post_title_height":0,"ocean_post_title_bg_overlay":0.5,"ocean_post_title_bg_overlay_color":"","ocean_disable_breadcrumbs":"default","ocean_breadcrumbs_color":"","ocean_breadcrumbs_separator_color":"","ocean_breadcrumbs_links_color":"","ocean_breadcrumbs_links_hover_color":"","ocean_display_footer_widgets":"default","ocean_display_footer_bottom":"default","ocean_custom_footer_template":"0","osh_disable_topbar_sticky":"default","osh_disable_header_sticky":"default","osh_sticky_header_style":"default","osh_sticky_header_effect":"","osh_custom_sticky_logo":0,"osh_custom_retina_sticky_logo":0,"osh_custom_sticky_logo_height":0,"osh_background_color":"","osh_links_color":"","osh_links_hover_color":"","osh_links_active_color":"","osh_links_bg_color":"","osh_links_hover_bg_color":"","osh_links_active_bg_color":"","osh_menu_social_links_color":"","osh_menu_social_hover_links_color":""},"product_brand":[],"product_cat":[48,47],"product_tag":[73,323,71,111,114],"class_list":{"0":"post-3791","1":"product","2":"type-product","3":"status-publish","4":"has-post-thumbnail","6":"product_cat-electric-volumetric-pumps","7":"product_cat-volumetric-thin-oil-systems","8":"product_tag-electric-lubrication-pump","9":"product_tag-lubricating-oil-pump","10":"product_tag-lubrication-pump","11":"product_tag-oil-lubrication-pump","12":"product_tag-oil-lubrication-system","14":"entry","15":"has-media","17":"first","18":"instock","19":"shipping-taxable","20":"product-type-external","21":"col","22":"span_1_of_3","23":"owp-content-center","24":"owp-thumbs-layout-horizontal","25":"owp-btn-very-big","26":"owp-tabs-layout-horizontal"},"_links":{"self":[{"href":"https:\/\/www.jinpinlub.com\/pt\/wp-json\/wp\/v2\/product\/3791","targetHints":{"allow":["GET"]}}],"collection":[{"href":"https:\/\/www.jinpinlub.com\/pt\/wp-json\/wp\/v2\/product"}],"about":[{"href":"https:\/\/www.jinpinlub.com\/pt\/wp-json\/wp\/v2\/types\/product"}],"wp:featuredmedia":[{"embeddable":true,"href":"https:\/\/www.jinpinlub.com\/pt\/wp-json\/wp\/v2\/media\/3797"}],"wp:attachment":[{"href":"https:\/\/www.jinpinlub.com\/pt\/wp-json\/wp\/v2\/media?parent=3791"}],"wp:term":[{"taxonomy":"product_brand","embeddable":true,"href":"https:\/\/www.jinpinlub.com\/pt\/wp-json\/wp\/v2\/product_brand?post=3791"},{"taxonomy":"product_cat","embeddable":true,"href":"https:\/\/www.jinpinlub.com\/pt\/wp-json\/wp\/v2\/product_cat?post=3791"},{"taxonomy":"product_tag","embeddable":true,"href":"https:\/\/www.jinpinlub.com\/pt\/wp-json\/wp\/v2\/product_tag?post=3791"}],"curies":[{"name":"wp","href":"https:\/\/api.w.org\/{rel}","templated":true}]}}