{"id":3826,"date":"2024-10-21T11:11:19","date_gmt":"2024-10-21T03:11:19","guid":{"rendered":"https:\/\/www.jinpinlub.com\/?post_type=product&#038;p=3826"},"modified":"2024-10-21T11:51:36","modified_gmt":"2024-10-21T03:51:36","slug":"kvt-manual-pull-rod-60-mpa-pistola-de-graxa-para-enchimento-de-lubrificante","status":"publish","type":"product","link":"https:\/\/www.jinpinlub.com\/pt\/product\/kvt-manual-pull-rod-60-mpa-grease-gun-for-lubricant-filling\/","title":{"rendered":"KVT Manual Pull Rod 60 MPa Pistola de graxa para enchimento de lubrificante"},"content":{"rendered":"<h2>Caracter\u00edsticas<\/h2>\n<p>A pistola de graxa \u00e9 equipada com um selo de \u00f3leo industrial que n\u00e3o vaza \u00f3leo. O design de pist\u00e3o grande e pist\u00e3o duplo simples fornece alta press\u00e3o e descarga r\u00e1pida.<br \/>\nA cabe\u00e7a da pistola \u00e9 fundida como um todo e pode suportar uma press\u00e3o de trabalho m\u00e1xima de 60 MPa.<br \/>\nEle \u00e9 equipado com uma mola espessa e o tratamento t\u00e9rmico industrial garante que ele n\u00e3o seja facilmente deformado ou envelhecido.<br \/>\nA pistola de graxa adota um design de luva de borracha texturizada, que efetivamente previne deslizamentos e desgaste.<br \/>\nPossui uma ampla gama de aplica\u00e7\u00f5es, como lubrifica\u00e7\u00e3o de m\u00e1quinas agr\u00edcolas, m\u00e1quinas de engenharia, equipamentos automotivos e navais, al\u00e9m de m\u00e1quinas leves e pesadas.<\/p>\n<h2>Especifica\u00e7\u00e3o<\/h2>\n<table>\n<tbody>\n<tr>\n<td>Modelo<\/td>\n<td>KVT<\/td>\n<\/tr>\n<tr>\n<td>Tempo de lubrifica\u00e7\u00e3o<\/td>\n<td>Manual<\/td>\n<\/tr>\n<tr>\n<td>Temperatura de opera\u00e7\u00e3o<\/td>\n<td>(-20\u2103~ +60\u00b0C, condi\u00e7\u00f5es de baixa temperatura requerem graxa anticongelante)<\/td>\n<\/tr>\n<tr>\n<td>N\u00famero de pontos de venda<\/td>\n<td>1<\/td>\n<\/tr>\n<tr>\n<td>Capacidade do reservat\u00f3rio<\/td>\n<td>600 mL<\/td>\n<\/tr>\n<tr>\n<td>Lubrificante<\/td>\n<td>At\u00e9 NLGI #3<\/td>\n<\/tr>\n<tr>\n<td>Pist\u00e3o<\/td>\n<td>8mm de di\u00e2metro<\/td>\n<\/tr>\n<tr>\n<td>Press\u00e3o m\u00e1xima de opera\u00e7\u00e3o<\/td>\n<td>60 MPa<\/td>\n<\/tr>\n<tr>\n<td>Certifica\u00e7\u00e3o<\/td>\n<td>CE<\/td>\n<\/tr>\n<\/tbody>\n<\/table>\n<h2>Precau\u00e7\u00f5es<\/h2>\n<p>1. Desaparafuse a cabe\u00e7a da pistola de graxa para separ\u00e1-la do cilindro.<br \/>\n2. Trave a placa de travamento na extremidade do cano e empurre a al\u00e7a na extremidade do cano at\u00e9 o fim.<br \/>\n3. Mergulhe a extremidade da pistola de graxa no cilindro de graxa a uma profundidade de cerca de 30 mm e puxe a al\u00e7a na extremidade do cilindro para sugar a graxa para dentro do cilindro.<br \/>\n4. Reaperte a cabe\u00e7a da pistola de graxa, pressione a placa de travamento na extremidade do cano e empurre a alavanca acionada para iniciar a exaust\u00e3o.<br \/>\n5. Use as pontas dos dedos para controlar o furo de exaust\u00e3o. Quando voc\u00ea vir graxa descarregada do furo de exaust\u00e3o, a exaust\u00e3o estar\u00e1 completa.<br \/>\n6. Ap\u00f3s o enchimento, confirme a posi\u00e7\u00e3o de adi\u00e7\u00e3o de graxa do equipamento, conclua a conex\u00e3o do bico e use a for\u00e7a do bra\u00e7o para sacudir a al\u00e7a para adicionar graxa.<\/p>\n<h2>Manuais<\/h2>\n<div class=\"sdm_download_button_box_default\"><div class=\"sdm_download_link\"><a href=\"https:\/\/www.jinpinlub.com\/pt\/?sdm_process_download=1&download_id=3824\" class=\"sdm_download white\" title=\"Privado: KVT Manual Grease Gun\" target=\"&quot;_blank&quot;\">Ver Ficha T\u00e9cnica - Pistola de Graxa Manual KVT<\/a><\/div><\/div>","protected":false},"excerpt":{"rendered":"<p>Uma pistola de graxa manual \u00e9 uma ferramenta manual usada para encher equipamentos mec\u00e2nicos com graxa. Ela tem grande capacidade, forte resist\u00eancia \u00e0 press\u00e3o, design de seguran\u00e7a, opera\u00e7\u00e3o simples e \u00e9 f\u00e1cil de transportar. \u00c9 uma ferramenta essencial para operadores de m\u00e1quinas agr\u00edcolas e centros de manuten\u00e7\u00e3o.<\/p>","protected":false},"featured_media":3818,"template":"","meta":{"ocean_post_layout":"","ocean_both_sidebars_style":"","ocean_both_sidebars_content_width":0,"ocean_both_sidebars_sidebars_width":0,"ocean_sidebar":"0","ocean_second_sidebar":"0","ocean_disable_margins":"enable","ocean_add_body_class":"","ocean_shortcode_before_top_bar":"","ocean_shortcode_after_top_bar":"","ocean_shortcode_before_header":"","ocean_shortcode_after_header":"","ocean_has_shortcode":"","ocean_shortcode_after_title":"","ocean_shortcode_before_footer_widgets":"","ocean_shortcode_after_footer_widgets":"","ocean_shortcode_before_footer_bottom":"","ocean_shortcode_after_footer_bottom":"","ocean_display_top_bar":"default","ocean_display_header":"default","ocean_header_style":"","ocean_center_header_left_menu":"0","ocean_custom_header_template":"0","ocean_custom_logo":0,"ocean_custom_retina_logo":0,"ocean_custom_logo_max_width":0,"ocean_custom_logo_tablet_max_width":0,"ocean_custom_logo_mobile_max_width":0,"ocean_custom_logo_max_height":0,"ocean_custom_logo_tablet_max_height":0,"ocean_custom_logo_mobile_max_height":0,"ocean_header_custom_menu":"0","ocean_menu_typo_font_family":"0","ocean_menu_typo_font_subset":"","ocean_menu_typo_font_size":0,"ocean_menu_typo_font_size_tablet":0,"ocean_menu_typo_font_size_mobile":0,"ocean_menu_typo_font_size_unit":"px","ocean_menu_typo_font_weight":"","ocean_menu_typo_font_weight_tablet":"","ocean_menu_typo_font_weight_mobile":"","ocean_menu_typo_transform":"","ocean_menu_typo_transform_tablet":"","ocean_menu_typo_transform_mobile":"","ocean_menu_typo_line_height":0,"ocean_menu_typo_line_height_tablet":0,"ocean_menu_typo_line_height_mobile":0,"ocean_menu_typo_line_height_unit":"","ocean_menu_typo_spacing":0,"ocean_menu_typo_spacing_tablet":0,"ocean_menu_typo_spacing_mobile":0,"ocean_menu_typo_spacing_unit":"","ocean_menu_link_color":"","ocean_menu_link_color_hover":"","ocean_menu_link_color_active":"","ocean_menu_link_background":"","ocean_menu_link_hover_background":"","ocean_menu_link_active_background":"","ocean_menu_social_links_bg":"","ocean_menu_social_hover_links_bg":"","ocean_menu_social_links_color":"","ocean_menu_social_hover_links_color":"","ocean_disable_title":"default","ocean_disable_heading":"default","ocean_post_title":"","ocean_post_subheading":"","ocean_post_title_style":"","ocean_post_title_background_color":"","ocean_post_title_background":0,"ocean_post_title_bg_image_position":"","ocean_post_title_bg_image_attachment":"","ocean_post_title_bg_image_repeat":"","ocean_post_title_bg_image_size":"","ocean_post_title_height":0,"ocean_post_title_bg_overlay":0.5,"ocean_post_title_bg_overlay_color":"","ocean_disable_breadcrumbs":"default","ocean_breadcrumbs_color":"","ocean_breadcrumbs_separator_color":"","ocean_breadcrumbs_links_color":"","ocean_breadcrumbs_links_hover_color":"","ocean_display_footer_widgets":"default","ocean_display_footer_bottom":"default","ocean_custom_footer_template":"0","osh_disable_topbar_sticky":"default","osh_disable_header_sticky":"default","osh_sticky_header_style":"default","osh_sticky_header_effect":"","osh_custom_sticky_logo":0,"osh_custom_retina_sticky_logo":0,"osh_custom_sticky_logo_height":0,"osh_background_color":"","osh_links_color":"","osh_links_hover_color":"","osh_links_active_color":"","osh_links_bg_color":"","osh_links_hover_bg_color":"","osh_links_active_bg_color":"","osh_menu_social_links_color":"","osh_menu_social_hover_links_color":""},"product_brand":[],"product_cat":[32],"product_tag":[327,326,328,325,324],"class_list":{"0":"post-3826","1":"product","2":"type-product","3":"status-publish","4":"has-post-thumbnail","6":"product_cat-lubricant-filling-pumps","7":"product_tag-grease-filler","8":"product_tag-grease-filling-gun","9":"product_tag-grease-syringe","10":"product_tag-hand-operated-grease-gun","11":"product_tag-manual-grease-gun","13":"entry","14":"has-media","16":"first","17":"instock","18":"shipping-taxable","19":"product-type-external","20":"col","21":"span_1_of_3","22":"owp-content-center","23":"owp-thumbs-layout-horizontal","24":"owp-btn-very-big","25":"owp-tabs-layout-horizontal"},"_links":{"self":[{"href":"https:\/\/www.jinpinlub.com\/pt\/wp-json\/wp\/v2\/product\/3826","targetHints":{"allow":["GET"]}}],"collection":[{"href":"https:\/\/www.jinpinlub.com\/pt\/wp-json\/wp\/v2\/product"}],"about":[{"href":"https:\/\/www.jinpinlub.com\/pt\/wp-json\/wp\/v2\/types\/product"}],"wp:featuredmedia":[{"embeddable":true,"href":"https:\/\/www.jinpinlub.com\/pt\/wp-json\/wp\/v2\/media\/3818"}],"wp:attachment":[{"href":"https:\/\/www.jinpinlub.com\/pt\/wp-json\/wp\/v2\/media?parent=3826"}],"wp:term":[{"taxonomy":"product_brand","embeddable":true,"href":"https:\/\/www.jinpinlub.com\/pt\/wp-json\/wp\/v2\/product_brand?post=3826"},{"taxonomy":"product_cat","embeddable":true,"href":"https:\/\/www.jinpinlub.com\/pt\/wp-json\/wp\/v2\/product_cat?post=3826"},{"taxonomy":"product_tag","embeddable":true,"href":"https:\/\/www.jinpinlub.com\/pt\/wp-json\/wp\/v2\/product_tag?post=3826"}],"curies":[{"name":"wp","href":"https:\/\/api.w.org\/{rel}","templated":true}]}}