{"id":3828,"date":"2024-10-21T15:11:16","date_gmt":"2024-10-21T07:11:16","guid":{"rendered":"https:\/\/www.jinpinlub.com\/?post_type=product&#038;p=3828"},"modified":"2024-10-29T17:04:52","modified_gmt":"2024-10-29T09:04:52","slug":"maquina-de-enchimento-de-graxa-de-litio-de-ultra-alta-pressao-jdy-50s","status":"publish","type":"product","link":"https:\/\/www.jinpinlub.com\/pt\/product\/jdy-50s-ultra-high-pressure-lithium-grease-filling-machine\/","title":{"rendered":"M\u00e1quina de enchimento de graxa de l\u00edtio de ultra alta press\u00e3o JDY-50S"},"content":{"rendered":"<h2>Caracter\u00edsticas<\/h2>\n<p>A porta de suc\u00e7\u00e3o de \u00f3leo da bomba de lubrifica\u00e7\u00e3o \u00e9 equipada com um filtro para evitar que impurezas entrem no corpo da bomba. O n\u00facleo da bomba usa veda\u00e7\u00f5es de \u00f3leo de poliuretano de alta qualidade com maior resist\u00eancia ao desgaste. \u00c9 especialmente projetado para graxa de alta viscosidade e \u00e9 mais compat\u00edvel com graxa de alta viscosidade. A entrada de ar da cabe\u00e7a da bomba pneum\u00e1tica \u00e9 equipada com um separador de \u00f3leo-\u00e1gua de copo duplo. Esta m\u00e1quina de enchimento \u00e9 compat\u00edvel com \u00f3leos n\u00e3o corrosivos e \u00e9 adequada para: graxa \u00e0 base de l\u00edtio NLGI 00#~3# e graxa especial resistente a altas temperaturas.<\/p>\n<h2>Especifica\u00e7\u00e3o<\/h2>\n<table>\n<tbody>\n<tr>\n<td>Raz\u00e3o de press\u00e3o<\/td>\n<td>80:1<\/td>\n<\/tr>\n<tr>\n<td>Press\u00e3o m\u00e1xima<\/td>\n<td>80 MPa<\/td>\n<\/tr>\n<tr>\n<td>Taxa de fluxo m\u00e1xima<\/td>\n<td>600-900g\/min<\/td>\n<\/tr>\n<tr>\n<td>Lubrificante<\/td>\n<td>NLGI 00# ~ 3#<\/td>\n<\/tr>\n<tr>\n<td>Faixa de press\u00e3o<\/td>\n<td>0,5-0,9 MPa<\/td>\n<\/tr>\n<tr>\n<td>Temperatura<\/td>\n<td>80\u2103<\/td>\n<\/tr>\n<tr>\n<td>Cabe\u00e7a de transporte<\/td>\n<td>80m<\/td>\n<\/tr>\n<tr>\n<td>Comprimento do tubo<\/td>\n<td>10m\/15m<\/td>\n<\/tr>\n<tr>\n<td>Enchimento de graxa<\/td>\n<td>15-20 kg em barril<\/td>\n<\/tr>\n<tr>\n<td>Peso<\/td>\n<td>15 kg<\/td>\n<\/tr>\n<tr>\n<td>Embalagem<\/td>\n<td>800*400*400 mil\u00edmetros<\/td>\n<\/tr>\n<\/tbody>\n<\/table>\n<h2>Precau\u00e7\u00f5es<\/h2>\n<p>1. Esta \u00e9 uma m\u00e1quina pneum\u00e1tica de enchimento de graxa e precisa ser conectada a uma fonte de ar antes do uso.<br \/>\n2. \u00c9 estritamente proibido usar energia de g\u00e1s inflam\u00e1vel para m\u00e1quinas de graxa, caso contr\u00e1rio, as consequ\u00eancias ser\u00e3o por sua conta e risco.<br \/>\n3. As m\u00e1quinas de enchimento de graxa precisam ser compat\u00edveis com diferentes lubrificantes de acordo com a esta\u00e7\u00e3o: NLGI 1#~2# na primavera e outono, NLGI 2#~3# no ver\u00e3o e NLGI 0#~2# no inverno.<br \/>\n4. Se n\u00e3o for necess\u00e1rio trabalhar, n\u00e3o utilize esta m\u00e1quina de lubrifica\u00e7\u00e3o sem carga por muito tempo para evitar danos \u00e0s pe\u00e7as internas.<br \/>\n5. \u00c9 proibido usar esta m\u00e1quina para pulverizar pessoas e animais.<br \/>\n6. Quando a m\u00e1quina de graxa parar de funcionar, desligue a fonte de ar e atire para liberar a press\u00e3o na mangueira.<br \/>\n7. Preste aten\u00e7\u00e3o \u00e0 manuten\u00e7\u00e3o regular da m\u00e1quina de graxa e limpe a mangueira.<\/p>\n<h2>Manuais<\/h2>\n<div class=\"sdm_download_button_box_default\"><div class=\"sdm_download_link\"><a href=\"https:\/\/www.jinpinlub.com\/pt\/?sdm_process_download=1&download_id=3825\" class=\"sdm_download white\" title=\"Privado: JDY-50S Filling Pump\" target=\"&quot;_blank&quot;\">Ver Ficha T\u00e9cnica - Bomba de Enchimento JDY-50S<\/a><\/div><\/div>","protected":false},"excerpt":{"rendered":"<p>JDY-50 \u00e9 uma m\u00e1quina de enchimento de graxa pneum\u00e1tica de alta press\u00e3o, opera\u00e7\u00e3o simples e alto fluxo. \u00c9 usada para manuten\u00e7\u00e3o de autom\u00f3veis, pintura, transporte, ferramentas mec\u00e2nicas, engenharia de energia e\u00f3lica, usinas de energia, m\u00e1quinas agr\u00edcolas, fabrica\u00e7\u00e3o de metais, etc.<\/p>","protected":false},"featured_media":3814,"template":"","meta":{"ocean_post_layout":"","ocean_both_sidebars_style":"","ocean_both_sidebars_content_width":0,"ocean_both_sidebars_sidebars_width":0,"ocean_sidebar":"0","ocean_second_sidebar":"0","ocean_disable_margins":"enable","ocean_add_body_class":"","ocean_shortcode_before_top_bar":"","ocean_shortcode_after_top_bar":"","ocean_shortcode_before_header":"","ocean_shortcode_after_header":"","ocean_has_shortcode":"","ocean_shortcode_after_title":"","ocean_shortcode_before_footer_widgets":"","ocean_shortcode_after_footer_widgets":"","ocean_shortcode_before_footer_bottom":"","ocean_shortcode_after_footer_bottom":"","ocean_display_top_bar":"default","ocean_display_header":"default","ocean_header_style":"","ocean_center_header_left_menu":"0","ocean_custom_header_template":"0","ocean_custom_logo":0,"ocean_custom_retina_logo":0,"ocean_custom_logo_max_width":0,"ocean_custom_logo_tablet_max_width":0,"ocean_custom_logo_mobile_max_width":0,"ocean_custom_logo_max_height":0,"ocean_custom_logo_tablet_max_height":0,"ocean_custom_logo_mobile_max_height":0,"ocean_header_custom_menu":"0","ocean_menu_typo_font_family":"0","ocean_menu_typo_font_subset":"","ocean_menu_typo_font_size":0,"ocean_menu_typo_font_size_tablet":0,"ocean_menu_typo_font_size_mobile":0,"ocean_menu_typo_font_size_unit":"px","ocean_menu_typo_font_weight":"","ocean_menu_typo_font_weight_tablet":"","ocean_menu_typo_font_weight_mobile":"","ocean_menu_typo_transform":"","ocean_menu_typo_transform_tablet":"","ocean_menu_typo_transform_mobile":"","ocean_menu_typo_line_height":0,"ocean_menu_typo_line_height_tablet":0,"ocean_menu_typo_line_height_mobile":0,"ocean_menu_typo_line_height_unit":"","ocean_menu_typo_spacing":0,"ocean_menu_typo_spacing_tablet":0,"ocean_menu_typo_spacing_mobile":0,"ocean_menu_typo_spacing_unit":"","ocean_menu_link_color":"","ocean_menu_link_color_hover":"","ocean_menu_link_color_active":"","ocean_menu_link_background":"","ocean_menu_link_hover_background":"","ocean_menu_link_active_background":"","ocean_menu_social_links_bg":"","ocean_menu_social_hover_links_bg":"","ocean_menu_social_links_color":"","ocean_menu_social_hover_links_color":"","ocean_disable_title":"default","ocean_disable_heading":"default","ocean_post_title":"","ocean_post_subheading":"","ocean_post_title_style":"","ocean_post_title_background_color":"","ocean_post_title_background":0,"ocean_post_title_bg_image_position":"","ocean_post_title_bg_image_attachment":"","ocean_post_title_bg_image_repeat":"","ocean_post_title_bg_image_size":"","ocean_post_title_height":0,"ocean_post_title_bg_overlay":0.5,"ocean_post_title_bg_overlay_color":"","ocean_disable_breadcrumbs":"default","ocean_breadcrumbs_color":"","ocean_breadcrumbs_separator_color":"","ocean_breadcrumbs_links_color":"","ocean_breadcrumbs_links_hover_color":"","ocean_display_footer_widgets":"default","ocean_display_footer_bottom":"default","ocean_custom_footer_template":"0","osh_disable_topbar_sticky":"default","osh_disable_header_sticky":"default","osh_sticky_header_style":"default","osh_sticky_header_effect":"","osh_custom_sticky_logo":0,"osh_custom_retina_sticky_logo":0,"osh_custom_sticky_logo_height":0,"osh_background_color":"","osh_links_color":"","osh_links_hover_color":"","osh_links_active_color":"","osh_links_bg_color":"","osh_links_hover_bg_color":"","osh_links_active_bg_color":"","osh_menu_social_links_color":"","osh_menu_social_hover_links_color":""},"product_brand":[],"product_cat":[32],"product_tag":[331,333,332,330,329],"class_list":{"0":"post-3828","1":"product","2":"type-product","3":"status-publish","4":"has-post-thumbnail","6":"product_cat-lubricant-filling-pumps","7":"product_tag-butter-filling-gun","8":"product_tag-high-pressure-grease-injector","9":"product_tag-mobile-grease-machine","10":"product_tag-oil-filling-machine","11":"product_tag-pneumatic-butter-machine","13":"entry","14":"has-media","16":"first","17":"instock","18":"shipping-taxable","19":"product-type-external","20":"col","21":"span_1_of_3","22":"owp-content-center","23":"owp-thumbs-layout-horizontal","24":"owp-btn-very-big","25":"owp-tabs-layout-horizontal"},"_links":{"self":[{"href":"https:\/\/www.jinpinlub.com\/pt\/wp-json\/wp\/v2\/product\/3828","targetHints":{"allow":["GET"]}}],"collection":[{"href":"https:\/\/www.jinpinlub.com\/pt\/wp-json\/wp\/v2\/product"}],"about":[{"href":"https:\/\/www.jinpinlub.com\/pt\/wp-json\/wp\/v2\/types\/product"}],"wp:featuredmedia":[{"embeddable":true,"href":"https:\/\/www.jinpinlub.com\/pt\/wp-json\/wp\/v2\/media\/3814"}],"wp:attachment":[{"href":"https:\/\/www.jinpinlub.com\/pt\/wp-json\/wp\/v2\/media?parent=3828"}],"wp:term":[{"taxonomy":"product_brand","embeddable":true,"href":"https:\/\/www.jinpinlub.com\/pt\/wp-json\/wp\/v2\/product_brand?post=3828"},{"taxonomy":"product_cat","embeddable":true,"href":"https:\/\/www.jinpinlub.com\/pt\/wp-json\/wp\/v2\/product_cat?post=3828"},{"taxonomy":"product_tag","embeddable":true,"href":"https:\/\/www.jinpinlub.com\/pt\/wp-json\/wp\/v2\/product_tag?post=3828"}],"curies":[{"name":"wp","href":"https:\/\/api.w.org\/{rel}","templated":true}]}}