{"id":3868,"date":"2024-11-26T16:56:15","date_gmt":"2024-11-26T08:56:15","guid":{"rendered":"https:\/\/www.jinpinlub.com\/?post_type=product&#038;p=3868"},"modified":"2024-11-26T17:51:34","modified_gmt":"2024-11-26T09:51:34","slug":"bobina-de-tubo-de-cobre-roxo-de-4-6-8-10-mm-para-tubulacao-de-lubrificacao","status":"publish","type":"product","link":"https:\/\/www.jinpinlub.com\/pt\/product\/4-6-8-10mm-purple-copper-tube-coil-for-lubrication-pipeline\/","title":{"rendered":"Bobina de tubo de cobre roxo 4\/6\/8\/10 mm para tubula\u00e7\u00e3o de lubrifica\u00e7\u00e3o"},"content":{"rendered":"<h2>Recurso<\/h2>\n<p>O tubo de \u00f3leo de cobre \u00e9 produzido por avan\u00e7ado processo de fundi\u00e7\u00e3o e lamina\u00e7\u00e3o cont\u00ednua, com alta pureza, estrutura fina e baixo teor de oxig\u00eanio.<br \/>\nO tubo de \u00f3leo de cobre n\u00e3o possui poros nem furos de areia e possui boa usinabilidade, ductilidade, resist\u00eancia \u00e0 corros\u00e3o e for\u00e7a de conex\u00e3o.<br \/>\nO tubo de cobre tem qualidade est\u00e1vel, alta resist\u00eancia \u00e0 press\u00e3o, alto alongamento e alta limpeza, o que atende \u00e0s necessidades de transporte de \u00f3leo lubrificante limpo.<br \/>\nA natureza recicl\u00e1vel do cobre \u00e9 prop\u00edcia \u00e0 prote\u00e7\u00e3o ambiental e \u00e9 um material verde para o desenvolvimento sustent\u00e1vel.<\/p>\n<h2>Especifica\u00e7\u00e3o<\/h2>\n<figure id=\"attachment_3873\" aria-describedby=\"caption-attachment-3873\" style=\"width: 800px\" class=\"wp-caption alignnone\"><img loading=\"lazy\" decoding=\"async\" class=\"size-full wp-image-3873\" src=\"https:\/\/www.jinpinlub.com\/wp-content\/uploads\/2024\/11\/Copper-Oil-Tube-5.jpg\" alt=\"Tubo de \u00f3leo de cobre (5)\" width=\"800\" height=\"485\" srcset=\"https:\/\/www.jinpinlub.com\/wp-content\/uploads\/2024\/11\/Copper-Oil-Tube-5.jpg 800w, https:\/\/www.jinpinlub.com\/wp-content\/uploads\/2024\/11\/Copper-Oil-Tube-5-300x182.jpg 300w, https:\/\/www.jinpinlub.com\/wp-content\/uploads\/2024\/11\/Copper-Oil-Tube-5-768x466.jpg 768w, https:\/\/www.jinpinlub.com\/wp-content\/uploads\/2024\/11\/Copper-Oil-Tube-5-18x12.jpg 18w\" sizes=\"auto, (max-width: 800px) 100vw, 800px\" \/><figcaption id=\"caption-attachment-3873\" class=\"wp-caption-text\">Tubo de \u00f3leo de cobre (5)<\/figcaption><\/figure>\n<h2>Aplicativo<\/h2>\n<p>Tubos de cobre s\u00e3o amplamente usados em tubos de \u00f3leo lubrificante para m\u00e1quinas-ferramentas CNC. O principal motivo \u00e9 que o cobre tem boa condutividade t\u00e9rmica e resist\u00eancia \u00e0 corros\u00e3o, o que pode conduzir bem o \u00f3leo lubrificante e proteger o sistema de lubrifica\u00e7\u00e3o. O tubo de lubrifica\u00e7\u00e3o de cobre funcionar\u00e1 bem sob alta temperatura e alta press\u00e3o para garantir que as m\u00e1quinas trabalhem com alta efici\u00eancia e prolongar a vida \u00fatil do equipamento.<\/p>\n<h2>Manuais<\/h2>\n<div class=\"sdm_download_button_box_default\"><div class=\"sdm_download_link\"><a href=\"https:\/\/www.jinpinlub.com\/pt\/?sdm_process_download=1&download_id=3866\" class=\"sdm_download white\" title=\"Privado: Lubricant Tube\" target=\"&quot;_blank&quot;\">Ver Ficha T\u00e9cnica - Tubo Lubrificante<\/a><\/div><\/div>","protected":false},"excerpt":{"rendered":"<p>Tubo de cobre \u00e9 um tubo sem costura que \u00e9 prensado e estirado, com as caracter\u00edsticas de ser forte e duradouro, e pode ser usado em v\u00e1rios ambientes. Como os tubos de cobre podem dobrar e deformar em v\u00e1rios \u00e2ngulos, eles s\u00e3o frequentemente usados em tubula\u00e7\u00f5es para transportar l\u00edquidos.<\/p>","protected":false},"featured_media":3869,"template":"","meta":{"ocean_post_layout":"","ocean_both_sidebars_style":"","ocean_both_sidebars_content_width":0,"ocean_both_sidebars_sidebars_width":0,"ocean_sidebar":"0","ocean_second_sidebar":"0","ocean_disable_margins":"enable","ocean_add_body_class":"","ocean_shortcode_before_top_bar":"","ocean_shortcode_after_top_bar":"","ocean_shortcode_before_header":"","ocean_shortcode_after_header":"","ocean_has_shortcode":"","ocean_shortcode_after_title":"","ocean_shortcode_before_footer_widgets":"","ocean_shortcode_after_footer_widgets":"","ocean_shortcode_before_footer_bottom":"","ocean_shortcode_after_footer_bottom":"","ocean_display_top_bar":"default","ocean_display_header":"default","ocean_header_style":"","ocean_center_header_left_menu":"0","ocean_custom_header_template":"0","ocean_custom_logo":0,"ocean_custom_retina_logo":0,"ocean_custom_logo_max_width":0,"ocean_custom_logo_tablet_max_width":0,"ocean_custom_logo_mobile_max_width":0,"ocean_custom_logo_max_height":0,"ocean_custom_logo_tablet_max_height":0,"ocean_custom_logo_mobile_max_height":0,"ocean_header_custom_menu":"0","ocean_menu_typo_font_family":"0","ocean_menu_typo_font_subset":"","ocean_menu_typo_font_size":0,"ocean_menu_typo_font_size_tablet":0,"ocean_menu_typo_font_size_mobile":0,"ocean_menu_typo_font_size_unit":"px","ocean_menu_typo_font_weight":"","ocean_menu_typo_font_weight_tablet":"","ocean_menu_typo_font_weight_mobile":"","ocean_menu_typo_transform":"","ocean_menu_typo_transform_tablet":"","ocean_menu_typo_transform_mobile":"","ocean_menu_typo_line_height":0,"ocean_menu_typo_line_height_tablet":0,"ocean_menu_typo_line_height_mobile":0,"ocean_menu_typo_line_height_unit":"","ocean_menu_typo_spacing":0,"ocean_menu_typo_spacing_tablet":0,"ocean_menu_typo_spacing_mobile":0,"ocean_menu_typo_spacing_unit":"","ocean_menu_link_color":"","ocean_menu_link_color_hover":"","ocean_menu_link_color_active":"","ocean_menu_link_background":"","ocean_menu_link_hover_background":"","ocean_menu_link_active_background":"","ocean_menu_social_links_bg":"","ocean_menu_social_hover_links_bg":"","ocean_menu_social_links_color":"","ocean_menu_social_hover_links_color":"","ocean_disable_title":"default","ocean_disable_heading":"default","ocean_post_title":"","ocean_post_subheading":"","ocean_post_title_style":"","ocean_post_title_background_color":"","ocean_post_title_background":0,"ocean_post_title_bg_image_position":"","ocean_post_title_bg_image_attachment":"","ocean_post_title_bg_image_repeat":"","ocean_post_title_bg_image_size":"","ocean_post_title_height":0,"ocean_post_title_bg_overlay":0.5,"ocean_post_title_bg_overlay_color":"","ocean_disable_breadcrumbs":"default","ocean_breadcrumbs_color":"","ocean_breadcrumbs_separator_color":"","ocean_breadcrumbs_links_color":"","ocean_breadcrumbs_links_hover_color":"","ocean_display_footer_widgets":"default","ocean_display_footer_bottom":"default","ocean_custom_footer_template":"0","osh_disable_topbar_sticky":"default","osh_disable_header_sticky":"default","osh_sticky_header_style":"default","osh_sticky_header_effect":"","osh_custom_sticky_logo":0,"osh_custom_retina_sticky_logo":0,"osh_custom_sticky_logo_height":0,"osh_background_color":"","osh_links_color":"","osh_links_hover_color":"","osh_links_active_color":"","osh_links_bg_color":"","osh_links_hover_bg_color":"","osh_links_active_bg_color":"","osh_menu_social_links_color":"","osh_menu_social_hover_links_color":""},"product_brand":[],"product_cat":[31],"product_tag":[357,354,355,356],"class_list":{"0":"post-3868","1":"product","2":"type-product","3":"status-publish","4":"has-post-thumbnail","6":"product_cat-lube-system-accessories","7":"product_tag-4mm-copper-tube","8":"product_tag-copper-oil-tube","9":"product_tag-lubricating-oil-pipe","10":"product_tag-lubricating-pipeline","12":"entry","13":"has-media","15":"first","16":"instock","17":"shipping-taxable","18":"product-type-external","19":"col","20":"span_1_of_3","21":"owp-content-center","22":"owp-thumbs-layout-horizontal","23":"owp-btn-very-big","24":"owp-tabs-layout-horizontal"},"_links":{"self":[{"href":"https:\/\/www.jinpinlub.com\/pt\/wp-json\/wp\/v2\/product\/3868","targetHints":{"allow":["GET"]}}],"collection":[{"href":"https:\/\/www.jinpinlub.com\/pt\/wp-json\/wp\/v2\/product"}],"about":[{"href":"https:\/\/www.jinpinlub.com\/pt\/wp-json\/wp\/v2\/types\/product"}],"wp:featuredmedia":[{"embeddable":true,"href":"https:\/\/www.jinpinlub.com\/pt\/wp-json\/wp\/v2\/media\/3869"}],"wp:attachment":[{"href":"https:\/\/www.jinpinlub.com\/pt\/wp-json\/wp\/v2\/media?parent=3868"}],"wp:term":[{"taxonomy":"product_brand","embeddable":true,"href":"https:\/\/www.jinpinlub.com\/pt\/wp-json\/wp\/v2\/product_brand?post=3868"},{"taxonomy":"product_cat","embeddable":true,"href":"https:\/\/www.jinpinlub.com\/pt\/wp-json\/wp\/v2\/product_cat?post=3868"},{"taxonomy":"product_tag","embeddable":true,"href":"https:\/\/www.jinpinlub.com\/pt\/wp-json\/wp\/v2\/product_tag?post=3868"}],"curies":[{"name":"wp","href":"https:\/\/api.w.org\/{rel}","templated":true}]}}