{"id":3881,"date":"2024-11-26T19:26:16","date_gmt":"2024-11-26T11:26:16","guid":{"rendered":"https:\/\/www.jinpinlub.com\/?post_type=product&#038;p=3881"},"modified":"2024-11-26T19:29:57","modified_gmt":"2024-11-26T11:29:57","slug":"tubo-de-oleo-de-lubrificacao-de-aluminio-personalizado-de-4-a-6-mm-para-fresamento-cnc","status":"publish","type":"product","link":"https:\/\/www.jinpinlub.com\/pt\/product\/custom-4-6mm-aluminum-lubrication-oil-tube-for-milling-cnc\/","title":{"rendered":"Tubo de \u00f3leo de lubrifica\u00e7\u00e3o de alum\u00ednio personalizado de 4\/6 mm para fresamento CNC"},"content":{"rendered":"<h2>Recurso<\/h2>\n<p>Leve e de alta resist\u00eancia: os tubos de \u00f3leo de alum\u00ednio t\u00eam baixo peso, mas mant\u00eam alta resist\u00eancia, adequados para v\u00e1rios equipamentos mec\u00e2nicos.<br \/>\nAnticorros\u00e3o: O tubo de \u00f3leo de alum\u00ednio tem boa resist\u00eancia \u00e0 corros\u00e3o e pode ser usado por muito tempo em ambientes agressivos.<br \/>\nBoa condutividade t\u00e9rmica: o alum\u00ednio tem excelente condutividade t\u00e9rmica, pode conduzir \u00f3leo lubrificante de forma eficaz e manter a temperatura do equipamento est\u00e1vel.<br \/>\nF\u00e1cil de processar: O tubo de \u00f3leo de alum\u00ednio \u00e9 f\u00e1cil de processar e dobrar, f\u00e1cil de instalar e manter no equipamento.<br \/>\nProte\u00e7\u00e3o ambiental: o alum\u00ednio pode ser reciclado e \u00e9 ecologicamente correto.<\/p>\n<h2>Especifica\u00e7\u00e3o<\/h2>\n<figure id=\"attachment_3873\" aria-describedby=\"caption-attachment-3873\" style=\"width: 800px\" class=\"wp-caption alignnone\"><img loading=\"lazy\" decoding=\"async\" class=\"size-full wp-image-3873\" src=\"https:\/\/www.jinpinlub.com\/wp-content\/uploads\/2024\/11\/Copper-Oil-Tube-5.jpg\" alt=\"Tubo de \u00f3leo de cobre (5)\" width=\"800\" height=\"485\" srcset=\"https:\/\/www.jinpinlub.com\/wp-content\/uploads\/2024\/11\/Copper-Oil-Tube-5.jpg 800w, https:\/\/www.jinpinlub.com\/wp-content\/uploads\/2024\/11\/Copper-Oil-Tube-5-300x182.jpg 300w, https:\/\/www.jinpinlub.com\/wp-content\/uploads\/2024\/11\/Copper-Oil-Tube-5-768x466.jpg 768w, https:\/\/www.jinpinlub.com\/wp-content\/uploads\/2024\/11\/Copper-Oil-Tube-5-18x12.jpg 18w\" sizes=\"auto, (max-width: 800px) 100vw, 800px\" \/><figcaption id=\"caption-attachment-3873\" class=\"wp-caption-text\">Tubo de \u00f3leo de cobre (5)<\/figcaption><\/figure>\n<h2>Aplicativo<\/h2>\n<p>Equipamentos mec\u00e2nicos: V\u00e1rios tipos de equipamentos mec\u00e2nicos s\u00e3o equipados com tubos de \u00f3leo de alum\u00ednio em seus sistemas de lubrifica\u00e7\u00e3o, como em rolamentos, engrenagens, etc.<br \/>\nRob\u00f4s industriais: A transmiss\u00e3o de \u00f3leo lubrificante atrav\u00e9s de tubos de alum\u00ednio facilita a opera\u00e7\u00e3o suave dos rob\u00f4s industriais.<br \/>\nLinhas de produ\u00e7\u00e3o automatizadas: Tubos de \u00f3leo de alum\u00ednio s\u00e3o usados nos sistemas de lubrifica\u00e7\u00e3o de linhas de produ\u00e7\u00e3o automatizadas para garantir a suavidade do processo de produ\u00e7\u00e3o.<br \/>\nInd\u00fastria automobil\u00edstica: Na fabrica\u00e7\u00e3o de autom\u00f3veis, tubos de \u00f3leo de alum\u00ednio s\u00e3o usados para lubrificar tubos de \u00f3leo em motores, caixas de c\u00e2mbio e outras pe\u00e7as.<\/p>\n<h2>Manuais<\/h2>\n<div class=\"sdm_download_button_box_default\"><div class=\"sdm_download_link\"><a href=\"https:\/\/www.jinpinlub.com\/pt\/?sdm_process_download=1&download_id=3866\" class=\"sdm_download white\" title=\"Privado: Lubricant Tube\" target=\"&quot;_blank&quot;\">Ver Ficha T\u00e9cnica - Tubo Lubrificante<\/a><\/div><\/div>","protected":false},"excerpt":{"rendered":"<p>Os tubos de alum\u00ednio para lubrificantes industriais s\u00e3o leves e de alta resist\u00eancia, resistentes \u00e0 corros\u00e3o, possuem boa condutividade t\u00e9rmica e s\u00e3o f\u00e1ceis de processar. S\u00e3o utilizados em equipamentos mec\u00e2nicos, linhas de produ\u00e7\u00e3o automatizadas e na ind\u00fastria automotiva para garantir uma opera\u00e7\u00e3o eficiente.<\/p>","protected":false},"featured_media":3885,"template":"","meta":{"ocean_post_layout":"","ocean_both_sidebars_style":"","ocean_both_sidebars_content_width":0,"ocean_both_sidebars_sidebars_width":0,"ocean_sidebar":"0","ocean_second_sidebar":"0","ocean_disable_margins":"enable","ocean_add_body_class":"","ocean_shortcode_before_top_bar":"","ocean_shortcode_after_top_bar":"","ocean_shortcode_before_header":"","ocean_shortcode_after_header":"","ocean_has_shortcode":"","ocean_shortcode_after_title":"","ocean_shortcode_before_footer_widgets":"","ocean_shortcode_after_footer_widgets":"","ocean_shortcode_before_footer_bottom":"","ocean_shortcode_after_footer_bottom":"","ocean_display_top_bar":"default","ocean_display_header":"default","ocean_header_style":"","ocean_center_header_left_menu":"0","ocean_custom_header_template":"0","ocean_custom_logo":0,"ocean_custom_retina_logo":0,"ocean_custom_logo_max_width":0,"ocean_custom_logo_tablet_max_width":0,"ocean_custom_logo_mobile_max_width":0,"ocean_custom_logo_max_height":0,"ocean_custom_logo_tablet_max_height":0,"ocean_custom_logo_mobile_max_height":0,"ocean_header_custom_menu":"0","ocean_menu_typo_font_family":"0","ocean_menu_typo_font_subset":"","ocean_menu_typo_font_size":0,"ocean_menu_typo_font_size_tablet":0,"ocean_menu_typo_font_size_mobile":0,"ocean_menu_typo_font_size_unit":"px","ocean_menu_typo_font_weight":"","ocean_menu_typo_font_weight_tablet":"","ocean_menu_typo_font_weight_mobile":"","ocean_menu_typo_transform":"","ocean_menu_typo_transform_tablet":"","ocean_menu_typo_transform_mobile":"","ocean_menu_typo_line_height":0,"ocean_menu_typo_line_height_tablet":0,"ocean_menu_typo_line_height_mobile":0,"ocean_menu_typo_line_height_unit":"","ocean_menu_typo_spacing":0,"ocean_menu_typo_spacing_tablet":0,"ocean_menu_typo_spacing_mobile":0,"ocean_menu_typo_spacing_unit":"","ocean_menu_link_color":"","ocean_menu_link_color_hover":"","ocean_menu_link_color_active":"","ocean_menu_link_background":"","ocean_menu_link_hover_background":"","ocean_menu_link_active_background":"","ocean_menu_social_links_bg":"","ocean_menu_social_hover_links_bg":"","ocean_menu_social_links_color":"","ocean_menu_social_hover_links_color":"","ocean_disable_title":"default","ocean_disable_heading":"default","ocean_post_title":"","ocean_post_subheading":"","ocean_post_title_style":"","ocean_post_title_background_color":"","ocean_post_title_background":0,"ocean_post_title_bg_image_position":"","ocean_post_title_bg_image_attachment":"","ocean_post_title_bg_image_repeat":"","ocean_post_title_bg_image_size":"","ocean_post_title_height":0,"ocean_post_title_bg_overlay":0.5,"ocean_post_title_bg_overlay_color":"","ocean_disable_breadcrumbs":"default","ocean_breadcrumbs_color":"","ocean_breadcrumbs_separator_color":"","ocean_breadcrumbs_links_color":"","ocean_breadcrumbs_links_hover_color":"","ocean_display_footer_widgets":"default","ocean_display_footer_bottom":"default","ocean_custom_footer_template":"0","osh_disable_topbar_sticky":"default","osh_disable_header_sticky":"default","osh_sticky_header_style":"default","osh_sticky_header_effect":"","osh_custom_sticky_logo":0,"osh_custom_retina_sticky_logo":0,"osh_custom_sticky_logo_height":0,"osh_background_color":"","osh_links_color":"","osh_links_hover_color":"","osh_links_active_color":"","osh_links_bg_color":"","osh_links_hover_bg_color":"","osh_links_active_bg_color":"","osh_menu_social_links_color":"","osh_menu_social_hover_links_color":""},"product_brand":[],"product_cat":[31],"product_tag":[359,358,355,350,356],"class_list":{"0":"post-3881","1":"product","2":"type-product","3":"status-publish","4":"has-post-thumbnail","6":"product_cat-lube-system-accessories","7":"product_tag-4mm-aluminum-tube","8":"product_tag-aluminum-oil-tube","9":"product_tag-lubricating-oil-pipe","10":"product_tag-lubricating-oil-tube","11":"product_tag-lubricating-pipeline","13":"entry","14":"has-media","16":"first","17":"instock","18":"shipping-taxable","19":"product-type-external","20":"col","21":"span_1_of_3","22":"owp-content-center","23":"owp-thumbs-layout-horizontal","24":"owp-btn-very-big","25":"owp-tabs-layout-horizontal"},"_links":{"self":[{"href":"https:\/\/www.jinpinlub.com\/pt\/wp-json\/wp\/v2\/product\/3881","targetHints":{"allow":["GET"]}}],"collection":[{"href":"https:\/\/www.jinpinlub.com\/pt\/wp-json\/wp\/v2\/product"}],"about":[{"href":"https:\/\/www.jinpinlub.com\/pt\/wp-json\/wp\/v2\/types\/product"}],"wp:featuredmedia":[{"embeddable":true,"href":"https:\/\/www.jinpinlub.com\/pt\/wp-json\/wp\/v2\/media\/3885"}],"wp:attachment":[{"href":"https:\/\/www.jinpinlub.com\/pt\/wp-json\/wp\/v2\/media?parent=3881"}],"wp:term":[{"taxonomy":"product_brand","embeddable":true,"href":"https:\/\/www.jinpinlub.com\/pt\/wp-json\/wp\/v2\/product_brand?post=3881"},{"taxonomy":"product_cat","embeddable":true,"href":"https:\/\/www.jinpinlub.com\/pt\/wp-json\/wp\/v2\/product_cat?post=3881"},{"taxonomy":"product_tag","embeddable":true,"href":"https:\/\/www.jinpinlub.com\/pt\/wp-json\/wp\/v2\/product_tag?post=3881"}],"curies":[{"name":"wp","href":"https:\/\/api.w.org\/{rel}","templated":true}]}}