{"id":3896,"date":"2024-11-28T21:44:02","date_gmt":"2024-11-28T13:44:02","guid":{"rendered":"https:\/\/www.jinpinlub.com\/?post_type=product&#038;p=3896"},"modified":"2024-12-01T03:27:08","modified_gmt":"2024-11-30T19:27:08","slug":"mg2k-grease-system-pressure-relief-quantitative-distributor-2","status":"publish","type":"product","link":"https:\/\/www.jinpinlub.com\/pt\/product\/mg2k-grease-system-pressure-relief-quantitative-distributor-2\/","title":{"rendered":"Distribuidor quantitativo de al\u00edvio de press\u00e3o do sistema de graxa MG2K"},"content":{"rendered":"<h2>Recurso<\/h2>\n<p>1. V\u00e1lvula dosadora quantitativa pressurizada, do tipo a\u00e7\u00e3o de press\u00e3o direta.<br \/>\nA press\u00e3o do \u00f3leo fornecida pela bomba empurra o pist\u00e3o embutido na v\u00e1lvula dosadora para se mover, for\u00e7ando a descarga do lubrificante quantitativo.<br \/>\nQuando a bomba para de funcionar, o pist\u00e3o da parte dosadora \u00e9 redefinido sob a a\u00e7\u00e3o da for\u00e7a da mola, ou seja, o lubrificante quantitativo \u00e9 armazenado.<br \/>\n2. Descarga precisa, a parte de medi\u00e7\u00e3o \u00e9 descarregada apenas uma vez em um ciclo, e a dist\u00e2ncia entre elas no sistema, seja longe, perto, alta ou baixa, instala\u00e7\u00e3o horizontal ou vertical, n\u00e3o tem efeito na descarga.<br \/>\n3. Descarga for\u00e7ada, a\u00e7\u00e3o sens\u00edvel. Duas veda\u00e7\u00f5es s\u00e3o usadas para evitar que o descarregado retorne.<br \/>\n4. MG2K metering valves can be selected based on the needs of each lubrication point, and can be used in combination with the MG2J junction, either in series or parallel.<br \/>\n5. Sleeve type: \u03a64 nylon tube needs to be combined with PA4 compression bushing and PB4 sleeve. Quick plug-in type: \u03a64 nylon tube can be inserted.<br \/>\n6. Applicable to NLGI 000#, 00#, 0#, 1# and 2# grease.<\/p>\n<h2>Especifica\u00e7\u00e3o<\/h2>\n<table>\n<tbody>\n<tr>\n<td>Princ\u00edpio de funcionamento<\/td>\n<td>V\u00e1lvula de al\u00edvio de press\u00e3o<\/td>\n<\/tr>\n<tr>\n<td>N\u00fameros de pontos de venda<\/td>\n<td>1~12<\/td>\n<\/tr>\n<tr>\n<td>Quantidade de medi\u00e7\u00e3o<\/td>\n<td>0,03, 0,05, 0,13, 0,20, 0,30, 0,50 mL\/ciclo<\/td>\n<\/tr>\n<tr>\n<td>Lubrificante<\/td>\n<td>NLGI 000#, 00#, 0#, 1# e 2#<\/td>\n<\/tr>\n<tr>\n<td>Temperatura de opera\u00e7\u00e3o<\/td>\n<td>-20 a +80 \u00b0C<\/td>\n<\/tr>\n<tr>\n<td>Press\u00e3o de opera\u00e7\u00e3o<\/td>\n<td>\u22652,5 MPa<\/td>\n<\/tr>\n<tr>\n<td>Material<\/td>\n<td>Alum\u00ednio + Cobre<\/td>\n<\/tr>\n<tr>\n<td>Tomada de conex\u00e3o<\/td>\n<td>Entrada M10x1\/Rc1\/8, Sa\u00edda \u03a64(M8x1)<\/td>\n<\/tr>\n<tr>\n<td>Conex\u00f5es de sa\u00edda<\/td>\n<td>Tipo de manga, tipo r\u00e1pido<\/td>\n<\/tr>\n<tr>\n<td>Posi\u00e7\u00e3o de montagem<\/td>\n<td>Qualquer<\/td>\n<\/tr>\n<\/tbody>\n<\/table>\n<h2>Aplicativo<\/h2>\n<p>MG2K is used in machine tool industries for the lubrication of CNC machine tools, lathe machines, milling, grinders, and more to ensure long life of efficiency at work.<br \/>\nAutomated production line: MG2K in the automated production line to ensure the lubrication needs of continuous operation and improve production efficiency.<br \/>\nEngineering machinery: such as excavators, loaders and other heavy machinery equipment, reduce equipment wear and extend service life.<br \/>\nTextile machinery: the MG2K is used to lubricate textile equipment, allowing it to run without hindrances.<\/p>\n<h2>Manuais<\/h2>\n<div class=\"sdm_download_button_box_default\"><div class=\"sdm_download_link\"><a href=\"https:\/\/www.jinpinlub.com\/pt\/?sdm_process_download=1&download_id=3891\" class=\"sdm_download white\" title=\"Privado: MG2K Metering Valve\" target=\"&quot;_blank&quot;\">Ver Ficha T\u00e9cnica - Distribuidor MG2K<\/a><\/div><\/div>","protected":false},"excerpt":{"rendered":"<p>MG2K distributor is suitable for greases NLGI 000#, 00#, 0#, 1# and 2#, and is compatible with a variety of pressure relief single-line lubrication systems. It consists of a metering valve and a connector, and users can combine the distributor based on their needs.<\/p>","protected":false},"featured_media":3899,"template":"","meta":{"ocean_post_layout":"","ocean_both_sidebars_style":"","ocean_both_sidebars_content_width":0,"ocean_both_sidebars_sidebars_width":0,"ocean_sidebar":"0","ocean_second_sidebar":"0","ocean_disable_margins":"enable","ocean_add_body_class":"","ocean_shortcode_before_top_bar":"","ocean_shortcode_after_top_bar":"","ocean_shortcode_before_header":"","ocean_shortcode_after_header":"","ocean_has_shortcode":"","ocean_shortcode_after_title":"","ocean_shortcode_before_footer_widgets":"","ocean_shortcode_after_footer_widgets":"","ocean_shortcode_before_footer_bottom":"","ocean_shortcode_after_footer_bottom":"","ocean_display_top_bar":"default","ocean_display_header":"default","ocean_header_style":"","ocean_center_header_left_menu":"0","ocean_custom_header_template":"0","ocean_custom_logo":0,"ocean_custom_retina_logo":0,"ocean_custom_logo_max_width":0,"ocean_custom_logo_tablet_max_width":0,"ocean_custom_logo_mobile_max_width":0,"ocean_custom_logo_max_height":0,"ocean_custom_logo_tablet_max_height":0,"ocean_custom_logo_mobile_max_height":0,"ocean_header_custom_menu":"0","ocean_menu_typo_font_family":"0","ocean_menu_typo_font_subset":"","ocean_menu_typo_font_size":0,"ocean_menu_typo_font_size_tablet":0,"ocean_menu_typo_font_size_mobile":0,"ocean_menu_typo_font_size_unit":"px","ocean_menu_typo_font_weight":"","ocean_menu_typo_font_weight_tablet":"","ocean_menu_typo_font_weight_mobile":"","ocean_menu_typo_transform":"","ocean_menu_typo_transform_tablet":"","ocean_menu_typo_transform_mobile":"","ocean_menu_typo_line_height":0,"ocean_menu_typo_line_height_tablet":0,"ocean_menu_typo_line_height_mobile":0,"ocean_menu_typo_line_height_unit":"","ocean_menu_typo_spacing":0,"ocean_menu_typo_spacing_tablet":0,"ocean_menu_typo_spacing_mobile":0,"ocean_menu_typo_spacing_unit":"","ocean_menu_link_color":"","ocean_menu_link_color_hover":"","ocean_menu_link_color_active":"","ocean_menu_link_background":"","ocean_menu_link_hover_background":"","ocean_menu_link_active_background":"","ocean_menu_social_links_bg":"","ocean_menu_social_hover_links_bg":"","ocean_menu_social_links_color":"","ocean_menu_social_hover_links_color":"","ocean_disable_title":"default","ocean_disable_heading":"default","ocean_post_title":"","ocean_post_subheading":"","ocean_post_title_style":"","ocean_post_title_background_color":"","ocean_post_title_background":0,"ocean_post_title_bg_image_position":"","ocean_post_title_bg_image_attachment":"","ocean_post_title_bg_image_repeat":"","ocean_post_title_bg_image_size":"","ocean_post_title_height":0,"ocean_post_title_bg_overlay":0.5,"ocean_post_title_bg_overlay_color":"","ocean_disable_breadcrumbs":"default","ocean_breadcrumbs_color":"","ocean_breadcrumbs_separator_color":"","ocean_breadcrumbs_links_color":"","ocean_breadcrumbs_links_hover_color":"","ocean_display_footer_widgets":"default","ocean_display_footer_bottom":"default","ocean_custom_footer_template":"0","osh_disable_topbar_sticky":"default","osh_disable_header_sticky":"default","osh_sticky_header_style":"default","osh_sticky_header_effect":"","osh_custom_sticky_logo":0,"osh_custom_retina_sticky_logo":0,"osh_custom_sticky_logo_height":0,"osh_background_color":"","osh_links_color":"","osh_links_hover_color":"","osh_links_active_color":"","osh_links_bg_color":"","osh_links_hover_bg_color":"","osh_links_active_bg_color":"","osh_menu_social_links_color":"","osh_menu_social_hover_links_color":""},"product_brand":[],"product_cat":[40,37],"product_tag":[87,98,100,85,86],"class_list":{"0":"post-3896","1":"product","2":"type-product","3":"status-publish","4":"has-post-thumbnail","6":"product_cat-pressure-relief-metering-valves","7":"product_cat-single-line-grease-systems","8":"product_tag-grease-distributor","9":"product_tag-grease-metering-device","10":"product_tag-grease-metering-valve","11":"product_tag-pressure-relief-metering-valve","12":"product_tag-single-line-distributor","14":"entry","15":"has-media","17":"first","18":"instock","19":"shipping-taxable","20":"product-type-external","21":"col","22":"span_1_of_3","23":"owp-content-center","24":"owp-thumbs-layout-horizontal","25":"owp-btn-very-big","26":"owp-tabs-layout-horizontal"},"_links":{"self":[{"href":"https:\/\/www.jinpinlub.com\/pt\/wp-json\/wp\/v2\/product\/3896","targetHints":{"allow":["GET"]}}],"collection":[{"href":"https:\/\/www.jinpinlub.com\/pt\/wp-json\/wp\/v2\/product"}],"about":[{"href":"https:\/\/www.jinpinlub.com\/pt\/wp-json\/wp\/v2\/types\/product"}],"wp:featuredmedia":[{"embeddable":true,"href":"https:\/\/www.jinpinlub.com\/pt\/wp-json\/wp\/v2\/media\/3899"}],"wp:attachment":[{"href":"https:\/\/www.jinpinlub.com\/pt\/wp-json\/wp\/v2\/media?parent=3896"}],"wp:term":[{"taxonomy":"product_brand","embeddable":true,"href":"https:\/\/www.jinpinlub.com\/pt\/wp-json\/wp\/v2\/product_brand?post=3896"},{"taxonomy":"product_cat","embeddable":true,"href":"https:\/\/www.jinpinlub.com\/pt\/wp-json\/wp\/v2\/product_cat?post=3896"},{"taxonomy":"product_tag","embeddable":true,"href":"https:\/\/www.jinpinlub.com\/pt\/wp-json\/wp\/v2\/product_tag?post=3896"}],"curies":[{"name":"wp","href":"https:\/\/api.w.org\/{rel}","templated":true}]}}