{"id":3922,"date":"2024-11-30T02:48:33","date_gmt":"2024-11-29T18:48:33","guid":{"rendered":"https:\/\/www.jinpinlub.com\/?post_type=product&#038;p=3922"},"modified":"2024-12-01T03:28:41","modified_gmt":"2024-11-30T19:28:41","slug":"valvula-de-medicao-mok-5-para-sistema-de-lubrificacao-de-deslocamento-positivo","status":"publish","type":"product","link":"https:\/\/www.jinpinlub.com\/pt\/product\/mok-5-metering-valve-for-positive-displacement-lube-system\/","title":{"rendered":"V\u00e1lvula de dosagem MOK-5 para sistema de lubrifica\u00e7\u00e3o de deslocamento positivo"},"content":{"rendered":"<h2>Recurso<\/h2>\n<p>Controle preciso: O movimento do \u00eambolo distribuidor garante o volume exato de \u00f3leo injetado a cada ciclo.<br \/>\nConsist\u00eancia: O distribuidor \u00e9 projetado para garantir lubrifica\u00e7\u00e3o consistente, o que \u00e9 importante para que as m\u00e1quinas funcionem de forma confi\u00e1vel.<br \/>\nConfiabilidade: Por deslocamento positivo, mesmo com varia\u00e7\u00e3o de press\u00f5es, o volume de \u00f3leo entregue permanece constante.<br \/>\nVersatilidade: Garante que componentes cr\u00edticos de m\u00e1quinas industriais estejam sempre bem lubrificados para evitar desgaste. Usado em sistemas de lubrifica\u00e7\u00e3o para manter o motor automotivo e outras pe\u00e7as m\u00f3veis em manuten\u00e7\u00e3o. Mant\u00e9m o equipamento de fabrica\u00e7\u00e3o funcionando ao dosar o lubrificante com precis\u00e3o.<\/p>\n<h2>Especifica\u00e7\u00e3o<\/h2>\n<table>\n<tbody>\n<tr>\n<td>Princ\u00edpio de funcionamento<\/td>\n<td>V\u00e1lvula de al\u00edvio de press\u00e3o<\/td>\n<\/tr>\n<tr>\n<td>N\u00fameros de pontos de venda<\/td>\n<td>1~12<\/td>\n<\/tr>\n<tr>\n<td>Quantidade de medi\u00e7\u00e3o<\/td>\n<td>0,03, 0,05, 0,13, 0,20, 0,30, 0,50 mL\/ciclo<\/td>\n<\/tr>\n<tr>\n<td>Lubrificante<\/td>\n<td>15-90 CSt a 40\u2103<\/td>\n<\/tr>\n<tr>\n<td>Temperatura de opera\u00e7\u00e3o<\/td>\n<td>-20 a +80 \u00b0C<\/td>\n<\/tr>\n<tr>\n<td>Press\u00e3o de opera\u00e7\u00e3o<\/td>\n<td>M\u00ednimo 1,0 MPa<\/td>\n<\/tr>\n<tr>\n<td>Material<\/td>\n<td>Cobre, alum\u00ednio<\/td>\n<\/tr>\n<tr>\n<td>Tomada de conex\u00e3o<\/td>\n<td>Entrada Rc1\/8, Sa\u00edda \u03a64(Rc1\/8)<\/td>\n<\/tr>\n<tr>\n<td>Conex\u00f5es de sa\u00edda<\/td>\n<td>Tipo de manga, tipo r\u00e1pido<\/td>\n<\/tr>\n<tr>\n<td>Posi\u00e7\u00e3o de montagem<\/td>\n<td>Qualquer<\/td>\n<\/tr>\n<\/tbody>\n<\/table>\n<h2>Princ\u00edpio<\/h2>\n<p><span id=\"input-sentence~0\">Reservat\u00f3rio de \u00f3leo e suc\u00e7\u00e3o: O \u00eambolo na v\u00e1lvula de medi\u00e7\u00e3o se move quando o sistema \u00e9 ligado e cria um v\u00e1cuo que suga o \u00f3leo do reservat\u00f3rio para a c\u00e2mara.<br \/>\nEnchimento da c\u00e2mara: \u00c0 medida que o \u00eambolo da v\u00e1lvula de medi\u00e7\u00e3o se retrai, ele abre uma porta de entrada atrav\u00e9s da qual o \u00f3leo flui para dentro da c\u00e2mara.<\/span><span id=\"input-sentence~1\"> A quantidade de \u00f3leo que entra na c\u00e2mara \u00e9 controlada com precis\u00e3o para garantir uma dosagem precisa.<br \/>\nCompress\u00e3o e Inje\u00e7\u00e3o: Uma vez que a c\u00e2mara esteja cheia com a quantidade necess\u00e1ria de \u00f3leo, o \u00eambolo se move para frente. Esse movimento para frente fecha a porta de entrada e comprime o \u00f3leo dentro da c\u00e2mara.<\/span><span id=\"input-sentence~2\"><br \/>\nDescarga: O \u00f3leo comprimido \u00e9 descarregado atrav\u00e9s da porta de sa\u00edda. Esta porta de sa\u00edda leva ao ponto de lubrifica\u00e7\u00e3o, onde o \u00f3leo \u00e9 necess\u00e1rio.<br \/>\nMecanismo de Reinicializa\u00e7\u00e3o: Ap\u00f3s o \u00f3leo ser descarregado, o \u00eambolo \u00e9 redefinido para sua posi\u00e7\u00e3o original. Essa redefini\u00e7\u00e3o permite que a c\u00e2mara seja recarregada com \u00f3leo para o pr\u00f3ximo ciclo.<\/span><\/p>\n<h2>Manuais<\/h2>\n<div class=\"sdm_download_button_box_default\"><div class=\"sdm_download_link\"><a href=\"https:\/\/www.jinpinlub.com\/pt\/?sdm_process_download=1&download_id=3886\" class=\"sdm_download white\" title=\"Privado: MOK Metering Valve\" target=\"&quot;_blank&quot;\">Ver Ficha T\u00e9cnica - V\u00e1lvula de Medi\u00e7\u00e3o MOK<\/a><\/div><\/div>","protected":false},"excerpt":{"rendered":"<p>A v\u00e1lvula de inje\u00e7\u00e3o de deslocamento positivo MO2\/MO2C \u00e9 uma v\u00e1lvula de medi\u00e7\u00e3o mec\u00e2nica para sistemas de lubrifica\u00e7\u00e3o a \u00f3leo. Esta v\u00e1lvula de medi\u00e7\u00e3o, combinada com um bloco de conex\u00e3o de alum\u00ednio, pode formar um distribuidor de \u00f3leo pressurizado de 1-12 pontos para uso em sistemas de lubrifica\u00e7\u00e3o volum\u00e9trica.<\/p>","protected":false},"featured_media":3926,"template":"","meta":{"ocean_post_layout":"","ocean_both_sidebars_style":"","ocean_both_sidebars_content_width":0,"ocean_both_sidebars_sidebars_width":0,"ocean_sidebar":"0","ocean_second_sidebar":"0","ocean_disable_margins":"enable","ocean_add_body_class":"","ocean_shortcode_before_top_bar":"","ocean_shortcode_after_top_bar":"","ocean_shortcode_before_header":"","ocean_shortcode_after_header":"","ocean_has_shortcode":"","ocean_shortcode_after_title":"","ocean_shortcode_before_footer_widgets":"","ocean_shortcode_after_footer_widgets":"","ocean_shortcode_before_footer_bottom":"","ocean_shortcode_after_footer_bottom":"","ocean_display_top_bar":"default","ocean_display_header":"default","ocean_header_style":"","ocean_center_header_left_menu":"0","ocean_custom_header_template":"0","ocean_custom_logo":0,"ocean_custom_retina_logo":0,"ocean_custom_logo_max_width":0,"ocean_custom_logo_tablet_max_width":0,"ocean_custom_logo_mobile_max_width":0,"ocean_custom_logo_max_height":0,"ocean_custom_logo_tablet_max_height":0,"ocean_custom_logo_mobile_max_height":0,"ocean_header_custom_menu":"0","ocean_menu_typo_font_family":"0","ocean_menu_typo_font_subset":"","ocean_menu_typo_font_size":0,"ocean_menu_typo_font_size_tablet":0,"ocean_menu_typo_font_size_mobile":0,"ocean_menu_typo_font_size_unit":"px","ocean_menu_typo_font_weight":"","ocean_menu_typo_font_weight_tablet":"","ocean_menu_typo_font_weight_mobile":"","ocean_menu_typo_transform":"","ocean_menu_typo_transform_tablet":"","ocean_menu_typo_transform_mobile":"","ocean_menu_typo_line_height":0,"ocean_menu_typo_line_height_tablet":0,"ocean_menu_typo_line_height_mobile":0,"ocean_menu_typo_line_height_unit":"","ocean_menu_typo_spacing":0,"ocean_menu_typo_spacing_tablet":0,"ocean_menu_typo_spacing_mobile":0,"ocean_menu_typo_spacing_unit":"","ocean_menu_link_color":"","ocean_menu_link_color_hover":"","ocean_menu_link_color_active":"","ocean_menu_link_background":"","ocean_menu_link_hover_background":"","ocean_menu_link_active_background":"","ocean_menu_social_links_bg":"","ocean_menu_social_hover_links_bg":"","ocean_menu_social_links_color":"","ocean_menu_social_hover_links_color":"","ocean_disable_title":"default","ocean_disable_heading":"default","ocean_post_title":"","ocean_post_subheading":"","ocean_post_title_style":"","ocean_post_title_background_color":"","ocean_post_title_background":0,"ocean_post_title_bg_image_position":"","ocean_post_title_bg_image_attachment":"","ocean_post_title_bg_image_repeat":"","ocean_post_title_bg_image_size":"","ocean_post_title_height":0,"ocean_post_title_bg_overlay":0.5,"ocean_post_title_bg_overlay_color":"","ocean_disable_breadcrumbs":"default","ocean_breadcrumbs_color":"","ocean_breadcrumbs_separator_color":"","ocean_breadcrumbs_links_color":"","ocean_breadcrumbs_links_hover_color":"","ocean_display_footer_widgets":"default","ocean_display_footer_bottom":"default","ocean_custom_footer_template":"0","osh_disable_topbar_sticky":"default","osh_disable_header_sticky":"default","osh_sticky_header_style":"default","osh_sticky_header_effect":"","osh_custom_sticky_logo":0,"osh_custom_retina_sticky_logo":0,"osh_custom_sticky_logo_height":0,"osh_background_color":"","osh_links_color":"","osh_links_hover_color":"","osh_links_active_color":"","osh_links_bg_color":"","osh_links_hover_bg_color":"","osh_links_active_bg_color":"","osh_menu_social_links_color":"","osh_menu_social_hover_links_color":""},"product_brand":[],"product_cat":[49,47],"product_tag":[139,229,364,82,240],"class_list":{"0":"post-3922","1":"product","2":"type-product","3":"status-publish","4":"has-post-thumbnail","6":"product_cat-volumetric-oil-injectors","7":"product_cat-volumetric-thin-oil-systems","8":"product_tag-oil-distributor","9":"product_tag-oil-metering-valve","10":"product_tag-positive-displacement-distributor","11":"product_tag-positive-displacement-injector","12":"product_tag-pressurized-distributor","14":"entry","15":"has-media","17":"first","18":"instock","19":"shipping-taxable","20":"product-type-external","21":"col","22":"span_1_of_3","23":"owp-content-center","24":"owp-thumbs-layout-horizontal","25":"owp-btn-very-big","26":"owp-tabs-layout-horizontal"},"_links":{"self":[{"href":"https:\/\/www.jinpinlub.com\/pt\/wp-json\/wp\/v2\/product\/3922","targetHints":{"allow":["GET"]}}],"collection":[{"href":"https:\/\/www.jinpinlub.com\/pt\/wp-json\/wp\/v2\/product"}],"about":[{"href":"https:\/\/www.jinpinlub.com\/pt\/wp-json\/wp\/v2\/types\/product"}],"wp:featuredmedia":[{"embeddable":true,"href":"https:\/\/www.jinpinlub.com\/pt\/wp-json\/wp\/v2\/media\/3926"}],"wp:attachment":[{"href":"https:\/\/www.jinpinlub.com\/pt\/wp-json\/wp\/v2\/media?parent=3922"}],"wp:term":[{"taxonomy":"product_brand","embeddable":true,"href":"https:\/\/www.jinpinlub.com\/pt\/wp-json\/wp\/v2\/product_brand?post=3922"},{"taxonomy":"product_cat","embeddable":true,"href":"https:\/\/www.jinpinlub.com\/pt\/wp-json\/wp\/v2\/product_cat?post=3922"},{"taxonomy":"product_tag","embeddable":true,"href":"https:\/\/www.jinpinlub.com\/pt\/wp-json\/wp\/v2\/product_tag?post=3922"}],"curies":[{"name":"wp","href":"https:\/\/api.w.org\/{rel}","templated":true}]}}