{"id":3935,"date":"2024-11-30T10:05:10","date_gmt":"2024-11-30T02:05:10","guid":{"rendered":"https:\/\/www.jinpinlub.com\/?post_type=product&#038;p=3935"},"modified":"2024-12-01T03:28:56","modified_gmt":"2024-11-30T19:28:56","slug":"distribuidor-de-oleo-fino-de-injecao-de-deslocamento-positivo-msk-9","status":"publish","type":"product","link":"https:\/\/www.jinpinlub.com\/pt\/product\/msk-9-positive-displacement-injection-thin-oil-distributor\/","title":{"rendered":"Distribuidor de \u00f3leo fino de inje\u00e7\u00e3o de deslocamento positivo MSK-9"},"content":{"rendered":"<h2>Recurso<\/h2>\n<p><span id=\"input-sentence~0\">Volume de v\u00e1rias descargas: pode ser aproveitado com uma diferen\u00e7a nos modelos, o volume do curso varia de 0,03 a 0,5 ml.<br \/>\nOperar sob altas press\u00f5es: a press\u00e3o operacional pode ser de at\u00e9 1,0 MPa.<br \/>\nReinicializa\u00e7\u00e3o r\u00e1pida: a press\u00e3o de reinicializa\u00e7\u00e3o \u00e9 de 0,3 MPa, permitindo uma recupera\u00e7\u00e3o mais r\u00e1pida entre os ciclos.<\/span><span id=\"input-sentence~1\"><br \/>\nConstru\u00e7\u00e3o: Distribuidor feito em lat\u00e3o, portanto robusto e resistente ao desgaste.<br \/>\nF\u00e1cil manuten\u00e7\u00e3o: a montagem e desmontagem f\u00e1ceis foram projetadas para tornar a manuten\u00e7\u00e3o o mais simples poss\u00edvel, com perda m\u00ednima de produ\u00e7\u00e3o.<br \/>\nResist\u00eancia \u00e0 corros\u00e3o: os materiais de constru\u00e7\u00e3o garantem resist\u00eancia \u00e0 corros\u00e3o, permitindo que a v\u00e1lvula dure muito em ambientes adversos.<br \/>\nPersonaliz\u00e1vel: O distribuidor tamb\u00e9m est\u00e1 dispon\u00edvel em v\u00e1rios tamanhos e especifica\u00e7\u00f5es que atendem \u00e0s diferentes necessidades e requisitos de qualquer aplica\u00e7\u00e3o.<\/span><\/p>\n<h2>Especifica\u00e7\u00e3o<\/h2>\n<table>\n<tbody>\n<tr>\n<td>Princ\u00edpio de funcionamento<\/td>\n<td>Injetor de deslocamento positivo<\/td>\n<\/tr>\n<tr>\n<td>N\u00fameros de pontos de venda<\/td>\n<td>1~12<\/td>\n<\/tr>\n<tr>\n<td>Quantidade de medi\u00e7\u00e3o<\/td>\n<td>0,03, 0,05, 0,13, 0,20, 0,30, 0,50 mL\/ciclo<\/td>\n<\/tr>\n<tr>\n<td>Lubrificante<\/td>\n<td>15-90 CSt a 40\u2103<\/td>\n<\/tr>\n<tr>\n<td>Temperatura de opera\u00e7\u00e3o<\/td>\n<td>-20 a +80 \u00b0C<\/td>\n<\/tr>\n<tr>\n<td>Press\u00e3o de opera\u00e7\u00e3o<\/td>\n<td>M\u00ednimo 1,0 MPa<\/td>\n<\/tr>\n<tr>\n<td>Material<\/td>\n<td>Cobre, alum\u00ednio<\/td>\n<\/tr>\n<tr>\n<td>Tomada de conex\u00e3o<\/td>\n<td>Entrada Rc1\/8, Sa\u00edda \u03a64(Rc1\/8)<\/td>\n<\/tr>\n<tr>\n<td>Conex\u00f5es de sa\u00edda<\/td>\n<td>Tipo de manga, tipo r\u00e1pido<\/td>\n<\/tr>\n<tr>\n<td>Posi\u00e7\u00e3o de montagem<\/td>\n<td>Qualquer<\/td>\n<\/tr>\n<\/tbody>\n<\/table>\n<h2>Testando<\/h2>\n<p>Inspe\u00e7\u00e3o visual: inspecione o injetor e todas as suas conex\u00f5es para verificar se h\u00e1 sinais de danos ou vazamentos.<br \/>\nTeste de press\u00e3o: Conecte o injetor a uma fonte de press\u00e3o e aumente a press\u00e3o gradualmente at\u00e9 o n\u00edvel operacional de 1,0 MPa. Procure por vazamentos ou outras anormalidades.<br \/>\nTeste de fluxo: Me\u00e7a o volume descarregado para verificar se ele est\u00e1 dentro da faixa de 0,03 a 0,5 ml por curso. Isso pode ser feito utilizando um dispositivo de medi\u00e7\u00e3o calibrado.<br \/>\nTeste de reinicializa\u00e7\u00e3o: Verifique se o injetor reinicia corretamente na press\u00e3o de reinicializa\u00e7\u00e3o definida de 0,3 MPa.<br \/>\nTeste operacional: execute o injetor em v\u00e1rios ciclos para garantir a consist\u00eancia no desempenho e verificar se h\u00e1 irregularidades na opera\u00e7\u00e3o.<\/p>\n<h2>Manuais<\/h2>\n<div class=\"sdm_download_button_box_default\"><div class=\"sdm_download_link\"><a href=\"https:\/\/www.jinpinlub.com\/pt\/?sdm_process_download=1&download_id=3889\" class=\"sdm_download white\" title=\"Privado: MSK Metering Valve\" target=\"&quot;_blank&quot;\">Ver Ficha T\u00e9cnica - V\u00e1lvula de Medi\u00e7\u00e3o MSK<\/a><\/div><\/div>","protected":false},"excerpt":{"rendered":"<p>A Positive Displacement Jet Valve MSK \u00e9 uma v\u00e1lvula de jato usada em uma variedade de aplica\u00e7\u00f5es industriais. Ela \u00e9 projetada para fornecer um spray preciso de fluido. Essas v\u00e1lvulas s\u00e3o usadas para entrega precisa e confi\u00e1vel de fluido, normalmente em sistemas de lubrifica\u00e7\u00e3o.<\/p>","protected":false},"featured_media":3938,"template":"","meta":{"ocean_post_layout":"","ocean_both_sidebars_style":"","ocean_both_sidebars_content_width":0,"ocean_both_sidebars_sidebars_width":0,"ocean_sidebar":"0","ocean_second_sidebar":"0","ocean_disable_margins":"enable","ocean_add_body_class":"","ocean_shortcode_before_top_bar":"","ocean_shortcode_after_top_bar":"","ocean_shortcode_before_header":"","ocean_shortcode_after_header":"","ocean_has_shortcode":"","ocean_shortcode_after_title":"","ocean_shortcode_before_footer_widgets":"","ocean_shortcode_after_footer_widgets":"","ocean_shortcode_before_footer_bottom":"","ocean_shortcode_after_footer_bottom":"","ocean_display_top_bar":"default","ocean_display_header":"default","ocean_header_style":"","ocean_center_header_left_menu":"0","ocean_custom_header_template":"0","ocean_custom_logo":0,"ocean_custom_retina_logo":0,"ocean_custom_logo_max_width":0,"ocean_custom_logo_tablet_max_width":0,"ocean_custom_logo_mobile_max_width":0,"ocean_custom_logo_max_height":0,"ocean_custom_logo_tablet_max_height":0,"ocean_custom_logo_mobile_max_height":0,"ocean_header_custom_menu":"0","ocean_menu_typo_font_family":"0","ocean_menu_typo_font_subset":"","ocean_menu_typo_font_size":0,"ocean_menu_typo_font_size_tablet":0,"ocean_menu_typo_font_size_mobile":0,"ocean_menu_typo_font_size_unit":"px","ocean_menu_typo_font_weight":"","ocean_menu_typo_font_weight_tablet":"","ocean_menu_typo_font_weight_mobile":"","ocean_menu_typo_transform":"","ocean_menu_typo_transform_tablet":"","ocean_menu_typo_transform_mobile":"","ocean_menu_typo_line_height":0,"ocean_menu_typo_line_height_tablet":0,"ocean_menu_typo_line_height_mobile":0,"ocean_menu_typo_line_height_unit":"","ocean_menu_typo_spacing":0,"ocean_menu_typo_spacing_tablet":0,"ocean_menu_typo_spacing_mobile":0,"ocean_menu_typo_spacing_unit":"","ocean_menu_link_color":"","ocean_menu_link_color_hover":"","ocean_menu_link_color_active":"","ocean_menu_link_background":"","ocean_menu_link_hover_background":"","ocean_menu_link_active_background":"","ocean_menu_social_links_bg":"","ocean_menu_social_hover_links_bg":"","ocean_menu_social_links_color":"","ocean_menu_social_hover_links_color":"","ocean_disable_title":"default","ocean_disable_heading":"default","ocean_post_title":"","ocean_post_subheading":"","ocean_post_title_style":"","ocean_post_title_background_color":"","ocean_post_title_background":0,"ocean_post_title_bg_image_position":"","ocean_post_title_bg_image_attachment":"","ocean_post_title_bg_image_repeat":"","ocean_post_title_bg_image_size":"","ocean_post_title_height":0,"ocean_post_title_bg_overlay":0.5,"ocean_post_title_bg_overlay_color":"","ocean_disable_breadcrumbs":"default","ocean_breadcrumbs_color":"","ocean_breadcrumbs_separator_color":"","ocean_breadcrumbs_links_color":"","ocean_breadcrumbs_links_hover_color":"","ocean_display_footer_widgets":"default","ocean_display_footer_bottom":"default","ocean_custom_footer_template":"0","osh_disable_topbar_sticky":"default","osh_disable_header_sticky":"default","osh_sticky_header_style":"default","osh_sticky_header_effect":"","osh_custom_sticky_logo":0,"osh_custom_retina_sticky_logo":0,"osh_custom_sticky_logo_height":0,"osh_background_color":"","osh_links_color":"","osh_links_hover_color":"","osh_links_active_color":"","osh_links_bg_color":"","osh_links_hover_bg_color":"","osh_links_active_bg_color":"","osh_menu_social_links_color":"","osh_menu_social_hover_links_color":""},"product_brand":[],"product_cat":[49,47],"product_tag":[139,229,364,82,240],"class_list":{"0":"post-3935","1":"product","2":"type-product","3":"status-publish","4":"has-post-thumbnail","6":"product_cat-volumetric-oil-injectors","7":"product_cat-volumetric-thin-oil-systems","8":"product_tag-oil-distributor","9":"product_tag-oil-metering-valve","10":"product_tag-positive-displacement-distributor","11":"product_tag-positive-displacement-injector","12":"product_tag-pressurized-distributor","14":"entry","15":"has-media","17":"first","18":"instock","19":"shipping-taxable","20":"product-type-external","21":"col","22":"span_1_of_3","23":"owp-content-center","24":"owp-thumbs-layout-horizontal","25":"owp-btn-very-big","26":"owp-tabs-layout-horizontal"},"_links":{"self":[{"href":"https:\/\/www.jinpinlub.com\/pt\/wp-json\/wp\/v2\/product\/3935","targetHints":{"allow":["GET"]}}],"collection":[{"href":"https:\/\/www.jinpinlub.com\/pt\/wp-json\/wp\/v2\/product"}],"about":[{"href":"https:\/\/www.jinpinlub.com\/pt\/wp-json\/wp\/v2\/types\/product"}],"wp:featuredmedia":[{"embeddable":true,"href":"https:\/\/www.jinpinlub.com\/pt\/wp-json\/wp\/v2\/media\/3938"}],"wp:attachment":[{"href":"https:\/\/www.jinpinlub.com\/pt\/wp-json\/wp\/v2\/media?parent=3935"}],"wp:term":[{"taxonomy":"product_brand","embeddable":true,"href":"https:\/\/www.jinpinlub.com\/pt\/wp-json\/wp\/v2\/product_brand?post=3935"},{"taxonomy":"product_cat","embeddable":true,"href":"https:\/\/www.jinpinlub.com\/pt\/wp-json\/wp\/v2\/product_cat?post=3935"},{"taxonomy":"product_tag","embeddable":true,"href":"https:\/\/www.jinpinlub.com\/pt\/wp-json\/wp\/v2\/product_tag?post=3935"}],"curies":[{"name":"wp","href":"https:\/\/api.w.org\/{rel}","templated":true}]}}