{"id":3943,"date":"2024-11-30T11:25:08","date_gmt":"2024-11-30T03:25:08","guid":{"rendered":"https:\/\/www.jinpinlub.com\/?post_type=product&#038;p=3943"},"modified":"2024-12-01T03:29:03","modified_gmt":"2024-11-30T19:29:03","slug":"distribuidor-volumetrico-de-lubrificacao-de-oleo-fino-destacavel-msk","status":"publish","type":"product","link":"https:\/\/www.jinpinlub.com\/pt\/product\/msk-detachable-thin-oil-lubrication-volumetric-distributor\/","title":{"rendered":"Distribuidor volum\u00e9trico de lubrifica\u00e7\u00e3o de \u00f3leo fino destac\u00e1vel MSK"},"content":{"rendered":"<h2>Recurso<\/h2>\n<p>Volume de descarga diversificado: O distribuidor de \u00f3leo da s\u00e9rie MSK pode oferecer volumes de descarga diversificados de 0,01 a 1,5 ml a cada curso, atendendo \u00e0s necessidades de lubrifica\u00e7\u00e3o em diferentes situa\u00e7\u00f5es.<br \/>\nPress\u00e3o de trabalho e contrapress\u00e3o: A press\u00e3o de trabalho desta s\u00e9rie de v\u00e1lvulas de \u00f3leo \u00e9 principalmente de 1,0 MPa, e a contrapress\u00e3o \u00e9 de 0,3 MPa para garantir que o distribuidor possa trabalhar de forma constante.<br \/>\nMaterial: O corpo principal do distribuidor de \u00f3leo da s\u00e9rie MSK \u00e9 feito de lat\u00e3o, que possui boa resist\u00eancia \u00e0 corros\u00e3o e propriedades mec\u00e2nicas.<br \/>\nModelo e n\u00famero da pe\u00e7a: O distribuidor de \u00f3leo MSK oferece uma variedade de modelos, cada modelo tem seu n\u00famero de pe\u00e7a correspondente, o que \u00e9 conveniente para os usu\u00e1rios escolherem o modelo apropriado e fazerem o pedido de acordo com suas necessidades.<br \/>\nF\u00e1cil manuten\u00e7\u00e3o: o distribuidor de \u00f3leo MSK foi projetado para f\u00e1cil montagem e desmontagem, simplificando a manuten\u00e7\u00e3o e minimizando o tempo de inatividade.<\/p>\n<h2>Especifica\u00e7\u00e3o<\/h2>\n<table>\n<tbody>\n<tr>\n<td>Princ\u00edpio de funcionamento<\/td>\n<td>Injetor de deslocamento positivo<\/td>\n<\/tr>\n<tr>\n<td>N\u00fameros de pontos de venda<\/td>\n<td>1~12<\/td>\n<\/tr>\n<tr>\n<td>Quantidade de medi\u00e7\u00e3o<\/td>\n<td>0,03, 0,05, 0,13, 0,20, 0,30, 0,50 mL\/ciclo<\/td>\n<\/tr>\n<tr>\n<td>Lubrificante<\/td>\n<td>15-90 CSt a 40\u2103<\/td>\n<\/tr>\n<tr>\n<td>Temperatura de opera\u00e7\u00e3o<\/td>\n<td>-20 a +80 \u00b0C<\/td>\n<\/tr>\n<tr>\n<td>Press\u00e3o de opera\u00e7\u00e3o<\/td>\n<td>M\u00ednimo 1,0 MPa<\/td>\n<\/tr>\n<tr>\n<td>Material<\/td>\n<td>Cobre, alum\u00ednio<\/td>\n<\/tr>\n<tr>\n<td>Tomada de conex\u00e3o<\/td>\n<td>Entrada Rc1\/8, Sa\u00edda \u03a64(Rc1\/8)<\/td>\n<\/tr>\n<tr>\n<td>Conex\u00f5es de sa\u00edda<\/td>\n<td>Tipo de manga, tipo r\u00e1pido<\/td>\n<\/tr>\n<tr>\n<td>Posi\u00e7\u00e3o de montagem<\/td>\n<td>Qualquer<\/td>\n<\/tr>\n<\/tbody>\n<\/table>\n<h2>Instala\u00e7\u00e3o<\/h2>\n<p>Prepara\u00e7\u00e3o: Todas as ferramentas e materiais necess\u00e1rios devem estar \u00e0 m\u00e3o, incluindo, mas n\u00e3o se limitando a, v\u00e1lvula, tubula\u00e7\u00e3o, conex\u00f5es, selante e adaptadores, se aplic\u00e1vel.<br \/>\nMontagem: Instale o distribuidor no local desejado, firmemente fixado e posicionado para alinhar com o sistema de tubula\u00e7\u00e3o.<br \/>\nConex\u00e3o de Tubula\u00e7\u00e3o: Conecte a tubula\u00e7\u00e3o ao distribuidor por meio de conex\u00f5es de compress\u00e3o para alguns modelos ou conex\u00f5es push-to-connect para outros. Garanta conex\u00f5es boas e s\u00f3lidas para evitar vazamentos.<br \/>\nVeda\u00e7\u00e3o: Aplique um selante adequado nas conex\u00f5es roscadas para evitar vazamentos durante a instala\u00e7\u00e3o.<br \/>\nTeste de press\u00e3o: Ap\u00f3s a instala\u00e7\u00e3o correta, fa\u00e7a um teste de press\u00e3o para verificar se h\u00e1 vazamentos na v\u00e1lvula instalada para o correto funcionamento da mesma.<br \/>\nAjustes finais: finalize todas as configura\u00e7\u00f5es e conex\u00f5es do distribuidor para otimizar o desempenho.<\/p>\n<h2>Manuais<\/h2>\n<div class=\"sdm_download_button_box_default\"><div class=\"sdm_download_link\"><a href=\"https:\/\/www.jinpinlub.com\/pt\/?sdm_process_download=1&download_id=3889\" class=\"sdm_download white\" title=\"Privado: MSK Metering Valve\" target=\"&quot;_blank&quot;\">Ver Ficha T\u00e9cnica - V\u00e1lvula de Medi\u00e7\u00e3o MSK<\/a><\/div><\/div>","protected":false},"excerpt":{"rendered":"<p>A v\u00e1lvula de inje\u00e7\u00e3o de deslocamento positivo MSK \u00e9 um distribuidor projetado para inje\u00e7\u00e3o precisa de \u00f3leo fino. O corpo da v\u00e1lvula \u00e9 geralmente feito de lat\u00e3o resistente \u00e0 corros\u00e3o e \u00e9 amplamente usado em sistemas de lubrifica\u00e7\u00e3o e processos de fabrica\u00e7\u00e3o para garantir confiabilidade e longa vida \u00fatil.<\/p>","protected":false},"featured_media":3944,"template":"","meta":{"ocean_post_layout":"","ocean_both_sidebars_style":"","ocean_both_sidebars_content_width":0,"ocean_both_sidebars_sidebars_width":0,"ocean_sidebar":"0","ocean_second_sidebar":"0","ocean_disable_margins":"enable","ocean_add_body_class":"","ocean_shortcode_before_top_bar":"","ocean_shortcode_after_top_bar":"","ocean_shortcode_before_header":"","ocean_shortcode_after_header":"","ocean_has_shortcode":"","ocean_shortcode_after_title":"","ocean_shortcode_before_footer_widgets":"","ocean_shortcode_after_footer_widgets":"","ocean_shortcode_before_footer_bottom":"","ocean_shortcode_after_footer_bottom":"","ocean_display_top_bar":"default","ocean_display_header":"default","ocean_header_style":"","ocean_center_header_left_menu":"0","ocean_custom_header_template":"0","ocean_custom_logo":0,"ocean_custom_retina_logo":0,"ocean_custom_logo_max_width":0,"ocean_custom_logo_tablet_max_width":0,"ocean_custom_logo_mobile_max_width":0,"ocean_custom_logo_max_height":0,"ocean_custom_logo_tablet_max_height":0,"ocean_custom_logo_mobile_max_height":0,"ocean_header_custom_menu":"0","ocean_menu_typo_font_family":"0","ocean_menu_typo_font_subset":"","ocean_menu_typo_font_size":0,"ocean_menu_typo_font_size_tablet":0,"ocean_menu_typo_font_size_mobile":0,"ocean_menu_typo_font_size_unit":"px","ocean_menu_typo_font_weight":"","ocean_menu_typo_font_weight_tablet":"","ocean_menu_typo_font_weight_mobile":"","ocean_menu_typo_transform":"","ocean_menu_typo_transform_tablet":"","ocean_menu_typo_transform_mobile":"","ocean_menu_typo_line_height":0,"ocean_menu_typo_line_height_tablet":0,"ocean_menu_typo_line_height_mobile":0,"ocean_menu_typo_line_height_unit":"","ocean_menu_typo_spacing":0,"ocean_menu_typo_spacing_tablet":0,"ocean_menu_typo_spacing_mobile":0,"ocean_menu_typo_spacing_unit":"","ocean_menu_link_color":"","ocean_menu_link_color_hover":"","ocean_menu_link_color_active":"","ocean_menu_link_background":"","ocean_menu_link_hover_background":"","ocean_menu_link_active_background":"","ocean_menu_social_links_bg":"","ocean_menu_social_hover_links_bg":"","ocean_menu_social_links_color":"","ocean_menu_social_hover_links_color":"","ocean_disable_title":"default","ocean_disable_heading":"default","ocean_post_title":"","ocean_post_subheading":"","ocean_post_title_style":"","ocean_post_title_background_color":"","ocean_post_title_background":0,"ocean_post_title_bg_image_position":"","ocean_post_title_bg_image_attachment":"","ocean_post_title_bg_image_repeat":"","ocean_post_title_bg_image_size":"","ocean_post_title_height":0,"ocean_post_title_bg_overlay":0.5,"ocean_post_title_bg_overlay_color":"","ocean_disable_breadcrumbs":"default","ocean_breadcrumbs_color":"","ocean_breadcrumbs_separator_color":"","ocean_breadcrumbs_links_color":"","ocean_breadcrumbs_links_hover_color":"","ocean_display_footer_widgets":"default","ocean_display_footer_bottom":"default","ocean_custom_footer_template":"0","osh_disable_topbar_sticky":"default","osh_disable_header_sticky":"default","osh_sticky_header_style":"default","osh_sticky_header_effect":"","osh_custom_sticky_logo":0,"osh_custom_retina_sticky_logo":0,"osh_custom_sticky_logo_height":0,"osh_background_color":"","osh_links_color":"","osh_links_hover_color":"","osh_links_active_color":"","osh_links_bg_color":"","osh_links_hover_bg_color":"","osh_links_active_bg_color":"","osh_menu_social_links_color":"","osh_menu_social_hover_links_color":""},"product_brand":[],"product_cat":[49,47],"product_tag":[229,364,82,240,228],"class_list":{"0":"post-3943","1":"product","2":"type-product","3":"status-publish","4":"has-post-thumbnail","6":"product_cat-volumetric-oil-injectors","7":"product_cat-volumetric-thin-oil-systems","8":"product_tag-oil-metering-valve","9":"product_tag-positive-displacement-distributor","10":"product_tag-positive-displacement-injector","11":"product_tag-pressurized-distributor","12":"product_tag-thin-oil-injector","14":"entry","15":"has-media","17":"first","18":"instock","19":"shipping-taxable","20":"product-type-external","21":"col","22":"span_1_of_3","23":"owp-content-center","24":"owp-thumbs-layout-horizontal","25":"owp-btn-very-big","26":"owp-tabs-layout-horizontal"},"_links":{"self":[{"href":"https:\/\/www.jinpinlub.com\/pt\/wp-json\/wp\/v2\/product\/3943","targetHints":{"allow":["GET"]}}],"collection":[{"href":"https:\/\/www.jinpinlub.com\/pt\/wp-json\/wp\/v2\/product"}],"about":[{"href":"https:\/\/www.jinpinlub.com\/pt\/wp-json\/wp\/v2\/types\/product"}],"wp:featuredmedia":[{"embeddable":true,"href":"https:\/\/www.jinpinlub.com\/pt\/wp-json\/wp\/v2\/media\/3944"}],"wp:attachment":[{"href":"https:\/\/www.jinpinlub.com\/pt\/wp-json\/wp\/v2\/media?parent=3943"}],"wp:term":[{"taxonomy":"product_brand","embeddable":true,"href":"https:\/\/www.jinpinlub.com\/pt\/wp-json\/wp\/v2\/product_brand?post=3943"},{"taxonomy":"product_cat","embeddable":true,"href":"https:\/\/www.jinpinlub.com\/pt\/wp-json\/wp\/v2\/product_cat?post=3943"},{"taxonomy":"product_tag","embeddable":true,"href":"https:\/\/www.jinpinlub.com\/pt\/wp-json\/wp\/v2\/product_tag?post=3943"}],"curies":[{"name":"wp","href":"https:\/\/api.w.org\/{rel}","templated":true}]}}