{"id":3948,"date":"2024-12-01T00:46:54","date_gmt":"2024-11-30T16:46:54","guid":{"rendered":"https:\/\/www.jinpinlub.com\/?post_type=product&#038;p=3948"},"modified":"2024-12-01T01:25:25","modified_gmt":"2024-11-30T17:25:25","slug":"valvulas-divisoras-de-distribuidor-progressivo-tipo-u-216","status":"publish","type":"product","link":"https:\/\/www.jinpinlub.com\/pt\/product\/u-type-216-outlets-progressive-distributor-divider-valves\/","title":{"rendered":"V\u00e1lvulas divisoras de distribuidor progressivo tipo U 2~16 sa\u00eddas"},"content":{"rendered":"<h2>Recurso<\/h2>\n<p>O distribuidor de \u00f3leo progressivo integrado do tipo \u222a pode ser usado em condi\u00e7\u00f5es de press\u00e3o m\u00e9dia e ampla mudan\u00e7a de temperatura. Ele pode formar um sistema de lubrifica\u00e7\u00e3o de linha \u00fanica com bombas manuais, el\u00e9tricas, pneum\u00e1ticas, etc. Ele \u00e9 usado para v\u00e1rias pequenas m\u00e1quinas-ferramentas e equipamentos de m\u00e1quinas de pl\u00e1stico, ou um subdistribuidor de um grande sistema de lubrifica\u00e7\u00e3o de linha \u00fanica.<br \/>\nUm conjunto t\u00edpico de distribuidores tipo U pode geralmente fornecer lubrifica\u00e7\u00e3o para 4, 6, 8, 10 ou 12 pontos de lubrifica\u00e7\u00e3o. O distribuidor tipo U tem apenas uma especifica\u00e7\u00e3o de deslocamento de 0,3 mL\/cyc. Observe que para a sa\u00edda de \u00f3leo do distribuidor, qualquer sa\u00edda de \u00f3leo n\u00e3o pode ser bloqueada para afetar sua opera\u00e7\u00e3o normal, caso contr\u00e1rio, o distribuidor ser\u00e1 danificado.<\/p>\n<h2>Especifica\u00e7\u00e3o<\/h2>\n<p>1. Press\u00e3o nominal m\u00e1xima: 15MPa<br \/>\n2. Deslocamento padr\u00e3o: 0,3 mL\/ciclo<br \/>\n3. Faixa de lubrificante (em temperatura padr\u00e3o): \u00d3leo lubrificante \u2265 N68, graxa NLGI 000#~1#<br \/>\n4. Temperatura do ambiente de trabalho: -10\u2103 ~ +60\u2103<br \/>\n5. Taxa m\u00e1xima de circula\u00e7\u00e3o do par de \u00eambolos do indicador de ciclo mec\u00e2nico: 60 ciclos\/min<br \/>\n6. Taxa m\u00e1xima de circula\u00e7\u00e3o do par de \u00eambolos: 200 c\u00edclicos\/min<br \/>\n7. N\u00famero de pontos de lubrifica\u00e7\u00e3o: 4, 6, 8, 10, 12<br \/>\n8. Comprimento do gasoduto: \u03a64\/0,5~2,5m, \u03a66\/1,2~3,5m<br \/>\n9. Material do corpo da v\u00e1lvula: liga de alum\u00ednio<\/p>\n<h2>Princ\u00edpio<\/h2>\n<p>Em forma de U \u00e9 um distribuidor progressivo que fornece uma certa quantidade de graxa de cada \u00eambolo de trabalho no corpo da v\u00e1lvula para os pontos de lubrifica\u00e7\u00e3o em uma sequ\u00eancia especificada. Cada par de \u00eambolos de trabalho fornece graxa quantitativa para o ponto de lubrifica\u00e7\u00e3o com base no princ\u00edpio da for\u00e7a hidr\u00e1ulica gerada pela a\u00e7\u00e3o progressiva. Para que o distribuidor tenha uma sa\u00edda constante, o distribuidor em forma de U deve ser fornecido com graxa com uma certa press\u00e3o. Caso contr\u00e1rio, o par de \u00eambolos de trabalho n\u00e3o fornecer\u00e1 a graxa para o ponto de lubrifica\u00e7\u00e3o de forma progressiva na sequ\u00eancia especificada. . Da mesma forma, uma vez que a graxa de press\u00e3o fornecida pare de fluir, o par de \u00eambolos de trabalho do distribuidor tamb\u00e9m parar\u00e1 de se mover. Somente quando a graxa pressurizada come\u00e7ar a fluir no corpo da v\u00e1lvula novamente, cada par de \u00eambolos de trabalho no distribuidor repetir\u00e1 seu processo de trabalho do ciclo de enchimento de \u00f3leo no mesmo ponto.<\/p>\n<h2>Manuais<\/h2>\n<div class=\"sdm_download_button_box_default\"><div class=\"sdm_download_link\"><a href=\"https:\/\/www.jinpinlub.com\/pt\/?sdm_process_download=1&download_id=3949\" class=\"sdm_download white\" title=\"Privado: U-type Distributor\" target=\"&quot;_blank&quot;\">Ver Ficha T\u00e9cnica - Distribuidor tipo U<\/a><\/div><\/div>","protected":false},"excerpt":{"rendered":"<p>O n\u00famero de sa\u00eddas do distribuidor progressivo tipo U \u00e9 2, 4, 6, 8, 10, 12, e o volume de sa\u00edda \u00e9 0,3ml\/cyc. Este distribuidor pode ser combinado com bombas manuais, el\u00e9tricas e pneum\u00e1ticas para formar um sistema de lubrifica\u00e7\u00e3o progressiva de linha \u00fanica.<\/p>","protected":false},"featured_media":3951,"template":"","meta":{"ocean_post_layout":"","ocean_both_sidebars_style":"","ocean_both_sidebars_content_width":0,"ocean_both_sidebars_sidebars_width":0,"ocean_sidebar":"0","ocean_second_sidebar":"0","ocean_disable_margins":"enable","ocean_add_body_class":"","ocean_shortcode_before_top_bar":"","ocean_shortcode_after_top_bar":"","ocean_shortcode_before_header":"","ocean_shortcode_after_header":"","ocean_has_shortcode":"","ocean_shortcode_after_title":"","ocean_shortcode_before_footer_widgets":"","ocean_shortcode_after_footer_widgets":"","ocean_shortcode_before_footer_bottom":"","ocean_shortcode_after_footer_bottom":"","ocean_display_top_bar":"default","ocean_display_header":"default","ocean_header_style":"","ocean_center_header_left_menu":"0","ocean_custom_header_template":"0","ocean_custom_logo":0,"ocean_custom_retina_logo":0,"ocean_custom_logo_max_width":0,"ocean_custom_logo_tablet_max_width":0,"ocean_custom_logo_mobile_max_width":0,"ocean_custom_logo_max_height":0,"ocean_custom_logo_tablet_max_height":0,"ocean_custom_logo_mobile_max_height":0,"ocean_header_custom_menu":"0","ocean_menu_typo_font_family":"0","ocean_menu_typo_font_subset":"","ocean_menu_typo_font_size":0,"ocean_menu_typo_font_size_tablet":0,"ocean_menu_typo_font_size_mobile":0,"ocean_menu_typo_font_size_unit":"px","ocean_menu_typo_font_weight":"","ocean_menu_typo_font_weight_tablet":"","ocean_menu_typo_font_weight_mobile":"","ocean_menu_typo_transform":"","ocean_menu_typo_transform_tablet":"","ocean_menu_typo_transform_mobile":"","ocean_menu_typo_line_height":0,"ocean_menu_typo_line_height_tablet":0,"ocean_menu_typo_line_height_mobile":0,"ocean_menu_typo_line_height_unit":"","ocean_menu_typo_spacing":0,"ocean_menu_typo_spacing_tablet":0,"ocean_menu_typo_spacing_mobile":0,"ocean_menu_typo_spacing_unit":"","ocean_menu_link_color":"","ocean_menu_link_color_hover":"","ocean_menu_link_color_active":"","ocean_menu_link_background":"","ocean_menu_link_hover_background":"","ocean_menu_link_active_background":"","ocean_menu_social_links_bg":"","ocean_menu_social_hover_links_bg":"","ocean_menu_social_links_color":"","ocean_menu_social_hover_links_color":"","ocean_disable_title":"default","ocean_disable_heading":"default","ocean_post_title":"","ocean_post_subheading":"","ocean_post_title_style":"","ocean_post_title_background_color":"","ocean_post_title_background":0,"ocean_post_title_bg_image_position":"","ocean_post_title_bg_image_attachment":"","ocean_post_title_bg_image_repeat":"","ocean_post_title_bg_image_size":"","ocean_post_title_height":0,"ocean_post_title_bg_overlay":0.5,"ocean_post_title_bg_overlay_color":"","ocean_disable_breadcrumbs":"default","ocean_breadcrumbs_color":"","ocean_breadcrumbs_separator_color":"","ocean_breadcrumbs_links_color":"","ocean_breadcrumbs_links_hover_color":"","ocean_display_footer_widgets":"default","ocean_display_footer_bottom":"default","ocean_custom_footer_template":"0","osh_disable_topbar_sticky":"default","osh_disable_header_sticky":"default","osh_sticky_header_style":"default","osh_sticky_header_effect":"","osh_custom_sticky_logo":0,"osh_custom_retina_sticky_logo":0,"osh_custom_sticky_logo_height":0,"osh_background_color":"","osh_links_color":"","osh_links_hover_color":"","osh_links_active_color":"","osh_links_bg_color":"","osh_links_hover_bg_color":"","osh_links_active_bg_color":"","osh_menu_social_links_color":"","osh_menu_social_hover_links_color":""},"product_brand":[],"product_cat":[44,41],"product_tag":[87,366,230,99,365],"class_list":{"0":"post-3948","1":"product","2":"type-product","3":"status-publish","4":"has-post-thumbnail","6":"product_cat-progressive-grease-dividers","7":"product_cat-progressive-grease-systems","8":"product_tag-grease-distributor","9":"product_tag-ihi-pump-divider","10":"product_tag-lubrication-metering-device","11":"product_tag-progressive-distributor","12":"product_tag-u-type-divider","14":"entry","15":"has-media","17":"first","18":"instock","19":"shipping-taxable","20":"product-type-external","21":"col","22":"span_1_of_3","23":"owp-content-center","24":"owp-thumbs-layout-horizontal","25":"owp-btn-very-big","26":"owp-tabs-layout-horizontal"},"_links":{"self":[{"href":"https:\/\/www.jinpinlub.com\/pt\/wp-json\/wp\/v2\/product\/3948","targetHints":{"allow":["GET"]}}],"collection":[{"href":"https:\/\/www.jinpinlub.com\/pt\/wp-json\/wp\/v2\/product"}],"about":[{"href":"https:\/\/www.jinpinlub.com\/pt\/wp-json\/wp\/v2\/types\/product"}],"wp:featuredmedia":[{"embeddable":true,"href":"https:\/\/www.jinpinlub.com\/pt\/wp-json\/wp\/v2\/media\/3951"}],"wp:attachment":[{"href":"https:\/\/www.jinpinlub.com\/pt\/wp-json\/wp\/v2\/media?parent=3948"}],"wp:term":[{"taxonomy":"product_brand","embeddable":true,"href":"https:\/\/www.jinpinlub.com\/pt\/wp-json\/wp\/v2\/product_brand?post=3948"},{"taxonomy":"product_cat","embeddable":true,"href":"https:\/\/www.jinpinlub.com\/pt\/wp-json\/wp\/v2\/product_cat?post=3948"},{"taxonomy":"product_tag","embeddable":true,"href":"https:\/\/www.jinpinlub.com\/pt\/wp-json\/wp\/v2\/product_tag?post=3948"}],"curies":[{"name":"wp","href":"https:\/\/api.w.org\/{rel}","templated":true}]}}