{"id":3966,"date":"2024-12-11T15:44:55","date_gmt":"2024-12-11T07:44:55","guid":{"rendered":"https:\/\/www.jinpinlub.com\/?post_type=product&#038;p=3966"},"modified":"2024-12-11T16:36:42","modified_gmt":"2024-12-11T08:36:42","slug":"teflon-ptfe-turcite-b-cnc-guia-trilho-folha-resistente-ao-desgaste","status":"publish","type":"product","link":"https:\/\/www.jinpinlub.com\/pt\/product\/teflon-ptfe-turcite-b-cnc-guide-rail-wear-resistant-sheet\/","title":{"rendered":"Folha resistente ao desgaste de trilho-guia CNC Teflon PTFE Turcite-B"},"content":{"rendered":"<h2>Recurso<\/h2>\n<p>\u00b7Alta resist\u00eancia ao desgaste: a resist\u00eancia ao desgaste \u00e9 10 vezes maior que a dos trilhos-guia de ferro fundido, e os trilhos-guia t\u00eam boa reten\u00e7\u00e3o de precis\u00e3o.<br \/>\n\u00b7Baixo atrito: O coeficiente de atrito \u00e9 &lt;0,04, o que \u00e9 apenas 1\/3 dos trilhos-guia de ferro fundido, reduzindo bastante o consumo de energia do acionamento.<br \/>\n\u00b7Sem deslizamento: os coeficientes de atrito din\u00e2mico e est\u00e1tico s\u00e3o pr\u00f3ximos, o posicionamento de microalimenta\u00e7\u00e3o \u00e9 bom e a opera\u00e7\u00e3o \u00e9 suave.<br \/>\n\u00b7Boa absor\u00e7\u00e3o de choque: pode reduzir ru\u00eddo e vibra\u00e7\u00e3o e melhorar a precis\u00e3o do processamento.<br \/>\n\u00b7Boa lubrifica\u00e7\u00e3o: Bom desempenho de autolubrifica\u00e7\u00e3o, mesmo se o sistema de lubrifica\u00e7\u00e3o falhar, pode evitar arranh\u00f5es no trilho-guia.<br \/>\n\u00b7F\u00e1cil de manter: Como a dureza da correia macia \u00e9 muito menor do que a do metal, o desgaste \u00e9 principalmente na correia macia. A manuten\u00e7\u00e3o requer apenas a substitui\u00e7\u00e3o de uma nova correia macia e tamb\u00e9m evita completamente o c\u00f4ncavo do trilho-guia da cama.<\/p>\n<h2>Especifica\u00e7\u00e3o<\/h2>\n<figure id=\"attachment_3971\" aria-describedby=\"caption-attachment-3971\" style=\"width: 850px\" class=\"wp-caption alignnone\"><img loading=\"lazy\" decoding=\"async\" class=\"size-full wp-image-3971\" src=\"https:\/\/www.jinpinlub.com\/wp-content\/uploads\/2024\/12\/GT15-Turcite-B-5.jpg\" alt=\"GT15 Turcite-B (5)\" width=\"850\" height=\"589\" srcset=\"https:\/\/www.jinpinlub.com\/wp-content\/uploads\/2024\/12\/GT15-Turcite-B-5.jpg 850w, https:\/\/www.jinpinlub.com\/wp-content\/uploads\/2024\/12\/GT15-Turcite-B-5-300x208.jpg 300w, https:\/\/www.jinpinlub.com\/wp-content\/uploads\/2024\/12\/GT15-Turcite-B-5-768x532.jpg 768w, https:\/\/www.jinpinlub.com\/wp-content\/uploads\/2024\/12\/GT15-Turcite-B-5-18x12.jpg 18w, https:\/\/www.jinpinlub.com\/wp-content\/uploads\/2024\/12\/GT15-Turcite-B-5-800x554.jpg 800w\" sizes=\"auto, (max-width: 850px) 100vw, 850px\" \/><figcaption id=\"caption-attachment-3971\" class=\"wp-caption-text\">GT15 Turcite-B (5)<\/figcaption><\/figure>\n<h2>Aplicativo<\/h2>\n<p>Para o trilho-guia da mesa de trabalho da m\u00e1quina-ferramenta, o atrito entre a mesa de trabalho e o trilho-guia da cama pode ser reduzido ap\u00f3s a colagem. Por exemplo, quando a mesa de trabalho da fresadora se move, ela pode se mover com precis\u00e3o sob baixa for\u00e7a de acionamento. Ao instalar, o trilho-guia precisa ser limpo e nivelado, e a folha resistente ao desgaste do tamanho apropriado precisa ser cortada. \u00c9 colado, compactado e fixado com cola especial.<br \/>\nPara o trilho-guia da cama como suporte b\u00e1sico da m\u00e1quina-ferramenta, quando o suporte da ferramenta do torno se move, ele pode reduzir o ru\u00eddo de vibra\u00e7\u00e3o, melhorar a precis\u00e3o e evitar corros\u00e3o. Antes de colar, verifique e repare o trilho-guia e preste aten\u00e7\u00e3o \u00e0 dire\u00e7\u00e3o do encaixe e \u00e0 espessura da cola.<br \/>\nPara o trilho-guia da coluna da m\u00e1quina-ferramenta, ele pode garantir o movimento vertical da caixa do fuso e outras pe\u00e7as de forma suave e precisa, como o movimento do eixo Z da caixa do fuso do centro de usinagem. Ao colar, preste aten\u00e7\u00e3o \u00e0 fluidez e verticalidade da cola e verifique a precis\u00e3o ap\u00f3s a cura.<\/p>\n<h2>Manuais<\/h2>\n<div class=\"sdm_download_button_box_default\"><div class=\"sdm_download_link\"><a href=\"https:\/\/www.jinpinlub.com\/pt\/?sdm_process_download=1&download_id=3964\" class=\"sdm_download white\" title=\"Privado: PTFE Turcite-B Sheet\" target=\"&quot;_blank&quot;\">Ver Ficha T\u00e9cnica - Folha Turcite-B<\/a><\/div><\/div>","protected":false},"excerpt":{"rendered":"<p>Ao fixar material de Teflon \u00e0 superf\u00edcie do trilho-guia da m\u00e1quina-ferramenta, a resist\u00eancia ao desgaste e a vida \u00fatil do trilho-guia podem ser melhoradas. Este processo \u00e9 aplic\u00e1vel a v\u00e1rios tipos de trilhos-guia, incluindo trilhos-guia lineares, trilhos-guia rolantes e trilhos-guia deslizantes.<\/p>","protected":false},"featured_media":3968,"template":"","meta":{"ocean_post_layout":"","ocean_both_sidebars_style":"","ocean_both_sidebars_content_width":0,"ocean_both_sidebars_sidebars_width":0,"ocean_sidebar":"0","ocean_second_sidebar":"0","ocean_disable_margins":"enable","ocean_add_body_class":"","ocean_shortcode_before_top_bar":"","ocean_shortcode_after_top_bar":"","ocean_shortcode_before_header":"","ocean_shortcode_after_header":"","ocean_has_shortcode":"","ocean_shortcode_after_title":"","ocean_shortcode_before_footer_widgets":"","ocean_shortcode_after_footer_widgets":"","ocean_shortcode_before_footer_bottom":"","ocean_shortcode_after_footer_bottom":"","ocean_display_top_bar":"default","ocean_display_header":"default","ocean_header_style":"","ocean_center_header_left_menu":"0","ocean_custom_header_template":"0","ocean_custom_logo":0,"ocean_custom_retina_logo":0,"ocean_custom_logo_max_width":0,"ocean_custom_logo_tablet_max_width":0,"ocean_custom_logo_mobile_max_width":0,"ocean_custom_logo_max_height":0,"ocean_custom_logo_tablet_max_height":0,"ocean_custom_logo_mobile_max_height":0,"ocean_header_custom_menu":"0","ocean_menu_typo_font_family":"0","ocean_menu_typo_font_subset":"","ocean_menu_typo_font_size":0,"ocean_menu_typo_font_size_tablet":0,"ocean_menu_typo_font_size_mobile":0,"ocean_menu_typo_font_size_unit":"px","ocean_menu_typo_font_weight":"","ocean_menu_typo_font_weight_tablet":"","ocean_menu_typo_font_weight_mobile":"","ocean_menu_typo_transform":"","ocean_menu_typo_transform_tablet":"","ocean_menu_typo_transform_mobile":"","ocean_menu_typo_line_height":0,"ocean_menu_typo_line_height_tablet":0,"ocean_menu_typo_line_height_mobile":0,"ocean_menu_typo_line_height_unit":"","ocean_menu_typo_spacing":0,"ocean_menu_typo_spacing_tablet":0,"ocean_menu_typo_spacing_mobile":0,"ocean_menu_typo_spacing_unit":"","ocean_menu_link_color":"","ocean_menu_link_color_hover":"","ocean_menu_link_color_active":"","ocean_menu_link_background":"","ocean_menu_link_hover_background":"","ocean_menu_link_active_background":"","ocean_menu_social_links_bg":"","ocean_menu_social_hover_links_bg":"","ocean_menu_social_links_color":"","ocean_menu_social_hover_links_color":"","ocean_disable_title":"default","ocean_disable_heading":"default","ocean_post_title":"","ocean_post_subheading":"","ocean_post_title_style":"","ocean_post_title_background_color":"","ocean_post_title_background":0,"ocean_post_title_bg_image_position":"","ocean_post_title_bg_image_attachment":"","ocean_post_title_bg_image_repeat":"","ocean_post_title_bg_image_size":"","ocean_post_title_height":0,"ocean_post_title_bg_overlay":0.5,"ocean_post_title_bg_overlay_color":"","ocean_disable_breadcrumbs":"default","ocean_breadcrumbs_color":"","ocean_breadcrumbs_separator_color":"","ocean_breadcrumbs_links_color":"","ocean_breadcrumbs_links_hover_color":"","ocean_display_footer_widgets":"default","ocean_display_footer_bottom":"default","ocean_custom_footer_template":"0","osh_disable_topbar_sticky":"default","osh_disable_header_sticky":"default","osh_sticky_header_style":"default","osh_sticky_header_effect":"","osh_custom_sticky_logo":0,"osh_custom_retina_sticky_logo":0,"osh_custom_sticky_logo_height":0,"osh_background_color":"","osh_links_color":"","osh_links_hover_color":"","osh_links_active_color":"","osh_links_bg_color":"","osh_links_hover_bg_color":"","osh_links_active_bg_color":"","osh_menu_social_links_color":"","osh_menu_social_hover_links_color":""},"product_brand":[],"product_cat":[31],"product_tag":[371,367,368,369,370],"class_list":{"0":"post-3966","1":"product","2":"type-product","3":"status-publish","4":"has-post-thumbnail","6":"product_cat-lube-system-accessories","7":"product_tag-cnc-plastic-strip","8":"product_tag-guide-rail-wear-resistant-sheet","9":"product_tag-ptfe-guide-rail-belt","10":"product_tag-teflon-soft-belt","11":"product_tag-turcite-b","13":"entry","14":"has-media","16":"first","17":"instock","18":"shipping-taxable","19":"product-type-external","20":"col","21":"span_1_of_3","22":"owp-content-center","23":"owp-thumbs-layout-horizontal","24":"owp-btn-very-big","25":"owp-tabs-layout-horizontal"},"_links":{"self":[{"href":"https:\/\/www.jinpinlub.com\/pt\/wp-json\/wp\/v2\/product\/3966","targetHints":{"allow":["GET"]}}],"collection":[{"href":"https:\/\/www.jinpinlub.com\/pt\/wp-json\/wp\/v2\/product"}],"about":[{"href":"https:\/\/www.jinpinlub.com\/pt\/wp-json\/wp\/v2\/types\/product"}],"wp:featuredmedia":[{"embeddable":true,"href":"https:\/\/www.jinpinlub.com\/pt\/wp-json\/wp\/v2\/media\/3968"}],"wp:attachment":[{"href":"https:\/\/www.jinpinlub.com\/pt\/wp-json\/wp\/v2\/media?parent=3966"}],"wp:term":[{"taxonomy":"product_brand","embeddable":true,"href":"https:\/\/www.jinpinlub.com\/pt\/wp-json\/wp\/v2\/product_brand?post=3966"},{"taxonomy":"product_cat","embeddable":true,"href":"https:\/\/www.jinpinlub.com\/pt\/wp-json\/wp\/v2\/product_cat?post=3966"},{"taxonomy":"product_tag","embeddable":true,"href":"https:\/\/www.jinpinlub.com\/pt\/wp-json\/wp\/v2\/product_tag?post=3966"}],"curies":[{"name":"wp","href":"https:\/\/api.w.org\/{rel}","templated":true}]}}