{"id":3972,"date":"2024-12-11T16:39:53","date_gmt":"2024-12-11T08:39:53","guid":{"rendered":"https:\/\/www.jinpinlub.com\/?post_type=product&#038;p=3972"},"modified":"2024-12-11T17:18:14","modified_gmt":"2024-12-11T09:18:14","slug":"j100-3d-300ml-reservatorio-destacavel-bomba-de-lubrificacao-eletrica","status":"publish","type":"product","link":"https:\/\/www.jinpinlub.com\/pt\/product\/j100-3d-300ml-detachable-reservoir-electric-lubrication-pump\/","title":{"rendered":"Bomba de lubrifica\u00e7\u00e3o el\u00e9trica com reservat\u00f3rio destac\u00e1vel J100-3D 300mL"},"content":{"rendered":"<h2>Caracter\u00edsticas<\/h2>\n<p>\u2013 Opera\u00e7\u00e3o est\u00e1vel: pode operar de forma confi\u00e1vel em sistemas de lubrifica\u00e7\u00e3o de linha \u00fanica com at\u00e9 20 pontos de lubrifica\u00e7\u00e3o e um comprimento de linha principal de quase 15 metros.<br \/>\n\u2013 Fun\u00e7\u00e3o de al\u00edvio de press\u00e3o integrada: A v\u00e1lvula de al\u00edvio de press\u00e3o integrada opcional atende aos requisitos das bombas de sistema de lubrifica\u00e7\u00e3o de linha \u00fanica e pode ser usada de forma est\u00e1vel em <a href=\"https:\/\/www.jinpinlub.com\/pt\/categoria-de-produto\/sistemas-de-graxa-de-linha-unica\/\" target=\"_blank\" rel=\"noopener\">sistemas de lubrifica\u00e7\u00e3o autom\u00e1tica de linha \u00fanica<\/a>.<br \/>\n\u2013 N\u00famero flex\u00edvel de sa\u00eddas: Existem modelos com 1 ou 2 sa\u00eddas de \u00f3leo, que podem ser selecionadas de acordo com as necessidades reais.<br \/>\n\u2013 F\u00e1cil instala\u00e7\u00e3o: O parafuso de ventila\u00e7\u00e3o \u00e9 f\u00e1cil de alcan\u00e7ar, o que permite uma instala\u00e7\u00e3o e inicializa\u00e7\u00e3o de opera\u00e7\u00e3o simples.<br \/>\n\u2013 Monitoramento do n\u00edvel de l\u00edquido: fornece monitoramento do n\u00edvel de enchimento com fun\u00e7\u00e3o de alerta precoce, que pode monitorar o n\u00edvel de l\u00edquido do tanque de \u00f3leo ou cartucho de graxa.<br \/>\n\u2013 Capacidades m\u00faltiplas: Existem tr\u00eas vers\u00f5es de reservat\u00f3rio, vers\u00e3o de reservat\u00f3rio fixo, vers\u00e3o de reservat\u00f3rio remov\u00edvel e vers\u00e3o de cartucho substitu\u00edvel, e cada vers\u00e3o tem capacidades diferentes.<br \/>\n\u2013 Estrutura compacta: O tamanho geral \u00e9 relativamente pequeno, n\u00e3o ocupa muito espa\u00e7o, pode se adaptar a um ambiente de instala\u00e7\u00e3o mais compacto e \u00e9 conveniente para uso em v\u00e1rias m\u00e1quinas ou equipamentos pequenos.<\/p>\n<h2>Especifica\u00e7\u00e3o<\/h2>\n<table>\n<tbody>\n<tr>\n<td>Modelo<\/td>\n<td>J100-3D<\/td>\n<\/tr>\n<tr>\n<td>Tempo de lubrifica\u00e7\u00e3o<\/td>\n<td>PLC ou controlador externo<\/td>\n<\/tr>\n<tr>\n<td>Tempo de intervalo<\/td>\n<td>PLC ou controlador externo<\/td>\n<\/tr>\n<tr>\n<td>Temperatura de opera\u00e7\u00e3o<\/td>\n<td>0\u2103~ +50\u00b0C (condi\u00e7\u00f5es de baixa temperatura requerem graxa anticongelante)<\/td>\n<\/tr>\n<tr>\n<td>N\u00famero de pontos de venda<\/td>\n<td>1 ou 2<\/td>\n<\/tr>\n<tr>\n<td>Capacidade do reservat\u00f3rio<\/td>\n<td>0,3 L, 0,5 L, 0,7 L, 1,5 L<\/td>\n<\/tr>\n<tr>\n<td>Reabastecimento<\/td>\n<td>Porta de enchimento\/remov\u00edvel\/cartucho<\/td>\n<\/tr>\n<tr>\n<td>Lubrificante<\/td>\n<td>NLGI 000#~2#<\/td>\n<\/tr>\n<tr>\n<td>V\u00e1lvula de al\u00edvio de press\u00e3o<\/td>\n<td>Opcional<\/td>\n<\/tr>\n<tr>\n<td>Descarga<\/td>\n<td>15 mL\/min<\/td>\n<\/tr>\n<tr>\n<td>Press\u00e3o m\u00e1xima de opera\u00e7\u00e3o<\/td>\n<td>8,0 MPa<\/td>\n<\/tr>\n<tr>\n<td>Fio de conex\u00e3o<\/td>\n<td>Sa\u00edda \u03a66<\/td>\n<\/tr>\n<tr>\n<td>Tens\u00e3o de opera\u00e7\u00e3o<\/td>\n<td>24 VCC<\/td>\n<\/tr>\n<tr>\n<td>Certifica\u00e7\u00e3o<\/td>\n<td>CE<\/td>\n<\/tr>\n<tr>\n<td>Interruptor de baixo n\u00edvel<\/td>\n<td>Contato NC<\/td>\n<\/tr>\n<\/tbody>\n<\/table>\n<h2>Gasoduto<\/h2>\n<p>Em termos de materiais e especifica\u00e7\u00f5es de tubos, \u00e9 necess\u00e1rio selecionar tubos adequados, resistentes a \u00f3leo e \u00e0 corros\u00e3o, de acordo com as caracter\u00edsticas do lubrificante, press\u00e3o do sistema e ambiente.<br \/>\nA limpeza de tubos \u00e9 muito importante. Antes da instala\u00e7\u00e3o, \u00e9 necess\u00e1rio remover completamente as impurezas com sopro de ar comprimido e limpeza qu\u00edmica para evitar que materiais estranhos entrem na bomba de lubrifica\u00e7\u00e3o para danificar pe\u00e7as e perturbar a opera\u00e7\u00e3o, e garantir que o lubrificante flua suavemente e puramente.<br \/>\nAo conectar, as veda\u00e7\u00f5es devem ser bem selecionadas e as porcas e parafusos devem ser apertados de acordo com o torque especificado para garantir uma veda\u00e7\u00e3o boa e firme, e verifique se h\u00e1 vazamentos regularmente.<br \/>\nEm termos de layout, reduza o n\u00famero de tubos, evite curvas e tor\u00e7\u00f5es acentuadas, garanta um fluxo suave de lubrificantes, apoie e fixe adequadamente e evite o deslocamento por vibra\u00e7\u00e3o.<br \/>\nFinalmente, esgote ap\u00f3s a instala\u00e7\u00e3o. Coloque uma v\u00e1lvula de escape em um ponto alto, abra lentamente e esgote o ar, e espere o lubrificante fluir sem bolhas para evitar lubrifica\u00e7\u00e3o irregular e marcha lenta da bomba.<\/p>\n<h2>Manuais<\/h2>\n<div class=\"sdm_download_button_box_default\"><div class=\"sdm_download_link\"><a href=\"https:\/\/www.jinpinlub.com\/pt\/?sdm_process_download=1&download_id=3960\" class=\"sdm_download white\" title=\"Privado: J100 Electric Grease Pump\" target=\"&quot;_blank&quot;\">Ver Ficha T\u00e9cnica - Bomba de Graxa J100<\/a><\/div><\/div>","protected":false},"excerpt":{"rendered":"<p>A bomba de lubrifica\u00e7\u00e3o compacta J100 \u00e9 confi\u00e1vel e dur\u00e1vel, com m\u00faltiplas capacidades que podem se adaptar a v\u00e1rios tipos de lubrificantes. \u00c9 f\u00e1cil e conveniente de operar e manter, e pode ser controlada por PLC, fornecendo solu\u00e7\u00f5es eficientes para opera\u00e7\u00f5es de lubrifica\u00e7\u00e3o.<\/p>","protected":false},"featured_media":3973,"template":"","meta":{"ocean_post_layout":"","ocean_both_sidebars_style":"","ocean_both_sidebars_content_width":0,"ocean_both_sidebars_sidebars_width":0,"ocean_sidebar":"0","ocean_second_sidebar":"0","ocean_disable_margins":"enable","ocean_add_body_class":"","ocean_shortcode_before_top_bar":"","ocean_shortcode_after_top_bar":"","ocean_shortcode_before_header":"","ocean_shortcode_after_header":"","ocean_has_shortcode":"","ocean_shortcode_after_title":"","ocean_shortcode_before_footer_widgets":"","ocean_shortcode_after_footer_widgets":"","ocean_shortcode_before_footer_bottom":"","ocean_shortcode_after_footer_bottom":"","ocean_display_top_bar":"default","ocean_display_header":"default","ocean_header_style":"","ocean_center_header_left_menu":"0","ocean_custom_header_template":"0","ocean_custom_logo":0,"ocean_custom_retina_logo":0,"ocean_custom_logo_max_width":0,"ocean_custom_logo_tablet_max_width":0,"ocean_custom_logo_mobile_max_width":0,"ocean_custom_logo_max_height":0,"ocean_custom_logo_tablet_max_height":0,"ocean_custom_logo_mobile_max_height":0,"ocean_header_custom_menu":"0","ocean_menu_typo_font_family":"0","ocean_menu_typo_font_subset":"","ocean_menu_typo_font_size":0,"ocean_menu_typo_font_size_tablet":0,"ocean_menu_typo_font_size_mobile":0,"ocean_menu_typo_font_size_unit":"px","ocean_menu_typo_font_weight":"","ocean_menu_typo_font_weight_tablet":"","ocean_menu_typo_font_weight_mobile":"","ocean_menu_typo_transform":"","ocean_menu_typo_transform_tablet":"","ocean_menu_typo_transform_mobile":"","ocean_menu_typo_line_height":0,"ocean_menu_typo_line_height_tablet":0,"ocean_menu_typo_line_height_mobile":0,"ocean_menu_typo_line_height_unit":"","ocean_menu_typo_spacing":0,"ocean_menu_typo_spacing_tablet":0,"ocean_menu_typo_spacing_mobile":0,"ocean_menu_typo_spacing_unit":"","ocean_menu_link_color":"","ocean_menu_link_color_hover":"","ocean_menu_link_color_active":"","ocean_menu_link_background":"","ocean_menu_link_hover_background":"","ocean_menu_link_active_background":"","ocean_menu_social_links_bg":"","ocean_menu_social_hover_links_bg":"","ocean_menu_social_links_color":"","ocean_menu_social_hover_links_color":"","ocean_disable_title":"default","ocean_disable_heading":"default","ocean_post_title":"","ocean_post_subheading":"","ocean_post_title_style":"","ocean_post_title_background_color":"","ocean_post_title_background":0,"ocean_post_title_bg_image_position":"","ocean_post_title_bg_image_attachment":"","ocean_post_title_bg_image_repeat":"","ocean_post_title_bg_image_size":"","ocean_post_title_height":0,"ocean_post_title_bg_overlay":0.5,"ocean_post_title_bg_overlay_color":"","ocean_disable_breadcrumbs":"default","ocean_breadcrumbs_color":"","ocean_breadcrumbs_separator_color":"","ocean_breadcrumbs_links_color":"","ocean_breadcrumbs_links_hover_color":"","ocean_display_footer_widgets":"default","ocean_display_footer_bottom":"default","ocean_custom_footer_template":"0","osh_disable_topbar_sticky":"default","osh_disable_header_sticky":"default","osh_sticky_header_style":"default","osh_sticky_header_effect":"","osh_custom_sticky_logo":0,"osh_custom_retina_sticky_logo":0,"osh_custom_sticky_logo_height":0,"osh_background_color":"","osh_links_color":"","osh_links_hover_color":"","osh_links_active_color":"","osh_links_bg_color":"","osh_links_hover_bg_color":"","osh_links_active_bg_color":"","osh_menu_social_links_color":"","osh_menu_social_hover_links_color":""},"product_brand":[],"product_cat":[42,41],"product_tag":[372,73,77,373,91],"class_list":{"0":"post-3972","1":"product","2":"type-product","3":"status-publish","4":"has-post-thumbnail","6":"product_cat-electric-progressive-pumps","7":"product_cat-progressive-grease-systems","8":"product_tag-compact-lubrication-pump","9":"product_tag-electric-lubrication-pump","10":"product_tag-grease-lubrication-pump","11":"product_tag-grease-lubricator","12":"product_tag-progressive-lubrication-pump","14":"entry","15":"has-media","17":"first","18":"instock","19":"shipping-taxable","20":"product-type-external","21":"col","22":"span_1_of_3","23":"owp-content-center","24":"owp-thumbs-layout-horizontal","25":"owp-btn-very-big","26":"owp-tabs-layout-horizontal"},"_links":{"self":[{"href":"https:\/\/www.jinpinlub.com\/pt\/wp-json\/wp\/v2\/product\/3972","targetHints":{"allow":["GET"]}}],"collection":[{"href":"https:\/\/www.jinpinlub.com\/pt\/wp-json\/wp\/v2\/product"}],"about":[{"href":"https:\/\/www.jinpinlub.com\/pt\/wp-json\/wp\/v2\/types\/product"}],"wp:featuredmedia":[{"embeddable":true,"href":"https:\/\/www.jinpinlub.com\/pt\/wp-json\/wp\/v2\/media\/3973"}],"wp:attachment":[{"href":"https:\/\/www.jinpinlub.com\/pt\/wp-json\/wp\/v2\/media?parent=3972"}],"wp:term":[{"taxonomy":"product_brand","embeddable":true,"href":"https:\/\/www.jinpinlub.com\/pt\/wp-json\/wp\/v2\/product_brand?post=3972"},{"taxonomy":"product_cat","embeddable":true,"href":"https:\/\/www.jinpinlub.com\/pt\/wp-json\/wp\/v2\/product_cat?post=3972"},{"taxonomy":"product_tag","embeddable":true,"href":"https:\/\/www.jinpinlub.com\/pt\/wp-json\/wp\/v2\/product_tag?post=3972"}],"curies":[{"name":"wp","href":"https:\/\/api.w.org\/{rel}","templated":true}]}}