{"id":3987,"date":"2024-12-12T03:02:06","date_gmt":"2024-12-11T19:02:06","guid":{"rendered":"https:\/\/www.jinpinlub.com\/?post_type=product&#038;p=3987"},"modified":"2024-12-12T03:23:01","modified_gmt":"2024-12-11T19:23:01","slug":"j100-5d-24v-bomba-de-pistao-de-lubrificacao-centralizada-destacavel","status":"publish","type":"product","link":"https:\/\/www.jinpinlub.com\/pt\/product\/j100-5d-24v-detachable-centralized-lubrication-piston-pump\/","title":{"rendered":"Bomba de pist\u00e3o de lubrifica\u00e7\u00e3o centralizada destac\u00e1vel J100-5D 24V"},"content":{"rendered":"<h2>Caracter\u00edsticas<\/h2>\n<p>\u2013 O comprimento m\u00e1ximo da tubula\u00e7\u00e3o de lubrifica\u00e7\u00e3o da lubrifica\u00e7\u00e3o centralizada progressiva da s\u00e9rie J100 pode chegar a 14 metros.<br \/>\n\u2013 Quando o sistema falha e o distribuidor est\u00e1 bloqueado, o sistema da bomba de lubrifica\u00e7\u00e3o emite um alarme, o que \u00e9 conveniente para a equipe realizar a manuten\u00e7\u00e3o.<br \/>\n\u2013 A vantagem do sistema de lubrifica\u00e7\u00e3o centralizada \u00e9 que v\u00e1rios pontos de lubrifica\u00e7\u00e3o podem ser combinados em uma bomba de lubrifica\u00e7\u00e3o para fornecimento centralizado de \u00f3leo.<br \/>\n\u2013 A bomba de lubrifica\u00e7\u00e3o progressiva J100 pode distribuir o lubrificante para cada ponto de lubrifica\u00e7\u00e3o em sequ\u00eancia de acordo com a propor\u00e7\u00e3o pr\u00e9-determinada necess\u00e1ria.<br \/>\n\u2013 O sistema de lubrifica\u00e7\u00e3o J100 pode realizar fun\u00e7\u00f5es de monitoramento visual ou el\u00e9trico.<br \/>\n\u2013 Se o sistema de lubrifica\u00e7\u00e3o estiver bloqueado, \u00e9 poss\u00edvel ver graxa transbordando da v\u00e1lvula de seguran\u00e7a.<\/p>\n<h2>Especifica\u00e7\u00e3o<\/h2>\n<table>\n<tbody>\n<tr>\n<td>Modelo<\/td>\n<td>J100-5D<\/td>\n<\/tr>\n<tr>\n<td>Tempo de lubrifica\u00e7\u00e3o<\/td>\n<td>PLC ou controlador externo<\/td>\n<\/tr>\n<tr>\n<td>Tempo de intervalo<\/td>\n<td>PLC ou controlador externo<\/td>\n<\/tr>\n<tr>\n<td>Temperatura de opera\u00e7\u00e3o<\/td>\n<td>0\u2103~ +50\u00b0C (condi\u00e7\u00f5es de baixa temperatura requerem graxa anticongelante)<\/td>\n<\/tr>\n<tr>\n<td>N\u00famero de pontos de venda<\/td>\n<td>1 ou 2<\/td>\n<\/tr>\n<tr>\n<td>Capacidade do reservat\u00f3rio<\/td>\n<td>0,3 L, 0,5 L, 0,7 L, 1,5 L<\/td>\n<\/tr>\n<tr>\n<td>Reabastecimento<\/td>\n<td>Porta de enchimento\/remov\u00edvel\/cartucho<\/td>\n<\/tr>\n<tr>\n<td>Lubrificante<\/td>\n<td>NLGI 000#~2#<\/td>\n<\/tr>\n<tr>\n<td>V\u00e1lvula de al\u00edvio de press\u00e3o<\/td>\n<td>Opcional<\/td>\n<\/tr>\n<tr>\n<td>Descarga<\/td>\n<td>15 mL\/min<\/td>\n<\/tr>\n<tr>\n<td>Press\u00e3o m\u00e1xima de opera\u00e7\u00e3o<\/td>\n<td>8,0 MPa<\/td>\n<\/tr>\n<tr>\n<td>Fio de conex\u00e3o<\/td>\n<td>Sa\u00edda \u03a66<\/td>\n<\/tr>\n<tr>\n<td>Tens\u00e3o de opera\u00e7\u00e3o<\/td>\n<td>24 VCC<\/td>\n<\/tr>\n<tr>\n<td>Certifica\u00e7\u00e3o<\/td>\n<td>CE<\/td>\n<\/tr>\n<tr>\n<td>Interruptor de baixo n\u00edvel<\/td>\n<td>Contato NC<\/td>\n<\/tr>\n<\/tbody>\n<\/table>\n<h2>Solu\u00e7\u00e3o de problemas<\/h2>\n<p>1. O motor n\u00e3o pode dar partida quando a tens\u00e3o de trabalho \u00e9 aplicada<br \/>\n\u2013 O motor n\u00e3o tem tens\u00e3o de trabalho: Verifique a conex\u00e3o de energia da bomba de lubrifica\u00e7\u00e3o, incluindo a verifica\u00e7\u00e3o da conex\u00e3o correta do plugue e do cabo de energia, e verifique se a tens\u00e3o de trabalho est\u00e1 conectada corretamente.<br \/>\n2. Sem acumula\u00e7\u00e3o ou libera\u00e7\u00e3o de press\u00e3o<br \/>\n\u2013 A bomba fornece muito pouco meio: Verifique se o cartucho de tinta ou o reservat\u00f3rio da bomba de lubrifica\u00e7\u00e3o est\u00e1 vazio.<br \/>\n\u2013 Graxa inadequada \u00e9 usada: Limpe a graxa em todo o sistema de lubrifica\u00e7\u00e3o e use graxa padr\u00e3o adequada.<br \/>\n\u2013 A press\u00e3o est\u00e1 muito baixa ou muito alta: A v\u00e1lvula reguladora de press\u00e3o da bomba de lubrifica\u00e7\u00e3o est\u00e1 bloqueada ou com defeito, verifique e substitua a v\u00e1lvula reguladora de press\u00e3o.<br \/>\n\u2013 H\u00e1 ar na tubula\u00e7\u00e3o principal: exaust\u00e3o pela porta de exaust\u00e3o da bomba de lubrifica\u00e7\u00e3o.<br \/>\n\u2013 A tubula\u00e7\u00e3o principal est\u00e1 com vazamento ou rompida: Verifique as condi\u00e7\u00f5es da tubula\u00e7\u00e3o do sistema de lubrifica\u00e7\u00e3o e substitua a tubula\u00e7\u00e3o.<\/p>\n<h2>Manuais<\/h2>\n<div class=\"sdm_download_button_box_default\"><div class=\"sdm_download_link\"><a href=\"https:\/\/www.jinpinlub.com\/pt\/?sdm_process_download=1&download_id=3960\" class=\"sdm_download white\" title=\"Privado: J100 Electric Grease Pump\" target=\"&quot;_blank&quot;\">Ver Ficha T\u00e9cnica - Bomba de Graxa J100<\/a><\/div><\/div>","protected":false},"excerpt":{"rendered":"<p>Os reservat\u00f3rios J100, dispon\u00edveis em pl\u00e1stico transparente, oferecem capacidades de 0,3, 0,5 e 1,5 litros. Esses reservat\u00f3rios simplificam o reabastecimento e estendem os intervalos de manuten\u00e7\u00e3o, com ventila\u00e7\u00e3o necess\u00e1ria apenas durante a inicializa\u00e7\u00e3o do sistema. As bombas podem incluir monitores de n\u00edvel de enchimento, aumentando a conveni\u00eancia.<\/p>","protected":false},"featured_media":3988,"template":"","meta":{"ocean_post_layout":"","ocean_both_sidebars_style":"","ocean_both_sidebars_content_width":0,"ocean_both_sidebars_sidebars_width":0,"ocean_sidebar":"0","ocean_second_sidebar":"0","ocean_disable_margins":"enable","ocean_add_body_class":"","ocean_shortcode_before_top_bar":"","ocean_shortcode_after_top_bar":"","ocean_shortcode_before_header":"","ocean_shortcode_after_header":"","ocean_has_shortcode":"","ocean_shortcode_after_title":"","ocean_shortcode_before_footer_widgets":"","ocean_shortcode_after_footer_widgets":"","ocean_shortcode_before_footer_bottom":"","ocean_shortcode_after_footer_bottom":"","ocean_display_top_bar":"default","ocean_display_header":"default","ocean_header_style":"","ocean_center_header_left_menu":"0","ocean_custom_header_template":"0","ocean_custom_logo":0,"ocean_custom_retina_logo":0,"ocean_custom_logo_max_width":0,"ocean_custom_logo_tablet_max_width":0,"ocean_custom_logo_mobile_max_width":0,"ocean_custom_logo_max_height":0,"ocean_custom_logo_tablet_max_height":0,"ocean_custom_logo_mobile_max_height":0,"ocean_header_custom_menu":"0","ocean_menu_typo_font_family":"0","ocean_menu_typo_font_subset":"","ocean_menu_typo_font_size":0,"ocean_menu_typo_font_size_tablet":0,"ocean_menu_typo_font_size_mobile":0,"ocean_menu_typo_font_size_unit":"px","ocean_menu_typo_font_weight":"","ocean_menu_typo_font_weight_tablet":"","ocean_menu_typo_font_weight_mobile":"","ocean_menu_typo_transform":"","ocean_menu_typo_transform_tablet":"","ocean_menu_typo_transform_mobile":"","ocean_menu_typo_line_height":0,"ocean_menu_typo_line_height_tablet":0,"ocean_menu_typo_line_height_mobile":0,"ocean_menu_typo_line_height_unit":"","ocean_menu_typo_spacing":0,"ocean_menu_typo_spacing_tablet":0,"ocean_menu_typo_spacing_mobile":0,"ocean_menu_typo_spacing_unit":"","ocean_menu_link_color":"","ocean_menu_link_color_hover":"","ocean_menu_link_color_active":"","ocean_menu_link_background":"","ocean_menu_link_hover_background":"","ocean_menu_link_active_background":"","ocean_menu_social_links_bg":"","ocean_menu_social_hover_links_bg":"","ocean_menu_social_links_color":"","ocean_menu_social_hover_links_color":"","ocean_disable_title":"default","ocean_disable_heading":"default","ocean_post_title":"","ocean_post_subheading":"","ocean_post_title_style":"","ocean_post_title_background_color":"","ocean_post_title_background":0,"ocean_post_title_bg_image_position":"","ocean_post_title_bg_image_attachment":"","ocean_post_title_bg_image_repeat":"","ocean_post_title_bg_image_size":"","ocean_post_title_height":0,"ocean_post_title_bg_overlay":0.5,"ocean_post_title_bg_overlay_color":"","ocean_disable_breadcrumbs":"default","ocean_breadcrumbs_color":"","ocean_breadcrumbs_separator_color":"","ocean_breadcrumbs_links_color":"","ocean_breadcrumbs_links_hover_color":"","ocean_display_footer_widgets":"default","ocean_display_footer_bottom":"default","ocean_custom_footer_template":"0","osh_disable_topbar_sticky":"default","osh_disable_header_sticky":"default","osh_sticky_header_style":"default","osh_sticky_header_effect":"","osh_custom_sticky_logo":0,"osh_custom_retina_sticky_logo":0,"osh_custom_sticky_logo_height":0,"osh_background_color":"","osh_links_color":"","osh_links_hover_color":"","osh_links_active_color":"","osh_links_bg_color":"","osh_links_hover_bg_color":"","osh_links_active_bg_color":"","osh_menu_social_links_color":"","osh_menu_social_hover_links_color":""},"product_brand":[],"product_cat":[42,41],"product_tag":[321,112,76,196,221],"class_list":{"0":"post-3987","1":"product","2":"type-product","3":"status-publish","4":"has-post-thumbnail","6":"product_cat-electric-progressive-pumps","7":"product_cat-progressive-grease-systems","8":"product_tag-automatic-lubrication-system","9":"product_tag-centralized-lubrication-system","10":"product_tag-electric-lubrication-system","11":"product_tag-grease-lubrication-system","12":"product_tag-progressive-lubrication-system","14":"entry","15":"has-media","17":"first","18":"instock","19":"shipping-taxable","20":"product-type-external","21":"col","22":"span_1_of_3","23":"owp-content-center","24":"owp-thumbs-layout-horizontal","25":"owp-btn-very-big","26":"owp-tabs-layout-horizontal"},"_links":{"self":[{"href":"https:\/\/www.jinpinlub.com\/pt\/wp-json\/wp\/v2\/product\/3987","targetHints":{"allow":["GET"]}}],"collection":[{"href":"https:\/\/www.jinpinlub.com\/pt\/wp-json\/wp\/v2\/product"}],"about":[{"href":"https:\/\/www.jinpinlub.com\/pt\/wp-json\/wp\/v2\/types\/product"}],"wp:featuredmedia":[{"embeddable":true,"href":"https:\/\/www.jinpinlub.com\/pt\/wp-json\/wp\/v2\/media\/3988"}],"wp:attachment":[{"href":"https:\/\/www.jinpinlub.com\/pt\/wp-json\/wp\/v2\/media?parent=3987"}],"wp:term":[{"taxonomy":"product_brand","embeddable":true,"href":"https:\/\/www.jinpinlub.com\/pt\/wp-json\/wp\/v2\/product_brand?post=3987"},{"taxonomy":"product_cat","embeddable":true,"href":"https:\/\/www.jinpinlub.com\/pt\/wp-json\/wp\/v2\/product_cat?post=3987"},{"taxonomy":"product_tag","embeddable":true,"href":"https:\/\/www.jinpinlub.com\/pt\/wp-json\/wp\/v2\/product_tag?post=3987"}],"curies":[{"name":"wp","href":"https:\/\/api.w.org\/{rel}","templated":true}]}}