{"id":3992,"date":"2024-12-12T03:47:40","date_gmt":"2024-12-11T19:47:40","guid":{"rendered":"https:\/\/www.jinpinlub.com\/?post_type=product&#038;p=3992"},"modified":"2024-12-12T04:01:46","modified_gmt":"2024-12-11T20:01:46","slug":"j100-7c-bombas-de-lubrificacao-progressiva-cnc-automaticas","status":"publish","type":"product","link":"https:\/\/www.jinpinlub.com\/pt\/product\/j100-7c-automatic-cnc-progressive-graese-lubrication-pumps\/","title":{"rendered":"Bombas de lubrifica\u00e7\u00e3o progressiva CNC autom\u00e1ticas J100-7C Graese"},"content":{"rendered":"<h2>Caracter\u00edsticas<\/h2>\n<p>\u2013 Alta precis\u00e3o de dosagem, a bomba de lubrifica\u00e7\u00e3o J100 pode medir a quantidade de graxa fluida de at\u00e9 15 mL\/min, o que pode controlar com precis\u00e3o a sa\u00edda do lubrificante e garantir um efeito de lubrifica\u00e7\u00e3o est\u00e1vel e confi\u00e1vel.<br \/>\n\u2013 A press\u00e3o de trabalho da bomba de lubrifica\u00e7\u00e3o J100 pode atingir no m\u00e1ximo 80 bar, o que atende aos requisitos de press\u00e3o da maioria dos sistemas de lubrifica\u00e7\u00e3o e garante que o lubrificante seja efetivamente entregue ao ponto de lubrifica\u00e7\u00e3o.<br \/>\n\u2013 O J100 possui uma fun\u00e7\u00e3o de monitoramento de n\u00edvel de l\u00edquido e alerta precoce, que pode monitorar o n\u00edvel do tanque de \u00f3leo ou do cartucho em tempo real, dar alerta precoce e evitar falhas no equipamento devido \u00e0 lubrifica\u00e7\u00e3o insuficiente.<br \/>\n\u2013 O J100 usa uma tens\u00e3o de trabalho de 24 V CC com baixo consumo de energia, o que atende aos requisitos de economia de energia dos equipamentos modernos, reduz os custos operacionais e reduz o impacto na rede el\u00e9trica para garantir um fornecimento de energia est\u00e1vel ao sistema.<br \/>\n\u2013 V\u00e1rios m\u00e9todos de instala\u00e7\u00e3o, a bomba J100 oferece m\u00e1xima flexibilidade de instala\u00e7\u00e3o por meio de uma placa de montagem com 4 furos de montagem opcionais.<br \/>\n\u2013 F\u00e1cil opera\u00e7\u00e3o, o bot\u00e3o de lubrifica\u00e7\u00e3o manual \u00e9 usado para iniciar ou esgotar o sistema de lubrifica\u00e7\u00e3o, e o parafuso de exaust\u00e3o torna o processo de exaust\u00e3o ap\u00f3s a inicializa\u00e7\u00e3o do sistema ou substitui\u00e7\u00e3o do cartucho simples e f\u00e1cil, f\u00e1cil para o pessoal de manuten\u00e7\u00e3o operar e depurar o equipamento.<\/p>\n<h2>Especifica\u00e7\u00e3o<\/h2>\n<table>\n<tbody>\n<tr>\n<td>Modelo<\/td>\n<td>J100-7C<\/td>\n<\/tr>\n<tr>\n<td>Tempo de lubrifica\u00e7\u00e3o<\/td>\n<td>PLC ou controlador externo<\/td>\n<\/tr>\n<tr>\n<td>Tempo de intervalo<\/td>\n<td>PLC ou controlador externo<\/td>\n<\/tr>\n<tr>\n<td>Temperatura de opera\u00e7\u00e3o<\/td>\n<td>0\u2103~ +50\u00b0C (condi\u00e7\u00f5es de baixa temperatura requerem graxa anticongelante)<\/td>\n<\/tr>\n<tr>\n<td>N\u00famero de pontos de venda<\/td>\n<td>1 ou 2<\/td>\n<\/tr>\n<tr>\n<td>Capacidade do reservat\u00f3rio<\/td>\n<td>0,3 L, 0,5 L, 0,7 L, 1,5 L<\/td>\n<\/tr>\n<tr>\n<td>Reabastecimento<\/td>\n<td>Porta de enchimento\/remov\u00edvel\/cartucho<\/td>\n<\/tr>\n<tr>\n<td>Lubrificante<\/td>\n<td>NLGI 000#~2#<\/td>\n<\/tr>\n<tr>\n<td>V\u00e1lvula de al\u00edvio de press\u00e3o<\/td>\n<td>Opcional<\/td>\n<\/tr>\n<tr>\n<td>Descarga<\/td>\n<td>15 mL\/min<\/td>\n<\/tr>\n<tr>\n<td>Press\u00e3o m\u00e1xima de opera\u00e7\u00e3o<\/td>\n<td>8,0 MPa<\/td>\n<\/tr>\n<tr>\n<td>Fio de conex\u00e3o<\/td>\n<td>Sa\u00edda \u03a66<\/td>\n<\/tr>\n<tr>\n<td>Tens\u00e3o de opera\u00e7\u00e3o<\/td>\n<td>24 VCC<\/td>\n<\/tr>\n<tr>\n<td>Certifica\u00e7\u00e3o<\/td>\n<td>CE<\/td>\n<\/tr>\n<tr>\n<td>Interruptor de baixo n\u00edvel<\/td>\n<td>Contato NC<\/td>\n<\/tr>\n<\/tbody>\n<\/table>\n<h2>Precau\u00e7\u00f5es<\/h2>\n<p>\u2013 Remover um cartucho de graxa n\u00e3o utilizado e conect\u00e1-lo \u00e0 bomba de lubrifica\u00e7\u00e3o pode causar mau funcionamento devido ao ar residual no cartucho. Certifique-se de que o lubrificante esteja completamente consumido antes da substitui\u00e7\u00e3o.<br \/>\n\u2013 N\u00e3o ligue a energia com o cartucho vazio removido, caso contr\u00e1rio a bomba de lubrifica\u00e7\u00e3o J100 ir\u00e1 sugar ar ou mat\u00e9ria estranha, causando mau funcionamento.<br \/>\n\u2013 Ao substituir o cartucho, n\u00e3o limpe ao redor da entrada da bomba de lubrifica\u00e7\u00e3o com um pano sujo, o que far\u00e1 com que a bomba de lubrifica\u00e7\u00e3o sugue corpos estranhos e cause mau funcionamento.<br \/>\n\u2013 Somente cartuchos padr\u00e3o s\u00e3o suportados. Usar outra graxa pode causar mau funcionamento do sistema.<br \/>\n\u2013 Nunca injete graxa em um cartucho vazio usado e reutilize-o, pois isso pode causar a ruptura do cartucho ou causar mau funcionamento da bomba de lubrifica\u00e7\u00e3o devido \u00e0 entrada de ar ou mat\u00e9ria estranha.<\/p>\n<h2>Manuais<\/h2>\n<div class=\"sdm_download_button_box_default\"><div class=\"sdm_download_link\"><a href=\"https:\/\/www.jinpinlub.com\/pt\/?sdm_process_download=1&download_id=3960\" class=\"sdm_download white\" title=\"Privado: J100 Electric Grease Pump\" target=\"&quot;_blank&quot;\">Ver Ficha T\u00e9cnica - Bomba de Graxa J100<\/a><\/div><\/div>","protected":false},"excerpt":{"rendered":"<p>O J100 opera a 24 V, 80 bar e uma ampla faixa de temperatura. Ele tem fun\u00e7\u00f5es como monitoramento de n\u00edvel e lubrifica\u00e7\u00e3o manual para reduzir o tempo de inatividade. Ele tem uma variedade de especifica\u00e7\u00f5es de tanque e m\u00e9todos de conex\u00e3o, instala\u00e7\u00e3o flex\u00edvel e \u00e9 amplamente usado em muitos campos.<\/p>","protected":false},"featured_media":3993,"template":"","meta":{"ocean_post_layout":"","ocean_both_sidebars_style":"","ocean_both_sidebars_content_width":0,"ocean_both_sidebars_sidebars_width":0,"ocean_sidebar":"0","ocean_second_sidebar":"0","ocean_disable_margins":"enable","ocean_add_body_class":"","ocean_shortcode_before_top_bar":"","ocean_shortcode_after_top_bar":"","ocean_shortcode_before_header":"","ocean_shortcode_after_header":"","ocean_has_shortcode":"","ocean_shortcode_after_title":"","ocean_shortcode_before_footer_widgets":"","ocean_shortcode_after_footer_widgets":"","ocean_shortcode_before_footer_bottom":"","ocean_shortcode_after_footer_bottom":"","ocean_display_top_bar":"default","ocean_display_header":"default","ocean_header_style":"","ocean_center_header_left_menu":"0","ocean_custom_header_template":"0","ocean_custom_logo":0,"ocean_custom_retina_logo":0,"ocean_custom_logo_max_width":0,"ocean_custom_logo_tablet_max_width":0,"ocean_custom_logo_mobile_max_width":0,"ocean_custom_logo_max_height":0,"ocean_custom_logo_tablet_max_height":0,"ocean_custom_logo_mobile_max_height":0,"ocean_header_custom_menu":"0","ocean_menu_typo_font_family":"0","ocean_menu_typo_font_subset":"","ocean_menu_typo_font_size":0,"ocean_menu_typo_font_size_tablet":0,"ocean_menu_typo_font_size_mobile":0,"ocean_menu_typo_font_size_unit":"px","ocean_menu_typo_font_weight":"","ocean_menu_typo_font_weight_tablet":"","ocean_menu_typo_font_weight_mobile":"","ocean_menu_typo_transform":"","ocean_menu_typo_transform_tablet":"","ocean_menu_typo_transform_mobile":"","ocean_menu_typo_line_height":0,"ocean_menu_typo_line_height_tablet":0,"ocean_menu_typo_line_height_mobile":0,"ocean_menu_typo_line_height_unit":"","ocean_menu_typo_spacing":0,"ocean_menu_typo_spacing_tablet":0,"ocean_menu_typo_spacing_mobile":0,"ocean_menu_typo_spacing_unit":"","ocean_menu_link_color":"","ocean_menu_link_color_hover":"","ocean_menu_link_color_active":"","ocean_menu_link_background":"","ocean_menu_link_hover_background":"","ocean_menu_link_active_background":"","ocean_menu_social_links_bg":"","ocean_menu_social_hover_links_bg":"","ocean_menu_social_links_color":"","ocean_menu_social_hover_links_color":"","ocean_disable_title":"default","ocean_disable_heading":"default","ocean_post_title":"","ocean_post_subheading":"","ocean_post_title_style":"","ocean_post_title_background_color":"","ocean_post_title_background":0,"ocean_post_title_bg_image_position":"","ocean_post_title_bg_image_attachment":"","ocean_post_title_bg_image_repeat":"","ocean_post_title_bg_image_size":"","ocean_post_title_height":0,"ocean_post_title_bg_overlay":0.5,"ocean_post_title_bg_overlay_color":"","ocean_disable_breadcrumbs":"default","ocean_breadcrumbs_color":"","ocean_breadcrumbs_separator_color":"","ocean_breadcrumbs_links_color":"","ocean_breadcrumbs_links_hover_color":"","ocean_display_footer_widgets":"default","ocean_display_footer_bottom":"default","ocean_custom_footer_template":"0","osh_disable_topbar_sticky":"default","osh_disable_header_sticky":"default","osh_sticky_header_style":"default","osh_sticky_header_effect":"","osh_custom_sticky_logo":0,"osh_custom_retina_sticky_logo":0,"osh_custom_sticky_logo_height":0,"osh_background_color":"","osh_links_color":"","osh_links_hover_color":"","osh_links_active_color":"","osh_links_bg_color":"","osh_links_hover_bg_color":"","osh_links_active_bg_color":"","osh_menu_social_links_color":"","osh_menu_social_hover_links_color":""},"product_brand":[],"product_cat":[42,41],"product_tag":[321,112,76,196,221],"class_list":{"0":"post-3992","1":"product","2":"type-product","3":"status-publish","4":"has-post-thumbnail","6":"product_cat-electric-progressive-pumps","7":"product_cat-progressive-grease-systems","8":"product_tag-automatic-lubrication-system","9":"product_tag-centralized-lubrication-system","10":"product_tag-electric-lubrication-system","11":"product_tag-grease-lubrication-system","12":"product_tag-progressive-lubrication-system","14":"entry","15":"has-media","17":"first","18":"instock","19":"shipping-taxable","20":"product-type-external","21":"col","22":"span_1_of_3","23":"owp-content-center","24":"owp-thumbs-layout-horizontal","25":"owp-btn-very-big","26":"owp-tabs-layout-horizontal"},"_links":{"self":[{"href":"https:\/\/www.jinpinlub.com\/pt\/wp-json\/wp\/v2\/product\/3992","targetHints":{"allow":["GET"]}}],"collection":[{"href":"https:\/\/www.jinpinlub.com\/pt\/wp-json\/wp\/v2\/product"}],"about":[{"href":"https:\/\/www.jinpinlub.com\/pt\/wp-json\/wp\/v2\/types\/product"}],"wp:featuredmedia":[{"embeddable":true,"href":"https:\/\/www.jinpinlub.com\/pt\/wp-json\/wp\/v2\/media\/3993"}],"wp:attachment":[{"href":"https:\/\/www.jinpinlub.com\/pt\/wp-json\/wp\/v2\/media?parent=3992"}],"wp:term":[{"taxonomy":"product_brand","embeddable":true,"href":"https:\/\/www.jinpinlub.com\/pt\/wp-json\/wp\/v2\/product_brand?post=3992"},{"taxonomy":"product_cat","embeddable":true,"href":"https:\/\/www.jinpinlub.com\/pt\/wp-json\/wp\/v2\/product_cat?post=3992"},{"taxonomy":"product_tag","embeddable":true,"href":"https:\/\/www.jinpinlub.com\/pt\/wp-json\/wp\/v2\/product_tag?post=3992"}],"curies":[{"name":"wp","href":"https:\/\/api.w.org\/{rel}","templated":true}]}}