{"id":4002,"date":"2024-12-12T04:49:31","date_gmt":"2024-12-11T20:49:31","guid":{"rendered":"https:\/\/www.jinpinlub.com\/?post_type=product&#038;p=4002"},"modified":"2024-12-12T05:10:59","modified_gmt":"2024-12-11T21:10:59","slug":"sistema-de-lubrificacao-eletrica-com-graxa-j100-com-interruptor-de-nivel","status":"publish","type":"product","link":"https:\/\/www.jinpinlub.com\/pt\/product\/j100-electric-grease-lubrication-system-with-level-switch\/","title":{"rendered":"Sistema de lubrifica\u00e7\u00e3o el\u00e9trica com graxa J100 com interruptor de n\u00edvel"},"content":{"rendered":"<h2>Caracter\u00edsticas<\/h2>\n<p>\u2013 Estrutura compacta: Tanto as bombas de lubrifica\u00e7\u00e3o de cartucho quanto as de reservat\u00f3rio s\u00e3o projetadas com uma estrutura compacta e s\u00e3o f\u00e1ceis de instalar. Elas s\u00e3o adequadas para sistemas com espa\u00e7o de instala\u00e7\u00e3o limitado e podem construir um sistema de lubrifica\u00e7\u00e3o de linha \u00fanica com menos trabalho de instala\u00e7\u00e3o.<br \/>\n\u2013 Substitui\u00e7\u00e3o conveniente de cartuchos: O design do cartucho da bomba de lubrifica\u00e7\u00e3o permite que o cartucho de lubrificante seja substitu\u00eddo de forma r\u00e1pida e f\u00e1cil para atender \u00e0s necessidades do cliente e facilitar aos usu\u00e1rios o ajuste do lubrificante de acordo com as condi\u00e7\u00f5es reais.<br \/>\n\u2013 Modo de acionamento est\u00e1vel: A bomba de lubrifica\u00e7\u00e3o J100 usa um motor el\u00e9trico para acionar o pist\u00e3o de entrega atrav\u00e9s de um came exc\u00eantrico, o que pode garantir uma transmiss\u00e3o de pot\u00eancia est\u00e1vel e permitir que o lubrificante seja entregue de forma cont\u00ednua e eficaz \u00e0 sa\u00edda.<br \/>\n\u2013 Prote\u00e7\u00e3o de regula\u00e7\u00e3o de press\u00e3o: A v\u00e1lvula de al\u00edvio de press\u00e3o libera a press\u00e3o do sistema acumulada no ciclo de lubrifica\u00e7\u00e3o ap\u00f3s o motor da bomba ser desligado, o que \u00e9 essencial para a opera\u00e7\u00e3o normal do dispositivo de medi\u00e7\u00e3o de linha \u00fanica. Ao mesmo tempo, a v\u00e1lvula limitadora de press\u00e3o pode limitar a press\u00e3o m\u00e1xima do sistema de lubrifica\u00e7\u00e3o centralizada a 80 bar para garantir a opera\u00e7\u00e3o segura do sistema.<\/p>\n<h2>Especifica\u00e7\u00e3o<\/h2>\n<table>\n<tbody>\n<tr>\n<td>Modelo<\/td>\n<td>J100-5D<\/td>\n<\/tr>\n<tr>\n<td>Tempo de lubrifica\u00e7\u00e3o<\/td>\n<td>PLC ou controlador externo<\/td>\n<\/tr>\n<tr>\n<td>Tempo de intervalo<\/td>\n<td>PLC ou controlador externo<\/td>\n<\/tr>\n<tr>\n<td>Temperatura de opera\u00e7\u00e3o<\/td>\n<td>0\u2103~ +50\u00b0C (condi\u00e7\u00f5es de baixa temperatura requerem graxa anticongelante)<\/td>\n<\/tr>\n<tr>\n<td>N\u00famero de pontos de venda<\/td>\n<td>1 ou 2<\/td>\n<\/tr>\n<tr>\n<td>Capacidade do reservat\u00f3rio<\/td>\n<td>0,3 L, 0,5 L, 0,7 L, 1,5 L<\/td>\n<\/tr>\n<tr>\n<td>Reabastecimento<\/td>\n<td>Porta de enchimento\/remov\u00edvel\/cartucho<\/td>\n<\/tr>\n<tr>\n<td>Lubrificante<\/td>\n<td>NLGI 000#~2#<\/td>\n<\/tr>\n<tr>\n<td>V\u00e1lvula de al\u00edvio de press\u00e3o<\/td>\n<td>Opcional<\/td>\n<\/tr>\n<tr>\n<td>Descarga<\/td>\n<td>15 mL\/min<\/td>\n<\/tr>\n<tr>\n<td>Press\u00e3o m\u00e1xima de opera\u00e7\u00e3o<\/td>\n<td>8,0 MPa<\/td>\n<\/tr>\n<tr>\n<td>Fio de conex\u00e3o<\/td>\n<td>Sa\u00edda \u03a66<\/td>\n<\/tr>\n<tr>\n<td>Tens\u00e3o de opera\u00e7\u00e3o<\/td>\n<td>24 VCC<\/td>\n<\/tr>\n<tr>\n<td>Certifica\u00e7\u00e3o<\/td>\n<td>CE<\/td>\n<\/tr>\n<tr>\n<td>Interruptor de baixo n\u00edvel<\/td>\n<td>Contato NC<\/td>\n<\/tr>\n<\/tbody>\n<\/table>\n<h2>Precau\u00e7\u00f5es<\/h2>\n<p>\u2013 Antes de conectar o tubo ao ponto de lubrifica\u00e7\u00e3o, encha primeiro a se\u00e7\u00e3o longa do tubo para ajudar a remover o ar do sistema de lubrifica\u00e7\u00e3o centralizada.<br \/>\n\u2013 Instale a linha de lubrifica\u00e7\u00e3o no dispositivo de medi\u00e7\u00e3o do sistema de lubrifica\u00e7\u00e3o, mas n\u00e3o a conecte ainda \u00e0 unidade da bomba de pist\u00e3o.<br \/>\n\u2013 Para bombas de lubrifica\u00e7\u00e3o do tipo cartucho, rosqueie o cartucho. Para bombas de lubrifica\u00e7\u00e3o do tipo tanque, encha o tanque e certifique-se de que o cartucho ou tanque esteja pronto.<br \/>\n\u2013 Gire o parafuso de ventila\u00e7\u00e3o da bomba de lubrifica\u00e7\u00e3o uma volta, pressione e segure o bot\u00e3o de sangria at\u00e9 que o lubrificante sem bolhas seja descarregado do parafuso de ventila\u00e7\u00e3o. Este processo pode expelir ar do corpo da bomba e dos canos pr\u00f3ximos. Em seguida, aperte o parafuso de ventila\u00e7\u00e3o para evitar que o ar entre no sistema novamente.<br \/>\n\u2013 Conecte a linha de lubrifica\u00e7\u00e3o \u00e0 sa\u00edda da bomba, pressione e segure o bot\u00e3o de sangria at\u00e9 que o lubrificante sem bolhas seja descarregado da linha de lubrifica\u00e7\u00e3o e, em seguida, reconecte a linha de lubrifica\u00e7\u00e3o. Isso garante que o ar na se\u00e7\u00e3o da linha tenha sido exaurido.<br \/>\n\u2013 Repita o procedimento de sangria acima para sangrar todos os dispositivos de medi\u00e7\u00e3o para garantir que n\u00e3o haja ar aprisionado em todo o sistema de lubrifica\u00e7\u00e3o.<\/p>\n<h2>Manuais<\/h2>\n<div class=\"sdm_download_button_box_default\"><div class=\"sdm_download_link\"><a href=\"https:\/\/www.jinpinlub.com\/pt\/?sdm_process_download=1&download_id=3960\" class=\"sdm_download white\" title=\"Privado: J100 Electric Grease Pump\" target=\"&quot;_blank&quot;\">Ver Ficha T\u00e9cnica - Bomba de Graxa J100<\/a><\/div><\/div>","protected":false},"excerpt":{"rendered":"<p>O motor el\u00e9trico J100 aciona o pist\u00e3o, que entrega o lubrificante para a sa\u00edda da bomba atrav\u00e9s da v\u00e1lvula de controle e ent\u00e3o o fornece para o dispositivo de medi\u00e7\u00e3o de linha \u00fanica. O sistema de controle controla o ciclo de lubrifica\u00e7\u00e3o e o pressostato monitora a press\u00e3o do sistema.<\/p>","protected":false},"featured_media":4003,"template":"","meta":{"ocean_post_layout":"","ocean_both_sidebars_style":"","ocean_both_sidebars_content_width":0,"ocean_both_sidebars_sidebars_width":0,"ocean_sidebar":"0","ocean_second_sidebar":"0","ocean_disable_margins":"enable","ocean_add_body_class":"","ocean_shortcode_before_top_bar":"","ocean_shortcode_after_top_bar":"","ocean_shortcode_before_header":"","ocean_shortcode_after_header":"","ocean_has_shortcode":"","ocean_shortcode_after_title":"","ocean_shortcode_before_footer_widgets":"","ocean_shortcode_after_footer_widgets":"","ocean_shortcode_before_footer_bottom":"","ocean_shortcode_after_footer_bottom":"","ocean_display_top_bar":"default","ocean_display_header":"default","ocean_header_style":"","ocean_center_header_left_menu":"0","ocean_custom_header_template":"0","ocean_custom_logo":0,"ocean_custom_retina_logo":0,"ocean_custom_logo_max_width":0,"ocean_custom_logo_tablet_max_width":0,"ocean_custom_logo_mobile_max_width":0,"ocean_custom_logo_max_height":0,"ocean_custom_logo_tablet_max_height":0,"ocean_custom_logo_mobile_max_height":0,"ocean_header_custom_menu":"0","ocean_menu_typo_font_family":"0","ocean_menu_typo_font_subset":"","ocean_menu_typo_font_size":0,"ocean_menu_typo_font_size_tablet":0,"ocean_menu_typo_font_size_mobile":0,"ocean_menu_typo_font_size_unit":"px","ocean_menu_typo_font_weight":"","ocean_menu_typo_font_weight_tablet":"","ocean_menu_typo_font_weight_mobile":"","ocean_menu_typo_transform":"","ocean_menu_typo_transform_tablet":"","ocean_menu_typo_transform_mobile":"","ocean_menu_typo_line_height":0,"ocean_menu_typo_line_height_tablet":0,"ocean_menu_typo_line_height_mobile":0,"ocean_menu_typo_line_height_unit":"","ocean_menu_typo_spacing":0,"ocean_menu_typo_spacing_tablet":0,"ocean_menu_typo_spacing_mobile":0,"ocean_menu_typo_spacing_unit":"","ocean_menu_link_color":"","ocean_menu_link_color_hover":"","ocean_menu_link_color_active":"","ocean_menu_link_background":"","ocean_menu_link_hover_background":"","ocean_menu_link_active_background":"","ocean_menu_social_links_bg":"","ocean_menu_social_hover_links_bg":"","ocean_menu_social_links_color":"","ocean_menu_social_hover_links_color":"","ocean_disable_title":"default","ocean_disable_heading":"default","ocean_post_title":"","ocean_post_subheading":"","ocean_post_title_style":"","ocean_post_title_background_color":"","ocean_post_title_background":0,"ocean_post_title_bg_image_position":"","ocean_post_title_bg_image_attachment":"","ocean_post_title_bg_image_repeat":"","ocean_post_title_bg_image_size":"","ocean_post_title_height":0,"ocean_post_title_bg_overlay":0.5,"ocean_post_title_bg_overlay_color":"","ocean_disable_breadcrumbs":"default","ocean_breadcrumbs_color":"","ocean_breadcrumbs_separator_color":"","ocean_breadcrumbs_links_color":"","ocean_breadcrumbs_links_hover_color":"","ocean_display_footer_widgets":"default","ocean_display_footer_bottom":"default","ocean_custom_footer_template":"0","osh_disable_topbar_sticky":"default","osh_disable_header_sticky":"default","osh_sticky_header_style":"default","osh_sticky_header_effect":"","osh_custom_sticky_logo":0,"osh_custom_retina_sticky_logo":0,"osh_custom_sticky_logo_height":0,"osh_background_color":"","osh_links_color":"","osh_links_hover_color":"","osh_links_active_color":"","osh_links_bg_color":"","osh_links_hover_bg_color":"","osh_links_active_bg_color":"","osh_menu_social_links_color":"","osh_menu_social_hover_links_color":""},"product_brand":[],"product_cat":[38,37],"product_tag":[74,185,76,93,92],"class_list":{"0":"post-4002","1":"product","2":"type-product","3":"status-publish","4":"has-post-thumbnail","6":"product_cat-electric-pressure-relief-pumps","7":"product_cat-single-line-grease-systems","8":"product_tag-automatic-lubrication-pump","9":"product_tag-electric-grease-pump","10":"product_tag-electric-lubrication-system","11":"product_tag-pressure-relief-lubrication-pump","12":"product_tag-single-line-lubrication-pump","14":"entry","15":"has-media","17":"first","18":"instock","19":"shipping-taxable","20":"product-type-external","21":"col","22":"span_1_of_3","23":"owp-content-center","24":"owp-thumbs-layout-horizontal","25":"owp-btn-very-big","26":"owp-tabs-layout-horizontal"},"_links":{"self":[{"href":"https:\/\/www.jinpinlub.com\/pt\/wp-json\/wp\/v2\/product\/4002","targetHints":{"allow":["GET"]}}],"collection":[{"href":"https:\/\/www.jinpinlub.com\/pt\/wp-json\/wp\/v2\/product"}],"about":[{"href":"https:\/\/www.jinpinlub.com\/pt\/wp-json\/wp\/v2\/types\/product"}],"wp:featuredmedia":[{"embeddable":true,"href":"https:\/\/www.jinpinlub.com\/pt\/wp-json\/wp\/v2\/media\/4003"}],"wp:attachment":[{"href":"https:\/\/www.jinpinlub.com\/pt\/wp-json\/wp\/v2\/media?parent=4002"}],"wp:term":[{"taxonomy":"product_brand","embeddable":true,"href":"https:\/\/www.jinpinlub.com\/pt\/wp-json\/wp\/v2\/product_brand?post=4002"},{"taxonomy":"product_cat","embeddable":true,"href":"https:\/\/www.jinpinlub.com\/pt\/wp-json\/wp\/v2\/product_cat?post=4002"},{"taxonomy":"product_tag","embeddable":true,"href":"https:\/\/www.jinpinlub.com\/pt\/wp-json\/wp\/v2\/product_tag?post=4002"}],"curies":[{"name":"wp","href":"https:\/\/api.w.org\/{rel}","templated":true}]}}