{"id":4008,"date":"2024-12-12T05:23:20","date_gmt":"2024-12-11T21:23:20","guid":{"rendered":"https:\/\/www.jinpinlub.com\/?post_type=product&#038;p=4008"},"modified":"2024-12-12T05:41:01","modified_gmt":"2024-12-11T21:41:01","slug":"j100-7c-24vdc-bombas-de-lubrificacao-eletricas-automaticas-com-graxa","status":"publish","type":"product","link":"https:\/\/www.jinpinlub.com\/pt\/product\/j100-7c-24vdc-electric-automatic-grease-lubrication-pumps\/","title":{"rendered":"Bombas de lubrifica\u00e7\u00e3o el\u00e9tricas autom\u00e1ticas de graxa J100-7C 24 VCC"},"content":{"rendered":"<h2>Caracter\u00edsticas<\/h2>\n<p>\u2013 Acionamento el\u00e9trico: O motor el\u00e9trico aciona a unidade de bomba de pist\u00e3o da bomba de lubrifica\u00e7\u00e3o J100 e, por meio de um exc\u00eantrico, aciona o pist\u00e3o de entrega na dire\u00e7\u00e3o axial.<br \/>\n\u2013 Fornecimento de lubrificante: O pist\u00e3o de fornecimento empurra o lubrificante do cartucho de lubrificante ou reservat\u00f3rio de \u00f3leo da bomba de lubrifica\u00e7\u00e3o por meio de uma v\u00e1lvula de controle interna para a sa\u00edda do lubrificante.<br \/>\n\u2013 Al\u00edvio de press\u00e3o: Ap\u00f3s o ciclo de lubrifica\u00e7\u00e3o, ao desligar o motor da bomba de lubrifica\u00e7\u00e3o, uma v\u00e1lvula de al\u00edvio de press\u00e3o libera a press\u00e3o do sistema necess\u00e1ria para dispositivos de medi\u00e7\u00e3o de linha \u00fanica.<br \/>\n\u2013 Limita\u00e7\u00e3o de press\u00e3o: A v\u00e1lvula limitadora de press\u00e3o integrada limita a press\u00e3o m\u00e1xima do sistema de lubrifica\u00e7\u00e3o centralizada a 80 bar.<br \/>\n\u2013 Fornecimento de lubrificante: O lubrificante pode ser fornecido por meio de um cartucho de lubrificante descart\u00e1vel ou reservat\u00f3rio de \u00f3leo.<br \/>\n\u2013 Monitoramento do n\u00edvel de enchimento: A bomba de lubrifica\u00e7\u00e3o J100 pode ser opcionalmente equipada com um interruptor de n\u00edvel de enchimento para monitorar o n\u00edvel m\u00ednimo de enchimento.<\/p>\n<h2>Especifica\u00e7\u00e3o<\/h2>\n<table>\n<tbody>\n<tr>\n<td>Modelo<\/td>\n<td>J100-3C<\/td>\n<\/tr>\n<tr>\n<td>Tempo de lubrifica\u00e7\u00e3o<\/td>\n<td>PLC ou controlador externo<\/td>\n<\/tr>\n<tr>\n<td>Tempo de intervalo<\/td>\n<td>PLC ou controlador externo<\/td>\n<\/tr>\n<tr>\n<td>Temperatura de opera\u00e7\u00e3o<\/td>\n<td>0\u2103~ +50\u00b0C (condi\u00e7\u00f5es de baixa temperatura requerem graxa anticongelante)<\/td>\n<\/tr>\n<tr>\n<td>N\u00famero de pontos de venda<\/td>\n<td>1 ou 2<\/td>\n<\/tr>\n<tr>\n<td>Capacidade do reservat\u00f3rio<\/td>\n<td>0,3 L, 0,5 L, 0,7 L, 1,5 L<\/td>\n<\/tr>\n<tr>\n<td>Reabastecimento<\/td>\n<td>Porta de enchimento\/remov\u00edvel\/cartucho<\/td>\n<\/tr>\n<tr>\n<td>Lubrificante<\/td>\n<td>NLGI 000#~2#<\/td>\n<\/tr>\n<tr>\n<td>V\u00e1lvula de al\u00edvio de press\u00e3o<\/td>\n<td>Opcional<\/td>\n<\/tr>\n<tr>\n<td>Descarga<\/td>\n<td>15 mL\/min<\/td>\n<\/tr>\n<tr>\n<td>Press\u00e3o m\u00e1xima de opera\u00e7\u00e3o<\/td>\n<td>8,0 MPa<\/td>\n<\/tr>\n<tr>\n<td>Fio de conex\u00e3o<\/td>\n<td>Sa\u00edda \u03a66<\/td>\n<\/tr>\n<tr>\n<td>Tens\u00e3o de opera\u00e7\u00e3o<\/td>\n<td>24 VCC<\/td>\n<\/tr>\n<tr>\n<td>Certifica\u00e7\u00e3o<\/td>\n<td>CE<\/td>\n<\/tr>\n<tr>\n<td>Interruptor de baixo n\u00edvel<\/td>\n<td>Contato NC<\/td>\n<\/tr>\n<\/tbody>\n<\/table>\n<h2>Manuten\u00e7\u00e3o<\/h2>\n<p>\u2013 Verifique os n\u00edveis de lubrificante: verifique regularmente com base no n\u00famero de ciclos da bomba e na configura\u00e7\u00e3o do sistema.<br \/>\n\u2013 Verifica\u00e7\u00e3o de vazamento do sistema: uma verifica\u00e7\u00e3o de vazamentos nos componentes do sistema durante cada abastecimento da bomba e corre\u00e7\u00e3o imediata dos encontrados.<br \/>\n\u2013 Seguran\u00e7a el\u00e9trica: Os cabos da bomba de lubrifica\u00e7\u00e3o el\u00e9trica devem ser inspecionados regularmente para verificar se h\u00e1 danos. Todo trabalho el\u00e9trico, como reparo e modifica\u00e7\u00e3o, deve ser realizado por um t\u00e9cnico qualificado ap\u00f3s a remo\u00e7\u00e3o da energia.<br \/>\n\u2013 Limpeza e preven\u00e7\u00e3o de contamina\u00e7\u00e3o: Use um agente de limpeza compat\u00edvel para evitar a contamina\u00e7\u00e3o da bomba de lubrifica\u00e7\u00e3o J100.<br \/>\n\u2013 Siga os procedimentos de seguran\u00e7a: antes de iniciar qualquer manuten\u00e7\u00e3o, limpeza ou reparo na bomba, certifique-se de que as seguintes medidas de seguran\u00e7a sejam rigorosamente seguidas: remo\u00e7\u00e3o de energia, despressuriza\u00e7\u00e3o, bloqueio\/etiquetagem de equipamentos e equipamentos de prote\u00e7\u00e3o individual.<\/p>\n<h2>Manuais<\/h2>\n<div class=\"sdm_download_button_box_default\"><div class=\"sdm_download_link\"><a href=\"https:\/\/www.jinpinlub.com\/pt\/?sdm_process_download=1&download_id=3960\" class=\"sdm_download white\" title=\"Privado: J100 Electric Grease Pump\" target=\"&quot;_blank&quot;\">Ver Ficha T\u00e9cnica - Bomba de Graxa J100<\/a><\/div><\/div>","protected":false},"excerpt":{"rendered":"<p>A unidade de bomba de pist\u00e3o el\u00e9trica s\u00e9rie J100 \u00e9 um dispositivo para sistemas de lubrifica\u00e7\u00e3o centralizada de linha \u00fanica, apresentando design compacto, substitui\u00e7\u00e3o r\u00e1pida de cartuchos de lubrificante, fornecimento de lubrificante de sa\u00edda dupla, sistema de controle autom\u00e1tico e lubrificante de sa\u00edda precisa.<\/p>","protected":false},"featured_media":4009,"template":"","meta":{"ocean_post_layout":"","ocean_both_sidebars_style":"","ocean_both_sidebars_content_width":0,"ocean_both_sidebars_sidebars_width":0,"ocean_sidebar":"0","ocean_second_sidebar":"0","ocean_disable_margins":"enable","ocean_add_body_class":"","ocean_shortcode_before_top_bar":"","ocean_shortcode_after_top_bar":"","ocean_shortcode_before_header":"","ocean_shortcode_after_header":"","ocean_has_shortcode":"","ocean_shortcode_after_title":"","ocean_shortcode_before_footer_widgets":"","ocean_shortcode_after_footer_widgets":"","ocean_shortcode_before_footer_bottom":"","ocean_shortcode_after_footer_bottom":"","ocean_display_top_bar":"default","ocean_display_header":"default","ocean_header_style":"","ocean_center_header_left_menu":"0","ocean_custom_header_template":"0","ocean_custom_logo":0,"ocean_custom_retina_logo":0,"ocean_custom_logo_max_width":0,"ocean_custom_logo_tablet_max_width":0,"ocean_custom_logo_mobile_max_width":0,"ocean_custom_logo_max_height":0,"ocean_custom_logo_tablet_max_height":0,"ocean_custom_logo_mobile_max_height":0,"ocean_header_custom_menu":"0","ocean_menu_typo_font_family":"0","ocean_menu_typo_font_subset":"","ocean_menu_typo_font_size":0,"ocean_menu_typo_font_size_tablet":0,"ocean_menu_typo_font_size_mobile":0,"ocean_menu_typo_font_size_unit":"px","ocean_menu_typo_font_weight":"","ocean_menu_typo_font_weight_tablet":"","ocean_menu_typo_font_weight_mobile":"","ocean_menu_typo_transform":"","ocean_menu_typo_transform_tablet":"","ocean_menu_typo_transform_mobile":"","ocean_menu_typo_line_height":0,"ocean_menu_typo_line_height_tablet":0,"ocean_menu_typo_line_height_mobile":0,"ocean_menu_typo_line_height_unit":"","ocean_menu_typo_spacing":0,"ocean_menu_typo_spacing_tablet":0,"ocean_menu_typo_spacing_mobile":0,"ocean_menu_typo_spacing_unit":"","ocean_menu_link_color":"","ocean_menu_link_color_hover":"","ocean_menu_link_color_active":"","ocean_menu_link_background":"","ocean_menu_link_hover_background":"","ocean_menu_link_active_background":"","ocean_menu_social_links_bg":"","ocean_menu_social_hover_links_bg":"","ocean_menu_social_links_color":"","ocean_menu_social_hover_links_color":"","ocean_disable_title":"default","ocean_disable_heading":"default","ocean_post_title":"","ocean_post_subheading":"","ocean_post_title_style":"","ocean_post_title_background_color":"","ocean_post_title_background":0,"ocean_post_title_bg_image_position":"","ocean_post_title_bg_image_attachment":"","ocean_post_title_bg_image_repeat":"","ocean_post_title_bg_image_size":"","ocean_post_title_height":0,"ocean_post_title_bg_overlay":0.5,"ocean_post_title_bg_overlay_color":"","ocean_disable_breadcrumbs":"default","ocean_breadcrumbs_color":"","ocean_breadcrumbs_separator_color":"","ocean_breadcrumbs_links_color":"","ocean_breadcrumbs_links_hover_color":"","ocean_display_footer_widgets":"default","ocean_display_footer_bottom":"default","ocean_custom_footer_template":"0","osh_disable_topbar_sticky":"default","osh_disable_header_sticky":"default","osh_sticky_header_style":"default","osh_sticky_header_effect":"","osh_custom_sticky_logo":0,"osh_custom_retina_sticky_logo":0,"osh_custom_sticky_logo_height":0,"osh_background_color":"","osh_links_color":"","osh_links_hover_color":"","osh_links_active_color":"","osh_links_bg_color":"","osh_links_hover_bg_color":"","osh_links_active_bg_color":"","osh_menu_social_links_color":"","osh_menu_social_hover_links_color":""},"product_brand":[],"product_cat":[38,37],"product_tag":[377,321,376,73,76],"class_list":{"0":"post-4008","1":"product","2":"type-product","3":"status-publish","4":"has-post-thumbnail","6":"product_cat-electric-pressure-relief-pumps","7":"product_cat-single-line-grease-systems","8":"product_tag-automatic-grease-pump","9":"product_tag-automatic-lubrication-system","10":"product_tag-cartridge-lubrication-pump","11":"product_tag-electric-lubrication-pump","12":"product_tag-electric-lubrication-system","14":"entry","15":"has-media","17":"first","18":"instock","19":"shipping-taxable","20":"product-type-external","21":"col","22":"span_1_of_3","23":"owp-content-center","24":"owp-thumbs-layout-horizontal","25":"owp-btn-very-big","26":"owp-tabs-layout-horizontal"},"_links":{"self":[{"href":"https:\/\/www.jinpinlub.com\/pt\/wp-json\/wp\/v2\/product\/4008","targetHints":{"allow":["GET"]}}],"collection":[{"href":"https:\/\/www.jinpinlub.com\/pt\/wp-json\/wp\/v2\/product"}],"about":[{"href":"https:\/\/www.jinpinlub.com\/pt\/wp-json\/wp\/v2\/types\/product"}],"wp:featuredmedia":[{"embeddable":true,"href":"https:\/\/www.jinpinlub.com\/pt\/wp-json\/wp\/v2\/media\/4009"}],"wp:attachment":[{"href":"https:\/\/www.jinpinlub.com\/pt\/wp-json\/wp\/v2\/media?parent=4008"}],"wp:term":[{"taxonomy":"product_brand","embeddable":true,"href":"https:\/\/www.jinpinlub.com\/pt\/wp-json\/wp\/v2\/product_brand?post=4008"},{"taxonomy":"product_cat","embeddable":true,"href":"https:\/\/www.jinpinlub.com\/pt\/wp-json\/wp\/v2\/product_cat?post=4008"},{"taxonomy":"product_tag","embeddable":true,"href":"https:\/\/www.jinpinlub.com\/pt\/wp-json\/wp\/v2\/product_tag?post=4008"}],"curies":[{"name":"wp","href":"https:\/\/api.w.org\/{rel}","templated":true}]}}