{"id":4013,"date":"2024-12-12T17:45:07","date_gmt":"2024-12-12T09:45:07","guid":{"rendered":"https:\/\/www.jinpinlub.com\/?post_type=product&#038;p=4013"},"modified":"2024-12-13T05:49:02","modified_gmt":"2024-12-12T21:49:02","slug":"bomba-de-lubrificacao-de-linha-unica-j200-3r-para-lubrificacao-precisa","status":"publish","type":"product","link":"https:\/\/www.jinpinlub.com\/pt\/product\/j200-3r-single-line-lubrication-pump-for-precise-lubrication\/","title":{"rendered":"Bomba de lubrifica\u00e7\u00e3o de linha \u00fanica J200-3R para lubrifica\u00e7\u00e3o precisa"},"content":{"rendered":"<h2>Caracter\u00edsticas<\/h2>\n<p>\u2013 Fornecimento preciso de lubrifica\u00e7\u00e3o: o fornecimento preciso de pequenas quantidades de lubrificante \u00e9 obtido por meio de v\u00e1lvulas dosadoras para garantir a lubrifica\u00e7\u00e3o precisa de cada ponto de lubrifica\u00e7\u00e3o da m\u00e1quina.<br \/>\n\u2013 Interruptor de n\u00edvel de l\u00edquido: integrado no adaptador do cartucho, ele pode parar a bomba a tempo quando o cartucho estiver sem \u00f3leo, evitando efetivamente que o ar se misture ao sistema de lubrifica\u00e7\u00e3o e garantindo o efeito de lubrifica\u00e7\u00e3o.<br \/>\n\u2013 F\u00e1cil substitui\u00e7\u00e3o do cartucho: deve ser realizada de acordo com as etapas, como girar para remover o cartucho antigo, instalar o novo cartucho e apertar a tampa.<br \/>\n\u2013 Reservat\u00f3rio remov\u00edvel: vers\u00e3o opcional com reservat\u00f3rio remov\u00edvel, sem necessidade de substitui\u00e7\u00e3o do cartucho para obter um enchimento simples e repetido de graxa.<br \/>\n\u2013 Forte adaptabilidade ambiental: pode trabalhar em temperatura ambiente de 0 \u2013 50\u00b0C e umidade de 35 \u2013 85%RH, e o requisito de vibra\u00e7\u00e3o \u00e9 abaixo de 9G (88m\/s\u00b2), o que pode resistir \u00e0 influ\u00eancia de fatores ambientais adversos, como \u00e1gua, \u00f3leo, detritos, poeira, etc. at\u00e9 certo ponto.<\/p>\n<h2>Especifica\u00e7\u00e3o<\/h2>\n<table>\n<tbody>\n<tr>\n<td>Modelo<\/td>\n<td>J200-3D<\/td>\n<\/tr>\n<tr>\n<td>Tempo de lubrifica\u00e7\u00e3o<\/td>\n<td>PLC ou controlador externo<\/td>\n<\/tr>\n<tr>\n<td>Tempo de intervalo<\/td>\n<td>PLC ou controlador externo<\/td>\n<\/tr>\n<tr>\n<td>Temperatura de opera\u00e7\u00e3o<\/td>\n<td>0\u2103~ +50\u00b0C (condi\u00e7\u00f5es de baixa temperatura requerem graxa anticongelante)<\/td>\n<\/tr>\n<tr>\n<td>N\u00famero de pontos de venda<\/td>\n<td>1 ou 2<\/td>\n<\/tr>\n<tr>\n<td>Capacidade do reservat\u00f3rio<\/td>\n<td>0,3 L, 0,5 L, 0,7 L<\/td>\n<\/tr>\n<tr>\n<td>Reabastecimento<\/td>\n<td>Reservat\u00f3rio\/cartucho remov\u00edvel<\/td>\n<\/tr>\n<tr>\n<td>Lubrificante<\/td>\n<td>Graxas NLGI grau 000~2#<\/td>\n<\/tr>\n<tr>\n<td>V\u00e1lvula de al\u00edvio de press\u00e3o<\/td>\n<td>Montado<\/td>\n<\/tr>\n<tr>\n<td>Descarga<\/td>\n<td>7 mL\/min<\/td>\n<\/tr>\n<tr>\n<td>Press\u00e3o m\u00e1xima de opera\u00e7\u00e3o<\/td>\n<td>5,0 ou 8,0 MPa<\/td>\n<\/tr>\n<tr>\n<td>Fio de conex\u00e3o<\/td>\n<td>Sa\u00edda \u03a66<\/td>\n<\/tr>\n<tr>\n<td>Tens\u00e3o de opera\u00e7\u00e3o<\/td>\n<td>24 VCC<\/td>\n<\/tr>\n<tr>\n<td>Certifica\u00e7\u00e3o<\/td>\n<td>CE<\/td>\n<\/tr>\n<tr>\n<td>Interruptor de baixo n\u00edvel<\/td>\n<td>Contato NC<\/td>\n<\/tr>\n<\/tbody>\n<\/table>\n<h2>Fia\u00e7\u00e3o<\/h2>\n<p><span id=\"input-sentence~0\">\u2013 Qualifica\u00e7\u00e3o do pessoal: A fia\u00e7\u00e3o da bomba de lubrifica\u00e7\u00e3o deve ser feita por pessoal qualificado para fazer trabalhos el\u00e9tricos para garantir que a fia\u00e7\u00e3o seja apropriada e segura.<br \/>\n\u2013 Confirma\u00e7\u00e3o de polaridade: O motor tem polaridade. Ao conectar os fios (+) e (-), deve-se consultar o diagrama para confirma\u00e7\u00e3o cuidadosa para evitar falha do equipamento devido \u00e0 polaridade incorreta.<\/span><span id=\"input-sentence~1\"><br \/>\n\u2013 Medidas de isolamento: Se os fios da fonte de alimenta\u00e7\u00e3o de 24 VCC puderem entrar em contato com o corpo da bomba de lubrifica\u00e7\u00e3o, corpo humano ou objetos ao redor, fios isolados devem ser usados para evitar vazamentos e acidentes por choque el\u00e9trico.<br \/>\n\u2013 Conex\u00e3o de aterramento: Conecte o fio terra ao componente designado para evitar vazamento e choque el\u00e9trico. Ao mesmo tempo, para evitar inc\u00eandio causado por sobrecorrente, preste aten\u00e7\u00e3o ao limite de corrente. Se a corrente exceder 1,2 A, o mecanismo de acionamento interno da bomba de lubrifica\u00e7\u00e3o retornar\u00e1 \u00e0 posi\u00e7\u00e3o inicial.<\/span><\/p>\n<h2>Manuais<\/h2>\n<div class=\"sdm_download_button_box_default\"><div class=\"sdm_download_link\"><a href=\"https:\/\/www.jinpinlub.com\/pt\/?sdm_process_download=1&download_id=3962\" class=\"sdm_download white\" title=\"Privado: J200 Electric Pump\" target=\"&quot;_blank&quot;\">Ver Ficha T\u00e9cnica - Bomba de Graxa J200<\/a><\/div><\/div>","protected":false},"excerpt":{"rendered":"<p>O J200 \u00e9 um dispositivo de lubrifica\u00e7\u00e3o altamente eficiente com recursos que incluem: fonte de alimenta\u00e7\u00e3o DC24V, volume de descarga de 7ml\/min e press\u00e3o de descarga de 5-8MPa. \u00c9 adequado para uma variedade de aplica\u00e7\u00f5es industriais para garantir uma opera\u00e7\u00e3o est\u00e1vel de longo prazo do equipamento.<\/p>","protected":false},"featured_media":4014,"template":"","meta":{"ocean_post_layout":"","ocean_both_sidebars_style":"","ocean_both_sidebars_content_width":0,"ocean_both_sidebars_sidebars_width":0,"ocean_sidebar":"0","ocean_second_sidebar":"0","ocean_disable_margins":"enable","ocean_add_body_class":"","ocean_shortcode_before_top_bar":"","ocean_shortcode_after_top_bar":"","ocean_shortcode_before_header":"","ocean_shortcode_after_header":"","ocean_has_shortcode":"","ocean_shortcode_after_title":"","ocean_shortcode_before_footer_widgets":"","ocean_shortcode_after_footer_widgets":"","ocean_shortcode_before_footer_bottom":"","ocean_shortcode_after_footer_bottom":"","ocean_display_top_bar":"default","ocean_display_header":"default","ocean_header_style":"","ocean_center_header_left_menu":"0","ocean_custom_header_template":"0","ocean_custom_logo":0,"ocean_custom_retina_logo":0,"ocean_custom_logo_max_width":0,"ocean_custom_logo_tablet_max_width":0,"ocean_custom_logo_mobile_max_width":0,"ocean_custom_logo_max_height":0,"ocean_custom_logo_tablet_max_height":0,"ocean_custom_logo_mobile_max_height":0,"ocean_header_custom_menu":"0","ocean_menu_typo_font_family":"0","ocean_menu_typo_font_subset":"","ocean_menu_typo_font_size":0,"ocean_menu_typo_font_size_tablet":0,"ocean_menu_typo_font_size_mobile":0,"ocean_menu_typo_font_size_unit":"px","ocean_menu_typo_font_weight":"","ocean_menu_typo_font_weight_tablet":"","ocean_menu_typo_font_weight_mobile":"","ocean_menu_typo_transform":"","ocean_menu_typo_transform_tablet":"","ocean_menu_typo_transform_mobile":"","ocean_menu_typo_line_height":0,"ocean_menu_typo_line_height_tablet":0,"ocean_menu_typo_line_height_mobile":0,"ocean_menu_typo_line_height_unit":"","ocean_menu_typo_spacing":0,"ocean_menu_typo_spacing_tablet":0,"ocean_menu_typo_spacing_mobile":0,"ocean_menu_typo_spacing_unit":"","ocean_menu_link_color":"","ocean_menu_link_color_hover":"","ocean_menu_link_color_active":"","ocean_menu_link_background":"","ocean_menu_link_hover_background":"","ocean_menu_link_active_background":"","ocean_menu_social_links_bg":"","ocean_menu_social_hover_links_bg":"","ocean_menu_social_links_color":"","ocean_menu_social_hover_links_color":"","ocean_disable_title":"default","ocean_disable_heading":"default","ocean_post_title":"","ocean_post_subheading":"","ocean_post_title_style":"","ocean_post_title_background_color":"","ocean_post_title_background":0,"ocean_post_title_bg_image_position":"","ocean_post_title_bg_image_attachment":"","ocean_post_title_bg_image_repeat":"","ocean_post_title_bg_image_size":"","ocean_post_title_height":0,"ocean_post_title_bg_overlay":0.5,"ocean_post_title_bg_overlay_color":"","ocean_disable_breadcrumbs":"default","ocean_breadcrumbs_color":"","ocean_breadcrumbs_separator_color":"","ocean_breadcrumbs_links_color":"","ocean_breadcrumbs_links_hover_color":"","ocean_display_footer_widgets":"default","ocean_display_footer_bottom":"default","ocean_custom_footer_template":"0","osh_disable_topbar_sticky":"default","osh_disable_header_sticky":"default","osh_sticky_header_style":"default","osh_sticky_header_effect":"","osh_custom_sticky_logo":0,"osh_custom_retina_sticky_logo":0,"osh_custom_sticky_logo_height":0,"osh_background_color":"","osh_links_color":"","osh_links_hover_color":"","osh_links_active_color":"","osh_links_bg_color":"","osh_links_hover_bg_color":"","osh_links_active_bg_color":"","osh_menu_social_links_color":"","osh_menu_social_hover_links_color":""},"product_brand":[],"product_cat":[38,37],"product_tag":[191,73,378,379,92],"class_list":{"0":"post-4013","1":"product","2":"type-product","3":"status-publish","4":"has-post-thumbnail","6":"product_cat-electric-pressure-relief-pumps","7":"product_cat-single-line-grease-systems","8":"product_tag-cnc-lubrication-pump","9":"product_tag-electric-lubrication-pump","10":"product_tag-lhl-lubrication-pump","11":"product_tag-machine-tool-lubrication-pump","12":"product_tag-single-line-lubrication-pump","14":"entry","15":"has-media","17":"first","18":"instock","19":"shipping-taxable","20":"product-type-external","21":"col","22":"span_1_of_3","23":"owp-content-center","24":"owp-thumbs-layout-horizontal","25":"owp-btn-very-big","26":"owp-tabs-layout-horizontal"},"_links":{"self":[{"href":"https:\/\/www.jinpinlub.com\/pt\/wp-json\/wp\/v2\/product\/4013","targetHints":{"allow":["GET"]}}],"collection":[{"href":"https:\/\/www.jinpinlub.com\/pt\/wp-json\/wp\/v2\/product"}],"about":[{"href":"https:\/\/www.jinpinlub.com\/pt\/wp-json\/wp\/v2\/types\/product"}],"wp:featuredmedia":[{"embeddable":true,"href":"https:\/\/www.jinpinlub.com\/pt\/wp-json\/wp\/v2\/media\/4014"}],"wp:attachment":[{"href":"https:\/\/www.jinpinlub.com\/pt\/wp-json\/wp\/v2\/media?parent=4013"}],"wp:term":[{"taxonomy":"product_brand","embeddable":true,"href":"https:\/\/www.jinpinlub.com\/pt\/wp-json\/wp\/v2\/product_brand?post=4013"},{"taxonomy":"product_cat","embeddable":true,"href":"https:\/\/www.jinpinlub.com\/pt\/wp-json\/wp\/v2\/product_cat?post=4013"},{"taxonomy":"product_tag","embeddable":true,"href":"https:\/\/www.jinpinlub.com\/pt\/wp-json\/wp\/v2\/product_tag?post=4013"}],"curies":[{"name":"wp","href":"https:\/\/api.w.org\/{rel}","templated":true}]}}